{"id":115,"date":"2020-04-16T13:08:13","date_gmt":"2020-04-16T13:08:13","guid":{"rendered":"https:\/\/www.helloroadtrip.com\/?page_id=115"},"modified":"2020-06-05T10:03:20","modified_gmt":"2020-06-05T10:03:20","slug":"hvilket-hotel-ved-vejen-er-bedst-egnet-til-mig","status":"publish","type":"page","link":"https:\/\/www.helloroadtrip.com\/da\/hvilket-hotel-ved-vejen-er-bedst-egnet-til-mig\/","title":{"rendered":"Hvilket hotel ved vejen er bedst egnet til mig?"},"content":{"rendered":"\n<div class=\"ttWrapper\"><\/div>\r\n<link href=\"https:\/\/ajax.googleapis.com\/ajax\/libs\/jqueryui\/1.11.4\/themes\/smoothness\/jquery-ui.css\" rel=\"stylesheet\" \/>\r\n<link href=\"https:\/\/www.tussenstop.com\/tool-3\/assets\/css\/V3\/bundle.min.css\" rel=\"stylesheet\" \/>\r\n<script src=\"https:\/\/ajax.googleapis.com\/ajax\/libs\/jquery\/3.7.1\/jquery.min.js\"><\/script>\r\n<script src=\"https:\/\/ajax.googleapis.com\/ajax\/libs\/jqueryui\/1.11.4\/jquery-ui.min.js\"><\/script>\r\n<script src=\"https:\/\/www.tussenstop.com\/tool-3\/assets\/vendor\/here\/bundle.js\"><\/script>\r\n<script src=\"https:\/\/www.tussenstop.com\/tool-3\/assets\/vendor\/pico\/pico.min.js\"><\/script>\r\n<script src=\"https:\/\/www.tussenstop.com\/tool-3\/assets\/js\/V3\/bundle.min.js\"><\/script>\r\n\r\n<script>\r\n$(\".ttWrapper\").tussenstop({\r\n                        host: \"www.helloroadtrip.com\",\r\n                        mapLanguage: \"da\",\r\n                        politicalView: \"SWE\",\r\n                        language: \"da-DK\",\r\n                      partners: \"https:\/\/www.tussenstop.com\/tool-3\/hrpartners.php\",\r\noutbound: {\r\n                            active: true,\r\n                            timeout: 1500,\r\n                            img: \"https:\/\/www.helloroadtrip.com\/wp-content\/uploads\/2020\/03\/HelloRoadtrip-com-logo.jpg\"\r\n                        }\r\n                    });\r\n<\/script>\n\n\n\n<p>Sp\u00f8rgsm\u00e5let &#8220;hvilket\u00a0hotel ved siden af \u200b\u200bvejen\u00a0er bedst egnet til mig\u00a0&#8221;\u00a0er det, der ofte stilles af folk, der skal p\u00e5 en bilferie. Dog er der\u00a0mange,\u00a0mange forskellige svar p\u00e5 dette sp\u00f8rgsm\u00e5l. Faktum er, at det bedst egnede hotel til dig som en\u00a0road trip\u00a0pr er altid baseret p\u00e5 forskellige pr\u00e6ferencer. Det handler ikke kun om det komfortniveau, du \u00f8nsker, men ogs\u00e5 om det\u00a0budget, du skal bruge. Leder du ogs\u00e5 efter et dejligt hotel langs\u00a0din\u00a0rute? Vil du v\u00e6re i stand til at v\u00e6re i stand til at booke dette hotel p\u00e5 kort tid og under interessante forhold? Det er alt muligt her p\u00e5\u00a0HelloRoadtrip.com\u00a0!<\/p>\n\n\n\n<h2 class=\"wp-block-heading\">Hvad g\u00f8r reservation af et hotel langs min rute interessant?<\/h2>\n\n\n\n<p>Det siger sig\nselv, at der i dag er mange forskellige typer indkvartering, hvor du kan\nbo.&nbsp;Et hotel er kun en mulighed.&nbsp;N\u00e5r det er sagt, giver ophold p\u00e5 et\nhotel nogle&nbsp;vigtige&nbsp;fordele.&nbsp;Ikke kun kan du nyde et dejligt\nv\u00e6relse, men du kan ofte endda bestille roomservice.&nbsp;En anden fordel er,\nat mange hoteller har deres egen restaurant, hvor du kan spise en dejlig mad at\nspise.&nbsp;Stiller du dig ogs\u00e5 sp\u00f8rgsm\u00e5let &#8220;hvad g\u00f8r booking af et hotel\nlangs min rute s\u00e5 interessant&#8221;?&nbsp;S\u00e5 er der en chance for, at du\nfaktisk t\u00e6nker p\u00e5 en anden type indkvartering, du kan booke.&nbsp;Det er ogs\u00e5\nmuligt.<\/p>\n\n\n\n<h2 class=\"wp-block-heading\">Book en anden&nbsp;type&nbsp;indkvartering her p\u00e5&nbsp;HelloRoadtrip.com<\/h2>\n\n\n\n<p>Sp\u00f8rgsm\u00e5let &#8220;hvordan\nman finder et hotel langs min rute&#8221; er muligvis et, der ofte stilles, men\ndet er rigtigt, at mange andre boliger ogs\u00e5 er popul\u00e6re.&nbsp;Du kan overveje\nen bed &amp; breakfast i denne henseende, men ogs\u00e5 for eksempel en\nlejlighed&nbsp;.&nbsp;Der er ogs\u00e5 interessante fordele ved disse\nboliger.&nbsp;Ophold i bed &amp; breakfast under din road trip sikrer for\neksempel, at du kan stole p\u00e5 den varme, hjemlige atmosf\u00e6re, som du ogs\u00e5 kan\nopleve i dit eget hjem.&nbsp;At leje en lejlighed sikrer, at du er sikret et\noptimalt privatliv.&nbsp;Under alle omst\u00e6ndigheder kan alle disse forskellige\novernatningsmuligheder, der kan v\u00e6re placeret langs din rute, bookes her.<\/p>\n\n\n\n<h2 class=\"wp-block-heading\">Spar ved reservation af hotellet langs min rute<\/h2>\n\n\n\n<p>Hvad hvis jeg har\nfundet et interessant hotel langs min rute?&nbsp;S\u00e5 vil du selvf\u00f8lgelig gerne\nbooke det!&nbsp;Hvad ang\u00e5r reservation af dit hotel, vil du naturligvis altid\ntage hensyn til prisen, der er forbundet med reservationen.&nbsp;N\u00e5r du\nforetager din reservation gennem&nbsp;HelloRoadtrip.com&nbsp;, vil du altid\nkunne nyde en dejlig rabat.&nbsp;Men det er ikke alt.&nbsp;Derudover foretages\ndin reservation altid&nbsp;via&nbsp;et meget p\u00e5lideligt\nreservationssite.&nbsp;S\u00e5 du beh\u00f8ver aldrig at frygte, at noget g\u00e5r galt med\ndin reservation.&nbsp;&#8220;Kan jeg spare p\u00e5&nbsp;mit&nbsp;vejene&nbsp;hotel\nbooking pris?&nbsp;\u201d&nbsp;Det&nbsp;svar er et rungende ja!<\/p>\n\n\n\n<h2 class=\"wp-block-heading\">Dejlige lande til en road trip<\/h2>\n\n\n\n<p>Endelig har mange mennesker et sidste, ikke uvigtigt sp\u00f8rgsm\u00e5l, nemlig &#8220;hvor skal man booke et hotel langs min rute&#8221;?&nbsp;Det er selvf\u00f8lgelig noget, du selv kan v\u00e6lge.&nbsp;Mange danskere elsker imidlertid at tage en&nbsp;road trip&nbsp;i (andre) skandinaviske lande&nbsp;, som&nbsp;Norge og Sverige.&nbsp;Island synes dog ogs\u00e5 at v\u00e6re meget popul\u00e6rt blandt&nbsp;danske&nbsp;i de senere \u00e5r.&nbsp;V\u00e6lger du denne sidste destination?&nbsp;Husk altid, at&nbsp;hoteller&nbsp;n\u00e6sten overalt&nbsp;er knappe&nbsp;.&nbsp;Planl\u00e6gning af din road trip&nbsp;ordentligt&nbsp;er et must. <\/p>\n","protected":false},"excerpt":{"rendered":"<p>Sp\u00f8rgsm\u00e5let &#8220;hvilket\u00a0hotel ved siden af \u200b\u200bvejen\u00a0er bedst egnet til mig\u00a0&#8221;\u00a0er det, der ofte stilles af folk, der skal p\u00e5 en bilferie. Dog er der\u00a0mange,\u00a0mange forskellige svar p\u00e5 dette sp\u00f8rgsm\u00e5l. Faktum er, at det bedst egnede hotel til dig som en\u00a0road trip\u00a0pr er altid baseret p\u00e5 forskellige pr\u00e6ferencer. Det handler ikke kun om det komfortniveau, du &#8230; <a title=\"Hvilket hotel ved vejen er bedst egnet til mig?\" class=\"read-more\" href=\"https:\/\/www.helloroadtrip.com\/da\/hvilket-hotel-ved-vejen-er-bedst-egnet-til-mig\/\" aria-label=\"More on Hvilket hotel ved vejen er bedst egnet til mig?\">L\u00e6s Mere<\/a><\/p>\n","protected":false},"author":1,"featured_media":0,"parent":0,"menu_order":0,"comment_status":"closed","ping_status":"closed","template":"","meta":{"footnotes":""},"class_list":["post-115","page","type-page","status-publish"],"yoast_head":"<!-- This site is optimized with the Yoast SEO plugin v27.4 - https:\/\/yoast.com\/product\/yoast-seo-wordpress\/ -->\n<title>Hvilket hotel ved vejen er bedst egnet til mig? - Hello Road Trip .com<\/title>\n<meta name=\"description\" content=\"Hvilket hotel langs min rute for at booke til min n\u00e6ste road trip? \u2705 Stil du dig selv det samme sp\u00f8rgsm\u00e5l? \u2705 Find ud af svaret her p\u00e5 HelloRoadtrip.com !\" \/>\n<meta name=\"robots\" content=\"index, follow, max-snippet:-1, max-image-preview:large, max-video-preview:-1\" \/>\n<link rel=\"canonical\" href=\"https:\/\/www.helloroadtrip.com\/da\/hvilket-hotel-ved-vejen-er-bedst-egnet-til-mig\/\" \/>\n<meta property=\"og:locale\" content=\"da_DK\" \/>\n<meta property=\"og:type\" content=\"article\" \/>\n<meta property=\"og:title\" content=\"Hvilket hotel ved vejen er bedst egnet til mig? - Hello Road Trip .com\" \/>\n<meta property=\"og:description\" content=\"Hvilket hotel langs min rute for at booke til min n\u00e6ste road trip? \u2705 Stil du dig selv det samme sp\u00f8rgsm\u00e5l? \u2705 Find ud af svaret her p\u00e5 HelloRoadtrip.com !\" \/>\n<meta property=\"og:url\" content=\"https:\/\/www.helloroadtrip.com\/da\/hvilket-hotel-ved-vejen-er-bedst-egnet-til-mig\/\" \/>\n<meta property=\"og:site_name\" content=\"Hello Road Trip .com\" \/>\n<meta property=\"article:modified_time\" content=\"2020-06-05T10:03:20+00:00\" \/>\n<meta name=\"twitter:card\" content=\"summary_large_image\" \/>\n<meta name=\"twitter:label1\" content=\"Estimeret l\u00e6setid\" \/>\n\t<meta name=\"twitter:data1\" content=\"3 minutter\" \/>\n<script type=\"application\/ld+json\" class=\"yoast-schema-graph\">{\"@context\":\"https:\\\/\\\/schema.org\",\"@graph\":[{\"@type\":\"WebPage\",\"@id\":\"https:\\\/\\\/www.helloroadtrip.com\\\/da\\\/hvilket-hotel-ved-vejen-er-bedst-egnet-til-mig\\\/\",\"url\":\"https:\\\/\\\/www.helloroadtrip.com\\\/da\\\/hvilket-hotel-ved-vejen-er-bedst-egnet-til-mig\\\/\",\"name\":\"Hvilket hotel ved vejen er bedst egnet til mig? - Hello Road Trip .com\",\"isPartOf\":{\"@id\":\"https:\\\/\\\/www.helloroadtrip.com\\\/#website\"},\"datePublished\":\"2020-04-16T13:08:13+00:00\",\"dateModified\":\"2020-06-05T10:03:20+00:00\",\"description\":\"Hvilket hotel langs min rute for at booke til min n\u00e6ste road trip? \u2705 Stil du dig selv det samme sp\u00f8rgsm\u00e5l? \u2705 Find ud af svaret her p\u00e5 HelloRoadtrip.com !\",\"breadcrumb\":{\"@id\":\"https:\\\/\\\/www.helloroadtrip.com\\\/da\\\/hvilket-hotel-ved-vejen-er-bedst-egnet-til-mig\\\/#breadcrumb\"},\"inLanguage\":\"da-DK\",\"potentialAction\":[{\"@type\":\"ReadAction\",\"target\":[\"https:\\\/\\\/www.helloroadtrip.com\\\/da\\\/hvilket-hotel-ved-vejen-er-bedst-egnet-til-mig\\\/\"]}]},{\"@type\":\"BreadcrumbList\",\"@id\":\"https:\\\/\\\/www.helloroadtrip.com\\\/da\\\/hvilket-hotel-ved-vejen-er-bedst-egnet-til-mig\\\/#breadcrumb\",\"itemListElement\":[{\"@type\":\"ListItem\",\"position\":1,\"name\":\"Home\",\"item\":\"https:\\\/\\\/www.helloroadtrip.com\\\/da\\\/\"},{\"@type\":\"ListItem\",\"position\":2,\"name\":\"Hvilket hotel ved vejen er bedst egnet til mig?\"}]},{\"@type\":\"WebSite\",\"@id\":\"https:\\\/\\\/www.helloroadtrip.com\\\/#website\",\"url\":\"https:\\\/\\\/www.helloroadtrip.com\\\/\",\"name\":\"Hello Road Trip .com\",\"description\":\"Find Hotels On Your Route\",\"publisher\":{\"@id\":\"https:\\\/\\\/www.helloroadtrip.com\\\/#organization\"},\"potentialAction\":[{\"@type\":\"SearchAction\",\"target\":{\"@type\":\"EntryPoint\",\"urlTemplate\":\"https:\\\/\\\/www.helloroadtrip.com\\\/?s={search_term_string}\"},\"query-input\":{\"@type\":\"PropertyValueSpecification\",\"valueRequired\":true,\"valueName\":\"search_term_string\"}}],\"inLanguage\":\"da-DK\"},{\"@type\":\"Organization\",\"@id\":\"https:\\\/\\\/www.helloroadtrip.com\\\/#organization\",\"name\":\"Hello Road Trip .com\",\"url\":\"https:\\\/\\\/www.helloroadtrip.com\\\/\",\"logo\":{\"@type\":\"ImageObject\",\"inLanguage\":\"da-DK\",\"@id\":\"https:\\\/\\\/www.helloroadtrip.com\\\/#\\\/schema\\\/logo\\\/image\\\/\",\"url\":\"https:\\\/\\\/www.helloroadtrip.com\\\/wp-content\\\/uploads\\\/2020\\\/03\\\/HelloRoadtrip-com-logo.jpg\",\"contentUrl\":\"https:\\\/\\\/www.helloroadtrip.com\\\/wp-content\\\/uploads\\\/2020\\\/03\\\/HelloRoadtrip-com-logo.jpg\",\"width\":300,\"height\":81,\"caption\":\"Hello Road Trip .com\"},\"image\":{\"@id\":\"https:\\\/\\\/www.helloroadtrip.com\\\/#\\\/schema\\\/logo\\\/image\\\/\"}}]}<\/script>\n<!-- \/ Yoast SEO plugin. -->","yoast_head_json":{"title":"Hvilket hotel ved vejen er bedst egnet til mig? - Hello Road Trip .com","description":"Hvilket hotel langs min rute for at booke til min n\u00e6ste road trip? \u2705 Stil du dig selv det samme sp\u00f8rgsm\u00e5l? \u2705 Find ud af svaret her p\u00e5 HelloRoadtrip.com !","robots":{"index":"index","follow":"follow","max-snippet":"max-snippet:-1","max-image-preview":"max-image-preview:large","max-video-preview":"max-video-preview:-1"},"canonical":"https:\/\/www.helloroadtrip.com\/da\/hvilket-hotel-ved-vejen-er-bedst-egnet-til-mig\/","og_locale":"da_DK","og_type":"article","og_title":"Hvilket hotel ved vejen er bedst egnet til mig? - Hello Road Trip .com","og_description":"Hvilket hotel langs min rute for at booke til min n\u00e6ste road trip? \u2705 Stil du dig selv det samme sp\u00f8rgsm\u00e5l? \u2705 Find ud af svaret her p\u00e5 HelloRoadtrip.com !","og_url":"https:\/\/www.helloroadtrip.com\/da\/hvilket-hotel-ved-vejen-er-bedst-egnet-til-mig\/","og_site_name":"Hello Road Trip .com","article_modified_time":"2020-06-05T10:03:20+00:00","twitter_card":"summary_large_image","twitter_misc":{"Estimeret l\u00e6setid":"3 minutter"},"schema":{"@context":"https:\/\/schema.org","@graph":[{"@type":"WebPage","@id":"https:\/\/www.helloroadtrip.com\/da\/hvilket-hotel-ved-vejen-er-bedst-egnet-til-mig\/","url":"https:\/\/www.helloroadtrip.com\/da\/hvilket-hotel-ved-vejen-er-bedst-egnet-til-mig\/","name":"Hvilket hotel ved vejen er bedst egnet til mig? - Hello Road Trip .com","isPartOf":{"@id":"https:\/\/www.helloroadtrip.com\/#website"},"datePublished":"2020-04-16T13:08:13+00:00","dateModified":"2020-06-05T10:03:20+00:00","description":"Hvilket hotel langs min rute for at booke til min n\u00e6ste road trip? \u2705 Stil du dig selv det samme sp\u00f8rgsm\u00e5l? \u2705 Find ud af svaret her p\u00e5 HelloRoadtrip.com !","breadcrumb":{"@id":"https:\/\/www.helloroadtrip.com\/da\/hvilket-hotel-ved-vejen-er-bedst-egnet-til-mig\/#breadcrumb"},"inLanguage":"da-DK","potentialAction":[{"@type":"ReadAction","target":["https:\/\/www.helloroadtrip.com\/da\/hvilket-hotel-ved-vejen-er-bedst-egnet-til-mig\/"]}]},{"@type":"BreadcrumbList","@id":"https:\/\/www.helloroadtrip.com\/da\/hvilket-hotel-ved-vejen-er-bedst-egnet-til-mig\/#breadcrumb","itemListElement":[{"@type":"ListItem","position":1,"name":"Home","item":"https:\/\/www.helloroadtrip.com\/da\/"},{"@type":"ListItem","position":2,"name":"Hvilket hotel ved vejen er bedst egnet til mig?"}]},{"@type":"WebSite","@id":"https:\/\/www.helloroadtrip.com\/#website","url":"https:\/\/www.helloroadtrip.com\/","name":"Hello Road Trip .com","description":"Find Hotels On Your Route","publisher":{"@id":"https:\/\/www.helloroadtrip.com\/#organization"},"potentialAction":[{"@type":"SearchAction","target":{"@type":"EntryPoint","urlTemplate":"https:\/\/www.helloroadtrip.com\/?s={search_term_string}"},"query-input":{"@type":"PropertyValueSpecification","valueRequired":true,"valueName":"search_term_string"}}],"inLanguage":"da-DK"},{"@type":"Organization","@id":"https:\/\/www.helloroadtrip.com\/#organization","name":"Hello Road Trip .com","url":"https:\/\/www.helloroadtrip.com\/","logo":{"@type":"ImageObject","inLanguage":"da-DK","@id":"https:\/\/www.helloroadtrip.com\/#\/schema\/logo\/image\/","url":"https:\/\/www.helloroadtrip.com\/wp-content\/uploads\/2020\/03\/HelloRoadtrip-com-logo.jpg","contentUrl":"https:\/\/www.helloroadtrip.com\/wp-content\/uploads\/2020\/03\/HelloRoadtrip-com-logo.jpg","width":300,"height":81,"caption":"Hello Road Trip .com"},"image":{"@id":"https:\/\/www.helloroadtrip.com\/#\/schema\/logo\/image\/"}}]}},"_links":{"self":[{"href":"https:\/\/www.helloroadtrip.com\/da\/wp-json\/wp\/v2\/pages\/115","targetHints":{"allow":["GET"]}}],"collection":[{"href":"https:\/\/www.helloroadtrip.com\/da\/wp-json\/wp\/v2\/pages"}],"about":[{"href":"https:\/\/www.helloroadtrip.com\/da\/wp-json\/wp\/v2\/types\/page"}],"author":[{"embeddable":true,"href":"https:\/\/www.helloroadtrip.com\/da\/wp-json\/wp\/v2\/users\/1"}],"replies":[{"embeddable":true,"href":"https:\/\/www.helloroadtrip.com\/da\/wp-json\/wp\/v2\/comments?post=115"}],"version-history":[{"count":2,"href":"https:\/\/www.helloroadtrip.com\/da\/wp-json\/wp\/v2\/pages\/115\/revisions"}],"predecessor-version":[{"id":254,"href":"https:\/\/www.helloroadtrip.com\/da\/wp-json\/wp\/v2\/pages\/115\/revisions\/254"}],"wp:attachment":[{"href":"https:\/\/www.helloroadtrip.com\/da\/wp-json\/wp\/v2\/media?parent=115"}],"curies":[{"name":"wp","href":"https:\/\/api.w.org\/{rel}","templated":true}]}}