{"id":121,"date":"2020-04-16T13:21:45","date_gmt":"2020-04-16T13:21:45","guid":{"rendered":"https:\/\/www.helloroadtrip.com\/?page_id=121"},"modified":"2020-06-05T10:03:02","modified_gmt":"2020-06-05T10:03:02","slug":"book-en-overnatning-paa-et-hotel-til-dig-og-din-familie","status":"publish","type":"page","link":"https:\/\/www.helloroadtrip.com\/da\/book-en-overnatning-paa-et-hotel-til-dig-og-din-familie\/","title":{"rendered":"Book en overnatning p\u00e5 et hotel til dig og din familie"},"content":{"rendered":"\n<div class=\"ttWrapper\"><\/div>\r\n<link href=\"https:\/\/ajax.googleapis.com\/ajax\/libs\/jqueryui\/1.11.4\/themes\/smoothness\/jquery-ui.css\" rel=\"stylesheet\" \/>\r\n<link href=\"https:\/\/www.tussenstop.com\/tool-3\/assets\/css\/V3\/bundle.min.css\" rel=\"stylesheet\" \/>\r\n<script src=\"https:\/\/ajax.googleapis.com\/ajax\/libs\/jquery\/3.7.1\/jquery.min.js\"><\/script>\r\n<script src=\"https:\/\/ajax.googleapis.com\/ajax\/libs\/jqueryui\/1.11.4\/jquery-ui.min.js\"><\/script>\r\n<script src=\"https:\/\/www.tussenstop.com\/tool-3\/assets\/vendor\/here\/bundle.js\"><\/script>\r\n<script src=\"https:\/\/www.tussenstop.com\/tool-3\/assets\/vendor\/pico\/pico.min.js\"><\/script>\r\n<script src=\"https:\/\/www.tussenstop.com\/tool-3\/assets\/js\/V3\/bundle.min.js\"><\/script>\r\n\r\n<script>\r\n$(\".ttWrapper\").tussenstop({\r\n                        host: \"www.helloroadtrip.com\",\r\n                        mapLanguage: \"da\",\r\n                        politicalView: \"SWE\",\r\n                        language: \"da-DK\",\r\n                      partners: \"https:\/\/www.tussenstop.com\/tool-3\/hrpartners.php\",\r\noutbound: {\r\n                            active: true,\r\n                            timeout: 1500,\r\n                            img: \"https:\/\/www.helloroadtrip.com\/wp-content\/uploads\/2020\/03\/HelloRoadtrip-com-logo.jpg\"\r\n                        }\r\n                    });\r\n<\/script>\n\n\n\n<p>At tage en biltur eller en bilferie med hele familien er utroligt popul\u00e6rt i disse dage.\u00a0Selvf\u00f8lgelig kan du ogs\u00e5 tage p\u00e5 en biltur med venner eller\u00a0din udvidede\u00a0familie.\u00a0I praksis er en masse familier i dag\u00a0er\u00a0at opdage forskellige lande sammen og i deres eget tempo.\u00a0Dette\u00a0kan\u00a0omfatte\u00a0lande i n\u00e6rheden s\u00e5vel som lande langt v\u00e6k.\u00a0Danskere beh\u00f8ver ikke at rejse langt for at\u00a0opleve en fantastisk road trip.\u00a0Nogle lande t\u00e6t p\u00e5 Danmark, s\u00e5som nabolandet Tyskland, men ogs\u00e5 Norge og Sverige egner sig virkelig ekstremt godt til\u00a0denne slags oplevelse\u00a0Skal du\u00a0p\u00e5 en tur\u00a0med hele familien, og vil du gerne nyde en\u00a0god\u00a0aften p\u00e5 et hotel sammen?\u00a0Vi er glade for at hj\u00e6lpe dig!<\/p>\n\n\n\n<h2 class=\"wp-block-heading\">Hvad g\u00f8r en overnatning p\u00e5 et hotel s\u00e5 interessant?<\/h2>\n\n\n\n<p>Det kan bestemt\nv\u00e6re interessant at booke en overnatning p\u00e5 et hotel til din n\u00e6ste\nbiltur.&nbsp;N\u00e5r du v\u00e6lger at overnatte p\u00e5 et hotel, kan du stole p\u00e5 ikke kun\nen, men flere fordele.&nbsp;T\u00e6nk blandt andet p\u00e5 dette:<\/p>\n\n\n\n<p>1.&nbsp;Du kan bo\ni et p\u00e6nt og fuldt udstyret rum;&nbsp;&nbsp;&nbsp;&nbsp;&nbsp;&nbsp;&nbsp;&nbsp;&nbsp;&nbsp;&nbsp;&nbsp;&nbsp;<\/p>\n\n\n\n<p>2.&nbsp;Ofte er\nder ogs\u00e5 specielle familiev\u00e6relser til r\u00e5dighed for familier&nbsp;med\nb\u00f8rn&nbsp;;&nbsp;&nbsp;&nbsp;&nbsp;&nbsp;&nbsp;&nbsp;&nbsp;&nbsp;&nbsp;&nbsp;&nbsp;&nbsp;<\/p>\n\n\n\n<p>3.&nbsp;Om\nmorgenen nyder du normalt en dejlig\nmorgenmad;&nbsp;&nbsp;&nbsp;&nbsp;&nbsp;&nbsp;&nbsp;&nbsp;&nbsp;&nbsp;&nbsp;&nbsp;&nbsp;<\/p>\n\n\n\n<p>4.&nbsp;Du beh\u00f8ver\nikke at t\u00e6nke p\u00e5 reng\u00f8ring af\nrummet;&nbsp;&nbsp;&nbsp;&nbsp;&nbsp;&nbsp;&nbsp;&nbsp;&nbsp;&nbsp;&nbsp;&nbsp;&nbsp;<\/p>\n\n\n\n<p>5.&nbsp;Normalt tilbydes\nen masse ekstra\nfaciliteter;&nbsp;&nbsp;&nbsp;&nbsp;&nbsp;&nbsp;&nbsp;&nbsp;&nbsp;&nbsp;&nbsp;&nbsp;&nbsp;<\/p>\n\n\n\n<p>I princippet kan\ndu perfekt tilpasse dit hotelophold, s\u00e5 det passer til dit budget.&nbsp;P\u00e5\ndenne m\u00e5de kan alle overnatte p\u00e5 et indbydende hotel under hans eller hendes\nroad trip.<\/p>\n\n\n\n<h2 class=\"wp-block-heading\">Alternativer til en overnatning p\u00e5 et hotel<\/h2>\n\n\n\n<p>Selvf\u00f8lgelig\nhar&nbsp;du&nbsp;ogs\u00e5 en&nbsp;anden&nbsp;mulighed&nbsp;under\nen&nbsp;biltur&nbsp;med din familie&nbsp;.&nbsp;For eksempel er det ogs\u00e5 muligt\nat bo i en bed &amp; breakfast.&nbsp;Et&nbsp;hotel kan undertiden f\u00f8les lidt\nupersonligt, s\u00e5 mange mennesker foretr\u00e6kker en B &amp; B alligevel.&nbsp;En anden\nmulighed er at booke en overnatning i en lejlighed.&nbsp;Lejligheder er\nselvf\u00f8lgelig meget mere fuldt udstyret, s\u00e5 du f.eks. Kan lave dine\negne&nbsp;m\u00e5ltider&nbsp;.&nbsp;Uanset om du vil booke et&nbsp;hotel, eller du\nvil benytte dig af en anden bolig, kan&nbsp;vores praktiske road\ntrip-planl\u00e6gger hj\u00e6lpe dig!<\/p>\n\n\n\n<h2 class=\"wp-block-heading\">Hvorn\u00e5r booker jeg en overnatning p\u00e5 et hotel?<\/h2>\n\n\n\n<p>Bookning af en\novernatning p\u00e5 et hotel kan ske p\u00e5 forskellige tidspunkter.&nbsp;I f\u00f8rste\nomgang kan du booke en overnatning inden du for eksempel rejser p\u00e5\nferie.&nbsp;Det er faktisk det mest interessante.&nbsp;P\u00e5 denne m\u00e5de overlader\ndu intet til tilf\u00e6ldighederne.&nbsp;At booke en overnatning p\u00e5 et hotel f\u00f8r\nafrejse betyder ogs\u00e5, at du ikke beh\u00f8ver at bekymre dig om det&nbsp;aspekt\naf&nbsp;din bilferie.&nbsp;Selvf\u00f8lgelig er det ogs\u00e5 en god ting.&nbsp;Men i\npraksis,&nbsp;,&nbsp;en masse af danskere, der g\u00e5r p\u00e5 en tur bare&nbsp;synes\nat&nbsp;booke deres hotel p\u00e5 vej.&nbsp;Hvorfor?&nbsp;Fordi p\u00e5 den m\u00e5de kan de\nmaksimere fleksibiliteten i deres bilferie.&nbsp;Alligevel er der i praksis\nganske mange risici involveret.&nbsp;At booke dine&nbsp;hoteller&nbsp;inden\nafrejse forbliver virkelig det bedste valg.<\/p>\n\n\n\n<h2 class=\"wp-block-heading\">Book dit hotelophold nu via&nbsp;HelloRoadtrip.com&nbsp;!<\/h2>\n\n\n\n<p>\u00d8nsker du at bo p\u00e5\net hotel med din familie under din road trip?&nbsp;Vil du ogs\u00e5 v\u00e6re i stand til\nat&nbsp;undg\u00e5 at sidde fast foran&nbsp;et fuldt booket\nhotel?&nbsp;Eller&nbsp;at skulle betale ekstra for dit\novernatning&nbsp;?&nbsp;I begge tilf\u00e6lde er det altid v\u00e6rd at reservere din\novernatning p\u00e5 forh\u00e5nd.&nbsp;Vil du booke dit hotel her\nvia&nbsp;HelloRoadtrip.com&nbsp;?&nbsp;Derefter kan du altid nyde en attraktiv\nrabat.&nbsp;Derudover foretages din reservation altid med et p\u00e5lideligt\nreservationssite.<\/p>\n","protected":false},"excerpt":{"rendered":"<p>At tage en biltur eller en bilferie med hele familien er utroligt popul\u00e6rt i disse dage.\u00a0Selvf\u00f8lgelig kan du ogs\u00e5 tage p\u00e5 en biltur med venner eller\u00a0din udvidede\u00a0familie.\u00a0I praksis er en masse familier i dag\u00a0er\u00a0at opdage forskellige lande sammen og i deres eget tempo.\u00a0Dette\u00a0kan\u00a0omfatte\u00a0lande i n\u00e6rheden s\u00e5vel som lande langt v\u00e6k.\u00a0Danskere beh\u00f8ver ikke at rejse langt &#8230; <a title=\"Book en overnatning p\u00e5 et hotel til dig og din familie\" class=\"read-more\" href=\"https:\/\/www.helloroadtrip.com\/da\/book-en-overnatning-paa-et-hotel-til-dig-og-din-familie\/\" aria-label=\"More on Book en overnatning p\u00e5 et hotel til dig og din familie\">L\u00e6s Mere<\/a><\/p>\n","protected":false},"author":1,"featured_media":0,"parent":0,"menu_order":0,"comment_status":"open","ping_status":"closed","template":"","meta":{"footnotes":""},"class_list":["post-121","page","type-page","status-publish"],"yoast_head":"<!-- This site is optimized with the Yoast SEO plugin v27.4 - https:\/\/yoast.com\/product\/yoast-seo-wordpress\/ -->\n<title>Book en overnatning p\u00e5 et hotel til dig og din familie - Hello Road Trip .com<\/title>\n<meta name=\"description\" content=\"Booker du et overnatningshotel under din biltur for dig og din familie? \u2705 S\u00e5 er brug af HelloRoadtrip.com altid et fremragende valg !\" \/>\n<meta name=\"robots\" content=\"index, follow, max-snippet:-1, max-image-preview:large, max-video-preview:-1\" \/>\n<link rel=\"canonical\" href=\"https:\/\/www.helloroadtrip.com\/da\/book-en-overnatning-paa-et-hotel-til-dig-og-din-familie\/\" \/>\n<meta property=\"og:locale\" content=\"da_DK\" \/>\n<meta property=\"og:type\" content=\"article\" \/>\n<meta property=\"og:title\" content=\"Book en overnatning p\u00e5 et hotel til dig og din familie - Hello Road Trip .com\" \/>\n<meta property=\"og:description\" content=\"Booker du et overnatningshotel under din biltur for dig og din familie? \u2705 S\u00e5 er brug af HelloRoadtrip.com altid et fremragende valg !\" \/>\n<meta property=\"og:url\" content=\"https:\/\/www.helloroadtrip.com\/da\/book-en-overnatning-paa-et-hotel-til-dig-og-din-familie\/\" \/>\n<meta property=\"og:site_name\" content=\"Hello Road Trip .com\" \/>\n<meta property=\"article:modified_time\" content=\"2020-06-05T10:03:02+00:00\" \/>\n<meta name=\"twitter:card\" content=\"summary_large_image\" \/>\n<meta name=\"twitter:label1\" content=\"Estimeret l\u00e6setid\" \/>\n\t<meta name=\"twitter:data1\" content=\"4 minutter\" \/>\n<script type=\"application\/ld+json\" class=\"yoast-schema-graph\">{\"@context\":\"https:\\\/\\\/schema.org\",\"@graph\":[{\"@type\":\"WebPage\",\"@id\":\"https:\\\/\\\/www.helloroadtrip.com\\\/da\\\/book-en-overnatning-paa-et-hotel-til-dig-og-din-familie\\\/\",\"url\":\"https:\\\/\\\/www.helloroadtrip.com\\\/da\\\/book-en-overnatning-paa-et-hotel-til-dig-og-din-familie\\\/\",\"name\":\"Book en overnatning p\u00e5 et hotel til dig og din familie - Hello Road Trip .com\",\"isPartOf\":{\"@id\":\"https:\\\/\\\/www.helloroadtrip.com\\\/#website\"},\"datePublished\":\"2020-04-16T13:21:45+00:00\",\"dateModified\":\"2020-06-05T10:03:02+00:00\",\"description\":\"Booker du et overnatningshotel under din biltur for dig og din familie? \u2705 S\u00e5 er brug af HelloRoadtrip.com altid et fremragende valg !\",\"breadcrumb\":{\"@id\":\"https:\\\/\\\/www.helloroadtrip.com\\\/da\\\/book-en-overnatning-paa-et-hotel-til-dig-og-din-familie\\\/#breadcrumb\"},\"inLanguage\":\"da-DK\",\"potentialAction\":[{\"@type\":\"ReadAction\",\"target\":[\"https:\\\/\\\/www.helloroadtrip.com\\\/da\\\/book-en-overnatning-paa-et-hotel-til-dig-og-din-familie\\\/\"]}]},{\"@type\":\"BreadcrumbList\",\"@id\":\"https:\\\/\\\/www.helloroadtrip.com\\\/da\\\/book-en-overnatning-paa-et-hotel-til-dig-og-din-familie\\\/#breadcrumb\",\"itemListElement\":[{\"@type\":\"ListItem\",\"position\":1,\"name\":\"Home\",\"item\":\"https:\\\/\\\/www.helloroadtrip.com\\\/da\\\/\"},{\"@type\":\"ListItem\",\"position\":2,\"name\":\"Book en overnatning p\u00e5 et hotel til dig og din familie\"}]},{\"@type\":\"WebSite\",\"@id\":\"https:\\\/\\\/www.helloroadtrip.com\\\/#website\",\"url\":\"https:\\\/\\\/www.helloroadtrip.com\\\/\",\"name\":\"Hello Road Trip .com\",\"description\":\"Find Hotels On Your Route\",\"publisher\":{\"@id\":\"https:\\\/\\\/www.helloroadtrip.com\\\/#organization\"},\"potentialAction\":[{\"@type\":\"SearchAction\",\"target\":{\"@type\":\"EntryPoint\",\"urlTemplate\":\"https:\\\/\\\/www.helloroadtrip.com\\\/?s={search_term_string}\"},\"query-input\":{\"@type\":\"PropertyValueSpecification\",\"valueRequired\":true,\"valueName\":\"search_term_string\"}}],\"inLanguage\":\"da-DK\"},{\"@type\":\"Organization\",\"@id\":\"https:\\\/\\\/www.helloroadtrip.com\\\/#organization\",\"name\":\"Hello Road Trip .com\",\"url\":\"https:\\\/\\\/www.helloroadtrip.com\\\/\",\"logo\":{\"@type\":\"ImageObject\",\"inLanguage\":\"da-DK\",\"@id\":\"https:\\\/\\\/www.helloroadtrip.com\\\/#\\\/schema\\\/logo\\\/image\\\/\",\"url\":\"https:\\\/\\\/www.helloroadtrip.com\\\/wp-content\\\/uploads\\\/2020\\\/03\\\/HelloRoadtrip-com-logo.jpg\",\"contentUrl\":\"https:\\\/\\\/www.helloroadtrip.com\\\/wp-content\\\/uploads\\\/2020\\\/03\\\/HelloRoadtrip-com-logo.jpg\",\"width\":300,\"height\":81,\"caption\":\"Hello Road Trip .com\"},\"image\":{\"@id\":\"https:\\\/\\\/www.helloroadtrip.com\\\/#\\\/schema\\\/logo\\\/image\\\/\"}}]}<\/script>\n<!-- \/ Yoast SEO plugin. -->","yoast_head_json":{"title":"Book en overnatning p\u00e5 et hotel til dig og din familie - Hello Road Trip .com","description":"Booker du et overnatningshotel under din biltur for dig og din familie? \u2705 S\u00e5 er brug af HelloRoadtrip.com altid et fremragende valg !","robots":{"index":"index","follow":"follow","max-snippet":"max-snippet:-1","max-image-preview":"max-image-preview:large","max-video-preview":"max-video-preview:-1"},"canonical":"https:\/\/www.helloroadtrip.com\/da\/book-en-overnatning-paa-et-hotel-til-dig-og-din-familie\/","og_locale":"da_DK","og_type":"article","og_title":"Book en overnatning p\u00e5 et hotel til dig og din familie - Hello Road Trip .com","og_description":"Booker du et overnatningshotel under din biltur for dig og din familie? \u2705 S\u00e5 er brug af HelloRoadtrip.com altid et fremragende valg !","og_url":"https:\/\/www.helloroadtrip.com\/da\/book-en-overnatning-paa-et-hotel-til-dig-og-din-familie\/","og_site_name":"Hello Road Trip .com","article_modified_time":"2020-06-05T10:03:02+00:00","twitter_card":"summary_large_image","twitter_misc":{"Estimeret l\u00e6setid":"4 minutter"},"schema":{"@context":"https:\/\/schema.org","@graph":[{"@type":"WebPage","@id":"https:\/\/www.helloroadtrip.com\/da\/book-en-overnatning-paa-et-hotel-til-dig-og-din-familie\/","url":"https:\/\/www.helloroadtrip.com\/da\/book-en-overnatning-paa-et-hotel-til-dig-og-din-familie\/","name":"Book en overnatning p\u00e5 et hotel til dig og din familie - Hello Road Trip .com","isPartOf":{"@id":"https:\/\/www.helloroadtrip.com\/#website"},"datePublished":"2020-04-16T13:21:45+00:00","dateModified":"2020-06-05T10:03:02+00:00","description":"Booker du et overnatningshotel under din biltur for dig og din familie? \u2705 S\u00e5 er brug af HelloRoadtrip.com altid et fremragende valg !","breadcrumb":{"@id":"https:\/\/www.helloroadtrip.com\/da\/book-en-overnatning-paa-et-hotel-til-dig-og-din-familie\/#breadcrumb"},"inLanguage":"da-DK","potentialAction":[{"@type":"ReadAction","target":["https:\/\/www.helloroadtrip.com\/da\/book-en-overnatning-paa-et-hotel-til-dig-og-din-familie\/"]}]},{"@type":"BreadcrumbList","@id":"https:\/\/www.helloroadtrip.com\/da\/book-en-overnatning-paa-et-hotel-til-dig-og-din-familie\/#breadcrumb","itemListElement":[{"@type":"ListItem","position":1,"name":"Home","item":"https:\/\/www.helloroadtrip.com\/da\/"},{"@type":"ListItem","position":2,"name":"Book en overnatning p\u00e5 et hotel til dig og din familie"}]},{"@type":"WebSite","@id":"https:\/\/www.helloroadtrip.com\/#website","url":"https:\/\/www.helloroadtrip.com\/","name":"Hello Road Trip .com","description":"Find Hotels On Your Route","publisher":{"@id":"https:\/\/www.helloroadtrip.com\/#organization"},"potentialAction":[{"@type":"SearchAction","target":{"@type":"EntryPoint","urlTemplate":"https:\/\/www.helloroadtrip.com\/?s={search_term_string}"},"query-input":{"@type":"PropertyValueSpecification","valueRequired":true,"valueName":"search_term_string"}}],"inLanguage":"da-DK"},{"@type":"Organization","@id":"https:\/\/www.helloroadtrip.com\/#organization","name":"Hello Road Trip .com","url":"https:\/\/www.helloroadtrip.com\/","logo":{"@type":"ImageObject","inLanguage":"da-DK","@id":"https:\/\/www.helloroadtrip.com\/#\/schema\/logo\/image\/","url":"https:\/\/www.helloroadtrip.com\/wp-content\/uploads\/2020\/03\/HelloRoadtrip-com-logo.jpg","contentUrl":"https:\/\/www.helloroadtrip.com\/wp-content\/uploads\/2020\/03\/HelloRoadtrip-com-logo.jpg","width":300,"height":81,"caption":"Hello Road Trip .com"},"image":{"@id":"https:\/\/www.helloroadtrip.com\/#\/schema\/logo\/image\/"}}]}},"_links":{"self":[{"href":"https:\/\/www.helloroadtrip.com\/da\/wp-json\/wp\/v2\/pages\/121","targetHints":{"allow":["GET"]}}],"collection":[{"href":"https:\/\/www.helloroadtrip.com\/da\/wp-json\/wp\/v2\/pages"}],"about":[{"href":"https:\/\/www.helloroadtrip.com\/da\/wp-json\/wp\/v2\/types\/page"}],"author":[{"embeddable":true,"href":"https:\/\/www.helloroadtrip.com\/da\/wp-json\/wp\/v2\/users\/1"}],"replies":[{"embeddable":true,"href":"https:\/\/www.helloroadtrip.com\/da\/wp-json\/wp\/v2\/comments?post=121"}],"version-history":[{"count":2,"href":"https:\/\/www.helloroadtrip.com\/da\/wp-json\/wp\/v2\/pages\/121\/revisions"}],"predecessor-version":[{"id":251,"href":"https:\/\/www.helloroadtrip.com\/da\/wp-json\/wp\/v2\/pages\/121\/revisions\/251"}],"wp:attachment":[{"href":"https:\/\/www.helloroadtrip.com\/da\/wp-json\/wp\/v2\/media?parent=121"}],"curies":[{"name":"wp","href":"https:\/\/api.w.org\/{rel}","templated":true}]}}