{"id":106,"date":"2020-04-16T09:34:02","date_gmt":"2020-04-16T09:34:02","guid":{"rendered":"https:\/\/www.helloroadtrip.com\/?page_id=106"},"modified":"2020-06-26T09:46:43","modified_gmt":"2020-06-26T09:46:43","slug":"buchen-sie-unterwegs-ein-hotel-fuer-eine-unvergessliche-reise","status":"publish","type":"page","link":"https:\/\/www.helloroadtrip.com\/de\/buchen-sie-unterwegs-ein-hotel-fuer-eine-unvergessliche-reise\/","title":{"rendered":"Buchen Sie unterwegs ein Hotel f\u00fcr eine unvergessliche Reise"},"content":{"rendered":"\n<div class=\"ttWrapper\"><\/div>\r\n<script src=\"https:\/\/code.jquery.com\/jquery-3.3.1.min.js\"><\/script>\r\n<script src=\"https:\/\/js.api.here.com\/v3\/3.0\/mapsjs-core.js\"><\/script>\r\n<script src=\"https:\/\/js.api.here.com\/v3\/3.0\/mapsjs-service.js\"><\/script>\r\n<script src=\"https:\/\/js.api.here.com\/v3\/3.0\/mapsjs-ui.js\"><\/script>\r\n<script src=\"https:\/\/js.cit.api.here.com\/v3\/3.0\/mapsjs-mapevents.js\"><\/script>\r\n<script src=\"https:\/\/ajax.googleapis.com\/ajax\/libs\/jqueryui\/1.11.4\/jquery-ui.min.js\"><\/script>\r\n<script src=\"https:\/\/www.tussenstop.com\/tool-3\/assets\/js\/bundle.min.js\"><\/script>\r\n<link rel=\"stylesheet\" href=\"https:\/\/js.api.here.com\/v3\/3.0\/mapsjs-ui.css\">\r\n<link rel=\"stylesheet\" href=\"https:\/\/ajax.googleapis.com\/ajax\/libs\/jqueryui\/1.11.4\/themes\/smoothness\/jquery-ui.css\">\r\n<link rel=\"stylesheet\" href=\"https:\/\/www.tussenstop.com\/tool-3\/assets\/css\/bundle.min.css\">\r\n<script>\r\n$(\".ttWrapper\").tussenstop({\r\n                        host: \"www.helloroadtrip.com\",\r\n                        mapLanguage: \"AUT\",\r\n                        politicalView: \"AUT\",\r\n                        language: \"de-AT\",\r\n                      partners: \"https:\/\/www.tussenstop.com\/tool-3\/hrpartners.php\",\r\noutbound: {\r\n                            active: true,\r\n                            timeout: 1500,\r\n                            img: \"https:\/\/www.helloroadtrip.com\/wp-content\/uploads\/2020\/03\/HelloRoadtrip-com-logo.jpg\"\r\n                        }\r\n                    });\r\n<\/script>\n\n\n\n<p>Wenn Sie eine Autoreise oder eine Autofahrt buchen, werden Sie sich nat\u00fcrlich Gedanken \u00fcber die Unterkunft machen wollen, die Sie nutzen werden. Sie k\u00f6nnen sich f\u00fcr eine Reise mit einem Wohnmobil entscheiden, aber viele Menschen entscheiden sich f\u00fcr den Komfort eines Hotels. Die Buchung eines Hotels unterwegs w\u00e4hrend Ihrer Autoreise kann Ihnen eine ausgezeichnete Nachtruhe garantieren. Bevor Sie jedoch Ihren Aufenthalt buchen k\u00f6nnen, ist es wichtig, ein geeignetes Hotel entlang Ihrer Route zu finden. Dies scheint eine ziemliche Aufgabe zu sein, kann aber sehr viel einfacher gemacht werden. Zum Beispiel ist es immer eine gute Wahl, ein Hotel entlang der Route \u00fcber unseren Reiseplaner zu buchen.<\/p>\n\n\n\n<h2 class=\"wp-block-heading\"><strong>In welchen L\u00e4ndern kann ich unterwegs ein Hotel buchen?<\/strong><\/h2>\n\n\n\n\n\n<p>In erster Linie k\u00f6nnten Sie sich daf\u00fcr entscheiden, eine Road-Trip in\nIhrem eigenen Land zu unternehmen. Sie k\u00f6nnten zum Beispiel die Strecke\nzwischen Zell am See und Lienz nehmen. Oder wie w\u00e4re es mit der kompletten\nAutostrecke in Vorarlberg? Die meisten \u00d6sterreicherinnen und \u00d6sterreicher\nentscheiden sich jedoch daf\u00fcr, eine Autoreise durch andere L\u00e4nder zu planen.\nEinige beliebte Ziele bei \u00f6sterreichischen Reisenden sind:<\/p>\n\n\n\n<p>&#8211; Schweiz; <\/p>\n\n\n\n<p>&#8211; Deutschland; <\/p>\n\n\n\n<p>&#8211; Tschechien; <\/p>\n\n\n\n<p>&#8211; Italien; <\/p>\n\n\n\n<p>&#8211; Slowenien; <\/p>\n\n\n\n<p>Abgesehen von den oben genannten L\u00e4ndern ist die Buchung eines Hotels\nauf dem Weg zur \u00dcbernachtung w\u00e4hrend einer Autoreise durch die Slowakei und\nUngarn recht beliebt. Diese L\u00e4nder haben auch viele sch\u00f6ne Dinge f\u00fcr ihre\nBesucher auf Lager. Wo auch immer Sie unterwegs ein Hotel buchen m\u00f6chten, mit\nunserem praktischen Roadtrip-Planer ist das alles m\u00f6glich.<\/p>\n\n\n\n<h2 class=\"wp-block-heading\">Warum ein Hotel auf dem Weg dorthin benutzen?<\/h2>\n\n\n\n<p>Die Buchung eines Hotelaufenthalts w\u00e4hrend Ihrer Reise bietet Ihnen\neinige interessante Verg\u00fcnstigungen. So verf\u00fcgen Sie in der Regel \u00fcber ein voll\nausgestattetes Zimmer, Sie k\u00f6nnen in der Regel im Hotel selbst essen, und es\nist oft m\u00f6glich, bestimmte zus\u00e4tzliche Einrichtungen in Anspruch zu nehmen.\nAu\u00dferdem ist es selbstverst\u00e4ndlich, dass die meisten Hotels sehr zentral\ngelegen sind. So ist gew\u00e4hrleistet, dass Sie Ihre Route am n\u00e4chsten Morgen\nsofort wieder aufnehmen k\u00f6nnen.<\/p>\n\n\n\n<h2 class=\"wp-block-heading\">Buchen Sie Ihr Hotel unterwegs w\u00e4hrend Ihrer Reise<\/h2>\n\n\n\n<p>Die Buchung einer \u00dcbernachtung in einem Hotel kann auf verschiedene\nArten erfolgen. In erster Linie ist nat\u00fcrlich die Buchung eines Hotels auf dem\nWeg dorthin eine M\u00f6glichkeit. In diesem Fall buchen Sie nicht vor Beginn Ihrer\nReise, sondern w\u00e4hlen alles vor Ort aus. Das gibt Ihnen ein ultimatives Gef\u00fchl\nder Freiheit, andererseits m\u00fcssen Sie aber auch mit unangenehmen \u00dcberraschungen\nrechnen. So ist es nicht undenkbar, dass Sie sich pl\u00f6tzlich vor einem\nausgebuchten Hotel wiederfinden. Immer zu \u00fcberlegen, ob es wirklich so\ninteressant ist, nicht im Voraus zu buchen, wie man denkt.<\/p>\n\n\n\n<h2 class=\"wp-block-heading\">Die Vorteile einer Hotelbuchung vor Beginn Ihrer Reise<\/h2>\n\n\n\n<p>Egal, in welches Land Sie eine Autoreise oder einen Autourlaub planen,\nes lohnt sich immer, Ihre Reise so sorgf\u00e4ltig wie m\u00f6glich zu planen. Das\nbedeutet auch, dass es besser ist, vor Reiseantritt zu buchen, anstatt\nunterwegs ein Hotel zu buchen. Auf diese Weise wissen Sie genau, was Sie f\u00fcr\nIhre \u00dcbernachtung bezahlen m\u00fcssen, und Sie k\u00f6nnen oft auch mit einem\ninteressanten Rabatt rechnen. Wollen Sie sicherstellen, dass Sie Ihre Buchung\n\u00fcber eine wirklich zuverl\u00e4ssige Buchungsseite vornehmen? In diesem Fall ist es\nimmer eine gute Idee, Ihr Hotel von unterwegs \u00fcber HelloRoadTrip.com zu buchen.<\/p>\n","protected":false},"excerpt":{"rendered":"<p>Wenn Sie eine Autoreise oder eine Autofahrt buchen, werden Sie sich nat\u00fcrlich Gedanken \u00fcber die Unterkunft machen wollen, die Sie nutzen werden. Sie k\u00f6nnen sich f\u00fcr eine Reise mit einem Wohnmobil entscheiden, aber viele Menschen entscheiden sich f\u00fcr den Komfort eines Hotels. Die Buchung eines Hotels unterwegs w\u00e4hrend Ihrer Autoreise kann Ihnen eine ausgezeichnete Nachtruhe &#8230; <a title=\"Buchen Sie unterwegs ein Hotel f\u00fcr eine unvergessliche Reise\" class=\"read-more\" href=\"https:\/\/www.helloroadtrip.com\/de\/buchen-sie-unterwegs-ein-hotel-fuer-eine-unvergessliche-reise\/\" aria-label=\"Mehr zu Buchen Sie unterwegs ein Hotel f\u00fcr eine unvergessliche Reise\">Weiterlesen &#8230;<\/a><\/p>\n","protected":false},"author":1,"featured_media":0,"parent":0,"menu_order":0,"comment_status":"open","ping_status":"closed","template":"","meta":{"footnotes":""},"class_list":["post-106","page","type-page","status-publish"],"yoast_head":"<!-- This site is optimized with the Yoast SEO plugin v27.3 - https:\/\/yoast.com\/product\/yoast-seo-wordpress\/ -->\n<title>Buchen Sie unterwegs ein Hotel f\u00fcr eine unvergessliche Reise<\/title>\n<meta name=\"description\" content=\"M\u00f6chten Sie w\u00e4hrend Ihrer Reise unterwegs ein Hotel buchen, damit Sie eine bequeme Nacht verbringen k\u00f6nnen? \u2705 Hotels entlang Ihrer Route finden Sie hier\" \/>\n<meta name=\"robots\" content=\"index, follow, max-snippet:-1, max-image-preview:large, max-video-preview:-1\" \/>\n<link rel=\"canonical\" href=\"https:\/\/www.helloroadtrip.com\/de\/buchen-sie-unterwegs-ein-hotel-fuer-eine-unvergessliche-reise\/\" \/>\n<meta property=\"og:locale\" content=\"de_DE\" \/>\n<meta property=\"og:type\" content=\"article\" \/>\n<meta property=\"og:title\" content=\"Buchen Sie unterwegs ein Hotel f\u00fcr eine unvergessliche Reise\" \/>\n<meta property=\"og:description\" content=\"M\u00f6chten Sie w\u00e4hrend Ihrer Reise unterwegs ein Hotel buchen, damit Sie eine bequeme Nacht verbringen k\u00f6nnen? \u2705 Hotels entlang Ihrer Route finden Sie hier\" \/>\n<meta property=\"og:url\" content=\"https:\/\/www.helloroadtrip.com\/de\/buchen-sie-unterwegs-ein-hotel-fuer-eine-unvergessliche-reise\/\" \/>\n<meta property=\"og:site_name\" content=\"Hello Road Trip .com\" \/>\n<meta property=\"article:modified_time\" content=\"2020-06-26T09:46:43+00:00\" \/>\n<meta name=\"twitter:card\" content=\"summary_large_image\" \/>\n<meta name=\"twitter:label1\" content=\"Gesch\u00e4tzte Lesezeit\" \/>\n\t<meta name=\"twitter:data1\" content=\"3\u00a0Minuten\" \/>\n<script type=\"application\/ld+json\" class=\"yoast-schema-graph\">{\"@context\":\"https:\\\/\\\/schema.org\",\"@graph\":[{\"@type\":\"WebPage\",\"@id\":\"https:\\\/\\\/www.helloroadtrip.com\\\/de\\\/buchen-sie-unterwegs-ein-hotel-fuer-eine-unvergessliche-reise\\\/\",\"url\":\"https:\\\/\\\/www.helloroadtrip.com\\\/de\\\/buchen-sie-unterwegs-ein-hotel-fuer-eine-unvergessliche-reise\\\/\",\"name\":\"Buchen Sie unterwegs ein Hotel f\u00fcr eine unvergessliche Reise\",\"isPartOf\":{\"@id\":\"https:\\\/\\\/www.helloroadtrip.com\\\/#website\"},\"datePublished\":\"2020-04-16T09:34:02+00:00\",\"dateModified\":\"2020-06-26T09:46:43+00:00\",\"description\":\"M\u00f6chten Sie w\u00e4hrend Ihrer Reise unterwegs ein Hotel buchen, damit Sie eine bequeme Nacht verbringen k\u00f6nnen? \u2705 Hotels entlang Ihrer Route finden Sie hier\",\"breadcrumb\":{\"@id\":\"https:\\\/\\\/www.helloroadtrip.com\\\/de\\\/buchen-sie-unterwegs-ein-hotel-fuer-eine-unvergessliche-reise\\\/#breadcrumb\"},\"inLanguage\":\"de\",\"potentialAction\":[{\"@type\":\"ReadAction\",\"target\":[\"https:\\\/\\\/www.helloroadtrip.com\\\/de\\\/buchen-sie-unterwegs-ein-hotel-fuer-eine-unvergessliche-reise\\\/\"]}]},{\"@type\":\"BreadcrumbList\",\"@id\":\"https:\\\/\\\/www.helloroadtrip.com\\\/de\\\/buchen-sie-unterwegs-ein-hotel-fuer-eine-unvergessliche-reise\\\/#breadcrumb\",\"itemListElement\":[{\"@type\":\"ListItem\",\"position\":1,\"name\":\"Home\",\"item\":\"https:\\\/\\\/www.helloroadtrip.com\\\/de\\\/\"},{\"@type\":\"ListItem\",\"position\":2,\"name\":\"Buchen Sie unterwegs ein Hotel f\u00fcr eine unvergessliche Reise\"}]},{\"@type\":\"WebSite\",\"@id\":\"https:\\\/\\\/www.helloroadtrip.com\\\/#website\",\"url\":\"https:\\\/\\\/www.helloroadtrip.com\\\/\",\"name\":\"Hello Road Trip .com\",\"description\":\"Find Hotels On Your Route\",\"publisher\":{\"@id\":\"https:\\\/\\\/www.helloroadtrip.com\\\/#organization\"},\"potentialAction\":[{\"@type\":\"SearchAction\",\"target\":{\"@type\":\"EntryPoint\",\"urlTemplate\":\"https:\\\/\\\/www.helloroadtrip.com\\\/?s={search_term_string}\"},\"query-input\":{\"@type\":\"PropertyValueSpecification\",\"valueRequired\":true,\"valueName\":\"search_term_string\"}}],\"inLanguage\":\"de\"},{\"@type\":\"Organization\",\"@id\":\"https:\\\/\\\/www.helloroadtrip.com\\\/#organization\",\"name\":\"Hello Road Trip .com\",\"url\":\"https:\\\/\\\/www.helloroadtrip.com\\\/\",\"logo\":{\"@type\":\"ImageObject\",\"inLanguage\":\"de\",\"@id\":\"https:\\\/\\\/www.helloroadtrip.com\\\/#\\\/schema\\\/logo\\\/image\\\/\",\"url\":\"https:\\\/\\\/www.helloroadtrip.com\\\/wp-content\\\/uploads\\\/2020\\\/03\\\/HelloRoadtrip-com-logo.jpg\",\"contentUrl\":\"https:\\\/\\\/www.helloroadtrip.com\\\/wp-content\\\/uploads\\\/2020\\\/03\\\/HelloRoadtrip-com-logo.jpg\",\"width\":300,\"height\":81,\"caption\":\"Hello Road Trip .com\"},\"image\":{\"@id\":\"https:\\\/\\\/www.helloroadtrip.com\\\/#\\\/schema\\\/logo\\\/image\\\/\"}}]}<\/script>\n<!-- \/ Yoast SEO plugin. -->","yoast_head_json":{"title":"Buchen Sie unterwegs ein Hotel f\u00fcr eine unvergessliche Reise","description":"M\u00f6chten Sie w\u00e4hrend Ihrer Reise unterwegs ein Hotel buchen, damit Sie eine bequeme Nacht verbringen k\u00f6nnen? \u2705 Hotels entlang Ihrer Route finden Sie hier","robots":{"index":"index","follow":"follow","max-snippet":"max-snippet:-1","max-image-preview":"max-image-preview:large","max-video-preview":"max-video-preview:-1"},"canonical":"https:\/\/www.helloroadtrip.com\/de\/buchen-sie-unterwegs-ein-hotel-fuer-eine-unvergessliche-reise\/","og_locale":"de_DE","og_type":"article","og_title":"Buchen Sie unterwegs ein Hotel f\u00fcr eine unvergessliche Reise","og_description":"M\u00f6chten Sie w\u00e4hrend Ihrer Reise unterwegs ein Hotel buchen, damit Sie eine bequeme Nacht verbringen k\u00f6nnen? \u2705 Hotels entlang Ihrer Route finden Sie hier","og_url":"https:\/\/www.helloroadtrip.com\/de\/buchen-sie-unterwegs-ein-hotel-fuer-eine-unvergessliche-reise\/","og_site_name":"Hello Road Trip .com","article_modified_time":"2020-06-26T09:46:43+00:00","twitter_card":"summary_large_image","twitter_misc":{"Gesch\u00e4tzte Lesezeit":"3\u00a0Minuten"},"schema":{"@context":"https:\/\/schema.org","@graph":[{"@type":"WebPage","@id":"https:\/\/www.helloroadtrip.com\/de\/buchen-sie-unterwegs-ein-hotel-fuer-eine-unvergessliche-reise\/","url":"https:\/\/www.helloroadtrip.com\/de\/buchen-sie-unterwegs-ein-hotel-fuer-eine-unvergessliche-reise\/","name":"Buchen Sie unterwegs ein Hotel f\u00fcr eine unvergessliche Reise","isPartOf":{"@id":"https:\/\/www.helloroadtrip.com\/#website"},"datePublished":"2020-04-16T09:34:02+00:00","dateModified":"2020-06-26T09:46:43+00:00","description":"M\u00f6chten Sie w\u00e4hrend Ihrer Reise unterwegs ein Hotel buchen, damit Sie eine bequeme Nacht verbringen k\u00f6nnen? \u2705 Hotels entlang Ihrer Route finden Sie hier","breadcrumb":{"@id":"https:\/\/www.helloroadtrip.com\/de\/buchen-sie-unterwegs-ein-hotel-fuer-eine-unvergessliche-reise\/#breadcrumb"},"inLanguage":"de","potentialAction":[{"@type":"ReadAction","target":["https:\/\/www.helloroadtrip.com\/de\/buchen-sie-unterwegs-ein-hotel-fuer-eine-unvergessliche-reise\/"]}]},{"@type":"BreadcrumbList","@id":"https:\/\/www.helloroadtrip.com\/de\/buchen-sie-unterwegs-ein-hotel-fuer-eine-unvergessliche-reise\/#breadcrumb","itemListElement":[{"@type":"ListItem","position":1,"name":"Home","item":"https:\/\/www.helloroadtrip.com\/de\/"},{"@type":"ListItem","position":2,"name":"Buchen Sie unterwegs ein Hotel f\u00fcr eine unvergessliche Reise"}]},{"@type":"WebSite","@id":"https:\/\/www.helloroadtrip.com\/#website","url":"https:\/\/www.helloroadtrip.com\/","name":"Hello Road Trip .com","description":"Find Hotels On Your Route","publisher":{"@id":"https:\/\/www.helloroadtrip.com\/#organization"},"potentialAction":[{"@type":"SearchAction","target":{"@type":"EntryPoint","urlTemplate":"https:\/\/www.helloroadtrip.com\/?s={search_term_string}"},"query-input":{"@type":"PropertyValueSpecification","valueRequired":true,"valueName":"search_term_string"}}],"inLanguage":"de"},{"@type":"Organization","@id":"https:\/\/www.helloroadtrip.com\/#organization","name":"Hello Road Trip .com","url":"https:\/\/www.helloroadtrip.com\/","logo":{"@type":"ImageObject","inLanguage":"de","@id":"https:\/\/www.helloroadtrip.com\/#\/schema\/logo\/image\/","url":"https:\/\/www.helloroadtrip.com\/wp-content\/uploads\/2020\/03\/HelloRoadtrip-com-logo.jpg","contentUrl":"https:\/\/www.helloroadtrip.com\/wp-content\/uploads\/2020\/03\/HelloRoadtrip-com-logo.jpg","width":300,"height":81,"caption":"Hello Road Trip .com"},"image":{"@id":"https:\/\/www.helloroadtrip.com\/#\/schema\/logo\/image\/"}}]}},"_links":{"self":[{"href":"https:\/\/www.helloroadtrip.com\/de\/wp-json\/wp\/v2\/pages\/106","targetHints":{"allow":["GET"]}}],"collection":[{"href":"https:\/\/www.helloroadtrip.com\/de\/wp-json\/wp\/v2\/pages"}],"about":[{"href":"https:\/\/www.helloroadtrip.com\/de\/wp-json\/wp\/v2\/types\/page"}],"author":[{"embeddable":true,"href":"https:\/\/www.helloroadtrip.com\/de\/wp-json\/wp\/v2\/users\/1"}],"replies":[{"embeddable":true,"href":"https:\/\/www.helloroadtrip.com\/de\/wp-json\/wp\/v2\/comments?post=106"}],"version-history":[{"count":2,"href":"https:\/\/www.helloroadtrip.com\/de\/wp-json\/wp\/v2\/pages\/106\/revisions"}],"predecessor-version":[{"id":348,"href":"https:\/\/www.helloroadtrip.com\/de\/wp-json\/wp\/v2\/pages\/106\/revisions\/348"}],"wp:attachment":[{"href":"https:\/\/www.helloroadtrip.com\/de\/wp-json\/wp\/v2\/media?parent=106"}],"curies":[{"name":"wp","href":"https:\/\/api.w.org\/{rel}","templated":true}]}}