{"id":176,"date":"2020-04-17T10:03:19","date_gmt":"2020-04-17T10:03:19","guid":{"rendered":"https:\/\/www.helloroadtrip.com\/?page_id=176"},"modified":"2020-06-26T09:47:01","modified_gmt":"2020-06-26T09:47:01","slug":"reservierung-eines-hotels-an-der-autobahn-fuer-eine-reibungslose-reise","status":"publish","type":"page","link":"https:\/\/www.helloroadtrip.com\/de\/reservierung-eines-hotels-an-der-autobahn-fuer-eine-reibungslose-reise\/","title":{"rendered":"Reservierung eines Hotels an der Autobahn f\u00fcr eine reibungslose Reise"},"content":{"rendered":"\n<div class=\"ttWrapper\"><\/div>\r\n<script src=\"https:\/\/code.jquery.com\/jquery-3.3.1.min.js\"><\/script>\r\n<script src=\"https:\/\/js.api.here.com\/v3\/3.0\/mapsjs-core.js\"><\/script>\r\n<script src=\"https:\/\/js.api.here.com\/v3\/3.0\/mapsjs-service.js\"><\/script>\r\n<script src=\"https:\/\/js.api.here.com\/v3\/3.0\/mapsjs-ui.js\"><\/script>\r\n<script src=\"https:\/\/js.cit.api.here.com\/v3\/3.0\/mapsjs-mapevents.js\"><\/script>\r\n<script src=\"https:\/\/ajax.googleapis.com\/ajax\/libs\/jqueryui\/1.11.4\/jquery-ui.min.js\"><\/script>\r\n<script src=\"https:\/\/www.tussenstop.com\/tool-3\/assets\/js\/bundle.min.js\"><\/script>\r\n<link rel=\"stylesheet\" href=\"https:\/\/js.api.here.com\/v3\/3.0\/mapsjs-ui.css\">\r\n<link rel=\"stylesheet\" href=\"https:\/\/ajax.googleapis.com\/ajax\/libs\/jqueryui\/1.11.4\/themes\/smoothness\/jquery-ui.css\">\r\n<link rel=\"stylesheet\" href=\"https:\/\/www.tussenstop.com\/tool-3\/assets\/css\/bundle.min.css\">\r\n<script>\r\n$(\".ttWrapper\").tussenstop({\r\n                        host: \"www.helloroadtrip.com\",\r\n                        mapLanguage: \"AUT\",\r\n                        politicalView: \"AUT\",\r\n                        language: \"de-AT\",\r\n                      partners: \"https:\/\/www.tussenstop.com\/tool-3\/hrpartners.php\",\r\noutbound: {\r\n                            active: true,\r\n                            timeout: 1500,\r\n                            img: \"https:\/\/www.helloroadtrip.com\/wp-content\/uploads\/2020\/03\/HelloRoadtrip-com-logo.jpg\"\r\n                        }\r\n                    });\r\n<\/script>\n\n\n\n<p>M\u00f6chten Sie w\u00e4hrend Ihrer Autoreise an verschiedenen Orten in einem Hotel \u00fcbernachten? Wenn ja, ist es selbstverst\u00e4ndlich, dass Sie den Ort, an dem Sie diese Hotels buchen m\u00f6chten, sorgf\u00e4ltig pr\u00fcfen m\u00fcssen. Dies kann zum Beispiel im Zentrum einer Stadt sein, aber auch auf der Autobahn. Wenn Sie ein Hotel an der Autobahn buchen, k\u00f6nnen Sie Ihr Hotelzimmer im Handumdrehen beziehen. Haben Sie gut geschlafen und ein ausgiebiges Fr\u00fchst\u00fcck genossen? Dann sind Sie bereit, Ihre Reise am n\u00e4chsten Morgen fortzusetzen!<\/p>\n\n\n\n<h2 class=\"wp-block-heading\">Was macht die Buchung eines Hotels entlang der Autobahn so interessant?<\/h2>\n\n\n\n<p>Die Buchung eines Hotels entlang der Autobahn ist sehr beliebt, und das\naus gutem Grund. F\u00fcr viele Menschen, die eine (lange) Autofahrt unternehmen,\nist es wichtig, dass sie sich so schnell wie m\u00f6glich eine Unterkunft suchen\nk\u00f6nnen, wenn sie m\u00fcde werden. Das ist nicht so einfach, wenn man im\nStadtzentrum wohnt. Ein Autobahnhotel ist die ideale L\u00f6sung. Normalerweise\nk\u00f6nnen Sie diese Hotels von der Autobahn aus sehen, w\u00e4hrend Sie auf den\nParkplatz fahren k\u00f6nnen. Au\u00dferdem sind viele Hotels entlang der Autobahn auch\nsehr g\u00fcnstig.<\/p>\n\n\n\n<h2 class=\"wp-block-heading\">Wie findet man interessante Hotels entlang der Autobahn?<\/h2>\n\n\n\n<p>Ein interessantes Hotel entlang der Autobahn f\u00fcr Ihre Reise zu finden,\nkann auf verschiedene Weise geschehen. In erster Linie k\u00f6nnen Sie einfach\nmanuell nach interessanten Hotels suchen. Dies erfordert jedoch unglaublich\nviel Zeit und M\u00fche. Nicht jeder ist bereit, dies zu tun. Zum Gl\u00fcck m\u00fcssen Sie\ndas auch nicht. Hier bei HelloRoadTrip.com ist es m\u00f6glich, in k\u00fcrzester Zeit\nein sch\u00f6nes Hotel an der Autobahn zu finden. Und das zu einem ausgezeichneten\nPreis!<\/p>\n\n\n\n<h2 class=\"wp-block-heading\">Hotelreservierung entlang der Autobahn<\/h2>\n\n\n\n<p>Bevor Sie ein oder mehrere Hotels buchen, in denen Sie w\u00e4hrend Ihrer\nAutoreise \u00fcbernachten, sollten Sie zun\u00e4chst herausfinden, welche Hotels sich\nauf Ihrer Route befinden. Wie bereits erw\u00e4hnt, war das in der Vergangenheit\neine ziemliche Aufgabe. Jetzt nicht mehr! Heute ist es sehr einfach, Hotels auf\ndem Weg zu Ihrem Endziel zu finden. Sie k\u00f6nnen dies mit Hilfe des praktischen\nReiseplaners tun, den Sie hier auf HelloRoadTrip.com finden.<\/p>\n\n\n\n<h2 class=\"wp-block-heading\">Welche Informationen ben\u00f6tigen Sie?<\/h2>\n\n\n\n<p>Bei der Buchung eines Hotels entlang der Autobahn, die definitiv auf\nIhrem Weg liegt, m\u00fcssen immer mehrere Faktoren ber\u00fccksichtigt werden. Sie\nwerden von unserem Routenplaner gebeten, die folgenden Informationen\nanzugeben:&nbsp; <\/p>\n\n\n\n<p>1. den Ort, von dem aus Sie abreisen;&nbsp;\n<\/p>\n\n\n\n<p>2. das Endziel Ihrer Autoreise;&nbsp; <\/p>\n\n\n\n<p>3. wie lange genau Sie an einem Tag fahren m\u00f6chten;&nbsp; <\/p>\n\n\n\n<p>Wenn Sie alle oben genannten Angaben gemacht haben, wird das System\nsofort nach Hotels entlang Ihrer Route suchen. Sie k\u00f6nnen leicht ein paar sch\u00f6ne\nUnterk\u00fcnfte finden!<\/p>\n\n\n\n<h2 class=\"wp-block-heading\">Hotels reservieren bevor Sie Ihre Reise antreten<\/h2>\n\n\n\n<p>Sie k\u00f6nnen ein Hotel entlang der Autobahn buchen, wenn Sie Ihre Reise\nbereits begonnen haben. Auf diese Weise k\u00f6nnen Sie tats\u00e4chlich an einem Ort\nIhrer Wahl halten. Es ist jedoch auch m\u00f6glich, Ihr Hotel entlang der Autobahn\nzu buchen, bevor Sie Ihre Reise beginnen. Wenn Sie das tun, brauchen Sie sich\nw\u00e4hrend Ihrer Reise keine Sorgen zu machen. Auf diese Weise k\u00f6nnen Sie all die\nsch\u00f6nen Dinge, die Sie w\u00e4hrend Ihres Urlaubs entdecken, wirklich genie\u00dfen.<\/p>\n","protected":false},"excerpt":{"rendered":"<p>M\u00f6chten Sie w\u00e4hrend Ihrer Autoreise an verschiedenen Orten in einem Hotel \u00fcbernachten? Wenn ja, ist es selbstverst\u00e4ndlich, dass Sie den Ort, an dem Sie diese Hotels buchen m\u00f6chten, sorgf\u00e4ltig pr\u00fcfen m\u00fcssen. Dies kann zum Beispiel im Zentrum einer Stadt sein, aber auch auf der Autobahn. Wenn Sie ein Hotel an der Autobahn buchen, k\u00f6nnen Sie &#8230; <a title=\"Reservierung eines Hotels an der Autobahn f\u00fcr eine reibungslose Reise\" class=\"read-more\" href=\"https:\/\/www.helloroadtrip.com\/de\/reservierung-eines-hotels-an-der-autobahn-fuer-eine-reibungslose-reise\/\" aria-label=\"Mehr zu Reservierung eines Hotels an der Autobahn f\u00fcr eine reibungslose Reise\">Weiterlesen &#8230;<\/a><\/p>\n","protected":false},"author":1,"featured_media":0,"parent":0,"menu_order":0,"comment_status":"closed","ping_status":"closed","template":"","meta":{"footnotes":""},"class_list":["post-176","page","type-page","status-publish"],"yoast_head":"<!-- This site is optimized with the Yoast SEO plugin v27.4 - https:\/\/yoast.com\/product\/yoast-seo-wordpress\/ -->\n<title>Reservierung eines Hotels an der Autobahn f\u00fcr eine reibungslose Reise<\/title>\n<meta name=\"description\" content=\"Wenn Sie Ihr Hotel entlang der Autobahn buchen, vermeiden Sie Parkprobleme und eine lange Suche nach der Adresse Ihrer Unterkunft. \u2705 Buchen Sie Ihr Hotel hier!\" \/>\n<meta name=\"robots\" content=\"index, follow, max-snippet:-1, max-image-preview:large, max-video-preview:-1\" \/>\n<link rel=\"canonical\" href=\"https:\/\/www.helloroadtrip.com\/de\/reservierung-eines-hotels-an-der-autobahn-fuer-eine-reibungslose-reise\/\" \/>\n<meta property=\"og:locale\" content=\"de_DE\" \/>\n<meta property=\"og:type\" content=\"article\" \/>\n<meta property=\"og:title\" content=\"Reservierung eines Hotels an der Autobahn f\u00fcr eine reibungslose Reise\" \/>\n<meta property=\"og:description\" content=\"Wenn Sie Ihr Hotel entlang der Autobahn buchen, vermeiden Sie Parkprobleme und eine lange Suche nach der Adresse Ihrer Unterkunft. \u2705 Buchen Sie Ihr Hotel hier!\" \/>\n<meta property=\"og:url\" content=\"https:\/\/www.helloroadtrip.com\/de\/reservierung-eines-hotels-an-der-autobahn-fuer-eine-reibungslose-reise\/\" \/>\n<meta property=\"og:site_name\" content=\"Hello Road Trip .com\" \/>\n<meta property=\"article:modified_time\" content=\"2020-06-26T09:47:01+00:00\" \/>\n<meta name=\"twitter:card\" content=\"summary_large_image\" \/>\n<meta name=\"twitter:label1\" content=\"Gesch\u00e4tzte Lesezeit\" \/>\n\t<meta name=\"twitter:data1\" content=\"3\u00a0Minuten\" \/>\n<script type=\"application\/ld+json\" class=\"yoast-schema-graph\">{\"@context\":\"https:\\\/\\\/schema.org\",\"@graph\":[{\"@type\":\"WebPage\",\"@id\":\"https:\\\/\\\/www.helloroadtrip.com\\\/de\\\/reservierung-eines-hotels-an-der-autobahn-fuer-eine-reibungslose-reise\\\/\",\"url\":\"https:\\\/\\\/www.helloroadtrip.com\\\/de\\\/reservierung-eines-hotels-an-der-autobahn-fuer-eine-reibungslose-reise\\\/\",\"name\":\"Reservierung eines Hotels an der Autobahn f\u00fcr eine reibungslose Reise\",\"isPartOf\":{\"@id\":\"https:\\\/\\\/www.helloroadtrip.com\\\/#website\"},\"datePublished\":\"2020-04-17T10:03:19+00:00\",\"dateModified\":\"2020-06-26T09:47:01+00:00\",\"description\":\"Wenn Sie Ihr Hotel entlang der Autobahn buchen, vermeiden Sie Parkprobleme und eine lange Suche nach der Adresse Ihrer Unterkunft. \u2705 Buchen Sie Ihr Hotel hier!\",\"breadcrumb\":{\"@id\":\"https:\\\/\\\/www.helloroadtrip.com\\\/de\\\/reservierung-eines-hotels-an-der-autobahn-fuer-eine-reibungslose-reise\\\/#breadcrumb\"},\"inLanguage\":\"de\",\"potentialAction\":[{\"@type\":\"ReadAction\",\"target\":[\"https:\\\/\\\/www.helloroadtrip.com\\\/de\\\/reservierung-eines-hotels-an-der-autobahn-fuer-eine-reibungslose-reise\\\/\"]}]},{\"@type\":\"BreadcrumbList\",\"@id\":\"https:\\\/\\\/www.helloroadtrip.com\\\/de\\\/reservierung-eines-hotels-an-der-autobahn-fuer-eine-reibungslose-reise\\\/#breadcrumb\",\"itemListElement\":[{\"@type\":\"ListItem\",\"position\":1,\"name\":\"Home\",\"item\":\"https:\\\/\\\/www.helloroadtrip.com\\\/de\\\/\"},{\"@type\":\"ListItem\",\"position\":2,\"name\":\"Reservierung eines Hotels an der Autobahn f\u00fcr eine reibungslose Reise\"}]},{\"@type\":\"WebSite\",\"@id\":\"https:\\\/\\\/www.helloroadtrip.com\\\/#website\",\"url\":\"https:\\\/\\\/www.helloroadtrip.com\\\/\",\"name\":\"Hello Road Trip .com\",\"description\":\"Find Hotels On Your Route\",\"publisher\":{\"@id\":\"https:\\\/\\\/www.helloroadtrip.com\\\/#organization\"},\"potentialAction\":[{\"@type\":\"SearchAction\",\"target\":{\"@type\":\"EntryPoint\",\"urlTemplate\":\"https:\\\/\\\/www.helloroadtrip.com\\\/?s={search_term_string}\"},\"query-input\":{\"@type\":\"PropertyValueSpecification\",\"valueRequired\":true,\"valueName\":\"search_term_string\"}}],\"inLanguage\":\"de\"},{\"@type\":\"Organization\",\"@id\":\"https:\\\/\\\/www.helloroadtrip.com\\\/#organization\",\"name\":\"Hello Road Trip .com\",\"url\":\"https:\\\/\\\/www.helloroadtrip.com\\\/\",\"logo\":{\"@type\":\"ImageObject\",\"inLanguage\":\"de\",\"@id\":\"https:\\\/\\\/www.helloroadtrip.com\\\/#\\\/schema\\\/logo\\\/image\\\/\",\"url\":\"https:\\\/\\\/www.helloroadtrip.com\\\/wp-content\\\/uploads\\\/2020\\\/03\\\/HelloRoadtrip-com-logo.jpg\",\"contentUrl\":\"https:\\\/\\\/www.helloroadtrip.com\\\/wp-content\\\/uploads\\\/2020\\\/03\\\/HelloRoadtrip-com-logo.jpg\",\"width\":300,\"height\":81,\"caption\":\"Hello Road Trip .com\"},\"image\":{\"@id\":\"https:\\\/\\\/www.helloroadtrip.com\\\/#\\\/schema\\\/logo\\\/image\\\/\"}}]}<\/script>\n<!-- \/ Yoast SEO plugin. -->","yoast_head_json":{"title":"Reservierung eines Hotels an der Autobahn f\u00fcr eine reibungslose Reise","description":"Wenn Sie Ihr Hotel entlang der Autobahn buchen, vermeiden Sie Parkprobleme und eine lange Suche nach der Adresse Ihrer Unterkunft. \u2705 Buchen Sie Ihr Hotel hier!","robots":{"index":"index","follow":"follow","max-snippet":"max-snippet:-1","max-image-preview":"max-image-preview:large","max-video-preview":"max-video-preview:-1"},"canonical":"https:\/\/www.helloroadtrip.com\/de\/reservierung-eines-hotels-an-der-autobahn-fuer-eine-reibungslose-reise\/","og_locale":"de_DE","og_type":"article","og_title":"Reservierung eines Hotels an der Autobahn f\u00fcr eine reibungslose Reise","og_description":"Wenn Sie Ihr Hotel entlang der Autobahn buchen, vermeiden Sie Parkprobleme und eine lange Suche nach der Adresse Ihrer Unterkunft. \u2705 Buchen Sie Ihr Hotel hier!","og_url":"https:\/\/www.helloroadtrip.com\/de\/reservierung-eines-hotels-an-der-autobahn-fuer-eine-reibungslose-reise\/","og_site_name":"Hello Road Trip .com","article_modified_time":"2020-06-26T09:47:01+00:00","twitter_card":"summary_large_image","twitter_misc":{"Gesch\u00e4tzte Lesezeit":"3\u00a0Minuten"},"schema":{"@context":"https:\/\/schema.org","@graph":[{"@type":"WebPage","@id":"https:\/\/www.helloroadtrip.com\/de\/reservierung-eines-hotels-an-der-autobahn-fuer-eine-reibungslose-reise\/","url":"https:\/\/www.helloroadtrip.com\/de\/reservierung-eines-hotels-an-der-autobahn-fuer-eine-reibungslose-reise\/","name":"Reservierung eines Hotels an der Autobahn f\u00fcr eine reibungslose Reise","isPartOf":{"@id":"https:\/\/www.helloroadtrip.com\/#website"},"datePublished":"2020-04-17T10:03:19+00:00","dateModified":"2020-06-26T09:47:01+00:00","description":"Wenn Sie Ihr Hotel entlang der Autobahn buchen, vermeiden Sie Parkprobleme und eine lange Suche nach der Adresse Ihrer Unterkunft. \u2705 Buchen Sie Ihr Hotel hier!","breadcrumb":{"@id":"https:\/\/www.helloroadtrip.com\/de\/reservierung-eines-hotels-an-der-autobahn-fuer-eine-reibungslose-reise\/#breadcrumb"},"inLanguage":"de","potentialAction":[{"@type":"ReadAction","target":["https:\/\/www.helloroadtrip.com\/de\/reservierung-eines-hotels-an-der-autobahn-fuer-eine-reibungslose-reise\/"]}]},{"@type":"BreadcrumbList","@id":"https:\/\/www.helloroadtrip.com\/de\/reservierung-eines-hotels-an-der-autobahn-fuer-eine-reibungslose-reise\/#breadcrumb","itemListElement":[{"@type":"ListItem","position":1,"name":"Home","item":"https:\/\/www.helloroadtrip.com\/de\/"},{"@type":"ListItem","position":2,"name":"Reservierung eines Hotels an der Autobahn f\u00fcr eine reibungslose Reise"}]},{"@type":"WebSite","@id":"https:\/\/www.helloroadtrip.com\/#website","url":"https:\/\/www.helloroadtrip.com\/","name":"Hello Road Trip .com","description":"Find Hotels On Your Route","publisher":{"@id":"https:\/\/www.helloroadtrip.com\/#organization"},"potentialAction":[{"@type":"SearchAction","target":{"@type":"EntryPoint","urlTemplate":"https:\/\/www.helloroadtrip.com\/?s={search_term_string}"},"query-input":{"@type":"PropertyValueSpecification","valueRequired":true,"valueName":"search_term_string"}}],"inLanguage":"de"},{"@type":"Organization","@id":"https:\/\/www.helloroadtrip.com\/#organization","name":"Hello Road Trip .com","url":"https:\/\/www.helloroadtrip.com\/","logo":{"@type":"ImageObject","inLanguage":"de","@id":"https:\/\/www.helloroadtrip.com\/#\/schema\/logo\/image\/","url":"https:\/\/www.helloroadtrip.com\/wp-content\/uploads\/2020\/03\/HelloRoadtrip-com-logo.jpg","contentUrl":"https:\/\/www.helloroadtrip.com\/wp-content\/uploads\/2020\/03\/HelloRoadtrip-com-logo.jpg","width":300,"height":81,"caption":"Hello Road Trip .com"},"image":{"@id":"https:\/\/www.helloroadtrip.com\/#\/schema\/logo\/image\/"}}]}},"_links":{"self":[{"href":"https:\/\/www.helloroadtrip.com\/de\/wp-json\/wp\/v2\/pages\/176","targetHints":{"allow":["GET"]}}],"collection":[{"href":"https:\/\/www.helloroadtrip.com\/de\/wp-json\/wp\/v2\/pages"}],"about":[{"href":"https:\/\/www.helloroadtrip.com\/de\/wp-json\/wp\/v2\/types\/page"}],"author":[{"embeddable":true,"href":"https:\/\/www.helloroadtrip.com\/de\/wp-json\/wp\/v2\/users\/1"}],"replies":[{"embeddable":true,"href":"https:\/\/www.helloroadtrip.com\/de\/wp-json\/wp\/v2\/comments?post=176"}],"version-history":[{"count":2,"href":"https:\/\/www.helloroadtrip.com\/de\/wp-json\/wp\/v2\/pages\/176\/revisions"}],"predecessor-version":[{"id":351,"href":"https:\/\/www.helloroadtrip.com\/de\/wp-json\/wp\/v2\/pages\/176\/revisions\/351"}],"wp:attachment":[{"href":"https:\/\/www.helloroadtrip.com\/de\/wp-json\/wp\/v2\/media?parent=176"}],"curies":[{"name":"wp","href":"https:\/\/api.w.org\/{rel}","templated":true}]}}