{"id":178,"date":"2020-04-17T10:05:17","date_gmt":"2020-04-17T10:05:17","guid":{"rendered":"https:\/\/www.helloroadtrip.com\/?page_id=178"},"modified":"2020-06-26T09:46:48","modified_gmt":"2020-06-26T09:46:48","slug":"eine-hoteluebernachtung-fuer-ihre-reise-buchen","status":"publish","type":"page","link":"https:\/\/www.helloroadtrip.com\/de\/","title":{"rendered":"Eine Hotel\u00fcbernachtung f\u00fcr Ihre Reise buchen"},"content":{"rendered":"\n<div class=\"ttWrapper\"><\/div>\r\n<script src=\"https:\/\/code.jquery.com\/jquery-3.3.1.min.js\"><\/script>\r\n<script src=\"https:\/\/js.api.here.com\/v3\/3.0\/mapsjs-core.js\"><\/script>\r\n<script src=\"https:\/\/js.api.here.com\/v3\/3.0\/mapsjs-service.js\"><\/script>\r\n<script src=\"https:\/\/js.api.here.com\/v3\/3.0\/mapsjs-ui.js\"><\/script>\r\n<script src=\"https:\/\/js.cit.api.here.com\/v3\/3.0\/mapsjs-mapevents.js\"><\/script>\r\n<script src=\"https:\/\/ajax.googleapis.com\/ajax\/libs\/jqueryui\/1.11.4\/jquery-ui.min.js\"><\/script>\r\n<script src=\"https:\/\/www.tussenstop.com\/tool-3\/assets\/js\/bundle.min.js\"><\/script>\r\n<link rel=\"stylesheet\" href=\"https:\/\/js.api.here.com\/v3\/3.0\/mapsjs-ui.css\">\r\n<link rel=\"stylesheet\" href=\"https:\/\/ajax.googleapis.com\/ajax\/libs\/jqueryui\/1.11.4\/themes\/smoothness\/jquery-ui.css\">\r\n<link rel=\"stylesheet\" href=\"https:\/\/www.tussenstop.com\/tool-3\/assets\/css\/bundle.min.css\">\r\n<script>\r\n$(\".ttWrapper\").tussenstop({\r\n                        host: \"www.helloroadtrip.com\",\r\n                        mapLanguage: \"AUT\",\r\n                        politicalView: \"AUT\",\r\n                        language: \"de-AT\",\r\n                      partners: \"https:\/\/www.tussenstop.com\/tool-3\/hrpartners.php\",\r\noutbound: {\r\n                            active: true,\r\n                            timeout: 1500,\r\n                            img: \"https:\/\/www.helloroadtrip.com\/wp-content\/uploads\/2020\/03\/HelloRoadtrip-com-logo.jpg\"\r\n                        }\r\n                    });\r\n<\/script>\n\n\n\n<p>Wenn man eine Autoreise macht, ist es wichtig, am Ende eines langen Tages in einem wirklich bequemen Bett zu schlafen. Aus diesem Grund lohnt es sich, \u00fcber die Buchung eines \u00dcbernachtungshotels nachzudenken. Auf diese Weise k\u00f6nnen Sie nicht nur den Komfort eines sch\u00f6nen Hotelzimmers genie\u00dfen, sondern auch im hoteleigenen Restaurant eine gute Mahlzeit zu sich nehmen. M\u00f6chten Sie auf jeden Fall w\u00e4hrend Ihrer Reise in einem oder mehreren Hotels \u00fcbernachten? Wenn ja, sollten Sie auf jeden Fall die nachstehenden Informationen lesen.<\/p>\n\n\n\n<h2 class=\"wp-block-heading\">Was macht eine Hotel\u00fcbernachtung so interessant? <\/h2>\n\n\n\n<p>Es versteht sich von selbst, dass es heutzutage mehrere Arten von\nUnterk\u00fcnften gibt, in denen Sie w\u00e4hrend Ihrer Autoreise \u00fcbernachten k\u00f6nnen.\nNeben der Unterbringung in einem Hotel ist es auch m\u00f6glich, eine Wohnung oder\neinen Aufenthalt in einem Bed &amp; Breakfast zu buchen. Ein Hotel ist jedoch\nnach wie vor sehr beliebt. Warum? Zum Teil wegen der Vorteile, die Sie unten\nfinden: <\/p>\n\n\n\n<p>1.Ein Hotel bietet so viel mehr als nur ein Zimmer zum Schlafen;&nbsp; <\/p>\n\n\n\n<p>2. es ist oft der Fall, dass Sie in dem von Ihnen gebuchten Hotel einen\nsch\u00f6nen Happen essen k\u00f6nnen;&nbsp; <\/p>\n\n\n\n<p>3. viele Hotels befinden sich oft in einer ausgezeichneten Lage;&nbsp; <\/p>\n\n\n\n<p>M\u00f6chten Sie eine \u00dcbernachtung in einem Hotel buchen? Dann m\u00fcssen Sie\nimmer das Budget ber\u00fccksichtigen, das Ihnen zur Verf\u00fcgung steht.<\/p>\n\n\n\n<h2 class=\"wp-block-heading\">In welchen Hotels werden Sie w\u00e4hrend Ihres Auto-Urlaubs \u00fcbernachten?<\/h2>\n\n\n\n<p>Haben Sie sich auch daf\u00fcr entschieden, w\u00e4hrend Ihrer Reise ein\n\u00dcbernachtungshotel zu buchen? In diesem Fall m\u00fcssen Sie sich \u00fcberlegen, in\nwelchem Hotel Sie \u00fcbernachten m\u00f6chten. Um die richtige Wahl zu treffen, ist es\nwichtig, einige Informationen \u00fcber verschiedene Hotels entlang Ihrer Route zu\nerhalten. Solche Hotels manuell zu finden, ist eine ziemliche Aufgabe, kann\naber sehr viel einfacher gemacht werden. Hier auf HelloRoadTrip.com finden Sie\neinen praktischen Reiseplaner, der Ihnen zeigt, wo genau die sch\u00f6nsten Hotels\nentlang Ihrer Route zu finden sind. Dar\u00fcber hinaus k\u00f6nnen Sie auch gleich ein\nHotel buchen, das Ihnen gef\u00e4llt!<\/p>\n\n\n\n<h2 class=\"wp-block-heading\">Buchen einer Hotel\u00fcbernachtung zu den interessantesten Konditionen<\/h2>\n\n\n\n<p>Wenn Sie eine \u00dcbernachtung in einem Hotel buchen m\u00f6chten, sollte dieses\nunterschiedlichen Anforderungen entsprechen. Sie m\u00f6chten nicht nur in einem\nsch\u00f6nen Hotel \u00fcbernachten, sondern auch zum bestm\u00f6glichen Preis buchen k\u00f6nnen.\nDar\u00fcber hinaus werden Sie Ihre Reservierung auch \u00fcber eine zuverl\u00e4ssige Buchungsseite\nvornehmen wollen. Wenn Sie ein Hotel hier bei HelloRoadTrip.com buchen, werden\nall diese Erwartungen oder Anforderungen erf\u00fcllt. Suchen Sie also nicht weiter\nund buchen Sie noch heute Ihr gew\u00fcnschtes Hotel f\u00fcr Ihre Reise auf\nHelloRoadTrip.com!<\/p>\n\n\n\n<h2 class=\"wp-block-heading\">Bevorzugen Sie eine andere Unterkunft? \u00dcberhaupt kein Problem!<\/h2>\n\n\n\n<p>Die Buchung einer \u00dcbernachtung in einem Hotel stellt sicher, dass Sie\nw\u00e4hrend Ihrer Reise den Komfort eines Hotelzimmers genie\u00dfen k\u00f6nnen. Dar\u00fcber\nhinaus gibt es oft einige interessante, zus\u00e4tzliche Einrichtungen, die Ihren\nUrlaub nur noch unterhaltsamer machen k\u00f6nnen. Allerdings zieht es nicht jeder\nvor, eine \u00dcbernachtung in einem Hotel zu buchen. M\u00f6chten Sie lieber in einer\nWohnung in v\u00f6lliger Privatsph\u00e4re \u00fcbernachten? Oder m\u00f6chten Sie lieber die\nGem\u00fctlichkeit eines Bed &amp; Breakfast genie\u00dfen? In beiden F\u00e4llen k\u00f6nnen Sie\nIhre Unterkunft schnell und einfach hier auf HelloRoadTrip.com buchen.<\/p>\n","protected":false},"excerpt":{"rendered":"<p>Wenn man eine Autoreise macht, ist es wichtig, am Ende eines langen Tages in einem wirklich bequemen Bett zu schlafen. Aus diesem Grund lohnt es sich, \u00fcber die Buchung eines \u00dcbernachtungshotels nachzudenken. Auf diese Weise k\u00f6nnen Sie nicht nur den Komfort eines sch\u00f6nen Hotelzimmers genie\u00dfen, sondern auch im hoteleigenen Restaurant eine gute Mahlzeit zu sich &#8230; <a title=\"Eine Hotel\u00fcbernachtung f\u00fcr Ihre Reise buchen\" class=\"read-more\" href=\"https:\/\/www.helloroadtrip.com\/de\/\" aria-label=\"Mehr zu Eine Hotel\u00fcbernachtung f\u00fcr Ihre Reise buchen\">Weiterlesen &#8230;<\/a><\/p>\n","protected":false},"author":1,"featured_media":0,"parent":0,"menu_order":0,"comment_status":"closed","ping_status":"closed","template":"","meta":{"footnotes":""},"class_list":["post-178","page","type-page","status-publish"],"yoast_head":"<!-- This site is optimized with the Yoast SEO plugin v27.6 - https:\/\/yoast.com\/product\/yoast-seo-wordpress\/ -->\n<title>Eine Hotel\u00fcbernachtung f\u00fcr Ihre Reise buchen - Hello Road Trip .com<\/title>\n<meta name=\"description\" content=\"M\u00f6chten Sie ein Hotel f\u00fcr Ihre n\u00e4chste Autoreise buchen? \u2705Schnell und preisg\u00fcnstig? \u2705Hier bei HelloRoadTrip.com ist es m\u00f6glich!\" \/>\n<meta name=\"robots\" content=\"index, follow, max-snippet:-1, max-image-preview:large, max-video-preview:-1\" \/>\n<link rel=\"canonical\" href=\"https:\/\/www.helloroadtrip.com\/de\/\" \/>\n<meta property=\"og:locale\" content=\"de_DE\" \/>\n<meta property=\"og:type\" content=\"article\" \/>\n<meta property=\"og:title\" content=\"Eine Hotel\u00fcbernachtung f\u00fcr Ihre Reise buchen - Hello Road Trip .com\" \/>\n<meta property=\"og:description\" content=\"M\u00f6chten Sie ein Hotel f\u00fcr Ihre n\u00e4chste Autoreise buchen? \u2705Schnell und preisg\u00fcnstig? \u2705Hier bei HelloRoadTrip.com ist es m\u00f6glich!\" \/>\n<meta property=\"og:url\" content=\"https:\/\/www.helloroadtrip.com\/de\/\" \/>\n<meta property=\"og:site_name\" content=\"Hello Road Trip .com\" \/>\n<meta property=\"article:modified_time\" content=\"2020-06-26T09:46:48+00:00\" \/>\n<meta name=\"twitter:card\" content=\"summary_large_image\" \/>\n<meta name=\"twitter:label1\" content=\"Gesch\u00e4tzte Lesezeit\" \/>\n\t<meta name=\"twitter:data1\" content=\"3\u00a0Minuten\" \/>\n<script type=\"application\/ld+json\" class=\"yoast-schema-graph\">{\"@context\":\"https:\\\/\\\/schema.org\",\"@graph\":[{\"@type\":\"WebPage\",\"@id\":\"https:\\\/\\\/www.helloroadtrip.com\\\/de\\\/\",\"url\":\"https:\\\/\\\/www.helloroadtrip.com\\\/de\\\/\",\"name\":\"Eine Hotel\u00fcbernachtung f\u00fcr Ihre Reise buchen - Hello Road Trip .com\",\"isPartOf\":{\"@id\":\"https:\\\/\\\/www.helloroadtrip.com\\\/#website\"},\"datePublished\":\"2020-04-17T10:05:17+00:00\",\"dateModified\":\"2020-06-26T09:46:48+00:00\",\"description\":\"M\u00f6chten Sie ein Hotel f\u00fcr Ihre n\u00e4chste Autoreise buchen? \u2705Schnell und preisg\u00fcnstig? \u2705Hier bei HelloRoadTrip.com ist es m\u00f6glich!\",\"breadcrumb\":{\"@id\":\"https:\\\/\\\/www.helloroadtrip.com\\\/de\\\/#breadcrumb\"},\"inLanguage\":\"de\",\"potentialAction\":[{\"@type\":\"ReadAction\",\"target\":[\"https:\\\/\\\/www.helloroadtrip.com\\\/de\\\/\"]}]},{\"@type\":\"BreadcrumbList\",\"@id\":\"https:\\\/\\\/www.helloroadtrip.com\\\/de\\\/#breadcrumb\",\"itemListElement\":[{\"@type\":\"ListItem\",\"position\":1,\"name\":\"Home\",\"item\":\"https:\\\/\\\/www.helloroadtrip.com\\\/de\\\/\"},{\"@type\":\"ListItem\",\"position\":2,\"name\":\"Eine Hotel\u00fcbernachtung f\u00fcr Ihre Reise buchen\"}]},{\"@type\":\"WebSite\",\"@id\":\"https:\\\/\\\/www.helloroadtrip.com\\\/#website\",\"url\":\"https:\\\/\\\/www.helloroadtrip.com\\\/\",\"name\":\"Hello Road Trip .com\",\"description\":\"Find Hotels On Your Route\",\"publisher\":{\"@id\":\"https:\\\/\\\/www.helloroadtrip.com\\\/#organization\"},\"potentialAction\":[{\"@type\":\"SearchAction\",\"target\":{\"@type\":\"EntryPoint\",\"urlTemplate\":\"https:\\\/\\\/www.helloroadtrip.com\\\/?s={search_term_string}\"},\"query-input\":{\"@type\":\"PropertyValueSpecification\",\"valueRequired\":true,\"valueName\":\"search_term_string\"}}],\"inLanguage\":\"de\"},{\"@type\":\"Organization\",\"@id\":\"https:\\\/\\\/www.helloroadtrip.com\\\/#organization\",\"name\":\"Hello Road Trip .com\",\"url\":\"https:\\\/\\\/www.helloroadtrip.com\\\/\",\"logo\":{\"@type\":\"ImageObject\",\"inLanguage\":\"de\",\"@id\":\"https:\\\/\\\/www.helloroadtrip.com\\\/#\\\/schema\\\/logo\\\/image\\\/\",\"url\":\"https:\\\/\\\/www.helloroadtrip.com\\\/wp-content\\\/uploads\\\/2020\\\/03\\\/HelloRoadtrip-com-logo.jpg\",\"contentUrl\":\"https:\\\/\\\/www.helloroadtrip.com\\\/wp-content\\\/uploads\\\/2020\\\/03\\\/HelloRoadtrip-com-logo.jpg\",\"width\":300,\"height\":81,\"caption\":\"Hello Road Trip .com\"},\"image\":{\"@id\":\"https:\\\/\\\/www.helloroadtrip.com\\\/#\\\/schema\\\/logo\\\/image\\\/\"}}]}<\/script>\n<!-- \/ Yoast SEO plugin. -->","yoast_head_json":{"title":"Eine Hotel\u00fcbernachtung f\u00fcr Ihre Reise buchen - Hello Road Trip .com","description":"M\u00f6chten Sie ein Hotel f\u00fcr Ihre n\u00e4chste Autoreise buchen? \u2705Schnell und preisg\u00fcnstig? \u2705Hier bei HelloRoadTrip.com ist es m\u00f6glich!","robots":{"index":"index","follow":"follow","max-snippet":"max-snippet:-1","max-image-preview":"max-image-preview:large","max-video-preview":"max-video-preview:-1"},"canonical":"https:\/\/www.helloroadtrip.com\/de\/","og_locale":"de_DE","og_type":"article","og_title":"Eine Hotel\u00fcbernachtung f\u00fcr Ihre Reise buchen - Hello Road Trip .com","og_description":"M\u00f6chten Sie ein Hotel f\u00fcr Ihre n\u00e4chste Autoreise buchen? \u2705Schnell und preisg\u00fcnstig? \u2705Hier bei HelloRoadTrip.com ist es m\u00f6glich!","og_url":"https:\/\/www.helloroadtrip.com\/de\/","og_site_name":"Hello Road Trip .com","article_modified_time":"2020-06-26T09:46:48+00:00","twitter_card":"summary_large_image","twitter_misc":{"Gesch\u00e4tzte Lesezeit":"3\u00a0Minuten"},"schema":{"@context":"https:\/\/schema.org","@graph":[{"@type":"WebPage","@id":"https:\/\/www.helloroadtrip.com\/de\/","url":"https:\/\/www.helloroadtrip.com\/de\/","name":"Eine Hotel\u00fcbernachtung f\u00fcr Ihre Reise buchen - Hello Road Trip .com","isPartOf":{"@id":"https:\/\/www.helloroadtrip.com\/#website"},"datePublished":"2020-04-17T10:05:17+00:00","dateModified":"2020-06-26T09:46:48+00:00","description":"M\u00f6chten Sie ein Hotel f\u00fcr Ihre n\u00e4chste Autoreise buchen? \u2705Schnell und preisg\u00fcnstig? \u2705Hier bei HelloRoadTrip.com ist es m\u00f6glich!","breadcrumb":{"@id":"https:\/\/www.helloroadtrip.com\/de\/#breadcrumb"},"inLanguage":"de","potentialAction":[{"@type":"ReadAction","target":["https:\/\/www.helloroadtrip.com\/de\/"]}]},{"@type":"BreadcrumbList","@id":"https:\/\/www.helloroadtrip.com\/de\/#breadcrumb","itemListElement":[{"@type":"ListItem","position":1,"name":"Home","item":"https:\/\/www.helloroadtrip.com\/de\/"},{"@type":"ListItem","position":2,"name":"Eine Hotel\u00fcbernachtung f\u00fcr Ihre Reise buchen"}]},{"@type":"WebSite","@id":"https:\/\/www.helloroadtrip.com\/#website","url":"https:\/\/www.helloroadtrip.com\/","name":"Hello Road Trip .com","description":"Find Hotels On Your Route","publisher":{"@id":"https:\/\/www.helloroadtrip.com\/#organization"},"potentialAction":[{"@type":"SearchAction","target":{"@type":"EntryPoint","urlTemplate":"https:\/\/www.helloroadtrip.com\/?s={search_term_string}"},"query-input":{"@type":"PropertyValueSpecification","valueRequired":true,"valueName":"search_term_string"}}],"inLanguage":"de"},{"@type":"Organization","@id":"https:\/\/www.helloroadtrip.com\/#organization","name":"Hello Road Trip .com","url":"https:\/\/www.helloroadtrip.com\/","logo":{"@type":"ImageObject","inLanguage":"de","@id":"https:\/\/www.helloroadtrip.com\/#\/schema\/logo\/image\/","url":"https:\/\/www.helloroadtrip.com\/wp-content\/uploads\/2020\/03\/HelloRoadtrip-com-logo.jpg","contentUrl":"https:\/\/www.helloroadtrip.com\/wp-content\/uploads\/2020\/03\/HelloRoadtrip-com-logo.jpg","width":300,"height":81,"caption":"Hello Road Trip .com"},"image":{"@id":"https:\/\/www.helloroadtrip.com\/#\/schema\/logo\/image\/"}}]}},"_links":{"self":[{"href":"https:\/\/www.helloroadtrip.com\/de\/wp-json\/wp\/v2\/pages\/178","targetHints":{"allow":["GET"]}}],"collection":[{"href":"https:\/\/www.helloroadtrip.com\/de\/wp-json\/wp\/v2\/pages"}],"about":[{"href":"https:\/\/www.helloroadtrip.com\/de\/wp-json\/wp\/v2\/types\/page"}],"author":[{"embeddable":true,"href":"https:\/\/www.helloroadtrip.com\/de\/wp-json\/wp\/v2\/users\/1"}],"replies":[{"embeddable":true,"href":"https:\/\/www.helloroadtrip.com\/de\/wp-json\/wp\/v2\/comments?post=178"}],"version-history":[{"count":2,"href":"https:\/\/www.helloroadtrip.com\/de\/wp-json\/wp\/v2\/pages\/178\/revisions"}],"predecessor-version":[{"id":349,"href":"https:\/\/www.helloroadtrip.com\/de\/wp-json\/wp\/v2\/pages\/178\/revisions\/349"}],"wp:attachment":[{"href":"https:\/\/www.helloroadtrip.com\/de\/wp-json\/wp\/v2\/media?parent=178"}],"curies":[{"name":"wp","href":"https:\/\/api.w.org\/{rel}","templated":true}]}}