{"id":182,"date":"2020-04-17T10:09:43","date_gmt":"2020-04-17T10:09:43","guid":{"rendered":"https:\/\/www.helloroadtrip.com\/?page_id=182"},"modified":"2020-06-26T09:47:08","modified_gmt":"2020-06-26T09:47:08","slug":"roadtrip-planer","status":"publish","type":"page","link":"https:\/\/www.helloroadtrip.com\/de\/roadtrip-planer\/","title":{"rendered":"Roadtrip-Planer"},"content":{"rendered":"\n<div class=\"ttWrapper\"><\/div>\r\n<script src=\"https:\/\/code.jquery.com\/jquery-3.3.1.min.js\"><\/script>\r\n<script src=\"https:\/\/js.api.here.com\/v3\/3.0\/mapsjs-core.js\"><\/script>\r\n<script src=\"https:\/\/js.api.here.com\/v3\/3.0\/mapsjs-service.js\"><\/script>\r\n<script src=\"https:\/\/js.api.here.com\/v3\/3.0\/mapsjs-ui.js\"><\/script>\r\n<script src=\"https:\/\/js.cit.api.here.com\/v3\/3.0\/mapsjs-mapevents.js\"><\/script>\r\n<script src=\"https:\/\/ajax.googleapis.com\/ajax\/libs\/jqueryui\/1.11.4\/jquery-ui.min.js\"><\/script>\r\n<script src=\"https:\/\/www.tussenstop.com\/tool-3\/assets\/js\/bundle.min.js\"><\/script>\r\n<link rel=\"stylesheet\" href=\"https:\/\/js.api.here.com\/v3\/3.0\/mapsjs-ui.css\">\r\n<link rel=\"stylesheet\" href=\"https:\/\/ajax.googleapis.com\/ajax\/libs\/jqueryui\/1.11.4\/themes\/smoothness\/jquery-ui.css\">\r\n<link rel=\"stylesheet\" href=\"https:\/\/www.tussenstop.com\/tool-3\/assets\/css\/bundle.min.css\">\r\n<script>\r\n$(\".ttWrapper\").tussenstop({\r\n                        host: \"www.helloroadtrip.com\",\r\n                        mapLanguage: \"AUT\",\r\n                        politicalView: \"AUT\",\r\n                        language: \"de-AT\",\r\n                      partners: \"https:\/\/www.tussenstop.com\/tool-3\/hrpartners.php\",\r\noutbound: {\r\n                            active: true,\r\n                            timeout: 1500,\r\n                            img: \"https:\/\/www.helloroadtrip.com\/wp-content\/uploads\/2020\/03\/HelloRoadtrip-com-logo.jpg\"\r\n                        }\r\n                    });\r\n<\/script>\n\n\n\n<p>Die Planung einer Autoreise kann einige Zeit in Anspruch nehmen &#8211; und das war vor allem in der Vergangenheit der Fall. Das lag zum Teil daran, dass fast keine Hilfsmittel zur Verf\u00fcgung standen. Zum Gl\u00fcck ist das heute anders. Mit Hilfe unseres Reiseplaners k\u00f6nnen Sie ganz einfach ein sch\u00f6nes Hotel (oder eine andere Unterkunft) buchen, in dem Sie w\u00e4hrend Ihrer Reise \u00fcbernachten k\u00f6nnen. Sind Sie neugierig darauf, mehr dar\u00fcber zu erfahren? Dann erfahren Sie auf dieser Seite alles \u00fcber die Nutzung unseres interessanten Reiseplaners.<\/p>\n\n\n\n<h2 class=\"wp-block-heading\">Was genau macht eine Autoreise so interessant?<\/h2>\n\n\n\n<p>Bevor Sie mit der Planung Ihrer Autoreise beginnen, werden Sie sich\nwahrscheinlich fragen, was genau diese Art von Reise so interessant macht. Es\ngibt eine ganze Reihe verschiedener Faktoren. Denken Sie konkret dar\u00fcber nach:&nbsp; <\/p>\n\n\n\n<p>1. die Tatsache, dass eine Autoreise billiger ist als eine\nFlugreise;&nbsp; <\/p>\n\n\n\n<p>2. die Tatsache, dass Ihnen jederzeit optimale Freiheit garantiert\nist;&nbsp; <\/p>\n\n\n\n<p>3. eine Autoreise kann mit Freunden, Ihrer Familie oder Verwandten\nunternommen werden;&nbsp; <\/p>\n\n\n\n<p>4. Sie bekommen unglaublich viel von dem Land zu sehen, durch das Sie\nreisen;&nbsp; <\/p>\n\n\n\n<p>Mit anderen Worten: Warum daran zweifeln, welche Art von Urlaub Sie\nbuchen werden? Sind Sie jemand, der so viel wie m\u00f6glich von einem Land\nentdecken m\u00f6chte? Dann ist eine Autoreise die beste Wahl!<\/p>\n\n\n\n<h2 class=\"wp-block-heading\">Finden Sie Hotels entlang Ihrer Route mit unserem Reiseplaner<\/h2>\n\n\n\n<p>Viele \u00d6sterreicherinnen und \u00d6sterreicher entscheiden sich f\u00fcr eine\nAutoreise durch eines die nahen gelegenen L\u00e4nder. Mehrere L\u00e4nder sind in dieser\nGegend besonders beliebt. Dazu geh\u00f6ren:&nbsp; <\/p>\n\n\n\n<p>1.Deutschland; <\/p>\n\n\n\n<p>2.Slowenien;&nbsp; <\/p>\n\n\n\n<p>3.Kroatien;&nbsp; <\/p>\n\n\n\n<p>4.Tschechien;&nbsp; <\/p>\n\n\n\n<p>5.Slowakei;&nbsp; <\/p>\n\n\n\n<p>Im Prinzip verf\u00fcgen alle diese L\u00e4nder \u00fcber eine recht umfangreiche\ntouristische Infrastruktur. Das bedeutet, dass Sie auf Ihrer Reise auf\nunglaublich viele verschiedene Hotels sto\u00dfen werden. Das ist gut, aber in\nwelchem dieser Hotels werden Sie \u00fcbernachten wollen? Mit unserem Reiseplaner\nk\u00f6nnen Sie das sehr gut herausfinden.<\/p>\n\n\n\n<h2 class=\"wp-block-heading\">Wie Sie unseren Roadtrip-Planer benutzen?<\/h2>\n\n\n\n<p>Fr\u00fcher war es recht kompliziert, Hotels entlang Ihrer Route zu finden.\nMit unserem Routenplaner ist es jedoch einfacher denn je geworden. Jeder kann\nihn ohne Probleme benutzen. Im Prinzip ist nur eine begrenzte Menge an\nInformationen erforderlich. Dazu geh\u00f6ren: <\/p>\n\n\n\n<p>1. den Ort, von dem aus Sie starten wollen; <\/p>\n\n\n\n<p>2. das Endziel der Autoreise;&nbsp; <\/p>\n\n\n\n<p>3. die Strecke, die Sie pro Tag zur\u00fccklegen wollen;&nbsp; <\/p>\n\n\n\n<p>Die obigen Angaben reichen aus, damit das System feststellen kann,\nwelche Hotels f\u00fcr Sie w\u00e4hrend Ihrer Autoreise interessant sein k\u00f6nnten.<\/p>\n\n\n\n<h2 class=\"wp-block-heading\">Ist es m\u00f6glich, in einer anderen Unterkunft als einem Hotel zu wohnen?<\/h2>\n\n\n\n<p>Unser Reiseplaner erm\u00f6glicht es nicht nur, ein Hotel entlang Ihrer Route\nzu buchen. Neben der Hotelbuchung ist es auch m\u00f6glich, eine der folgenden\nUnterk\u00fcnfte zu w\u00e4hlen:&nbsp;&nbsp; <\/p>\n\n\n\n<p>1. eine \u00dcbernachtung mit Fr\u00fchst\u00fcck; <\/p>\n\n\n\n<p>2. eine Wohnung;&nbsp; \n\nWenn Sie ein Bed &amp;\nBreakfast buchen, das Ihnen unser Reiseplaner pr\u00e4sentiert, k\u00f6nnen Sie sich auf\ndie gem\u00fctliche, famili\u00e4re Atmosph\u00e4re verlassen, die Sie auch in Ihrem eigenen\nZuhause erleben k\u00f6nnen. Die Buchung eines Appartements wiederum garantiert\nIhnen eine optimale Privatsph\u00e4re. Besonders f\u00fcr Familien oder Freundesgruppen,\ndie auf eine Autoreise gehen, kann der gemeinsame Aufenthalt in einer sch\u00f6nen\nWohnung ein gro\u00dfartiges Erlebnis sein. In jedem Fall k\u00f6nnen auch Wohnungen\nentlang der Route Ihrer Autoreise mit Hilfe unseres praktischen Reiseplaners\nleicht gefunden werden.\n\n\n\n<\/p>\n","protected":false},"excerpt":{"rendered":"<p>Die Planung einer Autoreise kann einige Zeit in Anspruch nehmen &#8211; und das war vor allem in der Vergangenheit der Fall. Das lag zum Teil daran, dass fast keine Hilfsmittel zur Verf\u00fcgung standen. Zum Gl\u00fcck ist das heute anders. Mit Hilfe unseres Reiseplaners k\u00f6nnen Sie ganz einfach ein sch\u00f6nes Hotel (oder eine andere Unterkunft) buchen, &#8230; <a title=\"Roadtrip-Planer\" class=\"read-more\" href=\"https:\/\/www.helloroadtrip.com\/de\/roadtrip-planer\/\" aria-label=\"Mehr zu Roadtrip-Planer\">Weiterlesen &#8230;<\/a><\/p>\n","protected":false},"author":1,"featured_media":0,"parent":0,"menu_order":0,"comment_status":"closed","ping_status":"closed","template":"","meta":{"footnotes":""},"class_list":["post-182","page","type-page","status-publish"],"yoast_head":"<!-- This site is optimized with the Yoast SEO plugin v27.6 - https:\/\/yoast.com\/product\/yoast-seo-wordpress\/ -->\n<title>Roadtrip-Planer - Hello Road Trip .com<\/title>\n<meta name=\"description\" content=\"Die Verwendung dieses Reiseplaners ist die perfekte Vorbereitung auf Ihre Reise. \u2705Buchen Sie Ihr Hotel, Apartment oder Bed &amp; Breakfast hier auf HelloRoadTrip.com!\" \/>\n<meta name=\"robots\" content=\"index, follow, max-snippet:-1, max-image-preview:large, max-video-preview:-1\" \/>\n<link rel=\"canonical\" href=\"https:\/\/www.helloroadtrip.com\/de\/roadtrip-planer\/\" \/>\n<meta property=\"og:locale\" content=\"de_DE\" \/>\n<meta property=\"og:type\" content=\"article\" \/>\n<meta property=\"og:title\" content=\"Roadtrip-Planer - Hello Road Trip .com\" \/>\n<meta property=\"og:description\" content=\"Die Verwendung dieses Reiseplaners ist die perfekte Vorbereitung auf Ihre Reise. \u2705Buchen Sie Ihr Hotel, Apartment oder Bed &amp; Breakfast hier auf HelloRoadTrip.com!\" \/>\n<meta property=\"og:url\" content=\"https:\/\/www.helloroadtrip.com\/de\/roadtrip-planer\/\" \/>\n<meta property=\"og:site_name\" content=\"Hello Road Trip .com\" \/>\n<meta property=\"article:modified_time\" content=\"2020-06-26T09:47:08+00:00\" \/>\n<meta name=\"twitter:card\" content=\"summary_large_image\" \/>\n<meta name=\"twitter:label1\" content=\"Gesch\u00e4tzte Lesezeit\" \/>\n\t<meta name=\"twitter:data1\" content=\"3\u00a0Minuten\" \/>\n<script type=\"application\/ld+json\" class=\"yoast-schema-graph\">{\"@context\":\"https:\\\/\\\/schema.org\",\"@graph\":[{\"@type\":\"WebPage\",\"@id\":\"https:\\\/\\\/www.helloroadtrip.com\\\/de\\\/roadtrip-planer\\\/\",\"url\":\"https:\\\/\\\/www.helloroadtrip.com\\\/de\\\/roadtrip-planer\\\/\",\"name\":\"Roadtrip-Planer - Hello Road Trip .com\",\"isPartOf\":{\"@id\":\"https:\\\/\\\/www.helloroadtrip.com\\\/#website\"},\"datePublished\":\"2020-04-17T10:09:43+00:00\",\"dateModified\":\"2020-06-26T09:47:08+00:00\",\"description\":\"Die Verwendung dieses Reiseplaners ist die perfekte Vorbereitung auf Ihre Reise. \u2705Buchen Sie Ihr Hotel, Apartment oder Bed & Breakfast hier auf HelloRoadTrip.com!\",\"breadcrumb\":{\"@id\":\"https:\\\/\\\/www.helloroadtrip.com\\\/de\\\/roadtrip-planer\\\/#breadcrumb\"},\"inLanguage\":\"de\",\"potentialAction\":[{\"@type\":\"ReadAction\",\"target\":[\"https:\\\/\\\/www.helloroadtrip.com\\\/de\\\/roadtrip-planer\\\/\"]}]},{\"@type\":\"BreadcrumbList\",\"@id\":\"https:\\\/\\\/www.helloroadtrip.com\\\/de\\\/roadtrip-planer\\\/#breadcrumb\",\"itemListElement\":[{\"@type\":\"ListItem\",\"position\":1,\"name\":\"Home\",\"item\":\"https:\\\/\\\/www.helloroadtrip.com\\\/de\\\/\"},{\"@type\":\"ListItem\",\"position\":2,\"name\":\"Roadtrip-Planer\"}]},{\"@type\":\"WebSite\",\"@id\":\"https:\\\/\\\/www.helloroadtrip.com\\\/#website\",\"url\":\"https:\\\/\\\/www.helloroadtrip.com\\\/\",\"name\":\"Hello Road Trip .com\",\"description\":\"Find Hotels On Your Route\",\"publisher\":{\"@id\":\"https:\\\/\\\/www.helloroadtrip.com\\\/#organization\"},\"potentialAction\":[{\"@type\":\"SearchAction\",\"target\":{\"@type\":\"EntryPoint\",\"urlTemplate\":\"https:\\\/\\\/www.helloroadtrip.com\\\/?s={search_term_string}\"},\"query-input\":{\"@type\":\"PropertyValueSpecification\",\"valueRequired\":true,\"valueName\":\"search_term_string\"}}],\"inLanguage\":\"de\"},{\"@type\":\"Organization\",\"@id\":\"https:\\\/\\\/www.helloroadtrip.com\\\/#organization\",\"name\":\"Hello Road Trip .com\",\"url\":\"https:\\\/\\\/www.helloroadtrip.com\\\/\",\"logo\":{\"@type\":\"ImageObject\",\"inLanguage\":\"de\",\"@id\":\"https:\\\/\\\/www.helloroadtrip.com\\\/#\\\/schema\\\/logo\\\/image\\\/\",\"url\":\"https:\\\/\\\/www.helloroadtrip.com\\\/wp-content\\\/uploads\\\/2020\\\/03\\\/HelloRoadtrip-com-logo.jpg\",\"contentUrl\":\"https:\\\/\\\/www.helloroadtrip.com\\\/wp-content\\\/uploads\\\/2020\\\/03\\\/HelloRoadtrip-com-logo.jpg\",\"width\":300,\"height\":81,\"caption\":\"Hello Road Trip .com\"},\"image\":{\"@id\":\"https:\\\/\\\/www.helloroadtrip.com\\\/#\\\/schema\\\/logo\\\/image\\\/\"}}]}<\/script>\n<!-- \/ Yoast SEO plugin. -->","yoast_head_json":{"title":"Roadtrip-Planer - Hello Road Trip .com","description":"Die Verwendung dieses Reiseplaners ist die perfekte Vorbereitung auf Ihre Reise. \u2705Buchen Sie Ihr Hotel, Apartment oder Bed & Breakfast hier auf HelloRoadTrip.com!","robots":{"index":"index","follow":"follow","max-snippet":"max-snippet:-1","max-image-preview":"max-image-preview:large","max-video-preview":"max-video-preview:-1"},"canonical":"https:\/\/www.helloroadtrip.com\/de\/roadtrip-planer\/","og_locale":"de_DE","og_type":"article","og_title":"Roadtrip-Planer - Hello Road Trip .com","og_description":"Die Verwendung dieses Reiseplaners ist die perfekte Vorbereitung auf Ihre Reise. \u2705Buchen Sie Ihr Hotel, Apartment oder Bed & Breakfast hier auf HelloRoadTrip.com!","og_url":"https:\/\/www.helloroadtrip.com\/de\/roadtrip-planer\/","og_site_name":"Hello Road Trip .com","article_modified_time":"2020-06-26T09:47:08+00:00","twitter_card":"summary_large_image","twitter_misc":{"Gesch\u00e4tzte Lesezeit":"3\u00a0Minuten"},"schema":{"@context":"https:\/\/schema.org","@graph":[{"@type":"WebPage","@id":"https:\/\/www.helloroadtrip.com\/de\/roadtrip-planer\/","url":"https:\/\/www.helloroadtrip.com\/de\/roadtrip-planer\/","name":"Roadtrip-Planer - Hello Road Trip .com","isPartOf":{"@id":"https:\/\/www.helloroadtrip.com\/#website"},"datePublished":"2020-04-17T10:09:43+00:00","dateModified":"2020-06-26T09:47:08+00:00","description":"Die Verwendung dieses Reiseplaners ist die perfekte Vorbereitung auf Ihre Reise. \u2705Buchen Sie Ihr Hotel, Apartment oder Bed & Breakfast hier auf HelloRoadTrip.com!","breadcrumb":{"@id":"https:\/\/www.helloroadtrip.com\/de\/roadtrip-planer\/#breadcrumb"},"inLanguage":"de","potentialAction":[{"@type":"ReadAction","target":["https:\/\/www.helloroadtrip.com\/de\/roadtrip-planer\/"]}]},{"@type":"BreadcrumbList","@id":"https:\/\/www.helloroadtrip.com\/de\/roadtrip-planer\/#breadcrumb","itemListElement":[{"@type":"ListItem","position":1,"name":"Home","item":"https:\/\/www.helloroadtrip.com\/de\/"},{"@type":"ListItem","position":2,"name":"Roadtrip-Planer"}]},{"@type":"WebSite","@id":"https:\/\/www.helloroadtrip.com\/#website","url":"https:\/\/www.helloroadtrip.com\/","name":"Hello Road Trip .com","description":"Find Hotels On Your Route","publisher":{"@id":"https:\/\/www.helloroadtrip.com\/#organization"},"potentialAction":[{"@type":"SearchAction","target":{"@type":"EntryPoint","urlTemplate":"https:\/\/www.helloroadtrip.com\/?s={search_term_string}"},"query-input":{"@type":"PropertyValueSpecification","valueRequired":true,"valueName":"search_term_string"}}],"inLanguage":"de"},{"@type":"Organization","@id":"https:\/\/www.helloroadtrip.com\/#organization","name":"Hello Road Trip .com","url":"https:\/\/www.helloroadtrip.com\/","logo":{"@type":"ImageObject","inLanguage":"de","@id":"https:\/\/www.helloroadtrip.com\/#\/schema\/logo\/image\/","url":"https:\/\/www.helloroadtrip.com\/wp-content\/uploads\/2020\/03\/HelloRoadtrip-com-logo.jpg","contentUrl":"https:\/\/www.helloroadtrip.com\/wp-content\/uploads\/2020\/03\/HelloRoadtrip-com-logo.jpg","width":300,"height":81,"caption":"Hello Road Trip .com"},"image":{"@id":"https:\/\/www.helloroadtrip.com\/#\/schema\/logo\/image\/"}}]}},"_links":{"self":[{"href":"https:\/\/www.helloroadtrip.com\/de\/wp-json\/wp\/v2\/pages\/182","targetHints":{"allow":["GET"]}}],"collection":[{"href":"https:\/\/www.helloroadtrip.com\/de\/wp-json\/wp\/v2\/pages"}],"about":[{"href":"https:\/\/www.helloroadtrip.com\/de\/wp-json\/wp\/v2\/types\/page"}],"author":[{"embeddable":true,"href":"https:\/\/www.helloroadtrip.com\/de\/wp-json\/wp\/v2\/users\/1"}],"replies":[{"embeddable":true,"href":"https:\/\/www.helloroadtrip.com\/de\/wp-json\/wp\/v2\/comments?post=182"}],"version-history":[{"count":2,"href":"https:\/\/www.helloroadtrip.com\/de\/wp-json\/wp\/v2\/pages\/182\/revisions"}],"predecessor-version":[{"id":352,"href":"https:\/\/www.helloroadtrip.com\/de\/wp-json\/wp\/v2\/pages\/182\/revisions\/352"}],"wp:attachment":[{"href":"https:\/\/www.helloroadtrip.com\/de\/wp-json\/wp\/v2\/media?parent=182"}],"curies":[{"name":"wp","href":"https:\/\/api.w.org\/{rel}","templated":true}]}}