{"id":219,"date":"2020-05-12T11:42:36","date_gmt":"2020-05-12T11:42:36","guid":{"rendered":"https:\/\/www.helloroadtrip.com\/?page_id=219"},"modified":"2020-06-05T10:05:05","modified_gmt":"2020-06-05T10:05:05","slug":"mika-reitillani-sijaitseva-hotelli-on-paras-valinta","status":"publish","type":"page","link":"https:\/\/www.helloroadtrip.com\/fi\/mika-reitillani-sijaitseva-hotelli-on-paras-valinta\/","title":{"rendered":"Mik\u00e4 reitill\u00e4ni sijaitseva hotelli on paras valinta?"},"content":{"rendered":"\n<div class=\"ttWrapper\"><\/div>\r\n<link href=\"https:\/\/ajax.googleapis.com\/ajax\/libs\/jqueryui\/1.11.4\/themes\/smoothness\/jquery-ui.css\" rel=\"stylesheet\" \/>\r\n<link href=\"https:\/\/www.tussenstop.com\/tool-3\/assets\/css\/V3\/bundle.min.css\" rel=\"stylesheet\" \/>\r\n<script src=\"https:\/\/ajax.googleapis.com\/ajax\/libs\/jquery\/3.7.1\/jquery.min.js\"><\/script>\r\n<script src=\"https:\/\/ajax.googleapis.com\/ajax\/libs\/jqueryui\/1.11.4\/jquery-ui.min.js\"><\/script>\r\n<script src=\"https:\/\/www.tussenstop.com\/tool-3\/assets\/vendor\/here\/bundle.js\"><\/script>\r\n<script src=\"https:\/\/www.tussenstop.com\/tool-3\/assets\/vendor\/pico\/pico.min.js\"><\/script>\r\n<script src=\"https:\/\/www.tussenstop.com\/tool-3\/assets\/js\/V3\/bundle.min.js\"><\/script>\r\n<script>\r\n$(\".ttWrapper\").tussenstop({\r\n                        host: \"www.helloroadtrip.com\",\r\n                        mapLanguage: \"fi\",\r\n                        politicalView: \"FIN\",\r\n                        language: \"fi-FI\",\r\n                      partners: \"https:\/\/www.tussenstop.com\/tool-3\/hrpartners.php\",\r\noutbound: {\r\n                            active: true,\r\n                            timeout: 1500,\r\n                            img: \"https:\/\/www.helloroadtrip.com\/wp-content\/uploads\/2020\/03\/HelloRoadtrip-com-logo.jpg\"\r\n                        }\r\n                    });\r\n<\/script>\n\n\n\n<p>On selv\u00e4\u00e4, ett\u00e4 kohtaat useita erilaisia hotelleja reitill\u00e4si ja ehk\u00e4 haluaisit viett\u00e4\u00e4 y\u00f6n yhdess\u00e4 n\u00e4ist\u00e4 hotelleista autolomasi aikana. Se on mahdollista. Mutta kuinka voit l\u00f6yt\u00e4\u00e4 parhaan hotellin, joka t\u00e4ytt\u00e4\u00e4 kaikki tarpeesi? Olemassa on useita tapoja l\u00f6yt\u00e4\u00e4 se paras hotelli. Helpoin tapa on k\u00e4ytt\u00e4\u00e4 automatkasuunnittelijaamme. \u201cReittini varrella sijaitsevan hyv\u00e4n hotellin varaamisen\u201d ongelma voidaan ratkaista helposti t\u00e4ll\u00e4 tavoin. Haluaisitko oppia t\u00e4st\u00e4 lis\u00e4\u00e4? Lue sitten kaikki hyv\u00e4n hotellin varaamisesta t\u00e4ll\u00e4 sivulla!<\/p>\n\n\n\n<h2 class=\"wp-block-heading\">Mit\u00e4 vaatimuksia reittini varrella sijaitsevan hotellin on t\u00e4ytett\u00e4v\u00e4?<\/h2>\n\n\n\n<p>Ensimm\u00e4inen\nkysymys, joka sinun t\u00e4ytyy kysy\u00e4 itselt\u00e4si, on: \u201cmit\u00e4 vaatimuksia reittini\nvarrella sijaitsevan hotellin on t\u00e4ytett\u00e4v\u00e4?\u201d Vastaus t\u00e4h\u00e4n kysymykseen riippuu\nhenkil\u00f6kohtaisista mieltymyksist\u00e4si. Huomioon otettavia asioita ovat kuitenkin\naina seuraavat:<\/p>\n\n\n\n<p>1.&nbsp;&nbsp;&nbsp;&nbsp;&nbsp; Miss\u00e4 tarkalleen hotellin tulisi sijaita?<\/p>\n\n\n\n<p>2.&nbsp;&nbsp;&nbsp;&nbsp;&nbsp; Millaisista huonetyyleist\u00e4 pid\u00e4t eniten?<\/p>\n\n\n\n<p>3.&nbsp;&nbsp;&nbsp;&nbsp;&nbsp; Onko joitakin ylim\u00e4\u00e4r\u00e4isi\u00e4 palveluita,\njoita haluaisit hy\u00f6dynt\u00e4\u00e4?<\/p>\n\n\n\n<p>4.&nbsp;&nbsp;&nbsp;&nbsp;&nbsp; Kuinka paljon budjettia olet varannut\nhotellimajoituksiisi?<\/p>\n\n\n\n<p>Kun olet tehnyt\nn\u00e4m\u00e4 valinnat, voit suodattaa hotellien tarjontaa. T\u00e4ll\u00e4 tavoin voit vastata\nkysymykseesi: \u201cmik\u00e4 hotelli minun tulisi varata reittini varrelta\u201d. Kuka muu\nvoi auttaa? Automatkasuunnittelija, jonka l\u00f6yd\u00e4t sivustolta HelloRoadTrip.com!<\/p>\n\n\n\n<h2 class=\"wp-block-heading\">Kuinka varata hotelli reittini varrella k\u00e4ytt\u00e4en\nautomatkasuunnittelijaa?<\/h2>\n\n\n\n<p>Mietitk\u00f6 my\u00f6s:\n\u201ckuinka voin varata hotellin, jossa voin viett\u00e4\u00e4 y\u00f6n seuraavan automatkani\naikana reittini varrella\u201d? Siin\u00e4 tapauksessa olet tullut oikeaan paikkaan\nHelloRoadTrip.comille. K\u00e4ytt\u00e4m\u00e4ll\u00e4 automatkasuunnittelijaamme voit l\u00f6yt\u00e4\u00e4 hyv\u00e4n\nhotellin reittisi varrella. N\u00e4iden hotellien l\u00f6yt\u00e4minen tehd\u00e4\u00e4n k\u00e4ytt\u00e4m\u00e4ll\u00e4\nseuraavia tietoja:<\/p>\n\n\n\n<p>1.&nbsp;&nbsp;&nbsp;&nbsp;&nbsp; Paikka, josta automatkasi alkaa;<\/p>\n\n\n\n<p>2.&nbsp;&nbsp;&nbsp;&nbsp;&nbsp; Automatkasi m\u00e4\u00e4r\u00e4np\u00e4\u00e4;<\/p>\n\n\n\n<p>3.&nbsp;&nbsp;&nbsp;&nbsp;&nbsp; Kuinka pitk\u00e4lle haluaisit ajaa p\u00e4ivitt\u00e4in;<\/p>\n\n\n\n<p>J\u00e4rjestelm\u00e4 ottaa yll\u00e4\nolevat tiedot ja etsii hotelleja, joissa voit y\u00f6py\u00e4. Kaikki n\u00e4ist\u00e4 hotelleista\nsijaitsevat my\u00f6s reittisi varrella!<\/p>\n\n\n\n<h2 class=\"wp-block-heading\">Nauti alennuksesta hotellimajoituksessasi<\/h2>\n\n\n\n<p>Ehk\u00e4p\u00e4\nkysymykseesi \u201cmik\u00e4 hotelli minun tulisi varata reittini varrella\u201d on jo\nvastattu. On tietysti t\u00e4rke\u00e4\u00e4 usealle ihmiselle, ett\u00e4 heid\u00e4n majoituksensa\nolisi mahdollisimman edullinen. T\u00e4st\u00e4kin syyst\u00e4 voi olla hy\u00f6dyllist\u00e4 tehd\u00e4\nvarauksesi HelloRoadTrip.com iill\u00e4. Varauksesi tehd\u00e4\u00e4n aina luotettavalla\nvaraussivustolla ja voit aina lunastaa loistavan alennuksen hotelliy\u00f6st\u00e4si. On\nsiis useita hyvi\u00e4 syit\u00e4 varata hotelli HelloRoadTrip.comin kautta!<\/p>\n\n\n\n<h2 class=\"wp-block-heading\">Eri majoituksen varaaminen reittisi varrella?<\/h2>\n\n\n\n<p>\n\nEtk\u00f6\nhaluaisi varata hotellia, mutta erityyppisen majoituksen automatkasi reitin\nvarrella? Sekin on t\u00e4ysin mahdollista. Majoittuisitko mieluummin kodikkaassa\nmajatalossa? Vai pid\u00e4tk\u00f6 enemm\u00e4n yksityisyydest\u00e4, jonka voit saada vain\nmajoittumalla asunnossa? Kaikki t\u00e4m\u00e4 on mahdollista!\n\n\n\n<\/p>\n","protected":false},"excerpt":{"rendered":"<p>On selv\u00e4\u00e4, ett\u00e4 kohtaat useita erilaisia hotelleja reitill\u00e4si ja ehk\u00e4 haluaisit viett\u00e4\u00e4 y\u00f6n yhdess\u00e4 n\u00e4ist\u00e4 hotelleista autolomasi aikana. Se on mahdollista. Mutta kuinka voit l\u00f6yt\u00e4\u00e4 parhaan hotellin, joka t\u00e4ytt\u00e4\u00e4 kaikki tarpeesi? Olemassa on useita tapoja l\u00f6yt\u00e4\u00e4 se paras hotelli. Helpoin tapa on k\u00e4ytt\u00e4\u00e4 automatkasuunnittelijaamme. \u201cReittini varrella sijaitsevan hyv\u00e4n hotellin varaamisen\u201d ongelma voidaan ratkaista helposti t\u00e4ll\u00e4 &#8230; <a title=\"Mik\u00e4 reitill\u00e4ni sijaitseva hotelli on paras valinta?\" class=\"read-more\" href=\"https:\/\/www.helloroadtrip.com\/fi\/mika-reitillani-sijaitseva-hotelli-on-paras-valinta\/\" aria-label=\"Lis\u00e4\u00e4 Mik\u00e4 reitill\u00e4ni sijaitseva hotelli on paras valinta?\">Lue lis\u00e4\u00e4<\/a><\/p>\n","protected":false},"author":1,"featured_media":0,"parent":0,"menu_order":0,"comment_status":"closed","ping_status":"closed","template":"","meta":{"footnotes":""},"class_list":["post-219","page","type-page","status-publish"],"yoast_head":"<!-- This site is optimized with the Yoast SEO plugin v27.6 - https:\/\/yoast.com\/product\/yoast-seo-wordpress\/ -->\n<title>Mik\u00e4 reitill\u00e4ni sijaitseva hotelli on paras valinta? - Hello Road Trip .com<\/title>\n<meta name=\"description\" content=\"Hotellin l\u00f6yt\u00e4minen reittini varrella? Miten minun se tulisi hoitaa? \u2705 Varaa kaikki automatkasi hotellit t\u00e4\u00e4ll\u00e4 HelloRoadTrip.com iill\u00e4!\" \/>\n<meta name=\"robots\" content=\"index, follow, max-snippet:-1, max-image-preview:large, max-video-preview:-1\" \/>\n<link rel=\"canonical\" href=\"https:\/\/www.helloroadtrip.com\/fi\/mika-reitillani-sijaitseva-hotelli-on-paras-valinta\/\" \/>\n<meta property=\"og:locale\" content=\"fi_FI\" \/>\n<meta property=\"og:type\" content=\"article\" \/>\n<meta property=\"og:title\" content=\"Mik\u00e4 reitill\u00e4ni sijaitseva hotelli on paras valinta? - Hello Road Trip .com\" \/>\n<meta property=\"og:description\" content=\"Hotellin l\u00f6yt\u00e4minen reittini varrella? Miten minun se tulisi hoitaa? \u2705 Varaa kaikki automatkasi hotellit t\u00e4\u00e4ll\u00e4 HelloRoadTrip.com iill\u00e4!\" \/>\n<meta property=\"og:url\" content=\"https:\/\/www.helloroadtrip.com\/fi\/mika-reitillani-sijaitseva-hotelli-on-paras-valinta\/\" \/>\n<meta property=\"og:site_name\" content=\"Hello Road Trip .com\" \/>\n<meta property=\"article:modified_time\" content=\"2020-06-05T10:05:05+00:00\" \/>\n<meta name=\"twitter:card\" content=\"summary_large_image\" \/>\n<meta name=\"twitter:label1\" content=\"Arvioitu lukuaika\" \/>\n\t<meta name=\"twitter:data1\" content=\"2 minuuttia\" \/>\n<script type=\"application\/ld+json\" class=\"yoast-schema-graph\">{\"@context\":\"https:\\\/\\\/schema.org\",\"@graph\":[{\"@type\":\"WebPage\",\"@id\":\"https:\\\/\\\/www.helloroadtrip.com\\\/fi\\\/mika-reitillani-sijaitseva-hotelli-on-paras-valinta\\\/\",\"url\":\"https:\\\/\\\/www.helloroadtrip.com\\\/fi\\\/mika-reitillani-sijaitseva-hotelli-on-paras-valinta\\\/\",\"name\":\"Mik\u00e4 reitill\u00e4ni sijaitseva hotelli on paras valinta? - Hello Road Trip .com\",\"isPartOf\":{\"@id\":\"https:\\\/\\\/www.helloroadtrip.com\\\/#website\"},\"datePublished\":\"2020-05-12T11:42:36+00:00\",\"dateModified\":\"2020-06-05T10:05:05+00:00\",\"description\":\"Hotellin l\u00f6yt\u00e4minen reittini varrella? Miten minun se tulisi hoitaa? \u2705 Varaa kaikki automatkasi hotellit t\u00e4\u00e4ll\u00e4 HelloRoadTrip.com iill\u00e4!\",\"breadcrumb\":{\"@id\":\"https:\\\/\\\/www.helloroadtrip.com\\\/fi\\\/mika-reitillani-sijaitseva-hotelli-on-paras-valinta\\\/#breadcrumb\"},\"inLanguage\":\"fi\",\"potentialAction\":[{\"@type\":\"ReadAction\",\"target\":[\"https:\\\/\\\/www.helloroadtrip.com\\\/fi\\\/mika-reitillani-sijaitseva-hotelli-on-paras-valinta\\\/\"]}]},{\"@type\":\"BreadcrumbList\",\"@id\":\"https:\\\/\\\/www.helloroadtrip.com\\\/fi\\\/mika-reitillani-sijaitseva-hotelli-on-paras-valinta\\\/#breadcrumb\",\"itemListElement\":[{\"@type\":\"ListItem\",\"position\":1,\"name\":\"Home\",\"item\":\"https:\\\/\\\/www.helloroadtrip.com\\\/fi\\\/\"},{\"@type\":\"ListItem\",\"position\":2,\"name\":\"Mik\u00e4 reitill\u00e4ni sijaitseva hotelli on paras valinta?\"}]},{\"@type\":\"WebSite\",\"@id\":\"https:\\\/\\\/www.helloroadtrip.com\\\/#website\",\"url\":\"https:\\\/\\\/www.helloroadtrip.com\\\/\",\"name\":\"Hello Road Trip .com\",\"description\":\"Find Hotels On Your Route\",\"publisher\":{\"@id\":\"https:\\\/\\\/www.helloroadtrip.com\\\/#organization\"},\"potentialAction\":[{\"@type\":\"SearchAction\",\"target\":{\"@type\":\"EntryPoint\",\"urlTemplate\":\"https:\\\/\\\/www.helloroadtrip.com\\\/?s={search_term_string}\"},\"query-input\":{\"@type\":\"PropertyValueSpecification\",\"valueRequired\":true,\"valueName\":\"search_term_string\"}}],\"inLanguage\":\"fi\"},{\"@type\":\"Organization\",\"@id\":\"https:\\\/\\\/www.helloroadtrip.com\\\/#organization\",\"name\":\"Hello Road Trip .com\",\"url\":\"https:\\\/\\\/www.helloroadtrip.com\\\/\",\"logo\":{\"@type\":\"ImageObject\",\"inLanguage\":\"fi\",\"@id\":\"https:\\\/\\\/www.helloroadtrip.com\\\/#\\\/schema\\\/logo\\\/image\\\/\",\"url\":\"https:\\\/\\\/www.helloroadtrip.com\\\/wp-content\\\/uploads\\\/2020\\\/03\\\/HelloRoadtrip-com-logo.jpg\",\"contentUrl\":\"https:\\\/\\\/www.helloroadtrip.com\\\/wp-content\\\/uploads\\\/2020\\\/03\\\/HelloRoadtrip-com-logo.jpg\",\"width\":300,\"height\":81,\"caption\":\"Hello Road Trip .com\"},\"image\":{\"@id\":\"https:\\\/\\\/www.helloroadtrip.com\\\/#\\\/schema\\\/logo\\\/image\\\/\"}}]}<\/script>\n<!-- \/ Yoast SEO plugin. -->","yoast_head_json":{"title":"Mik\u00e4 reitill\u00e4ni sijaitseva hotelli on paras valinta? - Hello Road Trip .com","description":"Hotellin l\u00f6yt\u00e4minen reittini varrella? Miten minun se tulisi hoitaa? \u2705 Varaa kaikki automatkasi hotellit t\u00e4\u00e4ll\u00e4 HelloRoadTrip.com iill\u00e4!","robots":{"index":"index","follow":"follow","max-snippet":"max-snippet:-1","max-image-preview":"max-image-preview:large","max-video-preview":"max-video-preview:-1"},"canonical":"https:\/\/www.helloroadtrip.com\/fi\/mika-reitillani-sijaitseva-hotelli-on-paras-valinta\/","og_locale":"fi_FI","og_type":"article","og_title":"Mik\u00e4 reitill\u00e4ni sijaitseva hotelli on paras valinta? - Hello Road Trip .com","og_description":"Hotellin l\u00f6yt\u00e4minen reittini varrella? Miten minun se tulisi hoitaa? \u2705 Varaa kaikki automatkasi hotellit t\u00e4\u00e4ll\u00e4 HelloRoadTrip.com iill\u00e4!","og_url":"https:\/\/www.helloroadtrip.com\/fi\/mika-reitillani-sijaitseva-hotelli-on-paras-valinta\/","og_site_name":"Hello Road Trip .com","article_modified_time":"2020-06-05T10:05:05+00:00","twitter_card":"summary_large_image","twitter_misc":{"Arvioitu lukuaika":"2 minuuttia"},"schema":{"@context":"https:\/\/schema.org","@graph":[{"@type":"WebPage","@id":"https:\/\/www.helloroadtrip.com\/fi\/mika-reitillani-sijaitseva-hotelli-on-paras-valinta\/","url":"https:\/\/www.helloroadtrip.com\/fi\/mika-reitillani-sijaitseva-hotelli-on-paras-valinta\/","name":"Mik\u00e4 reitill\u00e4ni sijaitseva hotelli on paras valinta? - Hello Road Trip .com","isPartOf":{"@id":"https:\/\/www.helloroadtrip.com\/#website"},"datePublished":"2020-05-12T11:42:36+00:00","dateModified":"2020-06-05T10:05:05+00:00","description":"Hotellin l\u00f6yt\u00e4minen reittini varrella? Miten minun se tulisi hoitaa? \u2705 Varaa kaikki automatkasi hotellit t\u00e4\u00e4ll\u00e4 HelloRoadTrip.com iill\u00e4!","breadcrumb":{"@id":"https:\/\/www.helloroadtrip.com\/fi\/mika-reitillani-sijaitseva-hotelli-on-paras-valinta\/#breadcrumb"},"inLanguage":"fi","potentialAction":[{"@type":"ReadAction","target":["https:\/\/www.helloroadtrip.com\/fi\/mika-reitillani-sijaitseva-hotelli-on-paras-valinta\/"]}]},{"@type":"BreadcrumbList","@id":"https:\/\/www.helloroadtrip.com\/fi\/mika-reitillani-sijaitseva-hotelli-on-paras-valinta\/#breadcrumb","itemListElement":[{"@type":"ListItem","position":1,"name":"Home","item":"https:\/\/www.helloroadtrip.com\/fi\/"},{"@type":"ListItem","position":2,"name":"Mik\u00e4 reitill\u00e4ni sijaitseva hotelli on paras valinta?"}]},{"@type":"WebSite","@id":"https:\/\/www.helloroadtrip.com\/#website","url":"https:\/\/www.helloroadtrip.com\/","name":"Hello Road Trip .com","description":"Find Hotels On Your Route","publisher":{"@id":"https:\/\/www.helloroadtrip.com\/#organization"},"potentialAction":[{"@type":"SearchAction","target":{"@type":"EntryPoint","urlTemplate":"https:\/\/www.helloroadtrip.com\/?s={search_term_string}"},"query-input":{"@type":"PropertyValueSpecification","valueRequired":true,"valueName":"search_term_string"}}],"inLanguage":"fi"},{"@type":"Organization","@id":"https:\/\/www.helloroadtrip.com\/#organization","name":"Hello Road Trip .com","url":"https:\/\/www.helloroadtrip.com\/","logo":{"@type":"ImageObject","inLanguage":"fi","@id":"https:\/\/www.helloroadtrip.com\/#\/schema\/logo\/image\/","url":"https:\/\/www.helloroadtrip.com\/wp-content\/uploads\/2020\/03\/HelloRoadtrip-com-logo.jpg","contentUrl":"https:\/\/www.helloroadtrip.com\/wp-content\/uploads\/2020\/03\/HelloRoadtrip-com-logo.jpg","width":300,"height":81,"caption":"Hello Road Trip .com"},"image":{"@id":"https:\/\/www.helloroadtrip.com\/#\/schema\/logo\/image\/"}}]}},"_links":{"self":[{"href":"https:\/\/www.helloroadtrip.com\/fi\/wp-json\/wp\/v2\/pages\/219","targetHints":{"allow":["GET"]}}],"collection":[{"href":"https:\/\/www.helloroadtrip.com\/fi\/wp-json\/wp\/v2\/pages"}],"about":[{"href":"https:\/\/www.helloroadtrip.com\/fi\/wp-json\/wp\/v2\/types\/page"}],"author":[{"embeddable":true,"href":"https:\/\/www.helloroadtrip.com\/fi\/wp-json\/wp\/v2\/users\/1"}],"replies":[{"embeddable":true,"href":"https:\/\/www.helloroadtrip.com\/fi\/wp-json\/wp\/v2\/comments?post=219"}],"version-history":[{"count":2,"href":"https:\/\/www.helloroadtrip.com\/fi\/wp-json\/wp\/v2\/pages\/219\/revisions"}],"predecessor-version":[{"id":259,"href":"https:\/\/www.helloroadtrip.com\/fi\/wp-json\/wp\/v2\/pages\/219\/revisions\/259"}],"wp:attachment":[{"href":"https:\/\/www.helloroadtrip.com\/fi\/wp-json\/wp\/v2\/media?parent=219"}],"curies":[{"name":"wp","href":"https:\/\/api.w.org\/{rel}","templated":true}]}}