{"id":221,"date":"2020-05-12T11:47:46","date_gmt":"2020-05-12T11:47:46","guid":{"rendered":"https:\/\/www.helloroadtrip.com\/?page_id=221"},"modified":"2020-06-05T10:05:00","modified_gmt":"2020-06-05T10:05:00","slug":"automatkahotellin-varaaminen-ei-ole-koskaan-ollut-nain-helppoa","status":"publish","type":"page","link":"https:\/\/www.helloroadtrip.com\/fi\/","title":{"rendered":"Automatkahotellin varaaminen ei ole koskaan ollut n\u00e4in helppoa!"},"content":{"rendered":"\n<div class=\"ttWrapper\"><\/div>\r\n<link href=\"https:\/\/ajax.googleapis.com\/ajax\/libs\/jqueryui\/1.11.4\/themes\/smoothness\/jquery-ui.css\" rel=\"stylesheet\" \/>\r\n<link href=\"https:\/\/www.tussenstop.com\/tool-3\/assets\/css\/V3\/bundle.min.css\" rel=\"stylesheet\" \/>\r\n<script src=\"https:\/\/ajax.googleapis.com\/ajax\/libs\/jquery\/3.7.1\/jquery.min.js\"><\/script>\r\n<script src=\"https:\/\/ajax.googleapis.com\/ajax\/libs\/jqueryui\/1.11.4\/jquery-ui.min.js\"><\/script>\r\n<script src=\"https:\/\/www.tussenstop.com\/tool-3\/assets\/vendor\/here\/bundle.js\"><\/script>\r\n<script src=\"https:\/\/www.tussenstop.com\/tool-3\/assets\/vendor\/pico\/pico.min.js\"><\/script>\r\n<script src=\"https:\/\/www.tussenstop.com\/tool-3\/assets\/js\/V3\/bundle.min.js\"><\/script>\r\n<script>\r\n$(\".ttWrapper\").tussenstop({\r\n                        host: \"www.helloroadtrip.com\",\r\n                        mapLanguage: \"fi\",\r\n                        politicalView: \"FIN\",\r\n                        language: \"fi-FI\",\r\n                      partners: \"https:\/\/www.tussenstop.com\/tool-3\/hrpartners.php\",\r\noutbound: {\r\n                            active: true,\r\n                            timeout: 1500,\r\n                            img: \"https:\/\/www.helloroadtrip.com\/wp-content\/uploads\/2020\/03\/HelloRoadtrip-com-logo.jpg\"\r\n                        }\r\n                    });\r\n<\/script>\n\n\n\n<p>Olemassa on hyv\u00e4 mahdollisuus, ett\u00e4 automatkan aikana haluat saada my\u00f6s hieman lepoa. On sanomattakin selv\u00e4\u00e4, ettei v\u00e4syneen\u00e4 ole suositeltavaa jatkaa ajamista. Hotellin varaaminen matkalla ei kuitenkaan ole aina niin helppoa. Mitk\u00e4 hotellit ovat l\u00e4himp\u00e4n\u00e4 reitti\u00e4si ja mitk\u00e4 niist\u00e4 tarjoavat parhaat palvelut juuri sinulle? N\u00e4m\u00e4 ovat kysymyksi\u00e4, joita jokainen kysyy jossain vaiheessa automatkaansa. Haluaisitko vastauksen n\u00e4ihin kysymyksiin ja selvitt\u00e4\u00e4, miten voit varata hotellin automatkasi aikana? Kaikki t\u00e4m\u00e4 on mahdollista HelloRoadTrip.com iill\u00e4!<\/p>\n\n\n\n<h2 class=\"wp-block-heading\">Kuinka hotellin varaaminen matkan aikana tapahtuu?<\/h2>\n\n\n\n<p>Hotellin\nvaraaminen matkalla on usein monimutkainen teht\u00e4v\u00e4, joka voi aiheuttaa\nturhautuneisuutta. Se on varmasti viimeinen asia, jonka haluat tehd\u00e4 lomasi\naikana, mutta onneksi hotellin varaamisesta matkan aikana on tullut paljon\nhelpompaa kuin mit\u00e4 se oli ennen. Voit esimerkiksi k\u00e4ytt\u00e4\u00e4 k\u00e4tev\u00e4\u00e4 automatkasuunnittelijaamme.\nT\u00e4m\u00e4 on ty\u00f6kalu, joka auttaa sinua l\u00f6yt\u00e4m\u00e4\u00e4n mukavan paikan, jossa voit viett\u00e4\u00e4\ny\u00f6si. Kiinnostavaa, eik\u00f6?!<\/p>\n\n\n\n<h2 class=\"wp-block-heading\">Mit\u00e4 tietoja tarkalleen tarvitset?<\/h2>\n\n\n\n<p>Et tietenk\u00e4\u00e4n\nvoi varata hotellia matkan aikana ilman tiettyj\u00e4 tietoja. Periaatteellisesti\ntarvitset kolmen tyyppist\u00e4 tietoa. Sinun t\u00e4ytyy ilmaista, mist\u00e4 sijainnista\nl\u00e4hdet automatkallesi ja mik\u00e4 lopullinen m\u00e4\u00e4r\u00e4np\u00e4\u00e4si on. Sen lis\u00e4ksi sinun\nt\u00e4ytyy my\u00f6s kertoa se, kuinka pitk\u00e4lle aiot ajaa yhden p\u00e4iv\u00e4n aikana. Onko\nsinulla antaa n\u00e4m\u00e4 tiedot? Sitten automatkasuunnittelijamme antaa sinulle\nk\u00e4tev\u00e4n yleiskatsauksen kiinnostavista hotelleista reitill\u00e4, jota suunnittelet\najavasi.<\/p>\n\n\n\n<h2 class=\"wp-block-heading\">Voitko ainoastaan varata hotellin matkan aikana?<\/h2>\n\n\n\n<p>Useassa maassa matkailun\ninfrastruktuuri ei koostu vain hotelleista, vaan esimerkiksi asunnoista.\nSuomalaisten keskuudessa eritt\u00e4in suosittu maa nykyp\u00e4iv\u00e4n\u00e4 on Montenegro. T\u00e4m\u00e4n\nmaan matkailun infrastruktuuri koostuu p\u00e4\u00e4osin asunnoista, mutta sen ei\ntarvitse aiheuttaa suurta ongelmaa! Loppujen lopuksi voit varata muutakin kuin\nvain hotellin matkasi aikana automatkasuunnittelijamme avulla, ja vaikka\nmajoittuisit mieluummin asunnossa tai majatalossa, sekin on t\u00e4ysin mahdollista!<\/p>\n\n\n\n<h2 class=\"wp-block-heading\">Ultimaattinen vapauden tunne automatkasi aikana<\/h2>\n\n\n\n<p>Useat henkil\u00f6t\nvaraavat hotellinsa paikan p\u00e4\u00e4ll\u00e4, joka on hieman outoa. Mutta miksi niin on?\nKoska hotellin varaaminen matkan aikana sis\u00e4lt\u00e4\u00e4 aina tiettyj\u00e4 riskej\u00e4. Ota\nhuomioon seuraavat asiat:<\/p>\n\n\n\n<p>1.&nbsp;&nbsp;&nbsp;&nbsp;&nbsp; Haluamasi majoitus saattaa olla t\u00e4yteen\nvarattu;<\/p>\n\n\n\n<p>2.&nbsp;&nbsp;&nbsp;&nbsp;&nbsp; On mahdollista, ett\u00e4 joudut ajamaan\nkauemmas, vaikka olisitkin v\u00e4synyt;<\/p>\n\n\n\n<p>3.&nbsp;&nbsp;&nbsp;&nbsp;&nbsp; Paikan p\u00e4\u00e4ll\u00e4 maksamasi hinta voi olla eritt\u00e4in kallis; <\/p>\n\n\n\n<p>Joten sinun tulisi ajatella hotellisi varaamista paikan p\u00e4\u00e4ll\u00e4, sill\u00e4 useimmissa tapauksissa se ei ole niin kiinnostavaa. On siis parempi etsi\u00e4 majoituksesi osoitteet etuk\u00e4teen ja tehd\u00e4 varaus. Paitsi jos olet kokenut automatkailija ja ajattelet, ett\u00e4 reittisi voi muuttua yht\u00e4kki\u00e4. Kuvaako t\u00e4m\u00e4 sinua? Sitten hotellisi varaaminen matkan aikana voi olla hyv\u00e4 idea. <\/p>\n","protected":false},"excerpt":{"rendered":"<p>Olemassa on hyv\u00e4 mahdollisuus, ett\u00e4 automatkan aikana haluat saada my\u00f6s hieman lepoa. On sanomattakin selv\u00e4\u00e4, ettei v\u00e4syneen\u00e4 ole suositeltavaa jatkaa ajamista. Hotellin varaaminen matkalla ei kuitenkaan ole aina niin helppoa. Mitk\u00e4 hotellit ovat l\u00e4himp\u00e4n\u00e4 reitti\u00e4si ja mitk\u00e4 niist\u00e4 tarjoavat parhaat palvelut juuri sinulle? N\u00e4m\u00e4 ovat kysymyksi\u00e4, joita jokainen kysyy jossain vaiheessa automatkaansa. Haluaisitko vastauksen n\u00e4ihin &#8230; <a title=\"Automatkahotellin varaaminen ei ole koskaan ollut n\u00e4in helppoa!\" class=\"read-more\" href=\"https:\/\/www.helloroadtrip.com\/fi\/\" aria-label=\"Lis\u00e4\u00e4 Automatkahotellin varaaminen ei ole koskaan ollut n\u00e4in helppoa!\">Lue lis\u00e4\u00e4<\/a><\/p>\n","protected":false},"author":1,"featured_media":0,"parent":0,"menu_order":0,"comment_status":"closed","ping_status":"closed","template":"","meta":{"footnotes":""},"class_list":["post-221","page","type-page","status-publish"],"yoast_head":"<!-- This site is optimized with the Yoast SEO plugin v27.4 - https:\/\/yoast.com\/product\/yoast-seo-wordpress\/ -->\n<title>Automatkahotellin varaaminen ei ole koskaan ollut n\u00e4in helppoa!<\/title>\n<meta name=\"description\" content=\"Oletko varaamassa hotellia automatkallesi? Sen ei aina tarvitse olla rasittava teht\u00e4v\u00e4! L\u00f6yd\u00e4 paras ratkaisu HelloRoadTrip.com iill\u00e4!\" \/>\n<meta name=\"robots\" content=\"index, follow, max-snippet:-1, max-image-preview:large, max-video-preview:-1\" \/>\n<link rel=\"canonical\" href=\"https:\/\/www.helloroadtrip.com\/fi\/\" \/>\n<meta property=\"og:locale\" content=\"fi_FI\" \/>\n<meta property=\"og:type\" content=\"article\" \/>\n<meta property=\"og:title\" content=\"Automatkahotellin varaaminen ei ole koskaan ollut n\u00e4in helppoa!\" \/>\n<meta property=\"og:description\" content=\"Oletko varaamassa hotellia automatkallesi? Sen ei aina tarvitse olla rasittava teht\u00e4v\u00e4! L\u00f6yd\u00e4 paras ratkaisu HelloRoadTrip.com iill\u00e4!\" \/>\n<meta property=\"og:url\" content=\"https:\/\/www.helloroadtrip.com\/fi\/\" \/>\n<meta property=\"og:site_name\" content=\"Hello Road Trip .com\" \/>\n<meta property=\"article:modified_time\" content=\"2020-06-05T10:05:00+00:00\" \/>\n<meta name=\"twitter:card\" content=\"summary_large_image\" \/>\n<meta name=\"twitter:label1\" content=\"Arvioitu lukuaika\" \/>\n\t<meta name=\"twitter:data1\" content=\"2 minuuttia\" \/>\n<script type=\"application\/ld+json\" class=\"yoast-schema-graph\">{\"@context\":\"https:\\\/\\\/schema.org\",\"@graph\":[{\"@type\":\"WebPage\",\"@id\":\"https:\\\/\\\/www.helloroadtrip.com\\\/fi\\\/\",\"url\":\"https:\\\/\\\/www.helloroadtrip.com\\\/fi\\\/\",\"name\":\"Automatkahotellin varaaminen ei ole koskaan ollut n\u00e4in helppoa!\",\"isPartOf\":{\"@id\":\"https:\\\/\\\/www.helloroadtrip.com\\\/#website\"},\"datePublished\":\"2020-05-12T11:47:46+00:00\",\"dateModified\":\"2020-06-05T10:05:00+00:00\",\"description\":\"Oletko varaamassa hotellia automatkallesi? Sen ei aina tarvitse olla rasittava teht\u00e4v\u00e4! L\u00f6yd\u00e4 paras ratkaisu HelloRoadTrip.com iill\u00e4!\",\"breadcrumb\":{\"@id\":\"https:\\\/\\\/www.helloroadtrip.com\\\/fi\\\/#breadcrumb\"},\"inLanguage\":\"fi\",\"potentialAction\":[{\"@type\":\"ReadAction\",\"target\":[\"https:\\\/\\\/www.helloroadtrip.com\\\/fi\\\/\"]}]},{\"@type\":\"BreadcrumbList\",\"@id\":\"https:\\\/\\\/www.helloroadtrip.com\\\/fi\\\/#breadcrumb\",\"itemListElement\":[{\"@type\":\"ListItem\",\"position\":1,\"name\":\"Home\",\"item\":\"https:\\\/\\\/www.helloroadtrip.com\\\/fi\\\/\"},{\"@type\":\"ListItem\",\"position\":2,\"name\":\"Automatkahotellin varaaminen ei ole koskaan ollut n\u00e4in helppoa!\"}]},{\"@type\":\"WebSite\",\"@id\":\"https:\\\/\\\/www.helloroadtrip.com\\\/#website\",\"url\":\"https:\\\/\\\/www.helloroadtrip.com\\\/\",\"name\":\"Hello Road Trip .com\",\"description\":\"Find Hotels On Your Route\",\"publisher\":{\"@id\":\"https:\\\/\\\/www.helloroadtrip.com\\\/#organization\"},\"potentialAction\":[{\"@type\":\"SearchAction\",\"target\":{\"@type\":\"EntryPoint\",\"urlTemplate\":\"https:\\\/\\\/www.helloroadtrip.com\\\/?s={search_term_string}\"},\"query-input\":{\"@type\":\"PropertyValueSpecification\",\"valueRequired\":true,\"valueName\":\"search_term_string\"}}],\"inLanguage\":\"fi\"},{\"@type\":\"Organization\",\"@id\":\"https:\\\/\\\/www.helloroadtrip.com\\\/#organization\",\"name\":\"Hello Road Trip .com\",\"url\":\"https:\\\/\\\/www.helloroadtrip.com\\\/\",\"logo\":{\"@type\":\"ImageObject\",\"inLanguage\":\"fi\",\"@id\":\"https:\\\/\\\/www.helloroadtrip.com\\\/#\\\/schema\\\/logo\\\/image\\\/\",\"url\":\"https:\\\/\\\/www.helloroadtrip.com\\\/wp-content\\\/uploads\\\/2020\\\/03\\\/HelloRoadtrip-com-logo.jpg\",\"contentUrl\":\"https:\\\/\\\/www.helloroadtrip.com\\\/wp-content\\\/uploads\\\/2020\\\/03\\\/HelloRoadtrip-com-logo.jpg\",\"width\":300,\"height\":81,\"caption\":\"Hello Road Trip .com\"},\"image\":{\"@id\":\"https:\\\/\\\/www.helloroadtrip.com\\\/#\\\/schema\\\/logo\\\/image\\\/\"}}]}<\/script>\n<!-- \/ Yoast SEO plugin. -->","yoast_head_json":{"title":"Automatkahotellin varaaminen ei ole koskaan ollut n\u00e4in helppoa!","description":"Oletko varaamassa hotellia automatkallesi? Sen ei aina tarvitse olla rasittava teht\u00e4v\u00e4! L\u00f6yd\u00e4 paras ratkaisu HelloRoadTrip.com iill\u00e4!","robots":{"index":"index","follow":"follow","max-snippet":"max-snippet:-1","max-image-preview":"max-image-preview:large","max-video-preview":"max-video-preview:-1"},"canonical":"https:\/\/www.helloroadtrip.com\/fi\/","og_locale":"fi_FI","og_type":"article","og_title":"Automatkahotellin varaaminen ei ole koskaan ollut n\u00e4in helppoa!","og_description":"Oletko varaamassa hotellia automatkallesi? Sen ei aina tarvitse olla rasittava teht\u00e4v\u00e4! L\u00f6yd\u00e4 paras ratkaisu HelloRoadTrip.com iill\u00e4!","og_url":"https:\/\/www.helloroadtrip.com\/fi\/","og_site_name":"Hello Road Trip .com","article_modified_time":"2020-06-05T10:05:00+00:00","twitter_card":"summary_large_image","twitter_misc":{"Arvioitu lukuaika":"2 minuuttia"},"schema":{"@context":"https:\/\/schema.org","@graph":[{"@type":"WebPage","@id":"https:\/\/www.helloroadtrip.com\/fi\/","url":"https:\/\/www.helloroadtrip.com\/fi\/","name":"Automatkahotellin varaaminen ei ole koskaan ollut n\u00e4in helppoa!","isPartOf":{"@id":"https:\/\/www.helloroadtrip.com\/#website"},"datePublished":"2020-05-12T11:47:46+00:00","dateModified":"2020-06-05T10:05:00+00:00","description":"Oletko varaamassa hotellia automatkallesi? Sen ei aina tarvitse olla rasittava teht\u00e4v\u00e4! L\u00f6yd\u00e4 paras ratkaisu HelloRoadTrip.com iill\u00e4!","breadcrumb":{"@id":"https:\/\/www.helloroadtrip.com\/fi\/#breadcrumb"},"inLanguage":"fi","potentialAction":[{"@type":"ReadAction","target":["https:\/\/www.helloroadtrip.com\/fi\/"]}]},{"@type":"BreadcrumbList","@id":"https:\/\/www.helloroadtrip.com\/fi\/#breadcrumb","itemListElement":[{"@type":"ListItem","position":1,"name":"Home","item":"https:\/\/www.helloroadtrip.com\/fi\/"},{"@type":"ListItem","position":2,"name":"Automatkahotellin varaaminen ei ole koskaan ollut n\u00e4in helppoa!"}]},{"@type":"WebSite","@id":"https:\/\/www.helloroadtrip.com\/#website","url":"https:\/\/www.helloroadtrip.com\/","name":"Hello Road Trip .com","description":"Find Hotels On Your Route","publisher":{"@id":"https:\/\/www.helloroadtrip.com\/#organization"},"potentialAction":[{"@type":"SearchAction","target":{"@type":"EntryPoint","urlTemplate":"https:\/\/www.helloroadtrip.com\/?s={search_term_string}"},"query-input":{"@type":"PropertyValueSpecification","valueRequired":true,"valueName":"search_term_string"}}],"inLanguage":"fi"},{"@type":"Organization","@id":"https:\/\/www.helloroadtrip.com\/#organization","name":"Hello Road Trip .com","url":"https:\/\/www.helloroadtrip.com\/","logo":{"@type":"ImageObject","inLanguage":"fi","@id":"https:\/\/www.helloroadtrip.com\/#\/schema\/logo\/image\/","url":"https:\/\/www.helloroadtrip.com\/wp-content\/uploads\/2020\/03\/HelloRoadtrip-com-logo.jpg","contentUrl":"https:\/\/www.helloroadtrip.com\/wp-content\/uploads\/2020\/03\/HelloRoadtrip-com-logo.jpg","width":300,"height":81,"caption":"Hello Road Trip .com"},"image":{"@id":"https:\/\/www.helloroadtrip.com\/#\/schema\/logo\/image\/"}}]}},"_links":{"self":[{"href":"https:\/\/www.helloroadtrip.com\/fi\/wp-json\/wp\/v2\/pages\/221","targetHints":{"allow":["GET"]}}],"collection":[{"href":"https:\/\/www.helloroadtrip.com\/fi\/wp-json\/wp\/v2\/pages"}],"about":[{"href":"https:\/\/www.helloroadtrip.com\/fi\/wp-json\/wp\/v2\/types\/page"}],"author":[{"embeddable":true,"href":"https:\/\/www.helloroadtrip.com\/fi\/wp-json\/wp\/v2\/users\/1"}],"replies":[{"embeddable":true,"href":"https:\/\/www.helloroadtrip.com\/fi\/wp-json\/wp\/v2\/comments?post=221"}],"version-history":[{"count":2,"href":"https:\/\/www.helloroadtrip.com\/fi\/wp-json\/wp\/v2\/pages\/221\/revisions"}],"predecessor-version":[{"id":258,"href":"https:\/\/www.helloroadtrip.com\/fi\/wp-json\/wp\/v2\/pages\/221\/revisions\/258"}],"wp:attachment":[{"href":"https:\/\/www.helloroadtrip.com\/fi\/wp-json\/wp\/v2\/media?parent=221"}],"curies":[{"name":"wp","href":"https:\/\/api.w.org\/{rel}","templated":true}]}}