{"id":223,"date":"2020-05-12T11:49:30","date_gmt":"2020-05-12T11:49:30","guid":{"rendered":"https:\/\/www.helloroadtrip.com\/?page_id=223"},"modified":"2020-06-05T10:04:48","modified_gmt":"2020-06-05T10:04:48","slug":"yopymisen-varaaminen-nopeasti-ja-helposti","status":"publish","type":"page","link":"https:\/\/www.helloroadtrip.com\/fi\/yopymisen-varaaminen-nopeasti-ja-helposti\/","title":{"rendered":"Y\u00f6pymisen varaaminen nopeasti ja helposti"},"content":{"rendered":"\n<div class=\"ttWrapper\"><\/div>\r\n<link href=\"https:\/\/ajax.googleapis.com\/ajax\/libs\/jqueryui\/1.11.4\/themes\/smoothness\/jquery-ui.css\" rel=\"stylesheet\" \/>\r\n<link href=\"https:\/\/www.tussenstop.com\/tool-3\/assets\/css\/V3\/bundle.min.css\" rel=\"stylesheet\" \/>\r\n<script src=\"https:\/\/ajax.googleapis.com\/ajax\/libs\/jquery\/3.7.1\/jquery.min.js\"><\/script>\r\n<script src=\"https:\/\/ajax.googleapis.com\/ajax\/libs\/jqueryui\/1.11.4\/jquery-ui.min.js\"><\/script>\r\n<script src=\"https:\/\/www.tussenstop.com\/tool-3\/assets\/vendor\/here\/bundle.js\"><\/script>\r\n<script src=\"https:\/\/www.tussenstop.com\/tool-3\/assets\/vendor\/pico\/pico.min.js\"><\/script>\r\n<script src=\"https:\/\/www.tussenstop.com\/tool-3\/assets\/js\/V3\/bundle.min.js\"><\/script>\r\n<script>\r\n$(\".ttWrapper\").tussenstop({\r\n                        host: \"www.helloroadtrip.com\",\r\n                        mapLanguage: \"fi\",\r\n                        politicalView: \"FIN\",\r\n                        language: \"fi-FI\",\r\n                      partners: \"https:\/\/www.tussenstop.com\/tool-3\/hrpartners.php\",\r\noutbound: {\r\n                            active: true,\r\n                            timeout: 1500,\r\n                            img: \"https:\/\/www.helloroadtrip.com\/wp-content\/uploads\/2020\/03\/HelloRoadtrip-com-logo.jpg\"\r\n                        }\r\n                    });\r\n<\/script>\n\n\n\n<p>Miksi viett\u00e4isit y\u00f6si hotellissa automatkasi aikana? Siihen on olemassa useita eri syit\u00e4. Suomalaiset pit\u00e4v\u00e4t autolla matkustamisesta ja eiv\u00e4tk\u00e4 vain siit\u00e4 syyst\u00e4, ett\u00e4 sill\u00e4 tavoin he voivat n\u00e4hd\u00e4 vierasta maata mahdollisimman paljon loman aikana. On my\u00f6s totta, ett\u00e4 automatkan aikana ajat usein huomattaviakin et\u00e4isyyksi\u00e4 \u2013 esimerkiksi Ven\u00e4j\u00e4ll\u00e4, joka on maa, jota useat suomalaiset haluavat tutkia. T\u00e4m\u00e4n ja usean muun suuri luonne varmistaa, ett\u00e4 hotelliy\u00f6n varaaminen on ylellisyys. Pitk\u00e4n autossa istumisen p\u00e4iv\u00e4n j\u00e4lkeen voit siis nauttia upeasta hotellis\u00e4ngyn mukavuudesta!<\/p>\n\n\n\n<h2 class=\"wp-block-heading\">Milloin hotelli tulisi varata?<\/h2>\n\n\n\n<p>Hotelliy\u00f6n\nvaraaminen voidaan tehd\u00e4 kahtena eri aikana. Joko varaat sen ennen matkalle\nl\u00e4ht\u00f6\u00e4 tai itse automatkasi aikana. K\u00e4yt\u00e4nn\u00f6ss\u00e4 molempiin vaihtoehtoihin\nliittyy tiettyj\u00e4 hy\u00f6tyj\u00e4. Jos esimerkiksi varaat y\u00f6n hotellissa automatkasi\naikana, vaihtoehtojasi ei rajata ainoastaan yhteen paikkaan. Haluaisitko siis\najaa seuraavaan kaupunkiin ja y\u00f6py\u00e4 siell\u00e4? Sitten hotellin varaaminen matkalla\non paras vaihtoehto.<\/p>\n\n\n\n<h2 class=\"wp-block-heading\">Varaa hotelli ennen automatkasi aloittamista<\/h2>\n\n\n\n<p>Toinen\nmahdollisuus on tietysti varata majoittuminen hotellissa ennen matkalle l\u00e4ht\u00f6\u00e4.\nUseimmat ihmiset pit\u00e4v\u00e4t t\u00e4t\u00e4 vaihtoehtoa parempana, eik\u00e4 se tule yll\u00e4tyksen\u00e4. Varaamalla\nhotellin yht\u00e4 y\u00f6t\u00e4 ennen matkalle l\u00e4ht\u00f6\u00e4 voit siis saada seuraavat hy\u00f6dyt:<\/p>\n\n\n\n<p>1.&nbsp;&nbsp;&nbsp;&nbsp;&nbsp; Voit aina olla varma, ett\u00e4 saat parhaan\nhinnan;<\/p>\n\n\n\n<p>2.&nbsp;&nbsp;&nbsp;&nbsp;&nbsp; Sinun ei en\u00e4\u00e4 tarvitse huolehtia\nhotellista automatkasi aikana;<\/p>\n\n\n\n<p>3.&nbsp;&nbsp;&nbsp;&nbsp;&nbsp; Et koskaan joudu siihen tilanteeseen, ett\u00e4\nhotelli olisi varattu t\u00e4yteen;<\/p>\n\n\n\n<p>4.&nbsp;&nbsp;&nbsp;&nbsp;&nbsp; P\u00e4\u00e4set lep\u00e4\u00e4m\u00e4\u00e4n ajallaan;<\/p>\n\n\n\n<p>Jos olet\nvarannut y\u00f6pymisen etuk\u00e4teen, on mahdollista, ett\u00e4 joudut ajamaan liian\npitk\u00e4lle ja liian pitk\u00e4\u00e4n, joka voi tietysti olla vaarallista!<\/p>\n\n\n\n<p>Voitko s\u00e4\u00e4st\u00e4\u00e4 hotelliy\u00f6kuluissa?<\/p>\n\n\n\n<p>On todellakin\nmahdollista v\u00e4hent\u00e4\u00e4 hotellien y\u00f6pymiskuluissa! T\u00e4m\u00e4 on yksi p\u00e4\u00e4syist\u00e4, miksi\nihmisi\u00e4 neuvotaan varaamaan hotellinsa etuk\u00e4teen, eik\u00e4 itse automatkan aikana.\nT\u00e4ll\u00e4 tapaa voit est\u00e4\u00e4 tarjonnan ja kysynn\u00e4n vaikuttamista y\u00f6pymisen hintaan.\nJa kun varaat hotelliy\u00f6si HelloRoadTrip.comin kautta, voit aina lunastaa hyv\u00e4n\nalennuksen. N\u00e4in voit tappaa kaksi k\u00e4rp\u00e4st\u00e4 yhdell\u00e4 iskulla.<\/p>\n\n\n\n<h2 class=\"wp-block-heading\">Varaa y\u00f6pyminen hotellissa reittisi varrella<\/h2>\n\n\n\n<p>Ennen kuin varaat hotellin tietty\u00e4 y\u00f6t\u00e4 varten autolomasi aikana, on sanomattakin selv\u00e4\u00e4, ett\u00e4 haluat tutkia kohdetta, jossa hotelli sijaitsee. T\u00e4m\u00e4 aiheuttaa ongelmia useille. Kuinka voit selvitt\u00e4\u00e4, mitk\u00e4 hotellit sijaitsevat reittisi varrella mahdollisimman helposti? Se on yksinkertaista: k\u00e4ytt\u00e4m\u00e4ll\u00e4 HelloRoadTrip.comin automatkasuunnittelijaa! T\u00e4m\u00e4 suunnittelija varmistaa, ett\u00e4 l\u00f6yd\u00e4t kaikki hyv\u00e4t hotellit reittisi varrella hetkess\u00e4. Varaatko sitten haluamasi y\u00f6n hotellissa? Voit saada hintaan houkuttelevan alennuksen!<\/p>\n","protected":false},"excerpt":{"rendered":"<p>Miksi viett\u00e4isit y\u00f6si hotellissa automatkasi aikana? Siihen on olemassa useita eri syit\u00e4. Suomalaiset pit\u00e4v\u00e4t autolla matkustamisesta ja eiv\u00e4tk\u00e4 vain siit\u00e4 syyst\u00e4, ett\u00e4 sill\u00e4 tavoin he voivat n\u00e4hd\u00e4 vierasta maata mahdollisimman paljon loman aikana. On my\u00f6s totta, ett\u00e4 automatkan aikana ajat usein huomattaviakin et\u00e4isyyksi\u00e4 \u2013 esimerkiksi Ven\u00e4j\u00e4ll\u00e4, joka on maa, jota useat suomalaiset haluavat tutkia. T\u00e4m\u00e4n &#8230; <a title=\"Y\u00f6pymisen varaaminen nopeasti ja helposti\" class=\"read-more\" href=\"https:\/\/www.helloroadtrip.com\/fi\/yopymisen-varaaminen-nopeasti-ja-helposti\/\" aria-label=\"Lis\u00e4\u00e4 Y\u00f6pymisen varaaminen nopeasti ja helposti\">Lue lis\u00e4\u00e4<\/a><\/p>\n","protected":false},"author":1,"featured_media":0,"parent":0,"menu_order":0,"comment_status":"open","ping_status":"closed","template":"","meta":{"footnotes":""},"class_list":["post-223","page","type-page","status-publish"],"yoast_head":"<!-- This site is optimized with the Yoast SEO plugin v27.4 - https:\/\/yoast.com\/product\/yoast-seo-wordpress\/ -->\n<title>Y\u00f6pymisen varaaminen nopeasti ja helposti - Hello Road Trip .com<\/title>\n<meta name=\"description\" content=\"Oletko varaamassa y\u00f6t\u00e4 hotellista? \u2705 Varaa kaikki hotellimajoitukset automatkallesi helposti, nopeasti ja edullisesti HelloRoadTrip.com ilta!\" \/>\n<meta name=\"robots\" content=\"index, follow, max-snippet:-1, max-image-preview:large, max-video-preview:-1\" \/>\n<link rel=\"canonical\" href=\"https:\/\/www.helloroadtrip.com\/fi\/yopymisen-varaaminen-nopeasti-ja-helposti\/\" \/>\n<meta property=\"og:locale\" content=\"fi_FI\" \/>\n<meta property=\"og:type\" content=\"article\" \/>\n<meta property=\"og:title\" content=\"Y\u00f6pymisen varaaminen nopeasti ja helposti - Hello Road Trip .com\" \/>\n<meta property=\"og:description\" content=\"Oletko varaamassa y\u00f6t\u00e4 hotellista? \u2705 Varaa kaikki hotellimajoitukset automatkallesi helposti, nopeasti ja edullisesti HelloRoadTrip.com ilta!\" \/>\n<meta property=\"og:url\" content=\"https:\/\/www.helloroadtrip.com\/fi\/yopymisen-varaaminen-nopeasti-ja-helposti\/\" \/>\n<meta property=\"og:site_name\" content=\"Hello Road Trip .com\" \/>\n<meta property=\"article:modified_time\" content=\"2020-06-05T10:04:48+00:00\" \/>\n<meta name=\"twitter:card\" content=\"summary_large_image\" \/>\n<meta name=\"twitter:label1\" content=\"Arvioitu lukuaika\" \/>\n\t<meta name=\"twitter:data1\" content=\"2 minuuttia\" \/>\n<script type=\"application\/ld+json\" class=\"yoast-schema-graph\">{\"@context\":\"https:\\\/\\\/schema.org\",\"@graph\":[{\"@type\":\"WebPage\",\"@id\":\"https:\\\/\\\/www.helloroadtrip.com\\\/fi\\\/yopymisen-varaaminen-nopeasti-ja-helposti\\\/\",\"url\":\"https:\\\/\\\/www.helloroadtrip.com\\\/fi\\\/yopymisen-varaaminen-nopeasti-ja-helposti\\\/\",\"name\":\"Y\u00f6pymisen varaaminen nopeasti ja helposti - Hello Road Trip .com\",\"isPartOf\":{\"@id\":\"https:\\\/\\\/www.helloroadtrip.com\\\/#website\"},\"datePublished\":\"2020-05-12T11:49:30+00:00\",\"dateModified\":\"2020-06-05T10:04:48+00:00\",\"description\":\"Oletko varaamassa y\u00f6t\u00e4 hotellista? \u2705 Varaa kaikki hotellimajoitukset automatkallesi helposti, nopeasti ja edullisesti HelloRoadTrip.com ilta!\",\"breadcrumb\":{\"@id\":\"https:\\\/\\\/www.helloroadtrip.com\\\/fi\\\/yopymisen-varaaminen-nopeasti-ja-helposti\\\/#breadcrumb\"},\"inLanguage\":\"fi\",\"potentialAction\":[{\"@type\":\"ReadAction\",\"target\":[\"https:\\\/\\\/www.helloroadtrip.com\\\/fi\\\/yopymisen-varaaminen-nopeasti-ja-helposti\\\/\"]}]},{\"@type\":\"BreadcrumbList\",\"@id\":\"https:\\\/\\\/www.helloroadtrip.com\\\/fi\\\/yopymisen-varaaminen-nopeasti-ja-helposti\\\/#breadcrumb\",\"itemListElement\":[{\"@type\":\"ListItem\",\"position\":1,\"name\":\"Home\",\"item\":\"https:\\\/\\\/www.helloroadtrip.com\\\/fi\\\/\"},{\"@type\":\"ListItem\",\"position\":2,\"name\":\"Y\u00f6pymisen varaaminen nopeasti ja helposti\"}]},{\"@type\":\"WebSite\",\"@id\":\"https:\\\/\\\/www.helloroadtrip.com\\\/#website\",\"url\":\"https:\\\/\\\/www.helloroadtrip.com\\\/\",\"name\":\"Hello Road Trip .com\",\"description\":\"Find Hotels On Your Route\",\"publisher\":{\"@id\":\"https:\\\/\\\/www.helloroadtrip.com\\\/#organization\"},\"potentialAction\":[{\"@type\":\"SearchAction\",\"target\":{\"@type\":\"EntryPoint\",\"urlTemplate\":\"https:\\\/\\\/www.helloroadtrip.com\\\/?s={search_term_string}\"},\"query-input\":{\"@type\":\"PropertyValueSpecification\",\"valueRequired\":true,\"valueName\":\"search_term_string\"}}],\"inLanguage\":\"fi\"},{\"@type\":\"Organization\",\"@id\":\"https:\\\/\\\/www.helloroadtrip.com\\\/#organization\",\"name\":\"Hello Road Trip .com\",\"url\":\"https:\\\/\\\/www.helloroadtrip.com\\\/\",\"logo\":{\"@type\":\"ImageObject\",\"inLanguage\":\"fi\",\"@id\":\"https:\\\/\\\/www.helloroadtrip.com\\\/#\\\/schema\\\/logo\\\/image\\\/\",\"url\":\"https:\\\/\\\/www.helloroadtrip.com\\\/wp-content\\\/uploads\\\/2020\\\/03\\\/HelloRoadtrip-com-logo.jpg\",\"contentUrl\":\"https:\\\/\\\/www.helloroadtrip.com\\\/wp-content\\\/uploads\\\/2020\\\/03\\\/HelloRoadtrip-com-logo.jpg\",\"width\":300,\"height\":81,\"caption\":\"Hello Road Trip .com\"},\"image\":{\"@id\":\"https:\\\/\\\/www.helloroadtrip.com\\\/#\\\/schema\\\/logo\\\/image\\\/\"}}]}<\/script>\n<!-- \/ Yoast SEO plugin. -->","yoast_head_json":{"title":"Y\u00f6pymisen varaaminen nopeasti ja helposti - Hello Road Trip .com","description":"Oletko varaamassa y\u00f6t\u00e4 hotellista? \u2705 Varaa kaikki hotellimajoitukset automatkallesi helposti, nopeasti ja edullisesti HelloRoadTrip.com ilta!","robots":{"index":"index","follow":"follow","max-snippet":"max-snippet:-1","max-image-preview":"max-image-preview:large","max-video-preview":"max-video-preview:-1"},"canonical":"https:\/\/www.helloroadtrip.com\/fi\/yopymisen-varaaminen-nopeasti-ja-helposti\/","og_locale":"fi_FI","og_type":"article","og_title":"Y\u00f6pymisen varaaminen nopeasti ja helposti - Hello Road Trip .com","og_description":"Oletko varaamassa y\u00f6t\u00e4 hotellista? \u2705 Varaa kaikki hotellimajoitukset automatkallesi helposti, nopeasti ja edullisesti HelloRoadTrip.com ilta!","og_url":"https:\/\/www.helloroadtrip.com\/fi\/yopymisen-varaaminen-nopeasti-ja-helposti\/","og_site_name":"Hello Road Trip .com","article_modified_time":"2020-06-05T10:04:48+00:00","twitter_card":"summary_large_image","twitter_misc":{"Arvioitu lukuaika":"2 minuuttia"},"schema":{"@context":"https:\/\/schema.org","@graph":[{"@type":"WebPage","@id":"https:\/\/www.helloroadtrip.com\/fi\/yopymisen-varaaminen-nopeasti-ja-helposti\/","url":"https:\/\/www.helloroadtrip.com\/fi\/yopymisen-varaaminen-nopeasti-ja-helposti\/","name":"Y\u00f6pymisen varaaminen nopeasti ja helposti - Hello Road Trip .com","isPartOf":{"@id":"https:\/\/www.helloroadtrip.com\/#website"},"datePublished":"2020-05-12T11:49:30+00:00","dateModified":"2020-06-05T10:04:48+00:00","description":"Oletko varaamassa y\u00f6t\u00e4 hotellista? \u2705 Varaa kaikki hotellimajoitukset automatkallesi helposti, nopeasti ja edullisesti HelloRoadTrip.com ilta!","breadcrumb":{"@id":"https:\/\/www.helloroadtrip.com\/fi\/yopymisen-varaaminen-nopeasti-ja-helposti\/#breadcrumb"},"inLanguage":"fi","potentialAction":[{"@type":"ReadAction","target":["https:\/\/www.helloroadtrip.com\/fi\/yopymisen-varaaminen-nopeasti-ja-helposti\/"]}]},{"@type":"BreadcrumbList","@id":"https:\/\/www.helloroadtrip.com\/fi\/yopymisen-varaaminen-nopeasti-ja-helposti\/#breadcrumb","itemListElement":[{"@type":"ListItem","position":1,"name":"Home","item":"https:\/\/www.helloroadtrip.com\/fi\/"},{"@type":"ListItem","position":2,"name":"Y\u00f6pymisen varaaminen nopeasti ja helposti"}]},{"@type":"WebSite","@id":"https:\/\/www.helloroadtrip.com\/#website","url":"https:\/\/www.helloroadtrip.com\/","name":"Hello Road Trip .com","description":"Find Hotels On Your Route","publisher":{"@id":"https:\/\/www.helloroadtrip.com\/#organization"},"potentialAction":[{"@type":"SearchAction","target":{"@type":"EntryPoint","urlTemplate":"https:\/\/www.helloroadtrip.com\/?s={search_term_string}"},"query-input":{"@type":"PropertyValueSpecification","valueRequired":true,"valueName":"search_term_string"}}],"inLanguage":"fi"},{"@type":"Organization","@id":"https:\/\/www.helloroadtrip.com\/#organization","name":"Hello Road Trip .com","url":"https:\/\/www.helloroadtrip.com\/","logo":{"@type":"ImageObject","inLanguage":"fi","@id":"https:\/\/www.helloroadtrip.com\/#\/schema\/logo\/image\/","url":"https:\/\/www.helloroadtrip.com\/wp-content\/uploads\/2020\/03\/HelloRoadtrip-com-logo.jpg","contentUrl":"https:\/\/www.helloroadtrip.com\/wp-content\/uploads\/2020\/03\/HelloRoadtrip-com-logo.jpg","width":300,"height":81,"caption":"Hello Road Trip .com"},"image":{"@id":"https:\/\/www.helloroadtrip.com\/#\/schema\/logo\/image\/"}}]}},"_links":{"self":[{"href":"https:\/\/www.helloroadtrip.com\/fi\/wp-json\/wp\/v2\/pages\/223","targetHints":{"allow":["GET"]}}],"collection":[{"href":"https:\/\/www.helloroadtrip.com\/fi\/wp-json\/wp\/v2\/pages"}],"about":[{"href":"https:\/\/www.helloroadtrip.com\/fi\/wp-json\/wp\/v2\/types\/page"}],"author":[{"embeddable":true,"href":"https:\/\/www.helloroadtrip.com\/fi\/wp-json\/wp\/v2\/users\/1"}],"replies":[{"embeddable":true,"href":"https:\/\/www.helloroadtrip.com\/fi\/wp-json\/wp\/v2\/comments?post=223"}],"version-history":[{"count":2,"href":"https:\/\/www.helloroadtrip.com\/fi\/wp-json\/wp\/v2\/pages\/223\/revisions"}],"predecessor-version":[{"id":256,"href":"https:\/\/www.helloroadtrip.com\/fi\/wp-json\/wp\/v2\/pages\/223\/revisions\/256"}],"wp:attachment":[{"href":"https:\/\/www.helloroadtrip.com\/fi\/wp-json\/wp\/v2\/media?parent=223"}],"curies":[{"name":"wp","href":"https:\/\/api.w.org\/{rel}","templated":true}]}}