{"id":130,"date":"2020-04-17T09:00:27","date_gmt":"2020-04-17T09:00:27","guid":{"rendered":"https:\/\/www.helloroadtrip.com\/?page_id=130"},"modified":"2020-06-05T10:08:19","modified_gmt":"2020-06-05T10:08:19","slug":"bruk-road-trip-planleggeren-for-din-neste-road-trip","status":"publish","type":"page","link":"https:\/\/www.helloroadtrip.com\/no\/bruk-road-trip-planleggeren-for-din-neste-road-trip\/","title":{"rendered":"Bruk road trip-planleggeren for din neste road trip"},"content":{"rendered":"\n<div class=\"ttWrapper\"><\/div>\r\n<link href=\"https:\/\/ajax.googleapis.com\/ajax\/libs\/jqueryui\/1.11.4\/themes\/smoothness\/jquery-ui.css\" rel=\"stylesheet\" \/>\r\n<link href=\"https:\/\/www.tussenstop.com\/tool-3\/assets\/css\/V3\/bundle.min.css\" rel=\"stylesheet\" \/>\r\n<script src=\"https:\/\/ajax.googleapis.com\/ajax\/libs\/jquery\/3.7.1\/jquery.min.js\"><\/script>\r\n<script src=\"https:\/\/ajax.googleapis.com\/ajax\/libs\/jqueryui\/1.11.4\/jquery-ui.min.js\"><\/script>\r\n<script src=\"https:\/\/www.tussenstop.com\/tool-3\/assets\/vendor\/here\/bundle.js\"><\/script>\r\n<script src=\"https:\/\/www.tussenstop.com\/tool-3\/assets\/vendor\/pico\/pico.min.js\"><\/script>\r\n<script src=\"https:\/\/www.tussenstop.com\/tool-3\/assets\/js\/V3\/bundle.min.js\"><\/script>\r\n<script>\r\n $(\".ttWrapper\").tussenstop({\r\n                        host: \"www.helloroadtrip.com\",\r\n                        mapLanguage: \"no\",\r\n                        politicalView: \"NOR\",\r\n                        language: \"nn-NN\",\r\n                      partners: \"https:\/\/www.tussenstop.com\/tool-3\/hrpartners.php\",\r\noutbound: {\r\n                            active: true,\r\n                            timeout: 1500,\r\n                            img: \"https:\/\/www.helloroadtrip.com\/wp-content\/uploads\/2020\/03\/HelloRoadtrip-com-logo.jpg\"\r\n                        }\r\n                    });\r\n<\/script>\n\n\n\n<p>Nordmenn\u00a0liker\u00a0ofte\u00a0\u00e5 dra p\u00e5 ferie med bil.\u00a0Noen av de mest popul\u00e6re landene \u00e5 dra p\u00e5 biltur er Finland, Sverige og Russland.\u00a0Den direkte n\u00e6rheten til disse landene er selvf\u00f8lgelig grunnen til dette.\u00a0N\u00e5r det er sagt, har spesielt Island ogs\u00e5 vunnet betydelig popularitet i Norge de siste \u00e5rene som destinasjon for en biltur.\u00a0Planlegger du en ny ferie, men kan du bruke litt hjelp til det?\u00a0D\u00a0avdekke mulighetene for v\u00e5r road trip-planlegger!<\/p>\n\n\n\n<h2 class=\"wp-block-heading\">Hvordan skal du tilbringe natten under din roadtrip?<\/h2>\n\n\n\n<p>Et viktig\nsp\u00f8rsm\u00e5l du b\u00f8r stille deg selv om din neste biltur har \u00e5 gj\u00f8re med m\u00e5ten du\nvil tilbringe natten p\u00e5.&nbsp;Det sier seg selv at en overnatting p\u00e5 et hotell\ner det desidert mest popul\u00e6re valget i dette omr\u00e5det.&nbsp;N\u00e5r det er sagt, er\ndet mange andre overnattingssteder som ogs\u00e5 kan bookes.&nbsp;Tenk ikke bare p\u00e5\nen fin leilighet, men ogs\u00e5 for eksempel en bed &amp; breakfast.&nbsp;Hvordan du\n\u00f8nsker \u00e5 tilbringe natten under din roadtrip, avhenger alltid ikke\nbare&nbsp;av&nbsp;ditt tilgjengelige budsjett, men ogs\u00e5 dine personlige\npreferanser.&nbsp;I alle fall, uansett hva du \u00f8nsker \u00e5 tilbringe natten, kan\nv\u00e5r turplanlegger hjelpe deg.<\/p>\n\n\n\n<h2 class=\"wp-block-heading\">Hva kan v\u00e5r turplanlegger gj\u00f8re for deg?<\/h2>\n\n\n\n<p>Ved \u00e5 bruke en\nroad trip-planlegger som du finner her p\u00e5 HelloRoadTrip.com er det mulig \u00e5\nraskt og enkelt finne fine overnattingsadresser langs ruten for din road\ntrip.&nbsp;Ikke bare hoteller, men ogs\u00e5 leiligheter og bed &amp;\nbreakfast.&nbsp;Dette sikrer at&nbsp;du&nbsp;kan holde deg akkurat slik du\nforetrekker.<\/p>\n\n\n\n<h2 class=\"wp-block-heading\">Hvordan fungerer road trip-planleggeren n\u00f8yaktig?<\/h2>\n\n\n\n<p>For \u00e5 finne\nfine overnatting adresser som ligger langs ruten for langtur,&nbsp;m\u00e5 du\ngi&nbsp;litt&nbsp;inforasjon.&nbsp;Dette er veldig enkel informasjon som enkelt\nkan legges inn av hvem som helst.&nbsp;For eksempel:&nbsp;stedet for avreise og\nankomst for din biltur, men antall timer du vil kj\u00f8re per dag.&nbsp;N\u00e5r du har\nlagt inn denne informasjonen, vil systemet umiddelbart gi deg en oversikt over\nalle overnattingsstedene som oppfyller dine krav.&nbsp;Har du funnet et fint\nsted \u00e5 bo ved hjelp av v\u00e5r road trip-planlegger som du \u00f8nsker \u00e5 bestille med en\ngang?&nbsp;Th&nbsp;at&nbsp;ogs\u00e5 er perfekt mulig!<\/p>\n\n\n\n<h2 class=\"wp-block-heading\">Bestill \u00f8nsket bolig (er) med en gang<\/h2>\n\n\n\n<p>Sjansen er\nstor for at ved \u00e5 bruke v\u00e5r road trip-planlegger vil du umiddelbart finne flere\nhoteller eller andre overnattingssteder som tilfredsstiller dine\nforventninger.&nbsp;Det kan v\u00e6re lurt&nbsp;\u00e5 bestille en eller muligens enda\nflere av disse overnattingsstedene med en gang.&nbsp;Det er fullt\nmulig.&nbsp;Ved \u00e5 bestille overnatting via HelloRoadTrip.com vil du ikke bare\nkunne gj\u00f8re bookingen raskt og enkelt, du vil ogs\u00e5 kunne glede deg over en\nutmerket pris.<\/p>\n\n\n\n<p>Bookingen du\ngj\u00f8r via HelloRoadTrip.com gj\u00f8res alltid via et p\u00e5litelig\nreservasjonsnettsted.&nbsp;Dette sikrer at&nbsp;riktig&nbsp;bestilling alltid\ner garanti&nbsp;d!&nbsp;N\u00e5r du bestiller,&nbsp;vil ikke prisen\nbli&nbsp;p\u00e5virket av dagens tilbud og ettersp\u00f8rsel.&nbsp;Dette sikrer at du\nvanligvis kan bestille alle overnattingsadressene dine for din biltur til en\nveldig interessant pris.<\/p>\n","protected":false},"excerpt":{"rendered":"<p>Nordmenn\u00a0liker\u00a0ofte\u00a0\u00e5 dra p\u00e5 ferie med bil.\u00a0Noen av de mest popul\u00e6re landene \u00e5 dra p\u00e5 biltur er Finland, Sverige og Russland.\u00a0Den direkte n\u00e6rheten til disse landene er selvf\u00f8lgelig grunnen til dette.\u00a0N\u00e5r det er sagt, har spesielt Island ogs\u00e5 vunnet betydelig popularitet i Norge de siste \u00e5rene som destinasjon for en biltur.\u00a0Planlegger du en ny ferie, men &#8230; <a title=\"Bruk road trip-planleggeren for din neste road trip\" class=\"read-more\" href=\"https:\/\/www.helloroadtrip.com\/no\/bruk-road-trip-planleggeren-for-din-neste-road-trip\/\" aria-label=\"Mer p\u00e5 Bruk road trip-planleggeren for din neste road trip\">Les mer<\/a><\/p>\n","protected":false},"author":1,"featured_media":0,"parent":0,"menu_order":0,"comment_status":"closed","ping_status":"closed","template":"","meta":{"footnotes":""},"class_list":["post-130","page","type-page","status-publish"],"yoast_head":"<!-- This site is optimized with the Yoast SEO plugin v27.4 - https:\/\/yoast.com\/product\/yoast-seo-wordpress\/ -->\n<title>Bruk road trip-planleggeren for din neste road trip - Hello Road Trip .com<\/title>\n<meta name=\"description\" content=\"Denne road trip-planleggeren gj\u00f8r det mulig \u00e5 bestille alle overnattingssteder for din road trip. \u2705 Bestill dem raskt, billig ly og trygt ly p\u00e5 HelloRoadTrip.com!\" \/>\n<meta name=\"robots\" content=\"index, follow, max-snippet:-1, max-image-preview:large, max-video-preview:-1\" \/>\n<link rel=\"canonical\" href=\"https:\/\/www.helloroadtrip.com\/no\/bruk-road-trip-planleggeren-for-din-neste-road-trip\/\" \/>\n<meta property=\"og:locale\" content=\"nb_NO\" \/>\n<meta property=\"og:type\" content=\"article\" \/>\n<meta property=\"og:title\" content=\"Bruk road trip-planleggeren for din neste road trip - Hello Road Trip .com\" \/>\n<meta property=\"og:description\" content=\"Denne road trip-planleggeren gj\u00f8r det mulig \u00e5 bestille alle overnattingssteder for din road trip. \u2705 Bestill dem raskt, billig ly og trygt ly p\u00e5 HelloRoadTrip.com!\" \/>\n<meta property=\"og:url\" content=\"https:\/\/www.helloroadtrip.com\/no\/bruk-road-trip-planleggeren-for-din-neste-road-trip\/\" \/>\n<meta property=\"og:site_name\" content=\"Hello Road Trip .com\" \/>\n<meta property=\"article:modified_time\" content=\"2020-06-05T10:08:19+00:00\" \/>\n<meta name=\"twitter:card\" content=\"summary_large_image\" \/>\n<meta name=\"twitter:label1\" content=\"Ansl. lesetid\" \/>\n\t<meta name=\"twitter:data1\" content=\"3 minutter\" \/>\n<script type=\"application\/ld+json\" class=\"yoast-schema-graph\">{\"@context\":\"https:\\\/\\\/schema.org\",\"@graph\":[{\"@type\":\"WebPage\",\"@id\":\"https:\\\/\\\/www.helloroadtrip.com\\\/no\\\/bruk-road-trip-planleggeren-for-din-neste-road-trip\\\/\",\"url\":\"https:\\\/\\\/www.helloroadtrip.com\\\/no\\\/bruk-road-trip-planleggeren-for-din-neste-road-trip\\\/\",\"name\":\"Bruk road trip-planleggeren for din neste road trip - Hello Road Trip .com\",\"isPartOf\":{\"@id\":\"https:\\\/\\\/www.helloroadtrip.com\\\/#website\"},\"datePublished\":\"2020-04-17T09:00:27+00:00\",\"dateModified\":\"2020-06-05T10:08:19+00:00\",\"description\":\"Denne road trip-planleggeren gj\u00f8r det mulig \u00e5 bestille alle overnattingssteder for din road trip. \u2705 Bestill dem raskt, billig ly og trygt ly p\u00e5 HelloRoadTrip.com!\",\"breadcrumb\":{\"@id\":\"https:\\\/\\\/www.helloroadtrip.com\\\/no\\\/bruk-road-trip-planleggeren-for-din-neste-road-trip\\\/#breadcrumb\"},\"inLanguage\":\"nb-NO\",\"potentialAction\":[{\"@type\":\"ReadAction\",\"target\":[\"https:\\\/\\\/www.helloroadtrip.com\\\/no\\\/bruk-road-trip-planleggeren-for-din-neste-road-trip\\\/\"]}]},{\"@type\":\"BreadcrumbList\",\"@id\":\"https:\\\/\\\/www.helloroadtrip.com\\\/no\\\/bruk-road-trip-planleggeren-for-din-neste-road-trip\\\/#breadcrumb\",\"itemListElement\":[{\"@type\":\"ListItem\",\"position\":1,\"name\":\"Home\",\"item\":\"https:\\\/\\\/www.helloroadtrip.com\\\/no\\\/\"},{\"@type\":\"ListItem\",\"position\":2,\"name\":\"Bruk road trip-planleggeren for din neste road trip\"}]},{\"@type\":\"WebSite\",\"@id\":\"https:\\\/\\\/www.helloroadtrip.com\\\/#website\",\"url\":\"https:\\\/\\\/www.helloroadtrip.com\\\/\",\"name\":\"Hello Road Trip .com\",\"description\":\"Find Hotels On Your Route\",\"publisher\":{\"@id\":\"https:\\\/\\\/www.helloroadtrip.com\\\/#organization\"},\"potentialAction\":[{\"@type\":\"SearchAction\",\"target\":{\"@type\":\"EntryPoint\",\"urlTemplate\":\"https:\\\/\\\/www.helloroadtrip.com\\\/?s={search_term_string}\"},\"query-input\":{\"@type\":\"PropertyValueSpecification\",\"valueRequired\":true,\"valueName\":\"search_term_string\"}}],\"inLanguage\":\"nb-NO\"},{\"@type\":\"Organization\",\"@id\":\"https:\\\/\\\/www.helloroadtrip.com\\\/#organization\",\"name\":\"Hello Road Trip .com\",\"url\":\"https:\\\/\\\/www.helloroadtrip.com\\\/\",\"logo\":{\"@type\":\"ImageObject\",\"inLanguage\":\"nb-NO\",\"@id\":\"https:\\\/\\\/www.helloroadtrip.com\\\/#\\\/schema\\\/logo\\\/image\\\/\",\"url\":\"https:\\\/\\\/www.helloroadtrip.com\\\/wp-content\\\/uploads\\\/2020\\\/03\\\/HelloRoadtrip-com-logo.jpg\",\"contentUrl\":\"https:\\\/\\\/www.helloroadtrip.com\\\/wp-content\\\/uploads\\\/2020\\\/03\\\/HelloRoadtrip-com-logo.jpg\",\"width\":300,\"height\":81,\"caption\":\"Hello Road Trip .com\"},\"image\":{\"@id\":\"https:\\\/\\\/www.helloroadtrip.com\\\/#\\\/schema\\\/logo\\\/image\\\/\"}}]}<\/script>\n<!-- \/ Yoast SEO plugin. -->","yoast_head_json":{"title":"Bruk road trip-planleggeren for din neste road trip - Hello Road Trip .com","description":"Denne road trip-planleggeren gj\u00f8r det mulig \u00e5 bestille alle overnattingssteder for din road trip. \u2705 Bestill dem raskt, billig ly og trygt ly p\u00e5 HelloRoadTrip.com!","robots":{"index":"index","follow":"follow","max-snippet":"max-snippet:-1","max-image-preview":"max-image-preview:large","max-video-preview":"max-video-preview:-1"},"canonical":"https:\/\/www.helloroadtrip.com\/no\/bruk-road-trip-planleggeren-for-din-neste-road-trip\/","og_locale":"nb_NO","og_type":"article","og_title":"Bruk road trip-planleggeren for din neste road trip - Hello Road Trip .com","og_description":"Denne road trip-planleggeren gj\u00f8r det mulig \u00e5 bestille alle overnattingssteder for din road trip. \u2705 Bestill dem raskt, billig ly og trygt ly p\u00e5 HelloRoadTrip.com!","og_url":"https:\/\/www.helloroadtrip.com\/no\/bruk-road-trip-planleggeren-for-din-neste-road-trip\/","og_site_name":"Hello Road Trip .com","article_modified_time":"2020-06-05T10:08:19+00:00","twitter_card":"summary_large_image","twitter_misc":{"Ansl. lesetid":"3 minutter"},"schema":{"@context":"https:\/\/schema.org","@graph":[{"@type":"WebPage","@id":"https:\/\/www.helloroadtrip.com\/no\/bruk-road-trip-planleggeren-for-din-neste-road-trip\/","url":"https:\/\/www.helloroadtrip.com\/no\/bruk-road-trip-planleggeren-for-din-neste-road-trip\/","name":"Bruk road trip-planleggeren for din neste road trip - Hello Road Trip .com","isPartOf":{"@id":"https:\/\/www.helloroadtrip.com\/#website"},"datePublished":"2020-04-17T09:00:27+00:00","dateModified":"2020-06-05T10:08:19+00:00","description":"Denne road trip-planleggeren gj\u00f8r det mulig \u00e5 bestille alle overnattingssteder for din road trip. \u2705 Bestill dem raskt, billig ly og trygt ly p\u00e5 HelloRoadTrip.com!","breadcrumb":{"@id":"https:\/\/www.helloroadtrip.com\/no\/bruk-road-trip-planleggeren-for-din-neste-road-trip\/#breadcrumb"},"inLanguage":"nb-NO","potentialAction":[{"@type":"ReadAction","target":["https:\/\/www.helloroadtrip.com\/no\/bruk-road-trip-planleggeren-for-din-neste-road-trip\/"]}]},{"@type":"BreadcrumbList","@id":"https:\/\/www.helloroadtrip.com\/no\/bruk-road-trip-planleggeren-for-din-neste-road-trip\/#breadcrumb","itemListElement":[{"@type":"ListItem","position":1,"name":"Home","item":"https:\/\/www.helloroadtrip.com\/no\/"},{"@type":"ListItem","position":2,"name":"Bruk road trip-planleggeren for din neste road trip"}]},{"@type":"WebSite","@id":"https:\/\/www.helloroadtrip.com\/#website","url":"https:\/\/www.helloroadtrip.com\/","name":"Hello Road Trip .com","description":"Find Hotels On Your Route","publisher":{"@id":"https:\/\/www.helloroadtrip.com\/#organization"},"potentialAction":[{"@type":"SearchAction","target":{"@type":"EntryPoint","urlTemplate":"https:\/\/www.helloroadtrip.com\/?s={search_term_string}"},"query-input":{"@type":"PropertyValueSpecification","valueRequired":true,"valueName":"search_term_string"}}],"inLanguage":"nb-NO"},{"@type":"Organization","@id":"https:\/\/www.helloroadtrip.com\/#organization","name":"Hello Road Trip .com","url":"https:\/\/www.helloroadtrip.com\/","logo":{"@type":"ImageObject","inLanguage":"nb-NO","@id":"https:\/\/www.helloroadtrip.com\/#\/schema\/logo\/image\/","url":"https:\/\/www.helloroadtrip.com\/wp-content\/uploads\/2020\/03\/HelloRoadtrip-com-logo.jpg","contentUrl":"https:\/\/www.helloroadtrip.com\/wp-content\/uploads\/2020\/03\/HelloRoadtrip-com-logo.jpg","width":300,"height":81,"caption":"Hello Road Trip .com"},"image":{"@id":"https:\/\/www.helloroadtrip.com\/#\/schema\/logo\/image\/"}}]}},"_links":{"self":[{"href":"https:\/\/www.helloroadtrip.com\/no\/wp-json\/wp\/v2\/pages\/130","targetHints":{"allow":["GET"]}}],"collection":[{"href":"https:\/\/www.helloroadtrip.com\/no\/wp-json\/wp\/v2\/pages"}],"about":[{"href":"https:\/\/www.helloroadtrip.com\/no\/wp-json\/wp\/v2\/types\/page"}],"author":[{"embeddable":true,"href":"https:\/\/www.helloroadtrip.com\/no\/wp-json\/wp\/v2\/users\/1"}],"replies":[{"embeddable":true,"href":"https:\/\/www.helloroadtrip.com\/no\/wp-json\/wp\/v2\/comments?post=130"}],"version-history":[{"count":2,"href":"https:\/\/www.helloroadtrip.com\/no\/wp-json\/wp\/v2\/pages\/130\/revisions"}],"predecessor-version":[{"id":265,"href":"https:\/\/www.helloroadtrip.com\/no\/wp-json\/wp\/v2\/pages\/130\/revisions\/265"}],"wp:attachment":[{"href":"https:\/\/www.helloroadtrip.com\/no\/wp-json\/wp\/v2\/media?parent=130"}],"curies":[{"name":"wp","href":"https:\/\/api.w.org\/{rel}","templated":true}]}}