{"id":132,"date":"2020-04-17T09:02:35","date_gmt":"2020-04-17T09:02:35","guid":{"rendered":"https:\/\/www.helloroadtrip.com\/?page_id=132"},"modified":"2020-06-05T10:07:56","modified_gmt":"2020-06-05T10:07:56","slug":"bestiller-en-overnatting-pa-et-hotell-for-din-neste-biltur","status":"publish","type":"page","link":"https:\/\/www.helloroadtrip.com\/no\/bestiller-en-overnatting-pa-et-hotell-for-din-neste-biltur\/","title":{"rendered":"Bestiller en overnatting p\u00e5 et hotell for din neste biltur"},"content":{"rendered":"\n<div class=\"ttWrapper\"><\/div>\r\n<link href=\"https:\/\/ajax.googleapis.com\/ajax\/libs\/jqueryui\/1.11.4\/themes\/smoothness\/jquery-ui.css\" rel=\"stylesheet\" \/>\r\n<link href=\"https:\/\/www.tussenstop.com\/tool-3\/assets\/css\/V3\/bundle.min.css\" rel=\"stylesheet\" \/>\r\n<script src=\"https:\/\/ajax.googleapis.com\/ajax\/libs\/jquery\/3.7.1\/jquery.min.js\"><\/script>\r\n<script src=\"https:\/\/ajax.googleapis.com\/ajax\/libs\/jqueryui\/1.11.4\/jquery-ui.min.js\"><\/script>\r\n<script src=\"https:\/\/www.tussenstop.com\/tool-3\/assets\/vendor\/here\/bundle.js\"><\/script>\r\n<script src=\"https:\/\/www.tussenstop.com\/tool-3\/assets\/vendor\/pico\/pico.min.js\"><\/script>\r\n<script src=\"https:\/\/www.tussenstop.com\/tool-3\/assets\/js\/V3\/bundle.min.js\"><\/script>\r\n<script>\r\n $(\".ttWrapper\").tussenstop({\r\n                        host: \"www.helloroadtrip.com\",\r\n                        mapLanguage: \"no\",\r\n                        politicalView: \"NOR\",\r\n                        language: \"nn-NN\",\r\n                      partners: \"https:\/\/www.tussenstop.com\/tool-3\/hrpartners.php\",\r\noutbound: {\r\n                            active: true,\r\n                            timeout: 1500,\r\n                            img: \"https:\/\/www.helloroadtrip.com\/wp-content\/uploads\/2020\/03\/HelloRoadtrip-com-logo.jpg\"\r\n                        }\r\n                    });\r\n<\/script>\n\n\n\n<p>\u00c5 tilbringe natten p\u00e5 et hotell er noe de fleste reisende fremdeles foretrekker.\u00a0I sammenligning med andre\u00a0hotell overnatting,\u00a0tilbyr\u00a0noen\u00a0kule\u00a0statister.\u00a0Du kan velge mellom\u00a0forskjellige typer rom, alt fra komfortable til direkte luksuri\u00f8se.\u00a0Dette sikrer at det er et hotellrom etter alles smak.\u00a0Dette er imidlertid ikke alt.\u00a0I tillegg kan du glede deg over mange ekstra fasiliteter p\u00e5 et hotell.\u00a0Med litt hell er det til og med et virkelig velv\u00e6resenter tilgjengelig!\u00a0I alle fall vurderer du \u00e5 bestille et overnattingshotell for din neste tur?\u00a0S\u00e5 husk \u00e5\u00a0ta\u00a0inn informasjonen nedenfor!<\/p>\n\n\n\n<h2 class=\"wp-block-heading\">Hvor&nbsp;vil du ta en biltur?<\/h2>\n\n\n\n<p>F\u00f8r du kan\nbestille hotell over natten sier det seg selv at du f\u00f8rst m\u00e5 bestemme deg for\nhvilket land du \u00f8nsker \u00e5&nbsp;bes\u00f8ke.&nbsp;Blant nordmenn er det flere land som\nnyter popularitet i dette omr\u00e5det.&nbsp;Dette\ninkluderer&nbsp;naboland&nbsp;som&nbsp;Sverige, Finland og Russland, men ogs\u00e5\nfor eksempel Island.&nbsp;Gjennom \u00e5rene har sistnevnte blitt et utrolig\npopul\u00e6rt reisem\u00e5l for en biltur.&nbsp;Husk at det ikke alltid er enkelt \u00e5\nbestille hotell over natten p\u00e5 denne \u00f8ya.&nbsp;God&nbsp;planlegging er derfor\nabsolutt p\u00e5krevd.<\/p>\n\n\n\n<h2 class=\"wp-block-heading\">P\u00e5 hvilket hotell vil du overnatte?<\/h2>\n\n\n\n<p>Har du\nallerede bestemt deg for hvilket land du \u00f8nsker \u00e5 bestille bilferie?&nbsp;I s\u00e5\nfall er det p\u00e5 tide \u00e5 fordype seg i \u00e5 bestille et hotell over natten.&nbsp;I\ndag trenger dette ikke \u00e5 ta s\u00e5 mye krefter som det pleide \u00e5 ta, tvert\nimot.&nbsp;Noen ting du absolutt vil ta hensyn til f\u00f8r du bestiller overnatting\np\u00e5 hotell, er f\u00f8lgende:<\/p>\n\n\n\n<p>1.&nbsp;Hvor\nmye budsjett har du tilgjengelig for&nbsp;ditt&nbsp;opphold p\u00e5\nhotell?&nbsp;&nbsp;&nbsp;&nbsp;&nbsp;&nbsp;&nbsp;&nbsp;&nbsp;&nbsp;&nbsp;&nbsp;&nbsp;<\/p>\n\n\n\n<p>2.&nbsp;Hvilke\nkrav m\u00e5 hotellet du velger,\noppfylle?&nbsp;&nbsp;&nbsp;&nbsp;&nbsp;&nbsp;&nbsp;&nbsp;&nbsp;&nbsp;&nbsp;&nbsp;&nbsp;<\/p>\n\n\n\n<p>3.&nbsp;Hvor\nn\u00f8yaktig skal hotellet ditt\nligge?&nbsp;&nbsp;&nbsp;&nbsp;&nbsp;&nbsp;&nbsp;&nbsp;&nbsp;&nbsp;&nbsp;&nbsp;&nbsp;<\/p>\n\n\n\n<p>Du kan vurdere\n\u00e5 bestille hotell&nbsp;i sentrum av en fin by, men det er selvf\u00f8lgelig ogs\u00e5\nmulig \u00e5 bruke et hotell som du finner p\u00e5 motorveien.&nbsp;Hvilket alternativ du\nforetrekker er&nbsp;et personlig valg!<\/p>\n\n\n\n<h2 class=\"wp-block-heading\">Bestilling av hotell for en overnatting under din biltur<\/h2>\n\n\n\n<p>I l\u00f8pet av\ns\u00f8ket etter et passende sted \u00e5 bestille et overnattingshotell, vil du v\u00e6re\nspesielt oppmerksom p\u00e5 hvor hotellet skal ligge.&nbsp;Dette m\u00e5 v\u00e6re\nunderveis.&nbsp;Dette var en av de&nbsp;vanligste&nbsp;frustrasjonene blant\nfolk som \u00f8nsket \u00e5 bestille bilferie.&nbsp;De m\u00e5tte investere utrolig mye tid og\nkrefter p\u00e5 \u00e5 finne passende innkvartering langs ruten.&nbsp;Heldigvis har dette\nendret seg i dag.&nbsp;Ved \u00e5 bruke mulighetene som tilbys her p\u00e5\nHelloRoadTrip.com kan du&nbsp;enkelt bestille&nbsp;et hyggelig hotell som\nligger perfekt til langs ruten.<\/p>\n\n\n\n<h2 class=\"wp-block-heading\">Reserver overnatting hotell med en attraktiv rabatt!<\/h2>\n\n\n\n<p>Planlegger du ogs\u00e5 \u00e5 bestille et hotell over natten, men vil du forsikre deg om at hotellet du skal bo p\u00e5 ligger langs ruten for din&nbsp;biltur?&nbsp;Bruk&nbsp;v\u00e5r praktiske road trip-planlegger!&nbsp;Dette&nbsp;er&nbsp;utrolig enkelt.&nbsp;Det eneste du m\u00e5 indikere er avgangsstedet og sluttpunktet for din biltur sammen med den n\u00f8yaktige tiden du vil kj\u00f8re.&nbsp;Resultatet er en praktisk oversikt over fine hotell&nbsp;for&nbsp;din kommende bobilferie eller bilferie. <\/p>\n","protected":false},"excerpt":{"rendered":"<p>\u00c5 tilbringe natten p\u00e5 et hotell er noe de fleste reisende fremdeles foretrekker.\u00a0I sammenligning med andre\u00a0hotell overnatting,\u00a0tilbyr\u00a0noen\u00a0kule\u00a0statister.\u00a0Du kan velge mellom\u00a0forskjellige typer rom, alt fra komfortable til direkte luksuri\u00f8se.\u00a0Dette sikrer at det er et hotellrom etter alles smak.\u00a0Dette er imidlertid ikke alt.\u00a0I tillegg kan du glede deg over mange ekstra fasiliteter p\u00e5 et hotell.\u00a0Med litt hell &#8230; <a title=\"Bestiller en overnatting p\u00e5 et hotell for din neste biltur\" class=\"read-more\" href=\"https:\/\/www.helloroadtrip.com\/no\/bestiller-en-overnatting-pa-et-hotell-for-din-neste-biltur\/\" aria-label=\"Mer p\u00e5 Bestiller en overnatting p\u00e5 et hotell for din neste biltur\">Les mer<\/a><\/p>\n","protected":false},"author":1,"featured_media":0,"parent":0,"menu_order":0,"comment_status":"open","ping_status":"closed","template":"","meta":{"footnotes":""},"class_list":["post-132","page","type-page","status-publish"],"yoast_head":"<!-- This site is optimized with the Yoast SEO plugin v27.4 - https:\/\/yoast.com\/product\/yoast-seo-wordpress\/ -->\n<title>Bestiller en overnatting p\u00e5 et hotell for din neste biltur<\/title>\n<meta name=\"description\" content=\"\u00c5 bestille hotell over natten uten bekymringer og p\u00e5 den mest \u00f8konomisk interessante m\u00e5ten? \u2705 Det er mulig her p\u00e5 HelloRoadTrip.com!\" \/>\n<meta name=\"robots\" content=\"index, follow, max-snippet:-1, max-image-preview:large, max-video-preview:-1\" \/>\n<link rel=\"canonical\" href=\"https:\/\/www.helloroadtrip.com\/no\/bestiller-en-overnatting-pa-et-hotell-for-din-neste-biltur\/\" \/>\n<meta property=\"og:locale\" content=\"nb_NO\" \/>\n<meta property=\"og:type\" content=\"article\" \/>\n<meta property=\"og:title\" content=\"Bestiller en overnatting p\u00e5 et hotell for din neste biltur\" \/>\n<meta property=\"og:description\" content=\"\u00c5 bestille hotell over natten uten bekymringer og p\u00e5 den mest \u00f8konomisk interessante m\u00e5ten? \u2705 Det er mulig her p\u00e5 HelloRoadTrip.com!\" \/>\n<meta property=\"og:url\" content=\"https:\/\/www.helloroadtrip.com\/no\/bestiller-en-overnatting-pa-et-hotell-for-din-neste-biltur\/\" \/>\n<meta property=\"og:site_name\" content=\"Hello Road Trip .com\" \/>\n<meta property=\"article:modified_time\" content=\"2020-06-05T10:07:56+00:00\" \/>\n<meta name=\"twitter:card\" content=\"summary_large_image\" \/>\n<meta name=\"twitter:label1\" content=\"Ansl. lesetid\" \/>\n\t<meta name=\"twitter:data1\" content=\"3 minutter\" \/>\n<script type=\"application\/ld+json\" class=\"yoast-schema-graph\">{\"@context\":\"https:\\\/\\\/schema.org\",\"@graph\":[{\"@type\":\"WebPage\",\"@id\":\"https:\\\/\\\/www.helloroadtrip.com\\\/no\\\/bestiller-en-overnatting-pa-et-hotell-for-din-neste-biltur\\\/\",\"url\":\"https:\\\/\\\/www.helloroadtrip.com\\\/no\\\/bestiller-en-overnatting-pa-et-hotell-for-din-neste-biltur\\\/\",\"name\":\"Bestiller en overnatting p\u00e5 et hotell for din neste biltur\",\"isPartOf\":{\"@id\":\"https:\\\/\\\/www.helloroadtrip.com\\\/#website\"},\"datePublished\":\"2020-04-17T09:02:35+00:00\",\"dateModified\":\"2020-06-05T10:07:56+00:00\",\"description\":\"\u00c5 bestille hotell over natten uten bekymringer og p\u00e5 den mest \u00f8konomisk interessante m\u00e5ten? \u2705 Det er mulig her p\u00e5 HelloRoadTrip.com!\",\"breadcrumb\":{\"@id\":\"https:\\\/\\\/www.helloroadtrip.com\\\/no\\\/bestiller-en-overnatting-pa-et-hotell-for-din-neste-biltur\\\/#breadcrumb\"},\"inLanguage\":\"nb-NO\",\"potentialAction\":[{\"@type\":\"ReadAction\",\"target\":[\"https:\\\/\\\/www.helloroadtrip.com\\\/no\\\/bestiller-en-overnatting-pa-et-hotell-for-din-neste-biltur\\\/\"]}]},{\"@type\":\"BreadcrumbList\",\"@id\":\"https:\\\/\\\/www.helloroadtrip.com\\\/no\\\/bestiller-en-overnatting-pa-et-hotell-for-din-neste-biltur\\\/#breadcrumb\",\"itemListElement\":[{\"@type\":\"ListItem\",\"position\":1,\"name\":\"Home\",\"item\":\"https:\\\/\\\/www.helloroadtrip.com\\\/no\\\/\"},{\"@type\":\"ListItem\",\"position\":2,\"name\":\"Bestiller en overnatting p\u00e5 et hotell for din neste biltur\"}]},{\"@type\":\"WebSite\",\"@id\":\"https:\\\/\\\/www.helloroadtrip.com\\\/#website\",\"url\":\"https:\\\/\\\/www.helloroadtrip.com\\\/\",\"name\":\"Hello Road Trip .com\",\"description\":\"Find Hotels On Your Route\",\"publisher\":{\"@id\":\"https:\\\/\\\/www.helloroadtrip.com\\\/#organization\"},\"potentialAction\":[{\"@type\":\"SearchAction\",\"target\":{\"@type\":\"EntryPoint\",\"urlTemplate\":\"https:\\\/\\\/www.helloroadtrip.com\\\/?s={search_term_string}\"},\"query-input\":{\"@type\":\"PropertyValueSpecification\",\"valueRequired\":true,\"valueName\":\"search_term_string\"}}],\"inLanguage\":\"nb-NO\"},{\"@type\":\"Organization\",\"@id\":\"https:\\\/\\\/www.helloroadtrip.com\\\/#organization\",\"name\":\"Hello Road Trip .com\",\"url\":\"https:\\\/\\\/www.helloroadtrip.com\\\/\",\"logo\":{\"@type\":\"ImageObject\",\"inLanguage\":\"nb-NO\",\"@id\":\"https:\\\/\\\/www.helloroadtrip.com\\\/#\\\/schema\\\/logo\\\/image\\\/\",\"url\":\"https:\\\/\\\/www.helloroadtrip.com\\\/wp-content\\\/uploads\\\/2020\\\/03\\\/HelloRoadtrip-com-logo.jpg\",\"contentUrl\":\"https:\\\/\\\/www.helloroadtrip.com\\\/wp-content\\\/uploads\\\/2020\\\/03\\\/HelloRoadtrip-com-logo.jpg\",\"width\":300,\"height\":81,\"caption\":\"Hello Road Trip .com\"},\"image\":{\"@id\":\"https:\\\/\\\/www.helloroadtrip.com\\\/#\\\/schema\\\/logo\\\/image\\\/\"}}]}<\/script>\n<!-- \/ Yoast SEO plugin. -->","yoast_head_json":{"title":"Bestiller en overnatting p\u00e5 et hotell for din neste biltur","description":"\u00c5 bestille hotell over natten uten bekymringer og p\u00e5 den mest \u00f8konomisk interessante m\u00e5ten? \u2705 Det er mulig her p\u00e5 HelloRoadTrip.com!","robots":{"index":"index","follow":"follow","max-snippet":"max-snippet:-1","max-image-preview":"max-image-preview:large","max-video-preview":"max-video-preview:-1"},"canonical":"https:\/\/www.helloroadtrip.com\/no\/bestiller-en-overnatting-pa-et-hotell-for-din-neste-biltur\/","og_locale":"nb_NO","og_type":"article","og_title":"Bestiller en overnatting p\u00e5 et hotell for din neste biltur","og_description":"\u00c5 bestille hotell over natten uten bekymringer og p\u00e5 den mest \u00f8konomisk interessante m\u00e5ten? \u2705 Det er mulig her p\u00e5 HelloRoadTrip.com!","og_url":"https:\/\/www.helloroadtrip.com\/no\/bestiller-en-overnatting-pa-et-hotell-for-din-neste-biltur\/","og_site_name":"Hello Road Trip .com","article_modified_time":"2020-06-05T10:07:56+00:00","twitter_card":"summary_large_image","twitter_misc":{"Ansl. lesetid":"3 minutter"},"schema":{"@context":"https:\/\/schema.org","@graph":[{"@type":"WebPage","@id":"https:\/\/www.helloroadtrip.com\/no\/bestiller-en-overnatting-pa-et-hotell-for-din-neste-biltur\/","url":"https:\/\/www.helloroadtrip.com\/no\/bestiller-en-overnatting-pa-et-hotell-for-din-neste-biltur\/","name":"Bestiller en overnatting p\u00e5 et hotell for din neste biltur","isPartOf":{"@id":"https:\/\/www.helloroadtrip.com\/#website"},"datePublished":"2020-04-17T09:02:35+00:00","dateModified":"2020-06-05T10:07:56+00:00","description":"\u00c5 bestille hotell over natten uten bekymringer og p\u00e5 den mest \u00f8konomisk interessante m\u00e5ten? \u2705 Det er mulig her p\u00e5 HelloRoadTrip.com!","breadcrumb":{"@id":"https:\/\/www.helloroadtrip.com\/no\/bestiller-en-overnatting-pa-et-hotell-for-din-neste-biltur\/#breadcrumb"},"inLanguage":"nb-NO","potentialAction":[{"@type":"ReadAction","target":["https:\/\/www.helloroadtrip.com\/no\/bestiller-en-overnatting-pa-et-hotell-for-din-neste-biltur\/"]}]},{"@type":"BreadcrumbList","@id":"https:\/\/www.helloroadtrip.com\/no\/bestiller-en-overnatting-pa-et-hotell-for-din-neste-biltur\/#breadcrumb","itemListElement":[{"@type":"ListItem","position":1,"name":"Home","item":"https:\/\/www.helloroadtrip.com\/no\/"},{"@type":"ListItem","position":2,"name":"Bestiller en overnatting p\u00e5 et hotell for din neste biltur"}]},{"@type":"WebSite","@id":"https:\/\/www.helloroadtrip.com\/#website","url":"https:\/\/www.helloroadtrip.com\/","name":"Hello Road Trip .com","description":"Find Hotels On Your Route","publisher":{"@id":"https:\/\/www.helloroadtrip.com\/#organization"},"potentialAction":[{"@type":"SearchAction","target":{"@type":"EntryPoint","urlTemplate":"https:\/\/www.helloroadtrip.com\/?s={search_term_string}"},"query-input":{"@type":"PropertyValueSpecification","valueRequired":true,"valueName":"search_term_string"}}],"inLanguage":"nb-NO"},{"@type":"Organization","@id":"https:\/\/www.helloroadtrip.com\/#organization","name":"Hello Road Trip .com","url":"https:\/\/www.helloroadtrip.com\/","logo":{"@type":"ImageObject","inLanguage":"nb-NO","@id":"https:\/\/www.helloroadtrip.com\/#\/schema\/logo\/image\/","url":"https:\/\/www.helloroadtrip.com\/wp-content\/uploads\/2020\/03\/HelloRoadtrip-com-logo.jpg","contentUrl":"https:\/\/www.helloroadtrip.com\/wp-content\/uploads\/2020\/03\/HelloRoadtrip-com-logo.jpg","width":300,"height":81,"caption":"Hello Road Trip .com"},"image":{"@id":"https:\/\/www.helloroadtrip.com\/#\/schema\/logo\/image\/"}}]}},"_links":{"self":[{"href":"https:\/\/www.helloroadtrip.com\/no\/wp-json\/wp\/v2\/pages\/132","targetHints":{"allow":["GET"]}}],"collection":[{"href":"https:\/\/www.helloroadtrip.com\/no\/wp-json\/wp\/v2\/pages"}],"about":[{"href":"https:\/\/www.helloroadtrip.com\/no\/wp-json\/wp\/v2\/types\/page"}],"author":[{"embeddable":true,"href":"https:\/\/www.helloroadtrip.com\/no\/wp-json\/wp\/v2\/users\/1"}],"replies":[{"embeddable":true,"href":"https:\/\/www.helloroadtrip.com\/no\/wp-json\/wp\/v2\/comments?post=132"}],"version-history":[{"count":2,"href":"https:\/\/www.helloroadtrip.com\/no\/wp-json\/wp\/v2\/pages\/132\/revisions"}],"predecessor-version":[{"id":261,"href":"https:\/\/www.helloroadtrip.com\/no\/wp-json\/wp\/v2\/pages\/132\/revisions\/261"}],"wp:attachment":[{"href":"https:\/\/www.helloroadtrip.com\/no\/wp-json\/wp\/v2\/media?parent=132"}],"curies":[{"name":"wp","href":"https:\/\/api.w.org\/{rel}","templated":true}]}}