{"id":134,"date":"2020-04-17T09:16:36","date_gmt":"2020-04-17T09:16:36","guid":{"rendered":"https:\/\/www.helloroadtrip.com\/?page_id=134"},"modified":"2020-06-05T10:08:02","modified_gmt":"2020-06-05T10:08:02","slug":"hotell-ved-motorveien","status":"publish","type":"page","link":"https:\/\/www.helloroadtrip.com\/no\/hotell-ved-motorveien\/","title":{"rendered":"Hotell ved motorveien"},"content":{"rendered":"\n<div class=\"ttWrapper\"><\/div>\r\n<link href=\"https:\/\/ajax.googleapis.com\/ajax\/libs\/jqueryui\/1.11.4\/themes\/smoothness\/jquery-ui.css\" rel=\"stylesheet\" \/>\r\n<link href=\"https:\/\/www.tussenstop.com\/tool-3\/assets\/css\/V3\/bundle.min.css\" rel=\"stylesheet\" \/>\r\n<script src=\"https:\/\/ajax.googleapis.com\/ajax\/libs\/jquery\/3.7.1\/jquery.min.js\"><\/script>\r\n<script src=\"https:\/\/ajax.googleapis.com\/ajax\/libs\/jqueryui\/1.11.4\/jquery-ui.min.js\"><\/script>\r\n<script src=\"https:\/\/www.tussenstop.com\/tool-3\/assets\/vendor\/here\/bundle.js\"><\/script>\r\n<script src=\"https:\/\/www.tussenstop.com\/tool-3\/assets\/vendor\/pico\/pico.min.js\"><\/script>\r\n<script src=\"https:\/\/www.tussenstop.com\/tool-3\/assets\/js\/V3\/bundle.min.js\"><\/script>\r\n<script>\r\n $(\".ttWrapper\").tussenstop({\r\n                        host: \"www.helloroadtrip.com\",\r\n                        mapLanguage: \"no\",\r\n                        politicalView: \"NOR\",\r\n                        language: \"nn-NN\",\r\n                      partners: \"https:\/\/www.tussenstop.com\/tool-3\/hrpartners.php\",\r\noutbound: {\r\n                            active: true,\r\n                            timeout: 1500,\r\n                            img: \"https:\/\/www.helloroadtrip.com\/wp-content\/uploads\/2020\/03\/HelloRoadtrip-com-logo.jpg\"\r\n                        }\r\n                    });\r\n<\/script>\n\n\n\n<p>Hotell finnes mange steder i disse dager.\u00a0Selvf\u00f8lgelig\u00a0kan du finne dem i\u00a0sentrum av en by, men det er ogs\u00e5 mange hoteller langs motorveien.\u00a0\u00c5 tilbringe natten p\u00e5 et hotell langs motorveien gir alltid\u00a0betydelige\u00a0fordeler.\u00a0Vi vil presentere disse fordelene for deg p\u00e5 denne siden og ogs\u00e5 vise deg hvordan du bestiller hotellet langs motorveien med en gang.\u00a0Dette ikke bare raskt og enkelt, men\u00a0kommer\u00a0ogs\u00e5\u00a0med en god rabatt!<\/p>\n\n\n\n<h2 class=\"wp-block-heading\">Du kan finne boligen din uten problemer<\/h2>\n\n\n\n<p>Hvis du\nbestiller et hotell langs motorveien for din biltur, vil du sikre at du kan\nfinne boligen uten problemer.&nbsp;Tross alt er de fleste hotell langs\nmotorveien synlige fra bilen.&nbsp;Dette tar bort en viktig og vanlig\nfrustrasjon fra reisende.&nbsp;I mange land er det ikke lett \u00e5 finne en bestemt\nadresse.&nbsp;N\u00e5r hotellet ligger langs motorveien er dette noe du ikke trenger\n\u00e5 bekymre deg for lenger.<\/p>\n\n\n\n<h2 class=\"wp-block-heading\">Et hotell langs motorveien har vanligvis en stor parkeringsplass&nbsp;mye.<\/h2>\n\n\n\n<p>I tillegg til\novennevnte, bestiller hotellrom langs motorveien sikrer ogs\u00e5 at du er vanligvis\nsikret en fin, romslig parkeringsplass&nbsp;mye&nbsp;\u00e5 parkere bilen\np\u00e5.&nbsp;Dette er ogs\u00e5 en&nbsp;viktig&nbsp;fordel.&nbsp;Mange mennesker har\nhatt en lang dag med \u00e5 reise p\u00e5 bilturen, s\u00e5 de vil ikke m\u00e5tte s\u00f8ke uendelig\netter en parkeringsplass.&nbsp;En ekstra fordel er at parkeringsplassene p\u00e5\nhotell langs motorveien vanligvis er&nbsp;gratis.&nbsp;Husk at dette avhenger\nav det aktuelle hotellet.<\/p>\n\n\n\n<h2 class=\"wp-block-heading\">Tilbake&nbsp;p\u00e5 motorveien&nbsp;om morgenen!<\/h2>\n\n\n\n<p>\u00c5 bo p\u00e5 hotell\nlangs motorveien sikrer selvf\u00f8lgelig ikke bare at du enkelt kan kj\u00f8re fra motorveien\ntil hotellets parkeringsplass.&nbsp;Det er ogs\u00e5 mulig \u00e5 gjenoppta ruten\numiddelbart etter en natts s\u00f8vn.&nbsp;Ogs\u00e5 det er en fin fordel.&nbsp;F\u00f8rst tar\ndu plass ved frokostbordet, s\u00e5 setter du&nbsp;deg inn i bilen og kan fortsette ruten,\nhelt avslappet.<\/p>\n\n\n\n<h2 class=\"wp-block-heading\">Hvordan finne hotellet ditt langs motorveien?<\/h2>\n\n\n\n<p>N\u00e5 er det\nklart&nbsp;hvilke&nbsp;fordeler bestiller hotellrom langs\nmotorveien&nbsp;har&nbsp;\u00e5 tilby.&nbsp;Etter \u00e5 ha sagt alt dette, sier det seg\nselv at du fortsatt trenger \u00e5&nbsp;faktisk&nbsp;finne et hotell langs\nruten.&nbsp;Det er lettere sagt enn gjort &#8230;&nbsp;eller&nbsp;det var i det\nminste!&nbsp;\u00c5 finne slike overnattingssteder langs ruten din krevde en\nbetydelig mengde planlegging i det siste.&nbsp;Dette har imidlertid endret\nseg.&nbsp;\u00c5 finne et hotell langs motorveien er virkelig barns lek n\u00e5 for\ntiden, i hvert fall hvis du velger \u00e5 benytte deg av&nbsp;alternativene\nsom&nbsp;tilbys her p\u00e5 HelloRoadTrip.com.<\/p>\n\n\n\n<h2 class=\"wp-block-heading\">Bestill de fineste hotellene langs motorveien med en gang!<\/h2>\n\n\n\n<p>Ved \u00e5 bruke\nv\u00e5r road trip-&nbsp;planlegger vil&nbsp;du snart finne at \u00e5 bestille et\nhyggelig hotell langs motorveien som er p\u00e5 din rute er barns lek.&nbsp;I\nprinsippet trenger du bare legge inn tre&nbsp;forskjellige\ninformasjonsbiter.&nbsp;Tenk p\u00e5 dette:<\/p>\n\n\n\n<p>1.&nbsp;Plasseringen\nsom din biltur starter\nfra;&nbsp;&nbsp;&nbsp;&nbsp;&nbsp;&nbsp;&nbsp;&nbsp;&nbsp;&nbsp;&nbsp;&nbsp;&nbsp;<\/p>\n\n\n\n<p>2.&nbsp;ankomststedet\nfor din\nbiltur;&nbsp;&nbsp;&nbsp;&nbsp;&nbsp;&nbsp;&nbsp;&nbsp;&nbsp;&nbsp;&nbsp;&nbsp;&nbsp;<\/p>\n\n\n\n<p>3.&nbsp;Hvor\nlenge du vil\nkj\u00f8re&nbsp;per&nbsp;dag;&nbsp;&nbsp;&nbsp;&nbsp;&nbsp;&nbsp;&nbsp;&nbsp;&nbsp;&nbsp;&nbsp;&nbsp;&nbsp;<\/p>\n\n\n\n<p>Med ovennevnte\ndata vil systemet begynne \u00e5 fungere&nbsp;og vil&nbsp;fortelle deg hvilke\nhoteller du kan vurdere.&nbsp;P\u00e5 denne m\u00e5ten kan du alltid v\u00e6re ett hundre\nprosent sikker p\u00e5 at hotellene du vurderer faktisk vil\nbli&nbsp;plassert&nbsp;langs ruten.<\/p>\n","protected":false},"excerpt":{"rendered":"<p>Hotell finnes mange steder i disse dager.\u00a0Selvf\u00f8lgelig\u00a0kan du finne dem i\u00a0sentrum av en by, men det er ogs\u00e5 mange hoteller langs motorveien.\u00a0\u00c5 tilbringe natten p\u00e5 et hotell langs motorveien gir alltid\u00a0betydelige\u00a0fordeler.\u00a0Vi vil presentere disse fordelene for deg p\u00e5 denne siden og ogs\u00e5 vise deg hvordan du bestiller hotellet langs motorveien med en gang.\u00a0Dette ikke bare &#8230; <a title=\"Hotell ved motorveien\" class=\"read-more\" href=\"https:\/\/www.helloroadtrip.com\/no\/hotell-ved-motorveien\/\" aria-label=\"Mer p\u00e5 Hotell ved motorveien\">Les mer<\/a><\/p>\n","protected":false},"author":1,"featured_media":0,"parent":0,"menu_order":0,"comment_status":"closed","ping_status":"closed","template":"","meta":{"footnotes":""},"class_list":["post-134","page","type-page","status-publish"],"yoast_head":"<!-- This site is optimized with the Yoast SEO plugin v27.4 - https:\/\/yoast.com\/product\/yoast-seo-wordpress\/ -->\n<title>Vil du reservere et hotell ved motorveien? - Hello Road Trip .com<\/title>\n<meta name=\"description\" content=\"Finner du et hotell langs motorveien \u00e5 bo p\u00e5 din neste biltur? \u2705 Det kan gj\u00f8res p\u00e5 en rask og \u00f8konomisk m\u00e5te med HelloRoadTrip.com!\" \/>\n<meta name=\"robots\" content=\"index, follow, max-snippet:-1, max-image-preview:large, max-video-preview:-1\" \/>\n<link rel=\"canonical\" href=\"https:\/\/www.helloroadtrip.com\/no\/hotell-ved-motorveien\/\" \/>\n<meta property=\"og:locale\" content=\"nb_NO\" \/>\n<meta property=\"og:type\" content=\"article\" \/>\n<meta property=\"og:title\" content=\"Vil du reservere et hotell ved motorveien? - Hello Road Trip .com\" \/>\n<meta property=\"og:description\" content=\"Finner du et hotell langs motorveien \u00e5 bo p\u00e5 din neste biltur? \u2705 Det kan gj\u00f8res p\u00e5 en rask og \u00f8konomisk m\u00e5te med HelloRoadTrip.com!\" \/>\n<meta property=\"og:url\" content=\"https:\/\/www.helloroadtrip.com\/no\/hotell-ved-motorveien\/\" \/>\n<meta property=\"og:site_name\" content=\"Hello Road Trip .com\" \/>\n<meta property=\"article:modified_time\" content=\"2020-06-05T10:08:02+00:00\" \/>\n<meta name=\"twitter:card\" content=\"summary_large_image\" \/>\n<meta name=\"twitter:label1\" content=\"Ansl. lesetid\" \/>\n\t<meta name=\"twitter:data1\" content=\"3 minutter\" \/>\n<script type=\"application\/ld+json\" class=\"yoast-schema-graph\">{\"@context\":\"https:\\\/\\\/schema.org\",\"@graph\":[{\"@type\":\"WebPage\",\"@id\":\"https:\\\/\\\/www.helloroadtrip.com\\\/no\\\/hotell-ved-motorveien\\\/\",\"url\":\"https:\\\/\\\/www.helloroadtrip.com\\\/no\\\/hotell-ved-motorveien\\\/\",\"name\":\"Vil du reservere et hotell ved motorveien? - Hello Road Trip .com\",\"isPartOf\":{\"@id\":\"https:\\\/\\\/www.helloroadtrip.com\\\/#website\"},\"datePublished\":\"2020-04-17T09:16:36+00:00\",\"dateModified\":\"2020-06-05T10:08:02+00:00\",\"description\":\"Finner du et hotell langs motorveien \u00e5 bo p\u00e5 din neste biltur? \u2705 Det kan gj\u00f8res p\u00e5 en rask og \u00f8konomisk m\u00e5te med HelloRoadTrip.com!\",\"breadcrumb\":{\"@id\":\"https:\\\/\\\/www.helloroadtrip.com\\\/no\\\/hotell-ved-motorveien\\\/#breadcrumb\"},\"inLanguage\":\"nb-NO\",\"potentialAction\":[{\"@type\":\"ReadAction\",\"target\":[\"https:\\\/\\\/www.helloroadtrip.com\\\/no\\\/hotell-ved-motorveien\\\/\"]}]},{\"@type\":\"BreadcrumbList\",\"@id\":\"https:\\\/\\\/www.helloroadtrip.com\\\/no\\\/hotell-ved-motorveien\\\/#breadcrumb\",\"itemListElement\":[{\"@type\":\"ListItem\",\"position\":1,\"name\":\"Home\",\"item\":\"https:\\\/\\\/www.helloroadtrip.com\\\/no\\\/\"},{\"@type\":\"ListItem\",\"position\":2,\"name\":\"Hotell ved motorveien\"}]},{\"@type\":\"WebSite\",\"@id\":\"https:\\\/\\\/www.helloroadtrip.com\\\/#website\",\"url\":\"https:\\\/\\\/www.helloroadtrip.com\\\/\",\"name\":\"Hello Road Trip .com\",\"description\":\"Find Hotels On Your Route\",\"publisher\":{\"@id\":\"https:\\\/\\\/www.helloroadtrip.com\\\/#organization\"},\"potentialAction\":[{\"@type\":\"SearchAction\",\"target\":{\"@type\":\"EntryPoint\",\"urlTemplate\":\"https:\\\/\\\/www.helloroadtrip.com\\\/?s={search_term_string}\"},\"query-input\":{\"@type\":\"PropertyValueSpecification\",\"valueRequired\":true,\"valueName\":\"search_term_string\"}}],\"inLanguage\":\"nb-NO\"},{\"@type\":\"Organization\",\"@id\":\"https:\\\/\\\/www.helloroadtrip.com\\\/#organization\",\"name\":\"Hello Road Trip .com\",\"url\":\"https:\\\/\\\/www.helloroadtrip.com\\\/\",\"logo\":{\"@type\":\"ImageObject\",\"inLanguage\":\"nb-NO\",\"@id\":\"https:\\\/\\\/www.helloroadtrip.com\\\/#\\\/schema\\\/logo\\\/image\\\/\",\"url\":\"https:\\\/\\\/www.helloroadtrip.com\\\/wp-content\\\/uploads\\\/2020\\\/03\\\/HelloRoadtrip-com-logo.jpg\",\"contentUrl\":\"https:\\\/\\\/www.helloroadtrip.com\\\/wp-content\\\/uploads\\\/2020\\\/03\\\/HelloRoadtrip-com-logo.jpg\",\"width\":300,\"height\":81,\"caption\":\"Hello Road Trip .com\"},\"image\":{\"@id\":\"https:\\\/\\\/www.helloroadtrip.com\\\/#\\\/schema\\\/logo\\\/image\\\/\"}}]}<\/script>\n<!-- \/ Yoast SEO plugin. -->","yoast_head_json":{"title":"Vil du reservere et hotell ved motorveien? - Hello Road Trip .com","description":"Finner du et hotell langs motorveien \u00e5 bo p\u00e5 din neste biltur? \u2705 Det kan gj\u00f8res p\u00e5 en rask og \u00f8konomisk m\u00e5te med HelloRoadTrip.com!","robots":{"index":"index","follow":"follow","max-snippet":"max-snippet:-1","max-image-preview":"max-image-preview:large","max-video-preview":"max-video-preview:-1"},"canonical":"https:\/\/www.helloroadtrip.com\/no\/hotell-ved-motorveien\/","og_locale":"nb_NO","og_type":"article","og_title":"Vil du reservere et hotell ved motorveien? - Hello Road Trip .com","og_description":"Finner du et hotell langs motorveien \u00e5 bo p\u00e5 din neste biltur? \u2705 Det kan gj\u00f8res p\u00e5 en rask og \u00f8konomisk m\u00e5te med HelloRoadTrip.com!","og_url":"https:\/\/www.helloroadtrip.com\/no\/hotell-ved-motorveien\/","og_site_name":"Hello Road Trip .com","article_modified_time":"2020-06-05T10:08:02+00:00","twitter_card":"summary_large_image","twitter_misc":{"Ansl. lesetid":"3 minutter"},"schema":{"@context":"https:\/\/schema.org","@graph":[{"@type":"WebPage","@id":"https:\/\/www.helloroadtrip.com\/no\/hotell-ved-motorveien\/","url":"https:\/\/www.helloroadtrip.com\/no\/hotell-ved-motorveien\/","name":"Vil du reservere et hotell ved motorveien? - Hello Road Trip .com","isPartOf":{"@id":"https:\/\/www.helloroadtrip.com\/#website"},"datePublished":"2020-04-17T09:16:36+00:00","dateModified":"2020-06-05T10:08:02+00:00","description":"Finner du et hotell langs motorveien \u00e5 bo p\u00e5 din neste biltur? \u2705 Det kan gj\u00f8res p\u00e5 en rask og \u00f8konomisk m\u00e5te med HelloRoadTrip.com!","breadcrumb":{"@id":"https:\/\/www.helloroadtrip.com\/no\/hotell-ved-motorveien\/#breadcrumb"},"inLanguage":"nb-NO","potentialAction":[{"@type":"ReadAction","target":["https:\/\/www.helloroadtrip.com\/no\/hotell-ved-motorveien\/"]}]},{"@type":"BreadcrumbList","@id":"https:\/\/www.helloroadtrip.com\/no\/hotell-ved-motorveien\/#breadcrumb","itemListElement":[{"@type":"ListItem","position":1,"name":"Home","item":"https:\/\/www.helloroadtrip.com\/no\/"},{"@type":"ListItem","position":2,"name":"Hotell ved motorveien"}]},{"@type":"WebSite","@id":"https:\/\/www.helloroadtrip.com\/#website","url":"https:\/\/www.helloroadtrip.com\/","name":"Hello Road Trip .com","description":"Find Hotels On Your Route","publisher":{"@id":"https:\/\/www.helloroadtrip.com\/#organization"},"potentialAction":[{"@type":"SearchAction","target":{"@type":"EntryPoint","urlTemplate":"https:\/\/www.helloroadtrip.com\/?s={search_term_string}"},"query-input":{"@type":"PropertyValueSpecification","valueRequired":true,"valueName":"search_term_string"}}],"inLanguage":"nb-NO"},{"@type":"Organization","@id":"https:\/\/www.helloroadtrip.com\/#organization","name":"Hello Road Trip .com","url":"https:\/\/www.helloroadtrip.com\/","logo":{"@type":"ImageObject","inLanguage":"nb-NO","@id":"https:\/\/www.helloroadtrip.com\/#\/schema\/logo\/image\/","url":"https:\/\/www.helloroadtrip.com\/wp-content\/uploads\/2020\/03\/HelloRoadtrip-com-logo.jpg","contentUrl":"https:\/\/www.helloroadtrip.com\/wp-content\/uploads\/2020\/03\/HelloRoadtrip-com-logo.jpg","width":300,"height":81,"caption":"Hello Road Trip .com"},"image":{"@id":"https:\/\/www.helloroadtrip.com\/#\/schema\/logo\/image\/"}}]}},"_links":{"self":[{"href":"https:\/\/www.helloroadtrip.com\/no\/wp-json\/wp\/v2\/pages\/134","targetHints":{"allow":["GET"]}}],"collection":[{"href":"https:\/\/www.helloroadtrip.com\/no\/wp-json\/wp\/v2\/pages"}],"about":[{"href":"https:\/\/www.helloroadtrip.com\/no\/wp-json\/wp\/v2\/types\/page"}],"author":[{"embeddable":true,"href":"https:\/\/www.helloroadtrip.com\/no\/wp-json\/wp\/v2\/users\/1"}],"replies":[{"embeddable":true,"href":"https:\/\/www.helloroadtrip.com\/no\/wp-json\/wp\/v2\/comments?post=134"}],"version-history":[{"count":2,"href":"https:\/\/www.helloroadtrip.com\/no\/wp-json\/wp\/v2\/pages\/134\/revisions"}],"predecessor-version":[{"id":262,"href":"https:\/\/www.helloroadtrip.com\/no\/wp-json\/wp\/v2\/pages\/134\/revisions\/262"}],"wp:attachment":[{"href":"https:\/\/www.helloroadtrip.com\/no\/wp-json\/wp\/v2\/media?parent=134"}],"curies":[{"name":"wp","href":"https:\/\/api.w.org\/{rel}","templated":true}]}}