{"id":138,"date":"2020-04-17T09:22:06","date_gmt":"2020-04-17T09:22:06","guid":{"rendered":"https:\/\/www.helloroadtrip.com\/?page_id=138"},"modified":"2020-06-05T10:08:08","modified_gmt":"2020-06-05T10:08:08","slug":"bestiller-et-morsomt-hotell-under-din-biltur","status":"publish","type":"page","link":"https:\/\/www.helloroadtrip.com\/no\/","title":{"rendered":"Bestiller et morsomt hotell under din biltur"},"content":{"rendered":"\n<div class=\"ttWrapper\"><\/div>\r\n<link href=\"https:\/\/ajax.googleapis.com\/ajax\/libs\/jqueryui\/1.11.4\/themes\/smoothness\/jquery-ui.css\" rel=\"stylesheet\" \/>\r\n<link href=\"https:\/\/www.tussenstop.com\/tool-3\/assets\/css\/V3\/bundle.min.css\" rel=\"stylesheet\" \/>\r\n<script src=\"https:\/\/ajax.googleapis.com\/ajax\/libs\/jquery\/3.7.1\/jquery.min.js\"><\/script>\r\n<script src=\"https:\/\/ajax.googleapis.com\/ajax\/libs\/jqueryui\/1.11.4\/jquery-ui.min.js\"><\/script>\r\n<script src=\"https:\/\/www.tussenstop.com\/tool-3\/assets\/vendor\/here\/bundle.js\"><\/script>\r\n<script src=\"https:\/\/www.tussenstop.com\/tool-3\/assets\/vendor\/pico\/pico.min.js\"><\/script>\r\n<script src=\"https:\/\/www.tussenstop.com\/tool-3\/assets\/js\/V3\/bundle.min.js\"><\/script>\r\n<script>\r\n $(\".ttWrapper\").tussenstop({\r\n                        host: \"www.helloroadtrip.com\",\r\n                        mapLanguage: \"no\",\r\n                        politicalView: \"NOR\",\r\n                        language: \"nn-NN\",\r\n                      partners: \"https:\/\/www.tussenstop.com\/tool-3\/hrpartners.php\",\r\noutbound: {\r\n                            active: true,\r\n                            timeout: 1500,\r\n                            img: \"https:\/\/www.helloroadtrip.com\/wp-content\/uploads\/2020\/03\/HelloRoadtrip-com-logo.jpg\"\r\n                        }\r\n                    });\r\n<\/script>\n\n\n\n<p>\u00c5 reservere et hotell underveis i din bilferie har flere ulemper.\u00a0Spesielt i h\u00f8ysesongen er det alltid risikoen for at du vil\u00a0komme over fullbookede hotell.\u00a0Av denne grunn er det alltid mer interessant \u00e5 bestille\u00a0et\u00a0hotell p\u00e5 forh\u00e5nd.\u00a0P\u00e5 denne m\u00e5ten vil du alltid v\u00e6re trygg p\u00e5 et komfortabelt rom, bare du trenger \u00e5 f\u00f8lge den faste planen.\u00a0Uansett, kom du p\u00e5 denne siden fordi du \u00f8nsker \u00e5 bestille hotell langs ruten for din biltur?\u00a0Da tilbyr vi deg akkurat det du leter etter!<\/p>\n\n\n\n<h2 class=\"wp-block-heading\">Hvorfor bestille hotell underveis under bilturen?<\/h2>\n\n\n\n<p>Spesielt\nerfarne &laquo;Road trippers&raquo; velger ofte \u00e5 bestille hotell underveis i\nl\u00f8pet av ferien.&nbsp;De gj\u00f8r dette&nbsp;av to grunner, nemlig:<\/p>\n\n\n\n<p>1.&nbsp;De&nbsp;verdsetter\nvirkelig frihet mens du\nreiser;&nbsp;&nbsp;&nbsp;&nbsp;&nbsp;&nbsp;&nbsp;&nbsp;&nbsp;&nbsp;&nbsp;&nbsp;&nbsp;<\/p>\n\n\n\n<p>2.&nbsp;Antallet\ntimer&nbsp;de kan&nbsp;kj\u00f8re per dag kan variere\nbetydelig;&nbsp;&nbsp;&nbsp;&nbsp;&nbsp;&nbsp;&nbsp;&nbsp;&nbsp;&nbsp;&nbsp;&nbsp;&nbsp;<\/p>\n\n\n\n<p>P\u00e5 grunn av de\nto ovennevnte grunnene, kan det faktisk v\u00e6re \u00f8nskelig \u00e5 velge hotellovernatting\ni&nbsp;l\u00f8pet av din bobilferie.&nbsp;Dette er imidlertid ikke tilfelle for folk\nsom er mindre erfarne med \u00e5 ta en biltur.&nbsp;For dem er det best \u00e5 velge sikkerhet.&nbsp;Det\ner derfor et interessant valg \u00e5 bestille de forskjellige stedene du kan bo f\u00f8r\nstarten av deres bobilferie.<\/p>\n\n\n\n<h2 class=\"wp-block-heading\">Er det noen ulemper med \u00e5 bestille hotell underveis?<\/h2>\n\n\n\n<p>\u00c5 booke hotell\nunderveis n\u00e5r du allerede har startet ferien har selvf\u00f8lgelig sine\nulemper.&nbsp;Det er alltid risikoen for at&nbsp;hotellet ditt\ner&nbsp;fullbooket.&nbsp;Ved \u00e5 bestille hotellet p\u00e5 forh\u00e5nd, kan du\nselvf\u00f8lgelig unng\u00e5 en slik situasjon.&nbsp;Men det er ikke alt.&nbsp;\u00c5\nbruke&nbsp;et passende hotell under din biltur kan&nbsp;ogs\u00e5&nbsp;ta mye tid og\nkrefter og ofte ogs\u00e5 stress.&nbsp;Dette kan ha en negativ innflytelse p\u00e5\nveien&nbsp;tur,&nbsp;og&nbsp;det er,&nbsp;selvf\u00f8lgelig,&nbsp;veldig\nirriterende.&nbsp;S\u00e5 s\u00f8rg for \u00e5 ta hensyn til disse potensielle ulempene n\u00e5r du\nvelger \u00e5 ikke bestille hotellopphold p\u00e5 forh\u00e5nd.<\/p>\n\n\n\n<h2 class=\"wp-block-heading\">Bestill hotellet mens du er p\u00e5&nbsp;farten&nbsp;p\u00e5 den mest interessante m\u00e5ten<\/h2>\n\n\n\n<p>\u00c5 booke\nhotellet mens du er p\u00e5 farten ved \u00e5 bruke mulighetene her p\u00e5 HelloRoadTrip.com,\nsikrer at du kan stole p\u00e5 mange interessante fordeler.&nbsp;Ikke\nbare&nbsp;kan&nbsp;du bestille \u00f8nsket hotellopphold raskt og enkelt, men du kan\nogs\u00e5 stole p\u00e5 en god pris.&nbsp;I tillegg bruker vi bare de mest p\u00e5litelige reservasjonssidene.&nbsp;Du\ntrenger ikke \u00e5 bekymre deg for noe, tvert imot.&nbsp;Med andre ord, vil du\nbestille et hyggelig hotell underveis i din bobilferie?&nbsp;Da anbefales det\np\u00e5 det sterkeste \u00e5 bruke denne nettsiden, HelloRoadTrip.com!<\/p>\n\n\n\n<h2 class=\"wp-block-heading\">Nyt en attraktiv rabatt p\u00e5 bestillingen<\/h2>\n\n\n\n<p>\u00c5 bestille et&nbsp;bilferiehotell&nbsp;i advanc&nbsp;e har ikke bare praktiske fordeler.&nbsp;Ovennevnte informasjon har allerede gjort det klart at din bestilling gjennom HelloRoadTrip.com alltid gj\u00f8res p\u00e5 p\u00e5litelige reservasjonssider.&nbsp;Men det er ikke alt.&nbsp;I tillegg kan du ofte stole p\u00e5 en fin rabatt p\u00e5 standard bestillingspris.&nbsp;Dette sikrer at&nbsp;bookingen ikke bare gj\u00f8res raskt og p\u00e5litelig, men ogs\u00e5 p\u00e5&nbsp;en \u00f8konomisk interessant&nbsp;m\u00e5te.&nbsp;Nok en god grunn til \u00e5 bruke HelloRoadTrip.com for \u00e5 planlegge din neste bobilferie! <\/p>\n","protected":false},"excerpt":{"rendered":"<p>\u00c5 reservere et hotell underveis i din bilferie har flere ulemper.\u00a0Spesielt i h\u00f8ysesongen er det alltid risikoen for at du vil\u00a0komme over fullbookede hotell.\u00a0Av denne grunn er det alltid mer interessant \u00e5 bestille\u00a0et\u00a0hotell p\u00e5 forh\u00e5nd.\u00a0P\u00e5 denne m\u00e5ten vil du alltid v\u00e6re trygg p\u00e5 et komfortabelt rom, bare du trenger \u00e5 f\u00f8lge den faste planen.\u00a0Uansett, kom &#8230; <a title=\"Bestiller et morsomt hotell under din biltur\" class=\"read-more\" href=\"https:\/\/www.helloroadtrip.com\/no\/\" aria-label=\"Mer p\u00e5 Bestiller et morsomt hotell under din biltur\">Les mer<\/a><\/p>\n","protected":false},"author":1,"featured_media":0,"parent":0,"menu_order":0,"comment_status":"closed","ping_status":"closed","template":"","meta":{"footnotes":""},"class_list":["post-138","page","type-page","status-publish"],"yoast_head":"<!-- This site is optimized with the Yoast SEO plugin v27.4 - https:\/\/yoast.com\/product\/yoast-seo-wordpress\/ -->\n<title>Bestiller et morsomt hotell under din biltur - Hello Road Trip .com<\/title>\n<meta name=\"description\" content=\"Bestill ing hotell underveis i l\u00f8pet av turen veien eller ikke? \u2705Begge alternativene har visse fordeler. \u2705 Oppdag dem her!\" \/>\n<meta name=\"robots\" content=\"index, follow, max-snippet:-1, max-image-preview:large, max-video-preview:-1\" \/>\n<link rel=\"canonical\" href=\"https:\/\/www.helloroadtrip.com\/no\/\" \/>\n<meta property=\"og:locale\" content=\"nb_NO\" \/>\n<meta property=\"og:type\" content=\"article\" \/>\n<meta property=\"og:title\" content=\"Bestiller et morsomt hotell under din biltur - Hello Road Trip .com\" \/>\n<meta property=\"og:description\" content=\"Bestill ing hotell underveis i l\u00f8pet av turen veien eller ikke? \u2705Begge alternativene har visse fordeler. \u2705 Oppdag dem her!\" \/>\n<meta property=\"og:url\" content=\"https:\/\/www.helloroadtrip.com\/no\/\" \/>\n<meta property=\"og:site_name\" content=\"Hello Road Trip .com\" \/>\n<meta property=\"article:modified_time\" content=\"2020-06-05T10:08:08+00:00\" \/>\n<meta name=\"twitter:card\" content=\"summary_large_image\" \/>\n<meta name=\"twitter:label1\" content=\"Ansl. lesetid\" \/>\n\t<meta name=\"twitter:data1\" content=\"3 minutter\" \/>\n<script type=\"application\/ld+json\" class=\"yoast-schema-graph\">{\"@context\":\"https:\\\/\\\/schema.org\",\"@graph\":[{\"@type\":\"WebPage\",\"@id\":\"https:\\\/\\\/www.helloroadtrip.com\\\/no\\\/\",\"url\":\"https:\\\/\\\/www.helloroadtrip.com\\\/no\\\/\",\"name\":\"Bestiller et morsomt hotell under din biltur - Hello Road Trip .com\",\"isPartOf\":{\"@id\":\"https:\\\/\\\/www.helloroadtrip.com\\\/#website\"},\"datePublished\":\"2020-04-17T09:22:06+00:00\",\"dateModified\":\"2020-06-05T10:08:08+00:00\",\"description\":\"Bestill ing hotell underveis i l\u00f8pet av turen veien eller ikke? \u2705Begge alternativene har visse fordeler. \u2705 Oppdag dem her!\",\"breadcrumb\":{\"@id\":\"https:\\\/\\\/www.helloroadtrip.com\\\/no\\\/#breadcrumb\"},\"inLanguage\":\"nb-NO\",\"potentialAction\":[{\"@type\":\"ReadAction\",\"target\":[\"https:\\\/\\\/www.helloroadtrip.com\\\/no\\\/\"]}]},{\"@type\":\"BreadcrumbList\",\"@id\":\"https:\\\/\\\/www.helloroadtrip.com\\\/no\\\/#breadcrumb\",\"itemListElement\":[{\"@type\":\"ListItem\",\"position\":1,\"name\":\"Home\",\"item\":\"https:\\\/\\\/www.helloroadtrip.com\\\/no\\\/\"},{\"@type\":\"ListItem\",\"position\":2,\"name\":\"Bestiller et morsomt hotell under din biltur\"}]},{\"@type\":\"WebSite\",\"@id\":\"https:\\\/\\\/www.helloroadtrip.com\\\/#website\",\"url\":\"https:\\\/\\\/www.helloroadtrip.com\\\/\",\"name\":\"Hello Road Trip .com\",\"description\":\"Find Hotels On Your Route\",\"publisher\":{\"@id\":\"https:\\\/\\\/www.helloroadtrip.com\\\/#organization\"},\"potentialAction\":[{\"@type\":\"SearchAction\",\"target\":{\"@type\":\"EntryPoint\",\"urlTemplate\":\"https:\\\/\\\/www.helloroadtrip.com\\\/?s={search_term_string}\"},\"query-input\":{\"@type\":\"PropertyValueSpecification\",\"valueRequired\":true,\"valueName\":\"search_term_string\"}}],\"inLanguage\":\"nb-NO\"},{\"@type\":\"Organization\",\"@id\":\"https:\\\/\\\/www.helloroadtrip.com\\\/#organization\",\"name\":\"Hello Road Trip .com\",\"url\":\"https:\\\/\\\/www.helloroadtrip.com\\\/\",\"logo\":{\"@type\":\"ImageObject\",\"inLanguage\":\"nb-NO\",\"@id\":\"https:\\\/\\\/www.helloroadtrip.com\\\/#\\\/schema\\\/logo\\\/image\\\/\",\"url\":\"https:\\\/\\\/www.helloroadtrip.com\\\/wp-content\\\/uploads\\\/2020\\\/03\\\/HelloRoadtrip-com-logo.jpg\",\"contentUrl\":\"https:\\\/\\\/www.helloroadtrip.com\\\/wp-content\\\/uploads\\\/2020\\\/03\\\/HelloRoadtrip-com-logo.jpg\",\"width\":300,\"height\":81,\"caption\":\"Hello Road Trip .com\"},\"image\":{\"@id\":\"https:\\\/\\\/www.helloroadtrip.com\\\/#\\\/schema\\\/logo\\\/image\\\/\"}}]}<\/script>\n<!-- \/ Yoast SEO plugin. -->","yoast_head_json":{"title":"Bestiller et morsomt hotell under din biltur - Hello Road Trip .com","description":"Bestill ing hotell underveis i l\u00f8pet av turen veien eller ikke? \u2705Begge alternativene har visse fordeler. \u2705 Oppdag dem her!","robots":{"index":"index","follow":"follow","max-snippet":"max-snippet:-1","max-image-preview":"max-image-preview:large","max-video-preview":"max-video-preview:-1"},"canonical":"https:\/\/www.helloroadtrip.com\/no\/","og_locale":"nb_NO","og_type":"article","og_title":"Bestiller et morsomt hotell under din biltur - Hello Road Trip .com","og_description":"Bestill ing hotell underveis i l\u00f8pet av turen veien eller ikke? \u2705Begge alternativene har visse fordeler. \u2705 Oppdag dem her!","og_url":"https:\/\/www.helloroadtrip.com\/no\/","og_site_name":"Hello Road Trip .com","article_modified_time":"2020-06-05T10:08:08+00:00","twitter_card":"summary_large_image","twitter_misc":{"Ansl. lesetid":"3 minutter"},"schema":{"@context":"https:\/\/schema.org","@graph":[{"@type":"WebPage","@id":"https:\/\/www.helloroadtrip.com\/no\/","url":"https:\/\/www.helloroadtrip.com\/no\/","name":"Bestiller et morsomt hotell under din biltur - Hello Road Trip .com","isPartOf":{"@id":"https:\/\/www.helloroadtrip.com\/#website"},"datePublished":"2020-04-17T09:22:06+00:00","dateModified":"2020-06-05T10:08:08+00:00","description":"Bestill ing hotell underveis i l\u00f8pet av turen veien eller ikke? \u2705Begge alternativene har visse fordeler. \u2705 Oppdag dem her!","breadcrumb":{"@id":"https:\/\/www.helloroadtrip.com\/no\/#breadcrumb"},"inLanguage":"nb-NO","potentialAction":[{"@type":"ReadAction","target":["https:\/\/www.helloroadtrip.com\/no\/"]}]},{"@type":"BreadcrumbList","@id":"https:\/\/www.helloroadtrip.com\/no\/#breadcrumb","itemListElement":[{"@type":"ListItem","position":1,"name":"Home","item":"https:\/\/www.helloroadtrip.com\/no\/"},{"@type":"ListItem","position":2,"name":"Bestiller et morsomt hotell under din biltur"}]},{"@type":"WebSite","@id":"https:\/\/www.helloroadtrip.com\/#website","url":"https:\/\/www.helloroadtrip.com\/","name":"Hello Road Trip .com","description":"Find Hotels On Your Route","publisher":{"@id":"https:\/\/www.helloroadtrip.com\/#organization"},"potentialAction":[{"@type":"SearchAction","target":{"@type":"EntryPoint","urlTemplate":"https:\/\/www.helloroadtrip.com\/?s={search_term_string}"},"query-input":{"@type":"PropertyValueSpecification","valueRequired":true,"valueName":"search_term_string"}}],"inLanguage":"nb-NO"},{"@type":"Organization","@id":"https:\/\/www.helloroadtrip.com\/#organization","name":"Hello Road Trip .com","url":"https:\/\/www.helloroadtrip.com\/","logo":{"@type":"ImageObject","inLanguage":"nb-NO","@id":"https:\/\/www.helloroadtrip.com\/#\/schema\/logo\/image\/","url":"https:\/\/www.helloroadtrip.com\/wp-content\/uploads\/2020\/03\/HelloRoadtrip-com-logo.jpg","contentUrl":"https:\/\/www.helloroadtrip.com\/wp-content\/uploads\/2020\/03\/HelloRoadtrip-com-logo.jpg","width":300,"height":81,"caption":"Hello Road Trip .com"},"image":{"@id":"https:\/\/www.helloroadtrip.com\/#\/schema\/logo\/image\/"}}]}},"_links":{"self":[{"href":"https:\/\/www.helloroadtrip.com\/no\/wp-json\/wp\/v2\/pages\/138","targetHints":{"allow":["GET"]}}],"collection":[{"href":"https:\/\/www.helloroadtrip.com\/no\/wp-json\/wp\/v2\/pages"}],"about":[{"href":"https:\/\/www.helloroadtrip.com\/no\/wp-json\/wp\/v2\/types\/page"}],"author":[{"embeddable":true,"href":"https:\/\/www.helloroadtrip.com\/no\/wp-json\/wp\/v2\/users\/1"}],"replies":[{"embeddable":true,"href":"https:\/\/www.helloroadtrip.com\/no\/wp-json\/wp\/v2\/comments?post=138"}],"version-history":[{"count":3,"href":"https:\/\/www.helloroadtrip.com\/no\/wp-json\/wp\/v2\/pages\/138\/revisions"}],"predecessor-version":[{"id":263,"href":"https:\/\/www.helloroadtrip.com\/no\/wp-json\/wp\/v2\/pages\/138\/revisions\/263"}],"wp:attachment":[{"href":"https:\/\/www.helloroadtrip.com\/no\/wp-json\/wp\/v2\/media?parent=138"}],"curies":[{"name":"wp","href":"https:\/\/api.w.org\/{rel}","templated":true}]}}