{"id":140,"date":"2020-04-17T09:24:55","date_gmt":"2020-04-17T09:24:55","guid":{"rendered":"https:\/\/www.helloroadtrip.com\/?page_id=140"},"modified":"2020-06-05T10:08:14","modified_gmt":"2020-06-05T10:08:14","slug":"finner-du-et-bilferiehotell-du-har-kommet-til-rett-sted","status":"publish","type":"page","link":"https:\/\/www.helloroadtrip.com\/no\/finner-du-et-bilferiehotell-du-har-kommet-til-rett-sted\/","title":{"rendered":"Finner du et bilferiehotell? Du har kommet til rett sted!"},"content":{"rendered":"\n<div class=\"ttWrapper\"><\/div>\r\n<link href=\"https:\/\/ajax.googleapis.com\/ajax\/libs\/jqueryui\/1.11.4\/themes\/smoothness\/jquery-ui.css\" rel=\"stylesheet\" \/>\r\n<link href=\"https:\/\/www.tussenstop.com\/tool-3\/assets\/css\/V3\/bundle.min.css\" rel=\"stylesheet\" \/>\r\n<script src=\"https:\/\/ajax.googleapis.com\/ajax\/libs\/jquery\/3.7.1\/jquery.min.js\"><\/script>\r\n<script src=\"https:\/\/ajax.googleapis.com\/ajax\/libs\/jqueryui\/1.11.4\/jquery-ui.min.js\"><\/script>\r\n<script src=\"https:\/\/www.tussenstop.com\/tool-3\/assets\/vendor\/here\/bundle.js\"><\/script>\r\n<script src=\"https:\/\/www.tussenstop.com\/tool-3\/assets\/vendor\/pico\/pico.min.js\"><\/script>\r\n<script src=\"https:\/\/www.tussenstop.com\/tool-3\/assets\/js\/V3\/bundle.min.js\"><\/script>\r\n<script>\r\n $(\".ttWrapper\").tussenstop({\r\n                        host: \"www.helloroadtrip.com\",\r\n                        mapLanguage: \"no\",\r\n                        politicalView: \"NOR\",\r\n                        language: \"nn-NN\",\r\n                      partners: \"https:\/\/www.tussenstop.com\/tool-3\/hrpartners.php\",\r\noutbound: {\r\n                            active: true,\r\n                            timeout: 1500,\r\n                            img: \"https:\/\/www.helloroadtrip.com\/wp-content\/uploads\/2020\/03\/HelloRoadtrip-com-logo.jpg\"\r\n                        }\r\n                    });\r\n<\/script>\n\n\n\n<p>I praksis krever det \u00e5 ta en biltur eller en bobilferie litt mer planlegging.\u00a0Det trenger ikke v\u00e6re irriterende.\u00a0Faktisk er det mange som liker \u00e5 ha det litt g\u00f8y\u00a0med dette.\u00a0Imidlertid sier det seg selv at ikke alle har nok tid til \u00e5 planlegge en biltur\u00a0alene.\u00a0N\u00e5r det er sagt, vil\u00a0du heller ikke skynde deg \u00e5 velge hotell.\u00a0Dette valget kan\u00a0ha b\u00e5de en positiv og negativ effekt p\u00e5 din biltur.\u00a0I alle fall, hvis du leter etter et fint hotell \u00e5 bo i langs ruten for din\u00a0biltur, er sjansen stor for at vi kan hjelpe deg her p\u00e5 HelloRoadTrip.com!<\/p>\n\n\n\n<h2 class=\"wp-block-heading\">Tar du en biltur i ditt eget land eller ikke?<\/h2>\n\n\n\n<p>Norge er et\nfantastisk vakkert land og nordmennene er selv stolte av det.&nbsp;Den\nimponerende naturlige skj\u00f8nnheten som utfolder seg i Norge&nbsp;betyr&nbsp;at\nmange mennesker velger \u00e5 tilbringe en ferie i eget land.&nbsp;En&nbsp;biltur er\net veldig popul\u00e6rt valg.&nbsp;Noen av rutene i Norge er utrolig popul\u00e6re:<\/p>\n\n\n\n<p>1.&nbsp;Den&nbsp;150\nkilometer\nlange&nbsp;Atlanterhavskysten;&nbsp;&nbsp;&nbsp;&nbsp;&nbsp;&nbsp;&nbsp;&nbsp;&nbsp;&nbsp;&nbsp;&nbsp;&nbsp;<\/p>\n\n\n\n<p>2.&nbsp;Trollstigen\neller vei 63 i\nNorge;&nbsp;&nbsp;&nbsp;&nbsp;&nbsp;&nbsp;&nbsp;&nbsp;&nbsp;&nbsp;&nbsp;&nbsp;&nbsp;<\/p>\n\n\n\n<p>3.&nbsp;Den 27\nkm lange Gamle\nStrynefjellsvegen;&nbsp;&nbsp;&nbsp;&nbsp;&nbsp;&nbsp;&nbsp;&nbsp;&nbsp;&nbsp;&nbsp;&nbsp;&nbsp;<\/p>\n\n\n\n<p>Selvf\u00f8lgelig\nvelger ikke alle nordmenn \u00e5 oppleve en biltur i sitt eget\nland.&nbsp;N&nbsp;ewarting Sweden er&nbsp;ogs\u00e5&nbsp;et veldig popul\u00e6rt\nvalg.&nbsp;Den s\u00e5kalte Vildmarksv\u00e4gen, en imponerende&nbsp;500 kilometer\nlang&nbsp;rute tar deg gjennom Sverige.&nbsp;Under bilturen introduserer det\ndeg noen av de vakreste og mest spektakul\u00e6re omr\u00e5dene i Skandinavia.&nbsp;Men\nn\u00e5r du har valgt, dukker det neste sp\u00f8rsm\u00e5let opp:&nbsp;&laquo;hvilket hotell\nskal jeg bestille p\u00e5 ruten min&raquo;?&nbsp;S\u00e5&nbsp;det er det neste sp\u00f8rsm\u00e5let\nvi \u00f8nsker \u00e5 gi deg et svar p\u00e5.<\/p>\n\n\n\n<h2 class=\"wp-block-heading\">N\u00e5r&nbsp;skal jeg&nbsp;finne&nbsp;et hotell langs ruten min, hva skal jeg ta hensyn til?<\/h2>\n\n\n\n<p>\u00c5 finne et\nhotell langs&nbsp;ruten&nbsp;din&nbsp;kan vise seg \u00e5 v\u00e6re ganske\noppdrag.&nbsp;I det minste var det tilfelle i fortiden.&nbsp;I disse dager\nm\u00e5tte folk bruke et kart eller et atlas for \u00e5 kartlegge en rute og deretter\nunders\u00f8ke hvilke hoteller som l\u00e5 langs den ruten.&nbsp;N\u00e5 for tiden er\ndet&nbsp;ganske&nbsp;annerledes.&nbsp;For eksempel er det n\u00e5 mulig \u00e5 benytte\nseg av mulighetene som tilbys her p\u00e5 HelloRoadTrip.com.&nbsp;Det&nbsp;har aldri\nv\u00e6rt enklere \u00e5&nbsp;finne et fint hotell \u00e5 bo i langs ruten for\ndin&nbsp;biltur.<\/p>\n\n\n\n<h2 class=\"wp-block-heading\">Bestill hotellet langs din rute n\u00e5.<\/h2>\n\n\n\n<p>Sp\u00f8rsm\u00e5let\n&laquo;hvordan bestille hotell langs ruten min&raquo; er n\u00e5 nesten\nbesvart.&nbsp;For \u00e5 kunne gj\u00f8re dette tar systemet v\u00e5rt forskjellige data med i\nbetraktningen.&nbsp;Tenk konkret over dette:<\/p>\n\n\n\n<p>1.&nbsp;Stedet\nhvor din roadtrip\ng\u00e5r;&nbsp;&nbsp;&nbsp;&nbsp;&nbsp;&nbsp;&nbsp;&nbsp;&nbsp;&nbsp;&nbsp;&nbsp;&nbsp;<\/p>\n\n\n\n<p>2.&nbsp;Ankomststedet\nfor din\nbiltur;&nbsp;&nbsp;&nbsp;&nbsp;&nbsp;&nbsp;&nbsp;&nbsp;&nbsp;&nbsp;&nbsp;&nbsp;&nbsp;<\/p>\n\n\n\n<p>3.&nbsp;Hvor\nlenge du planlegger \u00e5 kj\u00f8re p\u00e5 en\ndag;&nbsp;&nbsp;&nbsp;&nbsp;&nbsp;&nbsp;&nbsp;&nbsp;&nbsp;&nbsp;&nbsp;&nbsp;&nbsp;<\/p>\n\n\n\n<p>Med ovennevnte\ndata vil systemet v\u00e5rt begynne \u00e5 fungere, slik at du umiddelbart kan oppdage\nhvilken&nbsp;bilferie som&nbsp;virkelig kan v\u00e6re av interesse for deg.<\/p>\n\n\n\n<h2 class=\"wp-block-heading\">Hvordan sparer jeg p\u00e5 et hotell langs ruten min?<\/h2>\n\n\n\n<p>\u00c5 finne et fint bilferiehotell langs&nbsp;ruten&nbsp;din&nbsp;trenger ikke \u00e5 v\u00e6re s\u00e5 vanskelig lenger.&nbsp;N\u00e5r det er sagt, m\u00e5 du alltid ta hensyn til budsjettet du har tilgjengelig for natten (e).&nbsp;Ogs\u00e5 i&nbsp;denne&nbsp;sammenhengen har&nbsp;vi et fint tips til deg.&nbsp;Book&nbsp;ing&nbsp;et hotell langs ruten her p\u00e5 HelloRoadTrip.com?&nbsp;Da gj\u00f8res ikke bare bestillingen din p\u00e5 de mest p\u00e5litelige reservasjonssidene p\u00e5 internett, du kan ogs\u00e5 glede deg over en god rabatt!&nbsp;P\u00e5 denne m\u00e5ten dreper du to fugler med en stein! <\/p>\n","protected":false},"excerpt":{"rendered":"<p>I praksis krever det \u00e5 ta en biltur eller en bobilferie litt mer planlegging.\u00a0Det trenger ikke v\u00e6re irriterende.\u00a0Faktisk er det mange som liker \u00e5 ha det litt g\u00f8y\u00a0med dette.\u00a0Imidlertid sier det seg selv at ikke alle har nok tid til \u00e5 planlegge en biltur\u00a0alene.\u00a0N\u00e5r det er sagt, vil\u00a0du heller ikke skynde deg \u00e5 velge hotell.\u00a0Dette &#8230; <a title=\"Finner du et bilferiehotell? Du har kommet til rett sted!\" class=\"read-more\" href=\"https:\/\/www.helloroadtrip.com\/no\/finner-du-et-bilferiehotell-du-har-kommet-til-rett-sted\/\" aria-label=\"Mer p\u00e5 Finner du et bilferiehotell? Du har kommet til rett sted!\">Les mer<\/a><\/p>\n","protected":false},"author":1,"featured_media":0,"parent":0,"menu_order":0,"comment_status":"closed","ping_status":"closed","template":"","meta":{"footnotes":""},"class_list":["post-140","page","type-page","status-publish"],"yoast_head":"<!-- This site is optimized with the Yoast SEO plugin v27.4 - https:\/\/yoast.com\/product\/yoast-seo-wordpress\/ -->\n<title>Finner du et bilferiehotell? Du har kommet til rett sted! - Hello Road Trip .com<\/title>\n<meta name=\"description\" content=\"Finner du et hotell langs ruten din p\u00e5 neste biltur? \u2705 Det burde ikke v\u00e6re noe problem. \u2705 Oppdag n\u00e5 mulighetene for HelloRoadTrip.com!\" \/>\n<meta name=\"robots\" content=\"index, follow, max-snippet:-1, max-image-preview:large, max-video-preview:-1\" \/>\n<link rel=\"canonical\" href=\"https:\/\/www.helloroadtrip.com\/no\/finner-du-et-bilferiehotell-du-har-kommet-til-rett-sted\/\" \/>\n<meta property=\"og:locale\" content=\"nb_NO\" \/>\n<meta property=\"og:type\" content=\"article\" \/>\n<meta property=\"og:title\" content=\"Finner du et bilferiehotell? Du har kommet til rett sted! - Hello Road Trip .com\" \/>\n<meta property=\"og:description\" content=\"Finner du et hotell langs ruten din p\u00e5 neste biltur? \u2705 Det burde ikke v\u00e6re noe problem. \u2705 Oppdag n\u00e5 mulighetene for HelloRoadTrip.com!\" \/>\n<meta property=\"og:url\" content=\"https:\/\/www.helloroadtrip.com\/no\/finner-du-et-bilferiehotell-du-har-kommet-til-rett-sted\/\" \/>\n<meta property=\"og:site_name\" content=\"Hello Road Trip .com\" \/>\n<meta property=\"article:modified_time\" content=\"2020-06-05T10:08:14+00:00\" \/>\n<meta name=\"twitter:card\" content=\"summary_large_image\" \/>\n<meta name=\"twitter:label1\" content=\"Ansl. lesetid\" \/>\n\t<meta name=\"twitter:data1\" content=\"3 minutter\" \/>\n<script type=\"application\/ld+json\" class=\"yoast-schema-graph\">{\"@context\":\"https:\\\/\\\/schema.org\",\"@graph\":[{\"@type\":\"WebPage\",\"@id\":\"https:\\\/\\\/www.helloroadtrip.com\\\/no\\\/finner-du-et-bilferiehotell-du-har-kommet-til-rett-sted\\\/\",\"url\":\"https:\\\/\\\/www.helloroadtrip.com\\\/no\\\/finner-du-et-bilferiehotell-du-har-kommet-til-rett-sted\\\/\",\"name\":\"Finner du et bilferiehotell? Du har kommet til rett sted! - Hello Road Trip .com\",\"isPartOf\":{\"@id\":\"https:\\\/\\\/www.helloroadtrip.com\\\/#website\"},\"datePublished\":\"2020-04-17T09:24:55+00:00\",\"dateModified\":\"2020-06-05T10:08:14+00:00\",\"description\":\"Finner du et hotell langs ruten din p\u00e5 neste biltur? \u2705 Det burde ikke v\u00e6re noe problem. \u2705 Oppdag n\u00e5 mulighetene for HelloRoadTrip.com!\",\"breadcrumb\":{\"@id\":\"https:\\\/\\\/www.helloroadtrip.com\\\/no\\\/finner-du-et-bilferiehotell-du-har-kommet-til-rett-sted\\\/#breadcrumb\"},\"inLanguage\":\"nb-NO\",\"potentialAction\":[{\"@type\":\"ReadAction\",\"target\":[\"https:\\\/\\\/www.helloroadtrip.com\\\/no\\\/finner-du-et-bilferiehotell-du-har-kommet-til-rett-sted\\\/\"]}]},{\"@type\":\"BreadcrumbList\",\"@id\":\"https:\\\/\\\/www.helloroadtrip.com\\\/no\\\/finner-du-et-bilferiehotell-du-har-kommet-til-rett-sted\\\/#breadcrumb\",\"itemListElement\":[{\"@type\":\"ListItem\",\"position\":1,\"name\":\"Home\",\"item\":\"https:\\\/\\\/www.helloroadtrip.com\\\/no\\\/\"},{\"@type\":\"ListItem\",\"position\":2,\"name\":\"Finner du et bilferiehotell? Du har kommet til rett sted!\"}]},{\"@type\":\"WebSite\",\"@id\":\"https:\\\/\\\/www.helloroadtrip.com\\\/#website\",\"url\":\"https:\\\/\\\/www.helloroadtrip.com\\\/\",\"name\":\"Hello Road Trip .com\",\"description\":\"Find Hotels On Your Route\",\"publisher\":{\"@id\":\"https:\\\/\\\/www.helloroadtrip.com\\\/#organization\"},\"potentialAction\":[{\"@type\":\"SearchAction\",\"target\":{\"@type\":\"EntryPoint\",\"urlTemplate\":\"https:\\\/\\\/www.helloroadtrip.com\\\/?s={search_term_string}\"},\"query-input\":{\"@type\":\"PropertyValueSpecification\",\"valueRequired\":true,\"valueName\":\"search_term_string\"}}],\"inLanguage\":\"nb-NO\"},{\"@type\":\"Organization\",\"@id\":\"https:\\\/\\\/www.helloroadtrip.com\\\/#organization\",\"name\":\"Hello Road Trip .com\",\"url\":\"https:\\\/\\\/www.helloroadtrip.com\\\/\",\"logo\":{\"@type\":\"ImageObject\",\"inLanguage\":\"nb-NO\",\"@id\":\"https:\\\/\\\/www.helloroadtrip.com\\\/#\\\/schema\\\/logo\\\/image\\\/\",\"url\":\"https:\\\/\\\/www.helloroadtrip.com\\\/wp-content\\\/uploads\\\/2020\\\/03\\\/HelloRoadtrip-com-logo.jpg\",\"contentUrl\":\"https:\\\/\\\/www.helloroadtrip.com\\\/wp-content\\\/uploads\\\/2020\\\/03\\\/HelloRoadtrip-com-logo.jpg\",\"width\":300,\"height\":81,\"caption\":\"Hello Road Trip .com\"},\"image\":{\"@id\":\"https:\\\/\\\/www.helloroadtrip.com\\\/#\\\/schema\\\/logo\\\/image\\\/\"}}]}<\/script>\n<!-- \/ Yoast SEO plugin. -->","yoast_head_json":{"title":"Finner du et bilferiehotell? Du har kommet til rett sted! - Hello Road Trip .com","description":"Finner du et hotell langs ruten din p\u00e5 neste biltur? \u2705 Det burde ikke v\u00e6re noe problem. \u2705 Oppdag n\u00e5 mulighetene for HelloRoadTrip.com!","robots":{"index":"index","follow":"follow","max-snippet":"max-snippet:-1","max-image-preview":"max-image-preview:large","max-video-preview":"max-video-preview:-1"},"canonical":"https:\/\/www.helloroadtrip.com\/no\/finner-du-et-bilferiehotell-du-har-kommet-til-rett-sted\/","og_locale":"nb_NO","og_type":"article","og_title":"Finner du et bilferiehotell? Du har kommet til rett sted! - Hello Road Trip .com","og_description":"Finner du et hotell langs ruten din p\u00e5 neste biltur? \u2705 Det burde ikke v\u00e6re noe problem. \u2705 Oppdag n\u00e5 mulighetene for HelloRoadTrip.com!","og_url":"https:\/\/www.helloroadtrip.com\/no\/finner-du-et-bilferiehotell-du-har-kommet-til-rett-sted\/","og_site_name":"Hello Road Trip .com","article_modified_time":"2020-06-05T10:08:14+00:00","twitter_card":"summary_large_image","twitter_misc":{"Ansl. lesetid":"3 minutter"},"schema":{"@context":"https:\/\/schema.org","@graph":[{"@type":"WebPage","@id":"https:\/\/www.helloroadtrip.com\/no\/finner-du-et-bilferiehotell-du-har-kommet-til-rett-sted\/","url":"https:\/\/www.helloroadtrip.com\/no\/finner-du-et-bilferiehotell-du-har-kommet-til-rett-sted\/","name":"Finner du et bilferiehotell? Du har kommet til rett sted! - Hello Road Trip .com","isPartOf":{"@id":"https:\/\/www.helloroadtrip.com\/#website"},"datePublished":"2020-04-17T09:24:55+00:00","dateModified":"2020-06-05T10:08:14+00:00","description":"Finner du et hotell langs ruten din p\u00e5 neste biltur? \u2705 Det burde ikke v\u00e6re noe problem. \u2705 Oppdag n\u00e5 mulighetene for HelloRoadTrip.com!","breadcrumb":{"@id":"https:\/\/www.helloroadtrip.com\/no\/finner-du-et-bilferiehotell-du-har-kommet-til-rett-sted\/#breadcrumb"},"inLanguage":"nb-NO","potentialAction":[{"@type":"ReadAction","target":["https:\/\/www.helloroadtrip.com\/no\/finner-du-et-bilferiehotell-du-har-kommet-til-rett-sted\/"]}]},{"@type":"BreadcrumbList","@id":"https:\/\/www.helloroadtrip.com\/no\/finner-du-et-bilferiehotell-du-har-kommet-til-rett-sted\/#breadcrumb","itemListElement":[{"@type":"ListItem","position":1,"name":"Home","item":"https:\/\/www.helloroadtrip.com\/no\/"},{"@type":"ListItem","position":2,"name":"Finner du et bilferiehotell? Du har kommet til rett sted!"}]},{"@type":"WebSite","@id":"https:\/\/www.helloroadtrip.com\/#website","url":"https:\/\/www.helloroadtrip.com\/","name":"Hello Road Trip .com","description":"Find Hotels On Your Route","publisher":{"@id":"https:\/\/www.helloroadtrip.com\/#organization"},"potentialAction":[{"@type":"SearchAction","target":{"@type":"EntryPoint","urlTemplate":"https:\/\/www.helloroadtrip.com\/?s={search_term_string}"},"query-input":{"@type":"PropertyValueSpecification","valueRequired":true,"valueName":"search_term_string"}}],"inLanguage":"nb-NO"},{"@type":"Organization","@id":"https:\/\/www.helloroadtrip.com\/#organization","name":"Hello Road Trip .com","url":"https:\/\/www.helloroadtrip.com\/","logo":{"@type":"ImageObject","inLanguage":"nb-NO","@id":"https:\/\/www.helloroadtrip.com\/#\/schema\/logo\/image\/","url":"https:\/\/www.helloroadtrip.com\/wp-content\/uploads\/2020\/03\/HelloRoadtrip-com-logo.jpg","contentUrl":"https:\/\/www.helloroadtrip.com\/wp-content\/uploads\/2020\/03\/HelloRoadtrip-com-logo.jpg","width":300,"height":81,"caption":"Hello Road Trip .com"},"image":{"@id":"https:\/\/www.helloroadtrip.com\/#\/schema\/logo\/image\/"}}]}},"_links":{"self":[{"href":"https:\/\/www.helloroadtrip.com\/no\/wp-json\/wp\/v2\/pages\/140","targetHints":{"allow":["GET"]}}],"collection":[{"href":"https:\/\/www.helloroadtrip.com\/no\/wp-json\/wp\/v2\/pages"}],"about":[{"href":"https:\/\/www.helloroadtrip.com\/no\/wp-json\/wp\/v2\/types\/page"}],"author":[{"embeddable":true,"href":"https:\/\/www.helloroadtrip.com\/no\/wp-json\/wp\/v2\/users\/1"}],"replies":[{"embeddable":true,"href":"https:\/\/www.helloroadtrip.com\/no\/wp-json\/wp\/v2\/comments?post=140"}],"version-history":[{"count":2,"href":"https:\/\/www.helloroadtrip.com\/no\/wp-json\/wp\/v2\/pages\/140\/revisions"}],"predecessor-version":[{"id":264,"href":"https:\/\/www.helloroadtrip.com\/no\/wp-json\/wp\/v2\/pages\/140\/revisions\/264"}],"wp:attachment":[{"href":"https:\/\/www.helloroadtrip.com\/no\/wp-json\/wp\/v2\/media?parent=140"}],"curies":[{"name":"wp","href":"https:\/\/api.w.org\/{rel}","templated":true}]}}