{"id":109,"date":"2020-04-16T09:38:43","date_gmt":"2020-04-16T09:38:43","guid":{"rendered":"https:\/\/www.helloroadtrip.com\/?page_id=109"},"modified":"2020-06-05T12:21:26","modified_gmt":"2020-06-05T12:21:26","slug":"rezerwacja-hotelu-w-drodze-latwo-i-tanio","status":"publish","type":"page","link":"https:\/\/www.helloroadtrip.com\/pl\/rezerwacja-hotelu-w-drodze-latwo-i-tanio\/","title":{"rendered":"Rezerwacja hotelu w drodze, \u0142atwo i tanio"},"content":{"rendered":"\n<div class=\"ttWrapper\"><\/div>\r\n<link href=\"https:\/\/ajax.googleapis.com\/ajax\/libs\/jqueryui\/1.11.4\/themes\/smoothness\/jquery-ui.css\" rel=\"stylesheet\" \/>\r\n<link href=\"https:\/\/www.tussenstop.com\/tool-3\/assets\/css\/V3\/bundle.min.css\" rel=\"stylesheet\" \/>\r\n<script src=\"https:\/\/ajax.googleapis.com\/ajax\/libs\/jquery\/3.7.1\/jquery.min.js\"><\/script>\r\n<script src=\"https:\/\/ajax.googleapis.com\/ajax\/libs\/jqueryui\/1.11.4\/jquery-ui.min.js\"><\/script>\r\n<script src=\"https:\/\/www.tussenstop.com\/tool-3\/assets\/vendor\/here\/bundle.js\"><\/script>\r\n<script src=\"https:\/\/www.tussenstop.com\/tool-3\/assets\/vendor\/pico\/pico.min.js\"><\/script>\r\n<script src=\"https:\/\/www.tussenstop.com\/tool-3\/assets\/js\/V3\/bundle.min.js\"><\/script>\r\n<script>\r\n   $(\".ttWrapper\").tussenstop({\r\n                        host: \"www.helloroadtrip.com\",\r\n                        mapLanguage: \"pl\",\r\n                        politicalView: \"POL\",\r\n                        language: \"pl-PL\",\r\n                      partners: \"https:\/\/www.tussenstop.com\/tool-3\/hrpartners.php\",\r\noutbound: {\r\n                            active: true,\r\n                            timeout: 1500,\r\n                            img: \"https:\/\/www.helloroadtrip.com\/wp-content\/uploads\/2020\/03\/HelloRoadtrip-com-logo.jpg\"\r\n                        }\r\n                    });\r\n<\/script>\n\n\n\n<p>Je\u015bli planujesz podr\u00f3\u017c, oczywiste jest, \u017ce b\u0119dziesz chcie\u0107 zatrzyma\u0107 si\u0119 na noc w jednym lub kilku miejscach podczas podr\u00f3\u017cy. W wi\u0119kszo\u015bci przypadk\u00f3w ludzie decyduj\u0105 si\u0119 na nocleg w hotelu. W tym aspekcie masz dwie r\u00f3\u017cne opcje. Mo\u017cesz zarezerwowa\u0107 hotel po drodze, ale mo\u017cesz tak\u017ce zarezerwowa\u0107 go przed rozpocz\u0119ciem podr\u00f3\u017cy. Obie opcje maj\u0105 swoje wady i zalety. W obu te\u017c przypadkach mo\u017cna skorzysta\u0107 z mo\u017cliwo\u015bci oferowanych przez t\u0119 stron\u0119 internetow\u0105 HelloRoadTrip.com.<\/p>\n\n\n\n<h2 class=\"wp-block-heading\">Po co rezerwowa\u0107 hotel po drodze?<\/h2>\n\n\n\n<p>Rezerwacja\nhotelu po drodze podczas Twojej podr\u00f3\u017cy ma tylko jedn\u0105 konkretn\u0105 zalet\u0119&#8230; i\njest to elastyczno\u015b\u0107. W praktyce rezerwacja hotelu w trasie pozwala Ci tego\nsamego dnia zdecydowa\u0107 jak d\u0142ugo b\u0119dziesz jecha\u0107 oraz gdzie chcesz si\u0119\nzatrzyma\u0107 na noc. Nie jest tak oczywi\u015bcie, gdy zarezerwujesz hotel z\nwyprzedzeniem. W\u00f3wczas miejsce Twojego zatrzymania jest ju\u017c z g\u00f3ry ustalone&#8230;\nchyba, \u017ce zdecydujesz si\u0119 zap\u0142aci\u0107 podw\u00f3jnie za nocleg tej nocy.<\/p>\n\n\n\n<h2 class=\"wp-block-heading\">Rezerwacja hotelu z wyprzedzeniem <\/h2>\n\n\n\n<p>Opr\u00f3cz\npowy\u017cszego istnieje r\u00f3wnie\u017c mo\u017cliwo\u015b\u0107 wcze\u015bniejszej rezerwacji hotelu. Ma to\nr\u00f3wnie\u017c kilka zalet. Pomy\u015bl o nast\u0119puj\u0105cych kwestiach: <\/p>\n\n\n\n<p>1.&nbsp;&nbsp;&nbsp;&nbsp;&nbsp; Nie musisz si\u0119 martwi\u0107 rezerwacj\u0105 nocleg\u00f3w\nw trakcie swojej podr\u00f3\u017cy;<\/p>\n\n\n\n<p>2.&nbsp;&nbsp;&nbsp;&nbsp;&nbsp; Nigdy nie trafisz na w pe\u0142ni zarezerwowany\nhotel;<\/p>\n\n\n\n<p>3.&nbsp;&nbsp;&nbsp;&nbsp;&nbsp; Cena pokoju jest zwykle korzystniejsza;<\/p>\n\n\n\n<p>4.&nbsp;&nbsp;&nbsp;&nbsp;&nbsp; Wiesz dok\u0142adnie, jakie odleg\u0142o\u015bci b\u0119dziesz\nmusie\u0107 pokona\u0107 ka\u017cdego dnia;<\/p>\n\n\n\n<p>W dzisiejszych\nczasach coraz wi\u0119cej os\u00f3b decyduje si\u0119 na zwiedzanie kraju w ramach wycieczki.\nTrzeba co\u015b o tym powiedzie\u0107. Wybieraj\u0105c si\u0119 na wycieczk\u0119, nie tylko jedziesz na\nprzyjazne dla \u015brodowiska wakacje (samoch\u00f3d jest o wiele bardziej przyjazny dla\n\u015brodowiska ni\u017c samolot), ale tak\u017ce odkrywasz ca\u0142e pi\u0119kno kraju, kt\u00f3ry\nzamierzasz odwiedzi\u0107.<\/p>\n\n\n\n<h2 class=\"wp-block-heading\">Jak zarezerwowa\u0107 hotel w trakcie wycieczki?<\/h2>\n\n\n\n<p>Korzystaj\u0105c z\ntej strony HelloRoadTrip.com zawsze mo\u017cesz liczy\u0107 na wiele korzy\u015bci.\nKorzystaj\u0105c z naszego narz\u0119dzia do planowania podr\u00f3\u017cy, mo\u017cesz szybko dowiedzie\u0107\nsi\u0119, kt\u00f3re hotele mog\u0105 by\u0107 dla Ciebie interesuj\u0105ce. Wyszukiwanie takich hoteli\nodbywa si\u0119 na podstawie nast\u0119puj\u0105cych danych: <\/p>\n\n\n\n<p>1.&nbsp;&nbsp;&nbsp;&nbsp;&nbsp; Miejsce, z kt\u00f3rego rozpocznie si\u0119 Twoja\npodr\u00f3\u017c;<\/p>\n\n\n\n<p>2.&nbsp;&nbsp;&nbsp;&nbsp;&nbsp; Miejsce docelowe Twojej podr\u00f3\u017cy;<\/p>\n\n\n\n<p>3.&nbsp;&nbsp;&nbsp;&nbsp;&nbsp; Dok\u0142adnie jak d\u0142ugo chcesz podr\u00f3\u017cowa\u0107\n(dziennie);<\/p>\n\n\n\n<p>Powy\u017csze dane\nb\u0119d\u0105 s\u0142u\u017cy\u0107 jako podstawa do wyszukiwania. Po jego zako\u0144czeniu, natychmiast\nzostanie Ci wy\u015bwietlona lista potencjalnych hoteli. W ten spos\u00f3b mo\u017cesz\nnatychmiast zarezerwowa\u0107 hotel, kt\u00f3ry chcesz. Co wi\u0119cej, rezerwacja ta zostanie\ndokonana za po\u015brednictwem zaufanej strony do rezerwacji i zawsze po konkurencyjnej\ncenie.<\/p>\n\n\n\n<h2 class=\"wp-block-heading\">Jeste\u015b fanem innego rodzaju zakwaterowania? <\/h2>\n\n\n\n<p>Czy wolisz jakie\u015b inne miejsce na sw\u00f3j nocleg ni\u017celi hotel? Je\u015bli tak jest, to rozwi\u0105zanie r\u00f3wnie\u017c znajdziesz za po\u015brednictwem naszej strony internetowej. Opr\u00f3cz rezerwacji hotelu w trakcie wycieczki, mo\u017cna r\u00f3wnie\u017c wybra\u0107 nocleg w apartamencie lub wybra\u0107 zakwaterowanie ze \u015bniadaniem. Innymi s\u0142owy, czy wolisz jedn\u0105 z tych innych opcji zakwaterowania? Nasz wygodny planer podr\u00f3\u017cy na pewno oka\u017ce Ci si\u0119 pomocny! <\/p>\n","protected":false},"excerpt":{"rendered":"<p>Je\u015bli planujesz podr\u00f3\u017c, oczywiste jest, \u017ce b\u0119dziesz chcie\u0107 zatrzyma\u0107 si\u0119 na noc w jednym lub kilku miejscach podczas podr\u00f3\u017cy. W wi\u0119kszo\u015bci przypadk\u00f3w ludzie decyduj\u0105 si\u0119 na nocleg w hotelu. W tym aspekcie masz dwie r\u00f3\u017cne opcje. Mo\u017cesz zarezerwowa\u0107 hotel po drodze, ale mo\u017cesz tak\u017ce zarezerwowa\u0107 go przed rozpocz\u0119ciem podr\u00f3\u017cy. Obie opcje maj\u0105 swoje wady i &#8230; <a title=\"Rezerwacja hotelu w drodze, \u0142atwo i tanio\" class=\"read-more\" href=\"https:\/\/www.helloroadtrip.com\/pl\/rezerwacja-hotelu-w-drodze-latwo-i-tanio\/\" aria-label=\"More on Rezerwacja hotelu w drodze, \u0142atwo i tanio\">Czytaj dalej<\/a><\/p>\n","protected":false},"author":1,"featured_media":0,"parent":0,"menu_order":0,"comment_status":"open","ping_status":"closed","template":"","meta":{"footnotes":""},"class_list":["post-109","page","type-page","status-publish"],"yoast_head":"<!-- This site is optimized with the Yoast SEO plugin v27.4 - https:\/\/yoast.com\/product\/yoast-seo-wordpress\/ -->\n<title>Rezerwacja hotelu w drodze, \u0142atwo i tanio - Hello Road Trip .com<\/title>\n<meta name=\"description\" content=\"Szukasz hotelu przy drodze? \u2705 Zwykle nie jest to \u0142atwe zadanie! \u2705 Nasz wygodny planer podr\u00f3\u017cy mo\u017ce to jednak zmieni\u0107.\" \/>\n<meta name=\"robots\" content=\"index, follow, max-snippet:-1, max-image-preview:large, max-video-preview:-1\" \/>\n<link rel=\"canonical\" href=\"https:\/\/www.helloroadtrip.com\/pl\/rezerwacja-hotelu-w-drodze-latwo-i-tanio\/\" \/>\n<meta property=\"og:locale\" content=\"pl_PL\" \/>\n<meta property=\"og:type\" content=\"article\" \/>\n<meta property=\"og:title\" content=\"Rezerwacja hotelu w drodze, \u0142atwo i tanio - Hello Road Trip .com\" \/>\n<meta property=\"og:description\" content=\"Szukasz hotelu przy drodze? \u2705 Zwykle nie jest to \u0142atwe zadanie! \u2705 Nasz wygodny planer podr\u00f3\u017cy mo\u017ce to jednak zmieni\u0107.\" \/>\n<meta property=\"og:url\" content=\"https:\/\/www.helloroadtrip.com\/pl\/rezerwacja-hotelu-w-drodze-latwo-i-tanio\/\" \/>\n<meta property=\"og:site_name\" content=\"Hello Road Trip .com\" \/>\n<meta property=\"article:modified_time\" content=\"2020-06-05T12:21:26+00:00\" \/>\n<meta name=\"twitter:card\" content=\"summary_large_image\" \/>\n<meta name=\"twitter:label1\" content=\"Szacowany czas czytania\" \/>\n\t<meta name=\"twitter:data1\" content=\"3 minuty\" \/>\n<script type=\"application\/ld+json\" class=\"yoast-schema-graph\">{\"@context\":\"https:\\\/\\\/schema.org\",\"@graph\":[{\"@type\":\"WebPage\",\"@id\":\"https:\\\/\\\/www.helloroadtrip.com\\\/pl\\\/rezerwacja-hotelu-w-drodze-latwo-i-tanio\\\/\",\"url\":\"https:\\\/\\\/www.helloroadtrip.com\\\/pl\\\/rezerwacja-hotelu-w-drodze-latwo-i-tanio\\\/\",\"name\":\"Rezerwacja hotelu w drodze, \u0142atwo i tanio - Hello Road Trip .com\",\"isPartOf\":{\"@id\":\"https:\\\/\\\/www.helloroadtrip.com\\\/#website\"},\"datePublished\":\"2020-04-16T09:38:43+00:00\",\"dateModified\":\"2020-06-05T12:21:26+00:00\",\"description\":\"Szukasz hotelu przy drodze? \u2705 Zwykle nie jest to \u0142atwe zadanie! \u2705 Nasz wygodny planer podr\u00f3\u017cy mo\u017ce to jednak zmieni\u0107.\",\"breadcrumb\":{\"@id\":\"https:\\\/\\\/www.helloroadtrip.com\\\/pl\\\/rezerwacja-hotelu-w-drodze-latwo-i-tanio\\\/#breadcrumb\"},\"inLanguage\":\"pl-PL\",\"potentialAction\":[{\"@type\":\"ReadAction\",\"target\":[\"https:\\\/\\\/www.helloroadtrip.com\\\/pl\\\/rezerwacja-hotelu-w-drodze-latwo-i-tanio\\\/\"]}]},{\"@type\":\"BreadcrumbList\",\"@id\":\"https:\\\/\\\/www.helloroadtrip.com\\\/pl\\\/rezerwacja-hotelu-w-drodze-latwo-i-tanio\\\/#breadcrumb\",\"itemListElement\":[{\"@type\":\"ListItem\",\"position\":1,\"name\":\"Home\",\"item\":\"https:\\\/\\\/www.helloroadtrip.com\\\/pl\\\/\"},{\"@type\":\"ListItem\",\"position\":2,\"name\":\"Rezerwacja hotelu w drodze, \u0142atwo i tanio\"}]},{\"@type\":\"WebSite\",\"@id\":\"https:\\\/\\\/www.helloroadtrip.com\\\/#website\",\"url\":\"https:\\\/\\\/www.helloroadtrip.com\\\/\",\"name\":\"Hello Road Trip .com\",\"description\":\"Find Hotels On Your Route\",\"publisher\":{\"@id\":\"https:\\\/\\\/www.helloroadtrip.com\\\/#organization\"},\"potentialAction\":[{\"@type\":\"SearchAction\",\"target\":{\"@type\":\"EntryPoint\",\"urlTemplate\":\"https:\\\/\\\/www.helloroadtrip.com\\\/?s={search_term_string}\"},\"query-input\":{\"@type\":\"PropertyValueSpecification\",\"valueRequired\":true,\"valueName\":\"search_term_string\"}}],\"inLanguage\":\"pl-PL\"},{\"@type\":\"Organization\",\"@id\":\"https:\\\/\\\/www.helloroadtrip.com\\\/#organization\",\"name\":\"Hello Road Trip .com\",\"url\":\"https:\\\/\\\/www.helloroadtrip.com\\\/\",\"logo\":{\"@type\":\"ImageObject\",\"inLanguage\":\"pl-PL\",\"@id\":\"https:\\\/\\\/www.helloroadtrip.com\\\/#\\\/schema\\\/logo\\\/image\\\/\",\"url\":\"https:\\\/\\\/www.helloroadtrip.com\\\/wp-content\\\/uploads\\\/2020\\\/03\\\/HelloRoadtrip-com-logo.jpg\",\"contentUrl\":\"https:\\\/\\\/www.helloroadtrip.com\\\/wp-content\\\/uploads\\\/2020\\\/03\\\/HelloRoadtrip-com-logo.jpg\",\"width\":300,\"height\":81,\"caption\":\"Hello Road Trip .com\"},\"image\":{\"@id\":\"https:\\\/\\\/www.helloroadtrip.com\\\/#\\\/schema\\\/logo\\\/image\\\/\"}}]}<\/script>\n<!-- \/ Yoast SEO plugin. -->","yoast_head_json":{"title":"Rezerwacja hotelu w drodze, \u0142atwo i tanio - Hello Road Trip .com","description":"Szukasz hotelu przy drodze? \u2705 Zwykle nie jest to \u0142atwe zadanie! \u2705 Nasz wygodny planer podr\u00f3\u017cy mo\u017ce to jednak zmieni\u0107.","robots":{"index":"index","follow":"follow","max-snippet":"max-snippet:-1","max-image-preview":"max-image-preview:large","max-video-preview":"max-video-preview:-1"},"canonical":"https:\/\/www.helloroadtrip.com\/pl\/rezerwacja-hotelu-w-drodze-latwo-i-tanio\/","og_locale":"pl_PL","og_type":"article","og_title":"Rezerwacja hotelu w drodze, \u0142atwo i tanio - Hello Road Trip .com","og_description":"Szukasz hotelu przy drodze? \u2705 Zwykle nie jest to \u0142atwe zadanie! \u2705 Nasz wygodny planer podr\u00f3\u017cy mo\u017ce to jednak zmieni\u0107.","og_url":"https:\/\/www.helloroadtrip.com\/pl\/rezerwacja-hotelu-w-drodze-latwo-i-tanio\/","og_site_name":"Hello Road Trip .com","article_modified_time":"2020-06-05T12:21:26+00:00","twitter_card":"summary_large_image","twitter_misc":{"Szacowany czas czytania":"3 minuty"},"schema":{"@context":"https:\/\/schema.org","@graph":[{"@type":"WebPage","@id":"https:\/\/www.helloroadtrip.com\/pl\/rezerwacja-hotelu-w-drodze-latwo-i-tanio\/","url":"https:\/\/www.helloroadtrip.com\/pl\/rezerwacja-hotelu-w-drodze-latwo-i-tanio\/","name":"Rezerwacja hotelu w drodze, \u0142atwo i tanio - Hello Road Trip .com","isPartOf":{"@id":"https:\/\/www.helloroadtrip.com\/#website"},"datePublished":"2020-04-16T09:38:43+00:00","dateModified":"2020-06-05T12:21:26+00:00","description":"Szukasz hotelu przy drodze? \u2705 Zwykle nie jest to \u0142atwe zadanie! \u2705 Nasz wygodny planer podr\u00f3\u017cy mo\u017ce to jednak zmieni\u0107.","breadcrumb":{"@id":"https:\/\/www.helloroadtrip.com\/pl\/rezerwacja-hotelu-w-drodze-latwo-i-tanio\/#breadcrumb"},"inLanguage":"pl-PL","potentialAction":[{"@type":"ReadAction","target":["https:\/\/www.helloroadtrip.com\/pl\/rezerwacja-hotelu-w-drodze-latwo-i-tanio\/"]}]},{"@type":"BreadcrumbList","@id":"https:\/\/www.helloroadtrip.com\/pl\/rezerwacja-hotelu-w-drodze-latwo-i-tanio\/#breadcrumb","itemListElement":[{"@type":"ListItem","position":1,"name":"Home","item":"https:\/\/www.helloroadtrip.com\/pl\/"},{"@type":"ListItem","position":2,"name":"Rezerwacja hotelu w drodze, \u0142atwo i tanio"}]},{"@type":"WebSite","@id":"https:\/\/www.helloroadtrip.com\/#website","url":"https:\/\/www.helloroadtrip.com\/","name":"Hello Road Trip .com","description":"Find Hotels On Your Route","publisher":{"@id":"https:\/\/www.helloroadtrip.com\/#organization"},"potentialAction":[{"@type":"SearchAction","target":{"@type":"EntryPoint","urlTemplate":"https:\/\/www.helloroadtrip.com\/?s={search_term_string}"},"query-input":{"@type":"PropertyValueSpecification","valueRequired":true,"valueName":"search_term_string"}}],"inLanguage":"pl-PL"},{"@type":"Organization","@id":"https:\/\/www.helloroadtrip.com\/#organization","name":"Hello Road Trip .com","url":"https:\/\/www.helloroadtrip.com\/","logo":{"@type":"ImageObject","inLanguage":"pl-PL","@id":"https:\/\/www.helloroadtrip.com\/#\/schema\/logo\/image\/","url":"https:\/\/www.helloroadtrip.com\/wp-content\/uploads\/2020\/03\/HelloRoadtrip-com-logo.jpg","contentUrl":"https:\/\/www.helloroadtrip.com\/wp-content\/uploads\/2020\/03\/HelloRoadtrip-com-logo.jpg","width":300,"height":81,"caption":"Hello Road Trip .com"},"image":{"@id":"https:\/\/www.helloroadtrip.com\/#\/schema\/logo\/image\/"}}]}},"_links":{"self":[{"href":"https:\/\/www.helloroadtrip.com\/pl\/wp-json\/wp\/v2\/pages\/109","targetHints":{"allow":["GET"]}}],"collection":[{"href":"https:\/\/www.helloroadtrip.com\/pl\/wp-json\/wp\/v2\/pages"}],"about":[{"href":"https:\/\/www.helloroadtrip.com\/pl\/wp-json\/wp\/v2\/types\/page"}],"author":[{"embeddable":true,"href":"https:\/\/www.helloroadtrip.com\/pl\/wp-json\/wp\/v2\/users\/1"}],"replies":[{"embeddable":true,"href":"https:\/\/www.helloroadtrip.com\/pl\/wp-json\/wp\/v2\/comments?post=109"}],"version-history":[{"count":2,"href":"https:\/\/www.helloroadtrip.com\/pl\/wp-json\/wp\/v2\/pages\/109\/revisions"}],"predecessor-version":[{"id":272,"href":"https:\/\/www.helloroadtrip.com\/pl\/wp-json\/wp\/v2\/pages\/109\/revisions\/272"}],"wp:attachment":[{"href":"https:\/\/www.helloroadtrip.com\/pl\/wp-json\/wp\/v2\/media?parent=109"}],"curies":[{"name":"wp","href":"https:\/\/api.w.org\/{rel}","templated":true}]}}