{"id":162,"date":"2020-04-17T09:43:21","date_gmt":"2020-04-17T09:43:21","guid":{"rendered":"https:\/\/www.helloroadtrip.com\/?page_id=162"},"modified":"2020-06-05T12:21:51","modified_gmt":"2020-06-05T12:21:51","slug":"nasz-planer-podrozy-latwo-znajduj-swietne-hotele-na-noc","status":"publish","type":"page","link":"https:\/\/www.helloroadtrip.com\/pl\/nasz-planer-podrozy-latwo-znajduj-swietne-hotele-na-noc\/","title":{"rendered":"Nasz planer podr\u00f3\u017cy: \u0142atwo znajduj \u015bwietne hotele na noc"},"content":{"rendered":"\n<div class=\"ttWrapper\"><\/div>\r\n<link href=\"https:\/\/ajax.googleapis.com\/ajax\/libs\/jqueryui\/1.11.4\/themes\/smoothness\/jquery-ui.css\" rel=\"stylesheet\" \/>\r\n<link href=\"https:\/\/www.tussenstop.com\/tool-3\/assets\/css\/V3\/bundle.min.css\" rel=\"stylesheet\" \/>\r\n<script src=\"https:\/\/ajax.googleapis.com\/ajax\/libs\/jquery\/3.7.1\/jquery.min.js\"><\/script>\r\n<script src=\"https:\/\/ajax.googleapis.com\/ajax\/libs\/jqueryui\/1.11.4\/jquery-ui.min.js\"><\/script>\r\n<script src=\"https:\/\/www.tussenstop.com\/tool-3\/assets\/vendor\/here\/bundle.js\"><\/script>\r\n<script src=\"https:\/\/www.tussenstop.com\/tool-3\/assets\/vendor\/pico\/pico.min.js\"><\/script>\r\n<script src=\"https:\/\/www.tussenstop.com\/tool-3\/assets\/js\/V3\/bundle.min.js\"><\/script>\r\n<script>\r\n   $(\".ttWrapper\").tussenstop({\r\n                        host: \"www.helloroadtrip.com\",\r\n                        mapLanguage: \"pl\",\r\n                        politicalView: \"POL\",\r\n                        language: \"pl-PL\",\r\n                      partners: \"https:\/\/www.tussenstop.com\/tool-3\/hrpartners.php\",\r\noutbound: {\r\n                            active: true,\r\n                            timeout: 1500,\r\n                            img: \"https:\/\/www.helloroadtrip.com\/wp-content\/uploads\/2020\/03\/HelloRoadtrip-com-logo.jpg\"\r\n                        }\r\n                    });\r\n<\/script>\n\n\n\n<p>Wycieczka samochodem to \u015bwietny spos\u00f3b na podr\u00f3\u017cowanie. Jest bardziej przyjazny dla \u015brodowiska ni\u017c podr\u00f3\u017c na wakacje samolotem i pozwoli Ci naprawd\u0119 odkry\u0107 kraj. Oczywi\u015bcie wycieczka samochodowa wymaga znacz\u0105cego planowania. W tym przypadku nie tylko musisz zaplanowa\u0107 swoj\u0105 tras\u0119, ale musisz tak\u017ce zarezerwowa\u0107 zakwaterowanie niezb\u0119dne do sp\u0119dzenia nocy. Korzystaj\u0105c z naszego narz\u0119dzia do planowania podr\u00f3\u017cy, znacznie u\u0142atwisz sobie planowanie nast\u0119pnej podr\u00f3\u017cy.<\/p>\n\n\n\n<h2 class=\"wp-block-heading\">Jak dok\u0142adnie dzia\u0142a nasz planer podr\u00f3\u017cy? <\/h2>\n\n\n\n<p>Planowanie\nwycieczki samochodowej jest cz\u0119sto do\u015b\u0107 trudnym zadaniem. Nasz planer podr\u00f3\u017cy\nto zmieni. Na podstawie pewnych informacji wyszuka najlepsze zakwaterowanie,\nkt\u00f3re mo\u017cna zarezerwowa\u0107 na trasie swojej podr\u00f3\u017cy. Owo zakwaterowanie zostanie\nwybrane na podstawie nast\u0119puj\u0105cych informacji:<\/p>\n\n\n\n<p>1.&nbsp;&nbsp;&nbsp;&nbsp;&nbsp; Punkt pocz\u0105tkowy Twojej podr\u00f3\u017cy;<\/p>\n\n\n\n<p>2.&nbsp;&nbsp;&nbsp;&nbsp;&nbsp; Dok\u0142adnie jak d\u0142ugo chcesz jecha\u0107 w ci\u0105gu\njednego dnia;<\/p>\n\n\n\n<p>3.&nbsp;&nbsp;&nbsp;&nbsp;&nbsp; Miejsce docelowe Twojej podr\u00f3\u017cy;<\/p>\n\n\n\n<p>Wpisuj\u0105c\npowy\u017csze informacje w planerze podr\u00f3\u017cy, b\u0119dziesz m\u00f3g\u0142 si\u0119 natychmiast\ndowiedzie\u0107, kt\u00f3re miejsca noclegowe s\u0105 dla Ciebie dost\u0119pne. Znalaz\u0142e\u015b miejsce,\nw kt\u00f3rym chcia\u0142by\u015b si\u0119 zatrzyma\u0107? W takim przypadku mo\u017cesz je od razu\nzarezerwowa\u0107! <\/p>\n\n\n\n<h2 class=\"wp-block-heading\">Jakie miejsca noclegowe mo\u017cesz zarezerwowa\u0107?<\/h2>\n\n\n\n<p>Gdy skorzystasz\nz naszego narz\u0119dzia do planowania podr\u00f3\u017cy, zobaczysz, \u017ce dost\u0119pne s\u0105 r\u00f3\u017cne\nrodzaje zakwaterowania. S\u0105 to:<\/p>\n\n\n\n<p>1.&nbsp;&nbsp;&nbsp;&nbsp;&nbsp; Hotele; <\/p>\n\n\n\n<p>2.&nbsp;&nbsp;&nbsp;&nbsp;&nbsp; Apartamenty; <\/p>\n\n\n\n<p>3.&nbsp;&nbsp;&nbsp;&nbsp;&nbsp; Noclegi ze \u015bniadaniem; <\/p>\n\n\n\n<p>Wiele os\u00f3b woli\npozosta\u0107 w hotelu podczas swojej wycieczki samochodowej. Nie dotyczy to jednak\nwszystkich. Jest ca\u0142kiem mo\u017cliwe, \u017ce bardziej docenisz prywatno\u015b\u0107 apartamentu.\nHelloRoadTrip.com pomo\u017ce Ci taki znale\u017a\u0107!<\/p>\n\n\n\n<h2 class=\"wp-block-heading\">Prze\u017cyj beztrosk\u0105 podr\u00f3\u017c samochodem<\/h2>\n\n\n\n<p>Coraz wi\u0119cej\nos\u00f3b decyduje si\u0119 na wycieczk\u0119 samochodem. Jest tak z kilku powod\u00f3w. Przede\nwszystkim podczas wycieczki samochodem jeste\u015b w stanie pozna\u0107 kraj w jego\npe\u0142nej krasie. Ale to nie wszystko. Ponadto podr\u00f3\u017c samochodem jest r\u00f3wnie\u017c o\nwiele bardziej przyjazna dla \u015brodowiska ni\u017c podr\u00f3\u017c na wczasy samolotem. Czy\nchcesz sp\u0119dzi\u0107 naprawd\u0119 beztroski urlop jad\u0105c sobie samochodem? W takim\nprzypadku przekonasz si\u0119, \u017ce nasz planer podr\u00f3\u017cy z pewno\u015bci\u0105 mo\u017ce Ci pom\u00f3c.<\/p>\n\n\n\n<h2 class=\"wp-block-heading\">Kiedy korzysta\u0107 z naszego planera podr\u00f3\u017cy<\/h2>\n\n\n\n<p>Z naszego\nnarz\u0119dzia do planowania podr\u00f3\u017cy mo\u017cesz korzysta\u0107 w dowolnym momencie. Oznacza\nto, \u017ce mo\u017cesz z niego korzysta\u0107 zar\u00f3wno podczas podr\u00f3\u017cy, jak i przed ni\u0105. Obie\nopcje maj\u0105 swoje zalety. Dla przyk\u0142adu, rezerwuj\u0105c nocleg podczas podr\u00f3\u017cy,\nmo\u017cesz cieszy\u0107 si\u0119 optymaln\u0105 swobod\u0105. Je\u015bli jednak zdecydujesz si\u0119 zarezerwowa\u0107\nnocleg z wyprzedzeniem, cena zakwaterowania jest z regu\u0142y bardziej korzystna.\nKorzystaj\u0105c z naszego planera podr\u00f3\u017cy, aby si\u0119 do niej przygotowa\u0107,\ndo\u015bwiadczysz znacznie mniej stresu i zmartwie\u0144 w trakcie swego urlopu. Bez\nwzgl\u0119du na to, kiedy zdecydujesz si\u0119 zarezerwowa\u0107 sw\u00f3j nocleg, zawsze mo\u017cesz\nskorzysta\u0107 z naszego planera swojej podr\u00f3\u017cy samochodem.<\/p>\n","protected":false},"excerpt":{"rendered":"<p>Wycieczka samochodem to \u015bwietny spos\u00f3b na podr\u00f3\u017cowanie. Jest bardziej przyjazny dla \u015brodowiska ni\u017c podr\u00f3\u017c na wakacje samolotem i pozwoli Ci naprawd\u0119 odkry\u0107 kraj. Oczywi\u015bcie wycieczka samochodowa wymaga znacz\u0105cego planowania. W tym przypadku nie tylko musisz zaplanowa\u0107 swoj\u0105 tras\u0119, ale musisz tak\u017ce zarezerwowa\u0107 zakwaterowanie niezb\u0119dne do sp\u0119dzenia nocy. Korzystaj\u0105c z naszego narz\u0119dzia do planowania podr\u00f3\u017cy, znacznie &#8230; <a title=\"Nasz planer podr\u00f3\u017cy: \u0142atwo znajduj \u015bwietne hotele na noc\" class=\"read-more\" href=\"https:\/\/www.helloroadtrip.com\/pl\/nasz-planer-podrozy-latwo-znajduj-swietne-hotele-na-noc\/\" aria-label=\"More on Nasz planer podr\u00f3\u017cy: \u0142atwo znajduj \u015bwietne hotele na noc\">Czytaj dalej<\/a><\/p>\n","protected":false},"author":1,"featured_media":0,"parent":0,"menu_order":0,"comment_status":"closed","ping_status":"closed","template":"","meta":{"footnotes":""},"class_list":["post-162","page","type-page","status-publish"],"yoast_head":"<!-- This site is optimized with the Yoast SEO plugin v27.3 - https:\/\/yoast.com\/product\/yoast-seo-wordpress\/ -->\n<title>Nasz planer podr\u00f3\u017cy: \u0142atwo znajduj \u015bwietne hotele na noc<\/title>\n<meta name=\"description\" content=\"Nasz planer podr\u00f3\u017cy umo\u017cliwia b\u0142yskawiczne zarezerwowanie noclegu na czas swojej podr\u00f3\u017cy! \u2705 Przekonasz si\u0119 o tym na tej stronie!\" \/>\n<meta name=\"robots\" content=\"index, follow, max-snippet:-1, max-image-preview:large, max-video-preview:-1\" \/>\n<link rel=\"canonical\" href=\"https:\/\/www.helloroadtrip.com\/pl\/nasz-planer-podrozy-latwo-znajduj-swietne-hotele-na-noc\/\" \/>\n<meta property=\"og:locale\" content=\"pl_PL\" \/>\n<meta property=\"og:type\" content=\"article\" \/>\n<meta property=\"og:title\" content=\"Nasz planer podr\u00f3\u017cy: \u0142atwo znajduj \u015bwietne hotele na noc\" \/>\n<meta property=\"og:description\" content=\"Nasz planer podr\u00f3\u017cy umo\u017cliwia b\u0142yskawiczne zarezerwowanie noclegu na czas swojej podr\u00f3\u017cy! \u2705 Przekonasz si\u0119 o tym na tej stronie!\" \/>\n<meta property=\"og:url\" content=\"https:\/\/www.helloroadtrip.com\/pl\/nasz-planer-podrozy-latwo-znajduj-swietne-hotele-na-noc\/\" \/>\n<meta property=\"og:site_name\" content=\"Hello Road Trip .com\" \/>\n<meta property=\"article:modified_time\" content=\"2020-06-05T12:21:51+00:00\" \/>\n<meta name=\"twitter:card\" content=\"summary_large_image\" \/>\n<meta name=\"twitter:label1\" content=\"Szacowany czas czytania\" \/>\n\t<meta name=\"twitter:data1\" content=\"2 minuty\" \/>\n<script type=\"application\/ld+json\" class=\"yoast-schema-graph\">{\"@context\":\"https:\\\/\\\/schema.org\",\"@graph\":[{\"@type\":\"WebPage\",\"@id\":\"https:\\\/\\\/www.helloroadtrip.com\\\/pl\\\/nasz-planer-podrozy-latwo-znajduj-swietne-hotele-na-noc\\\/\",\"url\":\"https:\\\/\\\/www.helloroadtrip.com\\\/pl\\\/nasz-planer-podrozy-latwo-znajduj-swietne-hotele-na-noc\\\/\",\"name\":\"Nasz planer podr\u00f3\u017cy: \u0142atwo znajduj \u015bwietne hotele na noc\",\"isPartOf\":{\"@id\":\"https:\\\/\\\/www.helloroadtrip.com\\\/#website\"},\"datePublished\":\"2020-04-17T09:43:21+00:00\",\"dateModified\":\"2020-06-05T12:21:51+00:00\",\"description\":\"Nasz planer podr\u00f3\u017cy umo\u017cliwia b\u0142yskawiczne zarezerwowanie noclegu na czas swojej podr\u00f3\u017cy! \u2705 Przekonasz si\u0119 o tym na tej stronie!\",\"breadcrumb\":{\"@id\":\"https:\\\/\\\/www.helloroadtrip.com\\\/pl\\\/nasz-planer-podrozy-latwo-znajduj-swietne-hotele-na-noc\\\/#breadcrumb\"},\"inLanguage\":\"pl-PL\",\"potentialAction\":[{\"@type\":\"ReadAction\",\"target\":[\"https:\\\/\\\/www.helloroadtrip.com\\\/pl\\\/nasz-planer-podrozy-latwo-znajduj-swietne-hotele-na-noc\\\/\"]}]},{\"@type\":\"BreadcrumbList\",\"@id\":\"https:\\\/\\\/www.helloroadtrip.com\\\/pl\\\/nasz-planer-podrozy-latwo-znajduj-swietne-hotele-na-noc\\\/#breadcrumb\",\"itemListElement\":[{\"@type\":\"ListItem\",\"position\":1,\"name\":\"Home\",\"item\":\"https:\\\/\\\/www.helloroadtrip.com\\\/pl\\\/\"},{\"@type\":\"ListItem\",\"position\":2,\"name\":\"Nasz planer podr\u00f3\u017cy: \u0142atwo znajduj \u015bwietne hotele na noc\"}]},{\"@type\":\"WebSite\",\"@id\":\"https:\\\/\\\/www.helloroadtrip.com\\\/#website\",\"url\":\"https:\\\/\\\/www.helloroadtrip.com\\\/\",\"name\":\"Hello Road Trip .com\",\"description\":\"Find Hotels On Your Route\",\"publisher\":{\"@id\":\"https:\\\/\\\/www.helloroadtrip.com\\\/#organization\"},\"potentialAction\":[{\"@type\":\"SearchAction\",\"target\":{\"@type\":\"EntryPoint\",\"urlTemplate\":\"https:\\\/\\\/www.helloroadtrip.com\\\/?s={search_term_string}\"},\"query-input\":{\"@type\":\"PropertyValueSpecification\",\"valueRequired\":true,\"valueName\":\"search_term_string\"}}],\"inLanguage\":\"pl-PL\"},{\"@type\":\"Organization\",\"@id\":\"https:\\\/\\\/www.helloroadtrip.com\\\/#organization\",\"name\":\"Hello Road Trip .com\",\"url\":\"https:\\\/\\\/www.helloroadtrip.com\\\/\",\"logo\":{\"@type\":\"ImageObject\",\"inLanguage\":\"pl-PL\",\"@id\":\"https:\\\/\\\/www.helloroadtrip.com\\\/#\\\/schema\\\/logo\\\/image\\\/\",\"url\":\"https:\\\/\\\/www.helloroadtrip.com\\\/wp-content\\\/uploads\\\/2020\\\/03\\\/HelloRoadtrip-com-logo.jpg\",\"contentUrl\":\"https:\\\/\\\/www.helloroadtrip.com\\\/wp-content\\\/uploads\\\/2020\\\/03\\\/HelloRoadtrip-com-logo.jpg\",\"width\":300,\"height\":81,\"caption\":\"Hello Road Trip .com\"},\"image\":{\"@id\":\"https:\\\/\\\/www.helloroadtrip.com\\\/#\\\/schema\\\/logo\\\/image\\\/\"}}]}<\/script>\n<!-- \/ Yoast SEO plugin. -->","yoast_head_json":{"title":"Nasz planer podr\u00f3\u017cy: \u0142atwo znajduj \u015bwietne hotele na noc","description":"Nasz planer podr\u00f3\u017cy umo\u017cliwia b\u0142yskawiczne zarezerwowanie noclegu na czas swojej podr\u00f3\u017cy! \u2705 Przekonasz si\u0119 o tym na tej stronie!","robots":{"index":"index","follow":"follow","max-snippet":"max-snippet:-1","max-image-preview":"max-image-preview:large","max-video-preview":"max-video-preview:-1"},"canonical":"https:\/\/www.helloroadtrip.com\/pl\/nasz-planer-podrozy-latwo-znajduj-swietne-hotele-na-noc\/","og_locale":"pl_PL","og_type":"article","og_title":"Nasz planer podr\u00f3\u017cy: \u0142atwo znajduj \u015bwietne hotele na noc","og_description":"Nasz planer podr\u00f3\u017cy umo\u017cliwia b\u0142yskawiczne zarezerwowanie noclegu na czas swojej podr\u00f3\u017cy! \u2705 Przekonasz si\u0119 o tym na tej stronie!","og_url":"https:\/\/www.helloroadtrip.com\/pl\/nasz-planer-podrozy-latwo-znajduj-swietne-hotele-na-noc\/","og_site_name":"Hello Road Trip .com","article_modified_time":"2020-06-05T12:21:51+00:00","twitter_card":"summary_large_image","twitter_misc":{"Szacowany czas czytania":"2 minuty"},"schema":{"@context":"https:\/\/schema.org","@graph":[{"@type":"WebPage","@id":"https:\/\/www.helloroadtrip.com\/pl\/nasz-planer-podrozy-latwo-znajduj-swietne-hotele-na-noc\/","url":"https:\/\/www.helloroadtrip.com\/pl\/nasz-planer-podrozy-latwo-znajduj-swietne-hotele-na-noc\/","name":"Nasz planer podr\u00f3\u017cy: \u0142atwo znajduj \u015bwietne hotele na noc","isPartOf":{"@id":"https:\/\/www.helloroadtrip.com\/#website"},"datePublished":"2020-04-17T09:43:21+00:00","dateModified":"2020-06-05T12:21:51+00:00","description":"Nasz planer podr\u00f3\u017cy umo\u017cliwia b\u0142yskawiczne zarezerwowanie noclegu na czas swojej podr\u00f3\u017cy! \u2705 Przekonasz si\u0119 o tym na tej stronie!","breadcrumb":{"@id":"https:\/\/www.helloroadtrip.com\/pl\/nasz-planer-podrozy-latwo-znajduj-swietne-hotele-na-noc\/#breadcrumb"},"inLanguage":"pl-PL","potentialAction":[{"@type":"ReadAction","target":["https:\/\/www.helloroadtrip.com\/pl\/nasz-planer-podrozy-latwo-znajduj-swietne-hotele-na-noc\/"]}]},{"@type":"BreadcrumbList","@id":"https:\/\/www.helloroadtrip.com\/pl\/nasz-planer-podrozy-latwo-znajduj-swietne-hotele-na-noc\/#breadcrumb","itemListElement":[{"@type":"ListItem","position":1,"name":"Home","item":"https:\/\/www.helloroadtrip.com\/pl\/"},{"@type":"ListItem","position":2,"name":"Nasz planer podr\u00f3\u017cy: \u0142atwo znajduj \u015bwietne hotele na noc"}]},{"@type":"WebSite","@id":"https:\/\/www.helloroadtrip.com\/#website","url":"https:\/\/www.helloroadtrip.com\/","name":"Hello Road Trip .com","description":"Find Hotels On Your Route","publisher":{"@id":"https:\/\/www.helloroadtrip.com\/#organization"},"potentialAction":[{"@type":"SearchAction","target":{"@type":"EntryPoint","urlTemplate":"https:\/\/www.helloroadtrip.com\/?s={search_term_string}"},"query-input":{"@type":"PropertyValueSpecification","valueRequired":true,"valueName":"search_term_string"}}],"inLanguage":"pl-PL"},{"@type":"Organization","@id":"https:\/\/www.helloroadtrip.com\/#organization","name":"Hello Road Trip .com","url":"https:\/\/www.helloroadtrip.com\/","logo":{"@type":"ImageObject","inLanguage":"pl-PL","@id":"https:\/\/www.helloroadtrip.com\/#\/schema\/logo\/image\/","url":"https:\/\/www.helloroadtrip.com\/wp-content\/uploads\/2020\/03\/HelloRoadtrip-com-logo.jpg","contentUrl":"https:\/\/www.helloroadtrip.com\/wp-content\/uploads\/2020\/03\/HelloRoadtrip-com-logo.jpg","width":300,"height":81,"caption":"Hello Road Trip .com"},"image":{"@id":"https:\/\/www.helloroadtrip.com\/#\/schema\/logo\/image\/"}}]}},"_links":{"self":[{"href":"https:\/\/www.helloroadtrip.com\/pl\/wp-json\/wp\/v2\/pages\/162","targetHints":{"allow":["GET"]}}],"collection":[{"href":"https:\/\/www.helloroadtrip.com\/pl\/wp-json\/wp\/v2\/pages"}],"about":[{"href":"https:\/\/www.helloroadtrip.com\/pl\/wp-json\/wp\/v2\/types\/page"}],"author":[{"embeddable":true,"href":"https:\/\/www.helloroadtrip.com\/pl\/wp-json\/wp\/v2\/users\/1"}],"replies":[{"embeddable":true,"href":"https:\/\/www.helloroadtrip.com\/pl\/wp-json\/wp\/v2\/comments?post=162"}],"version-history":[{"count":2,"href":"https:\/\/www.helloroadtrip.com\/pl\/wp-json\/wp\/v2\/pages\/162\/revisions"}],"predecessor-version":[{"id":276,"href":"https:\/\/www.helloroadtrip.com\/pl\/wp-json\/wp\/v2\/pages\/162\/revisions\/276"}],"wp:attachment":[{"href":"https:\/\/www.helloroadtrip.com\/pl\/wp-json\/wp\/v2\/media?parent=162"}],"curies":[{"name":"wp","href":"https:\/\/api.w.org\/{rel}","templated":true}]}}