{"id":164,"date":"2020-04-17T09:52:00","date_gmt":"2020-04-17T09:52:00","guid":{"rendered":"https:\/\/www.helloroadtrip.com\/?page_id=164"},"modified":"2020-06-05T12:21:45","modified_gmt":"2020-06-05T12:21:45","slug":"hotel-na-mojej-trasie","status":"publish","type":"page","link":"https:\/\/www.helloroadtrip.com\/pl\/hotel-na-mojej-trasie\/","title":{"rendered":"Hotel na mojej trasie"},"content":{"rendered":"\n<div class=\"ttWrapper\"><\/div>\r\n<link href=\"https:\/\/ajax.googleapis.com\/ajax\/libs\/jqueryui\/1.11.4\/themes\/smoothness\/jquery-ui.css\" rel=\"stylesheet\" \/>\r\n<link href=\"https:\/\/www.tussenstop.com\/tool-3\/assets\/css\/V3\/bundle.min.css\" rel=\"stylesheet\" \/>\r\n<script src=\"https:\/\/ajax.googleapis.com\/ajax\/libs\/jquery\/3.7.1\/jquery.min.js\"><\/script>\r\n<script src=\"https:\/\/ajax.googleapis.com\/ajax\/libs\/jqueryui\/1.11.4\/jquery-ui.min.js\"><\/script>\r\n<script src=\"https:\/\/www.tussenstop.com\/tool-3\/assets\/vendor\/here\/bundle.js\"><\/script>\r\n<script src=\"https:\/\/www.tussenstop.com\/tool-3\/assets\/vendor\/pico\/pico.min.js\"><\/script>\r\n<script src=\"https:\/\/www.tussenstop.com\/tool-3\/assets\/js\/V3\/bundle.min.js\"><\/script>\r\n<script>\r\n   $(\".ttWrapper\").tussenstop({\r\n                        host: \"www.helloroadtrip.com\",\r\n                        mapLanguage: \"pl\",\r\n                        politicalView: \"POL\",\r\n                        language: \"pl-PL\",\r\n                      partners: \"https:\/\/www.tussenstop.com\/tool-3\/hrpartners.php\",\r\noutbound: {\r\n                            active: true,\r\n                            timeout: 1500,\r\n                            img: \"https:\/\/www.helloroadtrip.com\/wp-content\/uploads\/2020\/03\/HelloRoadtrip-com-logo.jpg\"\r\n                        }\r\n                    });\r\n<\/script>\n\n\n\n<p>Czy planujesz podr\u00f3\u017c, na przyk\u0142ad przez Ukrain\u0119, S\u0142owacj\u0119, a nawet Rosj\u0119? W takim przypadku jeszcze przed rozpocz\u0119ciem wycieczki warto zada\u0107 sobie jedno pytanie: &#8222;W kt\u00f3rym hotelu na mojej trasie warto jest si\u0119 zatrzyma\u0107?&#8221;. Zadanie sobie tego pytania to jednak tylko jedna cz\u0119\u015b\u0107. Z kolei znalezienie takiego hotelu mo\u017ce by\u0107 ju\u017c wyzwaniem. Na szcz\u0119\u015bcie istnieje strona HelloRoadTrip.com, kt\u00f3ra Ci w tym pomo\u017ce!<\/p>\n\n\n\n<h2 class=\"wp-block-heading\">Z \u0142atwo\u015bci\u0105 znajd\u017a hotel na swojej trasie <\/h2>\n\n\n\n<p>&#8222;Znalezienie\ninteresuj\u0105cego hotelu na mojej trasie jest naprawd\u0119 niemo\u017cliwe&#8221;. Jest to\nzdanie, kt\u00f3re wiele os\u00f3b sobie powtarza przed podr\u00f3\u017c\u0105. Powoduje to, \u017ce nie\npr\u00f3buj\u0105 oni dokona\u0107 rezerwacji z wyprzedzeniem, tylko pr\u00f3buj\u0105 zrobi\u0107 to b\u0119d\u0105c\nju\u017c na miejscu. My\u015bl\u0105 sobie, \u017ce &#8222;Rezerwacja hotelu na miejscu jest znacznie\n\u0142atwiejsza&#8221;. Oba te pomys\u0142y s\u0105 b\u0142\u0119dne! Korzystaj\u0105c z naszego narz\u0119dzia do\nplanowania podr\u00f3\u017cy, bardzo \u0142atwo jest znale\u017a\u0107 i zarezerwowa\u0107 \u0142adny hotel\njeszcze przed rozpocz\u0119ciem podr\u00f3\u017cy. Rezerwowanie z wyprzedzeniem jest znacznie\nbardziej interesuj\u0105ce ni\u017c robienie tego w po\u015bpiechu na miejscu. Jest tak z\nkilku powod\u00f3w.<\/p>\n\n\n\n<h2 class=\"wp-block-heading\">Dlaczego lepiej jest zarezerwowa\u0107 sw\u00f3j hotel z wyprzedzeniem?<\/h2>\n\n\n\n<p>Dzi\u0119ki naszemu plenerowi\npodr\u00f3\u017cy odpowied\u017a na Twoje pytanie &#8222;jak mam zarezerwowa\u0107 hotel na swojej\ntrasie&#8221; jest ju\u017c cz\u0119\u015bciowo udzielona. W praktyce jednak wiele os\u00f3b wci\u0105\u017c\nwaha si\u0119 dokona\u0107 rezerwacji z wyprzedzeniem. Takie w\u0105tpliwo\u015bci s\u0105 jednak\nca\u0142kowicie niepotrzebne. W ko\u0144cu dzia\u0142anie takie ma kilka zalet, a mianowicie:<\/p>\n\n\n\n<p>1.&nbsp;&nbsp;&nbsp;&nbsp;&nbsp; Nigdy nie spotkasz si\u0119 z ca\u0142kowicie\nzarezerwowanym hotelem lub innym zakwaterowaniem;<\/p>\n\n\n\n<p>2.&nbsp;&nbsp;&nbsp;&nbsp;&nbsp; Cena, kt\u00f3r\u0105 musisz zap\u0142aci\u0107 za nocleg jest\nzwykle bardziej korzystna;<\/p>\n\n\n\n<p>3.&nbsp;&nbsp;&nbsp;&nbsp;&nbsp; Mo\u017cesz znacznie zmniejszy\u0107 niepotrzebny\nstres podczas podr\u00f3\u017cy;<\/p>\n\n\n\n<p>Innymi s\u0142owy,\nczy naprawd\u0119 chcia\u0142by\u015b w pe\u0142ni cieszy\u0107 si\u0119 swoj\u0105 podr\u00f3\u017c\u0105? W takim razie z pewno\u015bci\u0105\nwarto zada\u0107 sobie pytanie, &#8222;kt\u00f3ry hotel warto zarezerwowa\u0107 na mojej\ntrasie&#8221;. Nasza strona HelloRoadTrip.com mo\u017ce Ci w tym natychmiast pom\u00f3c.<\/p>\n\n\n\n<h2 class=\"wp-block-heading\">Rezerwacja najlepszego hotelu na mojej trasie za mniejsze pieni\u0105dze<\/h2>\n\n\n\n<p>W tym momencie\nju\u017c wiesz na pewno, \u017ce znalezienie hotelu na trasie Twojej podr\u00f3\u017cy przy pomocy\ntej strony internetowej jest stosunkowo \u0142atwe. Jest jednak oczywiste, \u017ce nie\nb\u0119dziesz chcia\u0142 zarezerwowa\u0107 pierwszego lepszego hotelu, obok kt\u00f3rego\nprzejedziesz. Wa\u017cn\u0105 rol\u0119 odgrywa oczywi\u015bcie r\u00f3wnie\u017c cena. W ka\u017cdym razie,\nrezerwuj\u0105c sw\u00f3j hotel z wyprzedzeniem, przekonasz si\u0119, \u017ce na przyk\u0142ad cena\nnoclegu nie zale\u017cy od ob\u0142o\u017cenia hotelu. Samo to mo\u017ce Ci ju\u017c da\u0107 przewag\u0119\ncenow\u0105. Otrzymasz najlepsz\u0105 mo\u017cliw\u0105 cen\u0119 w momencie dokonywania rezerwacji.<\/p>\n\n\n\n<h2 class=\"wp-block-heading\">Co dok\u0142adnie sprawia, \u017ce podr\u00f3\u017c samochodem jest tak interesuj\u0105ca?<\/h2>\n\n\n\n<p>Odpowied\u017a na\npytanie &#8222;jak znale\u017a\u0107 hotel na trasie mojej podr\u00f3\u017cy samochodem&#8221;\nzosta\u0142a udzielona. Mo\u017cliwe jednak, \u017ce zadajesz sobie r\u00f3wnie\u017c pytanie, co\nsprawia, \u017ce podr\u00f3\u017c samochodem jest tak interesuj\u0105ca? Wp\u0142ywa na to kilka r\u00f3\u017cnych\nczynnik\u00f3w. Podr\u00f3\u017c samochodem jest na pewno o wiele bardziej przyjazna dla\n\u015brodowiska ni\u017c podr\u00f3\u017c samolotem. Co wi\u0119cej, jad\u0105c samochodem zobaczysz znacznie\nwi\u0119cej danego kraju, ni\u017celi jakby\u015b po prostu nad nim przelecia\u0142. Jest to\nzupe\u0142nie zrozumia\u0142e. Innymi s\u0142owy, czy naprawd\u0119 chcesz odkry\u0107 pi\u0119kno danego\nkraju? W takim przypadku zaplanowanie sobie wycieczki jest znakomitym pomys\u0142em.<\/p>\n","protected":false},"excerpt":{"rendered":"<p>Czy planujesz podr\u00f3\u017c, na przyk\u0142ad przez Ukrain\u0119, S\u0142owacj\u0119, a nawet Rosj\u0119? W takim przypadku jeszcze przed rozpocz\u0119ciem wycieczki warto zada\u0107 sobie jedno pytanie: &#8222;W kt\u00f3rym hotelu na mojej trasie warto jest si\u0119 zatrzyma\u0107?&#8221;. Zadanie sobie tego pytania to jednak tylko jedna cz\u0119\u015b\u0107. Z kolei znalezienie takiego hotelu mo\u017ce by\u0107 ju\u017c wyzwaniem. Na szcz\u0119\u015bcie istnieje strona &#8230; <a title=\"Hotel na mojej trasie\" class=\"read-more\" href=\"https:\/\/www.helloroadtrip.com\/pl\/hotel-na-mojej-trasie\/\" aria-label=\"More on Hotel na mojej trasie\">Czytaj dalej<\/a><\/p>\n","protected":false},"author":1,"featured_media":0,"parent":0,"menu_order":0,"comment_status":"closed","ping_status":"closed","template":"","meta":{"footnotes":""},"class_list":["post-164","page","type-page","status-publish"],"yoast_head":"<!-- This site is optimized with the Yoast SEO plugin v27.4 - https:\/\/yoast.com\/product\/yoast-seo-wordpress\/ -->\n<title>Hotel na mojej trasie - Hello Road Trip .com<\/title>\n<meta name=\"description\" content=\"Kt\u00f3ry hotel na mojej trasie jest najciekawszy? \u2705 Jaki przydro\u017cny hotel zarezerwowa\u0107 podczas mojej podr\u00f3\u017cy? \u2705 Odpowied\u017a znajdziesz na stronie HelloRoadTrip.com!\" \/>\n<meta name=\"robots\" content=\"index, follow, max-snippet:-1, max-image-preview:large, max-video-preview:-1\" \/>\n<link rel=\"canonical\" href=\"https:\/\/www.helloroadtrip.com\/pl\/hotel-na-mojej-trasie\/\" \/>\n<meta property=\"og:locale\" content=\"pl_PL\" \/>\n<meta property=\"og:type\" content=\"article\" \/>\n<meta property=\"og:title\" content=\"Hotel na mojej trasie - Hello Road Trip .com\" \/>\n<meta property=\"og:description\" content=\"Kt\u00f3ry hotel na mojej trasie jest najciekawszy? \u2705 Jaki przydro\u017cny hotel zarezerwowa\u0107 podczas mojej podr\u00f3\u017cy? \u2705 Odpowied\u017a znajdziesz na stronie HelloRoadTrip.com!\" \/>\n<meta property=\"og:url\" content=\"https:\/\/www.helloroadtrip.com\/pl\/hotel-na-mojej-trasie\/\" \/>\n<meta property=\"og:site_name\" content=\"Hello Road Trip .com\" \/>\n<meta property=\"article:modified_time\" content=\"2020-06-05T12:21:45+00:00\" \/>\n<meta name=\"twitter:card\" content=\"summary_large_image\" \/>\n<meta name=\"twitter:label1\" content=\"Szacowany czas czytania\" \/>\n\t<meta name=\"twitter:data1\" content=\"3 minuty\" \/>\n<script type=\"application\/ld+json\" class=\"yoast-schema-graph\">{\"@context\":\"https:\\\/\\\/schema.org\",\"@graph\":[{\"@type\":\"WebPage\",\"@id\":\"https:\\\/\\\/www.helloroadtrip.com\\\/pl\\\/hotel-na-mojej-trasie\\\/\",\"url\":\"https:\\\/\\\/www.helloroadtrip.com\\\/pl\\\/hotel-na-mojej-trasie\\\/\",\"name\":\"Hotel na mojej trasie - Hello Road Trip .com\",\"isPartOf\":{\"@id\":\"https:\\\/\\\/www.helloroadtrip.com\\\/#website\"},\"datePublished\":\"2020-04-17T09:52:00+00:00\",\"dateModified\":\"2020-06-05T12:21:45+00:00\",\"description\":\"Kt\u00f3ry hotel na mojej trasie jest najciekawszy? \u2705 Jaki przydro\u017cny hotel zarezerwowa\u0107 podczas mojej podr\u00f3\u017cy? \u2705 Odpowied\u017a znajdziesz na stronie HelloRoadTrip.com!\",\"breadcrumb\":{\"@id\":\"https:\\\/\\\/www.helloroadtrip.com\\\/pl\\\/hotel-na-mojej-trasie\\\/#breadcrumb\"},\"inLanguage\":\"pl-PL\",\"potentialAction\":[{\"@type\":\"ReadAction\",\"target\":[\"https:\\\/\\\/www.helloroadtrip.com\\\/pl\\\/hotel-na-mojej-trasie\\\/\"]}]},{\"@type\":\"BreadcrumbList\",\"@id\":\"https:\\\/\\\/www.helloroadtrip.com\\\/pl\\\/hotel-na-mojej-trasie\\\/#breadcrumb\",\"itemListElement\":[{\"@type\":\"ListItem\",\"position\":1,\"name\":\"Home\",\"item\":\"https:\\\/\\\/www.helloroadtrip.com\\\/pl\\\/\"},{\"@type\":\"ListItem\",\"position\":2,\"name\":\"Hotel na mojej trasie\"}]},{\"@type\":\"WebSite\",\"@id\":\"https:\\\/\\\/www.helloroadtrip.com\\\/#website\",\"url\":\"https:\\\/\\\/www.helloroadtrip.com\\\/\",\"name\":\"Hello Road Trip .com\",\"description\":\"Find Hotels On Your Route\",\"publisher\":{\"@id\":\"https:\\\/\\\/www.helloroadtrip.com\\\/#organization\"},\"potentialAction\":[{\"@type\":\"SearchAction\",\"target\":{\"@type\":\"EntryPoint\",\"urlTemplate\":\"https:\\\/\\\/www.helloroadtrip.com\\\/?s={search_term_string}\"},\"query-input\":{\"@type\":\"PropertyValueSpecification\",\"valueRequired\":true,\"valueName\":\"search_term_string\"}}],\"inLanguage\":\"pl-PL\"},{\"@type\":\"Organization\",\"@id\":\"https:\\\/\\\/www.helloroadtrip.com\\\/#organization\",\"name\":\"Hello Road Trip .com\",\"url\":\"https:\\\/\\\/www.helloroadtrip.com\\\/\",\"logo\":{\"@type\":\"ImageObject\",\"inLanguage\":\"pl-PL\",\"@id\":\"https:\\\/\\\/www.helloroadtrip.com\\\/#\\\/schema\\\/logo\\\/image\\\/\",\"url\":\"https:\\\/\\\/www.helloroadtrip.com\\\/wp-content\\\/uploads\\\/2020\\\/03\\\/HelloRoadtrip-com-logo.jpg\",\"contentUrl\":\"https:\\\/\\\/www.helloroadtrip.com\\\/wp-content\\\/uploads\\\/2020\\\/03\\\/HelloRoadtrip-com-logo.jpg\",\"width\":300,\"height\":81,\"caption\":\"Hello Road Trip .com\"},\"image\":{\"@id\":\"https:\\\/\\\/www.helloroadtrip.com\\\/#\\\/schema\\\/logo\\\/image\\\/\"}}]}<\/script>\n<!-- \/ Yoast SEO plugin. -->","yoast_head_json":{"title":"Hotel na mojej trasie - Hello Road Trip .com","description":"Kt\u00f3ry hotel na mojej trasie jest najciekawszy? \u2705 Jaki przydro\u017cny hotel zarezerwowa\u0107 podczas mojej podr\u00f3\u017cy? \u2705 Odpowied\u017a znajdziesz na stronie HelloRoadTrip.com!","robots":{"index":"index","follow":"follow","max-snippet":"max-snippet:-1","max-image-preview":"max-image-preview:large","max-video-preview":"max-video-preview:-1"},"canonical":"https:\/\/www.helloroadtrip.com\/pl\/hotel-na-mojej-trasie\/","og_locale":"pl_PL","og_type":"article","og_title":"Hotel na mojej trasie - Hello Road Trip .com","og_description":"Kt\u00f3ry hotel na mojej trasie jest najciekawszy? \u2705 Jaki przydro\u017cny hotel zarezerwowa\u0107 podczas mojej podr\u00f3\u017cy? \u2705 Odpowied\u017a znajdziesz na stronie HelloRoadTrip.com!","og_url":"https:\/\/www.helloroadtrip.com\/pl\/hotel-na-mojej-trasie\/","og_site_name":"Hello Road Trip .com","article_modified_time":"2020-06-05T12:21:45+00:00","twitter_card":"summary_large_image","twitter_misc":{"Szacowany czas czytania":"3 minuty"},"schema":{"@context":"https:\/\/schema.org","@graph":[{"@type":"WebPage","@id":"https:\/\/www.helloroadtrip.com\/pl\/hotel-na-mojej-trasie\/","url":"https:\/\/www.helloroadtrip.com\/pl\/hotel-na-mojej-trasie\/","name":"Hotel na mojej trasie - Hello Road Trip .com","isPartOf":{"@id":"https:\/\/www.helloroadtrip.com\/#website"},"datePublished":"2020-04-17T09:52:00+00:00","dateModified":"2020-06-05T12:21:45+00:00","description":"Kt\u00f3ry hotel na mojej trasie jest najciekawszy? \u2705 Jaki przydro\u017cny hotel zarezerwowa\u0107 podczas mojej podr\u00f3\u017cy? \u2705 Odpowied\u017a znajdziesz na stronie HelloRoadTrip.com!","breadcrumb":{"@id":"https:\/\/www.helloroadtrip.com\/pl\/hotel-na-mojej-trasie\/#breadcrumb"},"inLanguage":"pl-PL","potentialAction":[{"@type":"ReadAction","target":["https:\/\/www.helloroadtrip.com\/pl\/hotel-na-mojej-trasie\/"]}]},{"@type":"BreadcrumbList","@id":"https:\/\/www.helloroadtrip.com\/pl\/hotel-na-mojej-trasie\/#breadcrumb","itemListElement":[{"@type":"ListItem","position":1,"name":"Home","item":"https:\/\/www.helloroadtrip.com\/pl\/"},{"@type":"ListItem","position":2,"name":"Hotel na mojej trasie"}]},{"@type":"WebSite","@id":"https:\/\/www.helloroadtrip.com\/#website","url":"https:\/\/www.helloroadtrip.com\/","name":"Hello Road Trip .com","description":"Find Hotels On Your Route","publisher":{"@id":"https:\/\/www.helloroadtrip.com\/#organization"},"potentialAction":[{"@type":"SearchAction","target":{"@type":"EntryPoint","urlTemplate":"https:\/\/www.helloroadtrip.com\/?s={search_term_string}"},"query-input":{"@type":"PropertyValueSpecification","valueRequired":true,"valueName":"search_term_string"}}],"inLanguage":"pl-PL"},{"@type":"Organization","@id":"https:\/\/www.helloroadtrip.com\/#organization","name":"Hello Road Trip .com","url":"https:\/\/www.helloroadtrip.com\/","logo":{"@type":"ImageObject","inLanguage":"pl-PL","@id":"https:\/\/www.helloroadtrip.com\/#\/schema\/logo\/image\/","url":"https:\/\/www.helloroadtrip.com\/wp-content\/uploads\/2020\/03\/HelloRoadtrip-com-logo.jpg","contentUrl":"https:\/\/www.helloroadtrip.com\/wp-content\/uploads\/2020\/03\/HelloRoadtrip-com-logo.jpg","width":300,"height":81,"caption":"Hello Road Trip .com"},"image":{"@id":"https:\/\/www.helloroadtrip.com\/#\/schema\/logo\/image\/"}}]}},"_links":{"self":[{"href":"https:\/\/www.helloroadtrip.com\/pl\/wp-json\/wp\/v2\/pages\/164","targetHints":{"allow":["GET"]}}],"collection":[{"href":"https:\/\/www.helloroadtrip.com\/pl\/wp-json\/wp\/v2\/pages"}],"about":[{"href":"https:\/\/www.helloroadtrip.com\/pl\/wp-json\/wp\/v2\/types\/page"}],"author":[{"embeddable":true,"href":"https:\/\/www.helloroadtrip.com\/pl\/wp-json\/wp\/v2\/users\/1"}],"replies":[{"embeddable":true,"href":"https:\/\/www.helloroadtrip.com\/pl\/wp-json\/wp\/v2\/comments?post=164"}],"version-history":[{"count":2,"href":"https:\/\/www.helloroadtrip.com\/pl\/wp-json\/wp\/v2\/pages\/164\/revisions"}],"predecessor-version":[{"id":275,"href":"https:\/\/www.helloroadtrip.com\/pl\/wp-json\/wp\/v2\/pages\/164\/revisions\/275"}],"wp:attachment":[{"href":"https:\/\/www.helloroadtrip.com\/pl\/wp-json\/wp\/v2\/media?parent=164"}],"curies":[{"name":"wp","href":"https:\/\/api.w.org\/{rel}","templated":true}]}}