{"id":191,"date":"2020-05-12T11:14:12","date_gmt":"2020-05-12T11:14:12","guid":{"rendered":"https:\/\/www.helloroadtrip.com\/?page_id=191"},"modified":"2020-06-05T10:10:32","modified_gmt":"2020-06-05T10:10:32","slug":"anvand-vagplaneraren-for-att-planera-din-resa","status":"publish","type":"page","link":"https:\/\/www.helloroadtrip.com\/sv\/anvand-vagplaneraren-for-att-planera-din-resa\/","title":{"rendered":"Anv\u00e4nd v\u00e4gplaneraren f\u00f6r att planera din resa"},"content":{"rendered":"\n<div class=\"ttWrapper\"><\/div>\r\n<link href=\"https:\/\/ajax.googleapis.com\/ajax\/libs\/jqueryui\/1.11.4\/themes\/smoothness\/jquery-ui.css\" rel=\"stylesheet\" \/>\r\n<link href=\"https:\/\/www.tussenstop.com\/tool-3\/assets\/css\/V3\/bundle.min.css\" rel=\"stylesheet\" \/>\r\n<script src=\"https:\/\/ajax.googleapis.com\/ajax\/libs\/jquery\/3.7.1\/jquery.min.js\"><\/script>\r\n<script src=\"https:\/\/ajax.googleapis.com\/ajax\/libs\/jqueryui\/1.11.4\/jquery-ui.min.js\"><\/script>\r\n<script src=\"https:\/\/www.tussenstop.com\/tool-3\/assets\/vendor\/here\/bundle.js\"><\/script>\r\n<script src=\"https:\/\/www.tussenstop.com\/tool-3\/assets\/vendor\/pico\/pico.min.js\"><\/script>\r\n<script src=\"https:\/\/www.tussenstop.com\/tool-3\/assets\/js\/V3\/bundle.min.js\"><\/script>\r\n<script>\r\n$(\".ttWrapper\").tussenstop({\r\n                        host: \"www.helloroadtrip.com\",\r\n                        mapLanguage: \"sv\",\r\n                        politicalView: \"SWE\",\r\n                        language: \"sv-SE\",\r\n                      partners: \"https:\/\/www.tussenstop.com\/tool-3\/hrpartners.php\",\r\noutbound: {\r\n                            active: true,\r\n                            timeout: 1500,\r\n                            img: \"https:\/\/www.helloroadtrip.com\/wp-content\/uploads\/2020\/03\/HelloRoadtrip-com-logo.jpg\"\r\n                        }\r\n                    });\r\n<\/script>\n\n\n\n<p>Att ta en resa \u00e4r mer popul\u00e4rt idag \u00e4n n\u00e5gonsin. Detta \u00e4r naturligtvis resultatet av de m\u00e5nga intressanta f\u00f6rdelarna det erbjuder. Folk gillar n\u00e4r de bara kan \u00e5ka vart de vill under sin semester. Detta \u00e4r naturligtvis helt m\u00f6jligt under en roadtrip. Du har din egen bil till ditt f\u00f6rfogande och du kan planera den rutt du vill ta sj\u00e4lv. Med det sagt, bokning av en resa kr\u00e4ver ocks\u00e5 mycket f\u00f6rberedelser. Till exempel, var ska du tillbringa natten? Det \u00e4r ofta en komplex fr\u00e5ga att svara p\u00e5, men v\u00e5r praktiska reseplanerare kommer att f\u00f6r\u00e4ndra det!<br> \u00a0<\/p>\n\n\n\n<h2 class=\"wp-block-heading\">Varf\u00f6r anv\u00e4nda v\u00e5r v\u00e4gplanerare?<\/h2>\n\n\n\n<p>Att planera\neller f\u00f6rbereda en resa \u00e4r n\u00e5got som m\u00e5nga tycker \u00e4r sv\u00e5ra. Detta beror fr\u00e4mst\np\u00e5 att det ofta inte \u00e4r klart hur du kan hitta boende l\u00e4ngs din rutt. Detta \u00e4r\nen viktig punkt som m\u00e5nga inte vet s\u00e5 mycket om. Lyckligtvis beh\u00f6ver du inte\nl\u00e4ngre leta efter s\u00e5dana bost\u00e4der manuellt. Genom att anv\u00e4nda v\u00e5r\nroadtrip-planerare kan du p\u00e5 kort tid ta reda p\u00e5 vilka boenden som \u00e4r l\u00e4mpliga\natt bo i under din roadtrip. Det g\u00f6r detta snabbt och enkelt. <\/p>\n\n\n\n<h2 class=\"wp-block-heading\">Hur fungerar v\u00e5r roadtrip-planerare exakt? <\/h2>\n\n\n\n<p>Genom att\nanv\u00e4nda v\u00e5r roadtrip-planerare beh\u00f6ver du inte l\u00e4ngre s\u00f6ka efter boende under\ndin roadtrip. Ist\u00e4llet g\u00f6r v\u00e5rt system det \u00e5t dig. F\u00f6r att kunna g\u00f6ra detta\nm\u00e5ste du l\u00e4mna viss information. Detta inkluderar:<\/p>\n\n\n\n<p>1.&nbsp;&nbsp;&nbsp;&nbsp;&nbsp; Platsen d\u00e4r din v\u00e4gras b\u00f6rjar; <\/p>\n\n\n\n<p>2.&nbsp;&nbsp;&nbsp;&nbsp;&nbsp; Exakt hur l\u00e4nge du vill k\u00f6ra (per dag);<\/p>\n\n\n\n<p>3.&nbsp;&nbsp;&nbsp;&nbsp;&nbsp; Platsen d\u00e4r din roadtrip slutar; <\/p>\n\n\n\n<p>Baserat p\u00e5\novanst\u00e5ende information s\u00f6ker systemet utifr\u00e5n din information och ger dig en\npraktisk \u00f6versikt \u00f6ver alla m\u00f6jliga boende du kan boka. <\/p>\n\n\n\n<h2 class=\"wp-block-heading\">Enkelt, snabbt och billigt s\u00e4tt att boka din \u00f6vernattning<\/h2>\n\n\n\n<p>Ovanst\u00e5ende g\u00f6r\ndet tydligt att det \u00e4r oerh\u00f6rt enkelt att anv\u00e4nda v\u00e5r roadtrip-planerare. P\u00e5\nkort tid f\u00e5r du en \u00f6versikt \u00f6ver alla boenden som \u00e4r tillg\u00e4ngliga f\u00f6r din resa.\nF\u00f6rresten, detta inkluderar inte bara hotell. Till exempel kan du ocks\u00e5 hitta\nl\u00e4genheter och bed &amp; breakfast i v\u00e5rt system. Hittade du s\u00e5 sm\u00e5ningom ett\neller kanske \u00e4nnu fler boende du vill boka? I s\u00e5 fall kan du g\u00f6ra det\nomedelbart via en av de mest p\u00e5litliga bokningssidorna p\u00e5 internet. <\/p>\n\n\n\n<h2 class=\"wp-block-heading\">Upplev en sorgl\u00f6s resa genom att planera i f\u00f6rv\u00e4g!<\/h2>\n\n\n\n<p>En roadtrip-resa\nkan vara v\u00e4ldigt avslappnande, men det kan ocks\u00e5 orsaka mycket stress och\nov\u00e4ntade problem. F\u00f6r att f\u00f6rhindra detta \u00e4r det alltid en bra id\u00e9 att planera\ndin resa i f\u00f6rv\u00e4g. Om du h\u00e5ller med kommer du omedelbart att m\u00e4rka att v\u00e5r\nroadtrip-planerare l\u00e4mpar sig mycket bra f\u00f6r detta. Konkret s\u00e4kerst\u00e4ller det\nn\u00e4r du anv\u00e4nder v\u00e5r roadtrip-planerare att du kan lita p\u00e5 f\u00f6rdelarna som n\u00e4mns\nnedan: <\/p>\n\n\n\n<p>1.&nbsp;&nbsp;&nbsp;&nbsp;&nbsp; Du bokar alla \u00f6nskade n\u00e4tter snabbt och\nenkelt; <\/p>\n\n\n\n<p>2.&nbsp;&nbsp;&nbsp;&nbsp;&nbsp; Bokningen g\u00f6rs alltid med en p\u00e5litlig\nbokningssida; <\/p>\n\n\n\n<p>3.&nbsp;&nbsp;&nbsp;&nbsp;&nbsp; Du undviker mycket stress och sp\u00e4nning\nunder din resa; <\/p>\n\n\n\n<p>4.&nbsp;&nbsp;&nbsp;&nbsp;&nbsp; Du bokar inte bara hotell utan ocks\u00e5 l\u00e4genheter osv.;  <\/p>\n\n\n\n<p>Med andra ord, vill du f\u00f6rbereda din resa till detaljen? Gl\u00f6m inte att anv\u00e4nda v\u00e5r praktiska reseplanerare! <\/p>\n","protected":false},"excerpt":{"rendered":"<p>Att ta en resa \u00e4r mer popul\u00e4rt idag \u00e4n n\u00e5gonsin. Detta \u00e4r naturligtvis resultatet av de m\u00e5nga intressanta f\u00f6rdelarna det erbjuder. Folk gillar n\u00e4r de bara kan \u00e5ka vart de vill under sin semester. Detta \u00e4r naturligtvis helt m\u00f6jligt under en roadtrip. Du har din egen bil till ditt f\u00f6rfogande och du kan planera den &#8230; <a title=\"Anv\u00e4nd v\u00e4gplaneraren f\u00f6r att planera din resa\" class=\"read-more\" href=\"https:\/\/www.helloroadtrip.com\/sv\/anvand-vagplaneraren-for-att-planera-din-resa\/\" aria-label=\"Mer p\u00e5 Anv\u00e4nd v\u00e4gplaneraren f\u00f6r att planera din resa\">L\u00e4s mer<\/a><\/p>\n","protected":false},"author":1,"featured_media":0,"parent":0,"menu_order":0,"comment_status":"closed","ping_status":"closed","template":"","meta":{"footnotes":""},"class_list":["post-191","page","type-page","status-publish"],"yoast_head":"<!-- This site is optimized with the Yoast SEO plugin v27.3 - https:\/\/yoast.com\/product\/yoast-seo-wordpress\/ -->\n<title>Anv\u00e4nd v\u00e4gplaneraren f\u00f6r att planera din resa - Hello Road Trip .com<\/title>\n<meta name=\"description\" content=\"Denna reseplanerare hj\u00e4lper dig att f\u00f6rbereda din n\u00e4sta resa ordentligt. \u2705 Boka din \u00f6vernattning snabbt, enkelt och billigt!\" \/>\n<meta name=\"robots\" content=\"index, follow, max-snippet:-1, max-image-preview:large, max-video-preview:-1\" \/>\n<link rel=\"canonical\" href=\"https:\/\/www.helloroadtrip.com\/sv\/anvand-vagplaneraren-for-att-planera-din-resa\/\" \/>\n<meta property=\"og:locale\" content=\"sv_SE\" \/>\n<meta property=\"og:type\" content=\"article\" \/>\n<meta property=\"og:title\" content=\"Anv\u00e4nd v\u00e4gplaneraren f\u00f6r att planera din resa - Hello Road Trip .com\" \/>\n<meta property=\"og:description\" content=\"Denna reseplanerare hj\u00e4lper dig att f\u00f6rbereda din n\u00e4sta resa ordentligt. \u2705 Boka din \u00f6vernattning snabbt, enkelt och billigt!\" \/>\n<meta property=\"og:url\" content=\"https:\/\/www.helloroadtrip.com\/sv\/anvand-vagplaneraren-for-att-planera-din-resa\/\" \/>\n<meta property=\"og:site_name\" content=\"Hello Road Trip .com\" \/>\n<meta property=\"article:modified_time\" content=\"2020-06-05T10:10:32+00:00\" \/>\n<meta name=\"twitter:card\" content=\"summary_large_image\" \/>\n<meta name=\"twitter:label1\" content=\"Ber\u00e4knad l\u00e4stid\" \/>\n\t<meta name=\"twitter:data1\" content=\"3 minuter\" \/>\n<script type=\"application\/ld+json\" class=\"yoast-schema-graph\">{\"@context\":\"https:\\\/\\\/schema.org\",\"@graph\":[{\"@type\":\"WebPage\",\"@id\":\"https:\\\/\\\/www.helloroadtrip.com\\\/sv\\\/anvand-vagplaneraren-for-att-planera-din-resa\\\/\",\"url\":\"https:\\\/\\\/www.helloroadtrip.com\\\/sv\\\/anvand-vagplaneraren-for-att-planera-din-resa\\\/\",\"name\":\"Anv\u00e4nd v\u00e4gplaneraren f\u00f6r att planera din resa - Hello Road Trip .com\",\"isPartOf\":{\"@id\":\"https:\\\/\\\/www.helloroadtrip.com\\\/#website\"},\"datePublished\":\"2020-05-12T11:14:12+00:00\",\"dateModified\":\"2020-06-05T10:10:32+00:00\",\"description\":\"Denna reseplanerare hj\u00e4lper dig att f\u00f6rbereda din n\u00e4sta resa ordentligt. \u2705 Boka din \u00f6vernattning snabbt, enkelt och billigt!\",\"breadcrumb\":{\"@id\":\"https:\\\/\\\/www.helloroadtrip.com\\\/sv\\\/anvand-vagplaneraren-for-att-planera-din-resa\\\/#breadcrumb\"},\"inLanguage\":\"sv-SE\",\"potentialAction\":[{\"@type\":\"ReadAction\",\"target\":[\"https:\\\/\\\/www.helloroadtrip.com\\\/sv\\\/anvand-vagplaneraren-for-att-planera-din-resa\\\/\"]}]},{\"@type\":\"BreadcrumbList\",\"@id\":\"https:\\\/\\\/www.helloroadtrip.com\\\/sv\\\/anvand-vagplaneraren-for-att-planera-din-resa\\\/#breadcrumb\",\"itemListElement\":[{\"@type\":\"ListItem\",\"position\":1,\"name\":\"Home\",\"item\":\"https:\\\/\\\/www.helloroadtrip.com\\\/sv\\\/\"},{\"@type\":\"ListItem\",\"position\":2,\"name\":\"Anv\u00e4nd v\u00e4gplaneraren f\u00f6r att planera din resa\"}]},{\"@type\":\"WebSite\",\"@id\":\"https:\\\/\\\/www.helloroadtrip.com\\\/#website\",\"url\":\"https:\\\/\\\/www.helloroadtrip.com\\\/\",\"name\":\"Hello Road Trip .com\",\"description\":\"Find Hotels On Your Route\",\"publisher\":{\"@id\":\"https:\\\/\\\/www.helloroadtrip.com\\\/#organization\"},\"potentialAction\":[{\"@type\":\"SearchAction\",\"target\":{\"@type\":\"EntryPoint\",\"urlTemplate\":\"https:\\\/\\\/www.helloroadtrip.com\\\/?s={search_term_string}\"},\"query-input\":{\"@type\":\"PropertyValueSpecification\",\"valueRequired\":true,\"valueName\":\"search_term_string\"}}],\"inLanguage\":\"sv-SE\"},{\"@type\":\"Organization\",\"@id\":\"https:\\\/\\\/www.helloroadtrip.com\\\/#organization\",\"name\":\"Hello Road Trip .com\",\"url\":\"https:\\\/\\\/www.helloroadtrip.com\\\/\",\"logo\":{\"@type\":\"ImageObject\",\"inLanguage\":\"sv-SE\",\"@id\":\"https:\\\/\\\/www.helloroadtrip.com\\\/#\\\/schema\\\/logo\\\/image\\\/\",\"url\":\"https:\\\/\\\/www.helloroadtrip.com\\\/wp-content\\\/uploads\\\/2020\\\/03\\\/HelloRoadtrip-com-logo.jpg\",\"contentUrl\":\"https:\\\/\\\/www.helloroadtrip.com\\\/wp-content\\\/uploads\\\/2020\\\/03\\\/HelloRoadtrip-com-logo.jpg\",\"width\":300,\"height\":81,\"caption\":\"Hello Road Trip .com\"},\"image\":{\"@id\":\"https:\\\/\\\/www.helloroadtrip.com\\\/#\\\/schema\\\/logo\\\/image\\\/\"}}]}<\/script>\n<!-- \/ Yoast SEO plugin. -->","yoast_head_json":{"title":"Anv\u00e4nd v\u00e4gplaneraren f\u00f6r att planera din resa - Hello Road Trip .com","description":"Denna reseplanerare hj\u00e4lper dig att f\u00f6rbereda din n\u00e4sta resa ordentligt. \u2705 Boka din \u00f6vernattning snabbt, enkelt och billigt!","robots":{"index":"index","follow":"follow","max-snippet":"max-snippet:-1","max-image-preview":"max-image-preview:large","max-video-preview":"max-video-preview:-1"},"canonical":"https:\/\/www.helloroadtrip.com\/sv\/anvand-vagplaneraren-for-att-planera-din-resa\/","og_locale":"sv_SE","og_type":"article","og_title":"Anv\u00e4nd v\u00e4gplaneraren f\u00f6r att planera din resa - Hello Road Trip .com","og_description":"Denna reseplanerare hj\u00e4lper dig att f\u00f6rbereda din n\u00e4sta resa ordentligt. \u2705 Boka din \u00f6vernattning snabbt, enkelt och billigt!","og_url":"https:\/\/www.helloroadtrip.com\/sv\/anvand-vagplaneraren-for-att-planera-din-resa\/","og_site_name":"Hello Road Trip .com","article_modified_time":"2020-06-05T10:10:32+00:00","twitter_card":"summary_large_image","twitter_misc":{"Ber\u00e4knad l\u00e4stid":"3 minuter"},"schema":{"@context":"https:\/\/schema.org","@graph":[{"@type":"WebPage","@id":"https:\/\/www.helloroadtrip.com\/sv\/anvand-vagplaneraren-for-att-planera-din-resa\/","url":"https:\/\/www.helloroadtrip.com\/sv\/anvand-vagplaneraren-for-att-planera-din-resa\/","name":"Anv\u00e4nd v\u00e4gplaneraren f\u00f6r att planera din resa - Hello Road Trip .com","isPartOf":{"@id":"https:\/\/www.helloroadtrip.com\/#website"},"datePublished":"2020-05-12T11:14:12+00:00","dateModified":"2020-06-05T10:10:32+00:00","description":"Denna reseplanerare hj\u00e4lper dig att f\u00f6rbereda din n\u00e4sta resa ordentligt. \u2705 Boka din \u00f6vernattning snabbt, enkelt och billigt!","breadcrumb":{"@id":"https:\/\/www.helloroadtrip.com\/sv\/anvand-vagplaneraren-for-att-planera-din-resa\/#breadcrumb"},"inLanguage":"sv-SE","potentialAction":[{"@type":"ReadAction","target":["https:\/\/www.helloroadtrip.com\/sv\/anvand-vagplaneraren-for-att-planera-din-resa\/"]}]},{"@type":"BreadcrumbList","@id":"https:\/\/www.helloroadtrip.com\/sv\/anvand-vagplaneraren-for-att-planera-din-resa\/#breadcrumb","itemListElement":[{"@type":"ListItem","position":1,"name":"Home","item":"https:\/\/www.helloroadtrip.com\/sv\/"},{"@type":"ListItem","position":2,"name":"Anv\u00e4nd v\u00e4gplaneraren f\u00f6r att planera din resa"}]},{"@type":"WebSite","@id":"https:\/\/www.helloroadtrip.com\/#website","url":"https:\/\/www.helloroadtrip.com\/","name":"Hello Road Trip .com","description":"Find Hotels On Your Route","publisher":{"@id":"https:\/\/www.helloroadtrip.com\/#organization"},"potentialAction":[{"@type":"SearchAction","target":{"@type":"EntryPoint","urlTemplate":"https:\/\/www.helloroadtrip.com\/?s={search_term_string}"},"query-input":{"@type":"PropertyValueSpecification","valueRequired":true,"valueName":"search_term_string"}}],"inLanguage":"sv-SE"},{"@type":"Organization","@id":"https:\/\/www.helloroadtrip.com\/#organization","name":"Hello Road Trip .com","url":"https:\/\/www.helloroadtrip.com\/","logo":{"@type":"ImageObject","inLanguage":"sv-SE","@id":"https:\/\/www.helloroadtrip.com\/#\/schema\/logo\/image\/","url":"https:\/\/www.helloroadtrip.com\/wp-content\/uploads\/2020\/03\/HelloRoadtrip-com-logo.jpg","contentUrl":"https:\/\/www.helloroadtrip.com\/wp-content\/uploads\/2020\/03\/HelloRoadtrip-com-logo.jpg","width":300,"height":81,"caption":"Hello Road Trip .com"},"image":{"@id":"https:\/\/www.helloroadtrip.com\/#\/schema\/logo\/image\/"}}]}},"_links":{"self":[{"href":"https:\/\/www.helloroadtrip.com\/sv\/wp-json\/wp\/v2\/pages\/191","targetHints":{"allow":["GET"]}}],"collection":[{"href":"https:\/\/www.helloroadtrip.com\/sv\/wp-json\/wp\/v2\/pages"}],"about":[{"href":"https:\/\/www.helloroadtrip.com\/sv\/wp-json\/wp\/v2\/types\/page"}],"author":[{"embeddable":true,"href":"https:\/\/www.helloroadtrip.com\/sv\/wp-json\/wp\/v2\/users\/1"}],"replies":[{"embeddable":true,"href":"https:\/\/www.helloroadtrip.com\/sv\/wp-json\/wp\/v2\/comments?post=191"}],"version-history":[{"count":3,"href":"https:\/\/www.helloroadtrip.com\/sv\/wp-json\/wp\/v2\/pages\/191\/revisions"}],"predecessor-version":[{"id":270,"href":"https:\/\/www.helloroadtrip.com\/sv\/wp-json\/wp\/v2\/pages\/191\/revisions\/270"}],"wp:attachment":[{"href":"https:\/\/www.helloroadtrip.com\/sv\/wp-json\/wp\/v2\/media?parent=191"}],"curies":[{"name":"wp","href":"https:\/\/api.w.org\/{rel}","templated":true}]}}