{"id":195,"date":"2020-05-12T11:20:31","date_gmt":"2020-05-12T11:20:31","guid":{"rendered":"https:\/\/www.helloroadtrip.com\/?page_id=195"},"modified":"2020-06-05T10:09:40","modified_gmt":"2020-06-05T10:09:40","slug":"boka-ett-hotell-for-din-resa-snabbt-och-palitligt","status":"publish","type":"page","link":"https:\/\/www.helloroadtrip.com\/sv\/","title":{"rendered":"Boka ett hotell f\u00f6r din resa, snabbt och p\u00e5litligt"},"content":{"rendered":"\n<div class=\"ttWrapper\"><\/div>\r\n<link href=\"https:\/\/ajax.googleapis.com\/ajax\/libs\/jqueryui\/1.11.4\/themes\/smoothness\/jquery-ui.css\" rel=\"stylesheet\" \/>\r\n<link href=\"https:\/\/www.tussenstop.com\/tool-3\/assets\/css\/V3\/bundle.min.css\" rel=\"stylesheet\" \/>\r\n<script src=\"https:\/\/ajax.googleapis.com\/ajax\/libs\/jquery\/3.7.1\/jquery.min.js\"><\/script>\r\n<script src=\"https:\/\/ajax.googleapis.com\/ajax\/libs\/jqueryui\/1.11.4\/jquery-ui.min.js\"><\/script>\r\n<script src=\"https:\/\/www.tussenstop.com\/tool-3\/assets\/vendor\/here\/bundle.js\"><\/script>\r\n<script src=\"https:\/\/www.tussenstop.com\/tool-3\/assets\/vendor\/pico\/pico.min.js\"><\/script>\r\n<script src=\"https:\/\/www.tussenstop.com\/tool-3\/assets\/js\/V3\/bundle.min.js\"><\/script>\r\n<script>\r\n$(\".ttWrapper\").tussenstop({\r\n                        host: \"www.helloroadtrip.com\",\r\n                        mapLanguage: \"sv\",\r\n                        politicalView: \"SWE\",\r\n                        language: \"sv-SE\",\r\n                      partners: \"https:\/\/www.tussenstop.com\/tool-3\/hrpartners.php\",\r\noutbound: {\r\n                            active: true,\r\n                            timeout: 1500,\r\n                            img: \"https:\/\/www.helloroadtrip.com\/wp-content\/uploads\/2020\/03\/HelloRoadtrip-com-logo.jpg\"\r\n                        }\r\n                    });\r\n<\/script>\n\n\n\n<p>Det finns v\u00e4ldigt f\u00e5 l\u00e4nder p\u00e5 denna planet som \u00e4r lika popul\u00e4ra f\u00f6r en roadtrip som de skandinaviska l\u00e4nderna. Och svenskar \u00e4lskar att g\u00f6ra en bilresa genom grannl\u00e4nderna Norge och Danmark eller till det vackra Finland. Alla dessa olika l\u00e4nder har vacker natur &#8211; vilket g\u00f6r svenskarna \u00e4nnu mer upphetsade! \u00d6verv\u00e4ger du att ta en bilresa och vill du boka ett hotell p\u00e5 v\u00e4gen? D\u00e5 \u00e4r det definitivt v\u00e4rt att bekanta sig med alla de fantastiska saker vi har i v\u00e4ntetid f\u00f6r dig h\u00e4r p\u00e5 HelloRoadTrip.com. <\/p>\n\n\n\n<h2 class=\"wp-block-heading\">Vad du ska t\u00e4nka p\u00e5 n\u00e4r du bokar ett hotell f\u00f6r din resa??<\/h2>\n\n\n\n<p>Speciellt n\u00e4r du\nv\u00e4ljer att k\u00f6ra genom or\u00f6rda l\u00e4nder \u00e4r det viktigt att ta h\u00e4nsyn till de\navst\u00e5nd du m\u00e5ste resa. Detta g\u00e4ller \u00e4ven flera l\u00e4nder n\u00e4ra Sverige. Att g\u00f6ra en\nbra planering i f\u00f6rv\u00e4g \u00e4r d\u00e4rf\u00f6r inte en \u00f6verdrift. Ta inte bara h\u00e4nsyn till\navst\u00e5ndet som ska t\u00e4ckas utan t\u00e4nk ocks\u00e5 p\u00e5 f\u00f6rv\u00e4g vilken typ av boende du vill\nha. \u00c4r det ett hotell eller snarare en l\u00e4genhet? Eller kanske en bed &amp;\nbreakfast? Detta kan hj\u00e4lpa dig att best\u00e4mma var du ska stanna under din resa.<br>\n<br>\n<\/p>\n\n\n\n<h2 class=\"wp-block-heading\">Att boka ditt hotell i f\u00f6rv\u00e4g \u00e4r alltid intressant! <\/h2>\n\n\n\n<p>Att boka ett\nhotell under din resa kan ge dig den ultimata k\u00e4nslan av frihet, men i\npraktiken \u00e4r det en hel del risker inblandade. Chansen \u00e4r stor i detta fall att:<\/p>\n\n\n\n<p>1.&nbsp;&nbsp;&nbsp;&nbsp;&nbsp; Du m\u00e5ste betala f\u00f6r mycket f\u00f6r \u00f6nskad\n\u00f6vernattning; <\/p>\n\n\n\n<p>2.&nbsp;&nbsp;&nbsp;&nbsp;&nbsp; Du m\u00e5ste forts\u00e4tta k\u00f6ra l\u00e4nge eftersom det\ninte finns n\u00e5gra lediga platser kvar; <\/p>\n\n\n\n<p>Att boka ditt\nhotell p\u00e5 v\u00e4gen kan verka roligt och sp\u00e4nnande vid f\u00f6rsta anblicken, men du kan\nbli konfronterad med n\u00e5gra ot\u00e4cka \u00f6verraskningar. Det \u00e4r ocks\u00e5 av den\nanledningen som de flesta svenskar numera v\u00e4ljer att planera sin bilsemester\nnoggrant i f\u00f6rv\u00e4g. <\/p>\n\n\n\n<h2 class=\"wp-block-heading\">Hur hittar du hotell under din resa?<\/h2>\n\n\n\n<p>Att ta reda p\u00e5\nvilka hotell du kan bo p\u00e5 innan din resa \u00e4r intressant, men hur b\u00f6rjar du? Det\n\u00e4r en bra fr\u00e5ga. Till exempel kan du v\u00e4lja att rita din egen rutt p\u00e5 en karta.\nMen det tar mycket tid och det finns en chans att du fortfarande g\u00f6r n\u00e5gra\nfelval. Lyckligtvis kan detta g\u00f6ras mycket l\u00e4ttare. Med hj\u00e4lp av v\u00e5r\nroadtrip-planerare \u00e4r det m\u00f6jligt att kartl\u00e4gga en trevlig rutt p\u00e5 bara ett par\nminuter medan du ocks\u00e5 omedelbart uppt\u00e4cker alla fina boende som finns l\u00e4ngs\ndenna rutt. <\/p>\n\n\n\n<h2 class=\"wp-block-heading\">Boka en resa snabbt och billigt<\/h2>\n\n\n\n<p>\n\nAtt boka ett\nhotell kan g\u00f6ras perfekt med hj\u00e4lp av v\u00e5r reseplanerare. S\u00f6kningen \u00e4r alltid\nbaserad p\u00e5 olika typer av information som du f\u00f6rst m\u00e5ste ange. Detta inkluderar\ninte bara platsen f\u00f6r avresa och ankomst till din v\u00e4gras, utan ocks\u00e5 hur l\u00e4nge\ndu vill k\u00f6ra. N\u00e4r du har angett denna information kommer systemet omedelbart\natt sammanst\u00e4lla en praktisk \u00f6versikt f\u00f6r dig med m\u00f6jliga boende att bo i. Att\nboka ditt hotell p\u00e5 v\u00e4gen blir verkligen inte l\u00e4ttare! \u00c4r du n\u00e5gon som f\u00f6redrar\nen annan typ av boende? Inga problem! V\u00e5r roadtrip-planerare kommer ocks\u00e5 att\nhitta l\u00e4genheter och bed &amp; breakfast!\n\n\n\n<\/p>\n","protected":false},"excerpt":{"rendered":"<p>Det finns v\u00e4ldigt f\u00e5 l\u00e4nder p\u00e5 denna planet som \u00e4r lika popul\u00e4ra f\u00f6r en roadtrip som de skandinaviska l\u00e4nderna. Och svenskar \u00e4lskar att g\u00f6ra en bilresa genom grannl\u00e4nderna Norge och Danmark eller till det vackra Finland. Alla dessa olika l\u00e4nder har vacker natur &#8211; vilket g\u00f6r svenskarna \u00e4nnu mer upphetsade! \u00d6verv\u00e4ger du att ta en &#8230; <a title=\"Boka ett hotell f\u00f6r din resa, snabbt och p\u00e5litligt\" class=\"read-more\" href=\"https:\/\/www.helloroadtrip.com\/sv\/\" aria-label=\"Mer p\u00e5 Boka ett hotell f\u00f6r din resa, snabbt och p\u00e5litligt\">L\u00e4s mer<\/a><\/p>\n","protected":false},"author":1,"featured_media":0,"parent":0,"menu_order":0,"comment_status":"closed","ping_status":"closed","template":"","meta":{"footnotes":""},"class_list":["post-195","page","type-page","status-publish"],"yoast_head":"<!-- This site is optimized with the Yoast SEO plugin v27.6 - https:\/\/yoast.com\/product\/yoast-seo-wordpress\/ -->\n<title>Boka ett hotell f\u00f6r din resa, snabbt och p\u00e5litligt - Hello Road Trip .com<\/title>\n<meta name=\"description\" content=\"Ska du boka ett hotell l\u00e4ngs v\u00e4garna i v\u00e4rldens vackraste l\u00e4nder? \u2705 Inga problem. Boka ditt hotell p\u00e5 HelloRoadTrip.com.\" \/>\n<meta name=\"robots\" content=\"index, follow, max-snippet:-1, max-image-preview:large, max-video-preview:-1\" \/>\n<link rel=\"canonical\" href=\"https:\/\/www.helloroadtrip.com\/sv\/\" \/>\n<meta property=\"og:locale\" content=\"sv_SE\" \/>\n<meta property=\"og:type\" content=\"article\" \/>\n<meta property=\"og:title\" content=\"Boka ett hotell f\u00f6r din resa, snabbt och p\u00e5litligt - Hello Road Trip .com\" \/>\n<meta property=\"og:description\" content=\"Ska du boka ett hotell l\u00e4ngs v\u00e4garna i v\u00e4rldens vackraste l\u00e4nder? \u2705 Inga problem. Boka ditt hotell p\u00e5 HelloRoadTrip.com.\" \/>\n<meta property=\"og:url\" content=\"https:\/\/www.helloroadtrip.com\/sv\/\" \/>\n<meta property=\"og:site_name\" content=\"Hello Road Trip .com\" \/>\n<meta property=\"article:modified_time\" content=\"2020-06-05T10:09:40+00:00\" \/>\n<meta name=\"twitter:card\" content=\"summary_large_image\" \/>\n<meta name=\"twitter:label1\" content=\"Ber\u00e4knad l\u00e4stid\" \/>\n\t<meta name=\"twitter:data1\" content=\"3 minuter\" \/>\n<script type=\"application\/ld+json\" class=\"yoast-schema-graph\">{\"@context\":\"https:\\\/\\\/schema.org\",\"@graph\":[{\"@type\":\"WebPage\",\"@id\":\"https:\\\/\\\/www.helloroadtrip.com\\\/sv\\\/\",\"url\":\"https:\\\/\\\/www.helloroadtrip.com\\\/sv\\\/\",\"name\":\"Boka ett hotell f\u00f6r din resa, snabbt och p\u00e5litligt - Hello Road Trip .com\",\"isPartOf\":{\"@id\":\"https:\\\/\\\/www.helloroadtrip.com\\\/#website\"},\"datePublished\":\"2020-05-12T11:20:31+00:00\",\"dateModified\":\"2020-06-05T10:09:40+00:00\",\"description\":\"Ska du boka ett hotell l\u00e4ngs v\u00e4garna i v\u00e4rldens vackraste l\u00e4nder? \u2705 Inga problem. Boka ditt hotell p\u00e5 HelloRoadTrip.com.\",\"breadcrumb\":{\"@id\":\"https:\\\/\\\/www.helloroadtrip.com\\\/sv\\\/#breadcrumb\"},\"inLanguage\":\"sv-SE\",\"potentialAction\":[{\"@type\":\"ReadAction\",\"target\":[\"https:\\\/\\\/www.helloroadtrip.com\\\/sv\\\/\"]}]},{\"@type\":\"BreadcrumbList\",\"@id\":\"https:\\\/\\\/www.helloroadtrip.com\\\/sv\\\/#breadcrumb\",\"itemListElement\":[{\"@type\":\"ListItem\",\"position\":1,\"name\":\"Home\",\"item\":\"https:\\\/\\\/www.helloroadtrip.com\\\/sv\\\/\"},{\"@type\":\"ListItem\",\"position\":2,\"name\":\"Boka ett hotell f\u00f6r din resa, snabbt och p\u00e5litligt\"}]},{\"@type\":\"WebSite\",\"@id\":\"https:\\\/\\\/www.helloroadtrip.com\\\/#website\",\"url\":\"https:\\\/\\\/www.helloroadtrip.com\\\/\",\"name\":\"Hello Road Trip .com\",\"description\":\"Find Hotels On Your Route\",\"publisher\":{\"@id\":\"https:\\\/\\\/www.helloroadtrip.com\\\/#organization\"},\"potentialAction\":[{\"@type\":\"SearchAction\",\"target\":{\"@type\":\"EntryPoint\",\"urlTemplate\":\"https:\\\/\\\/www.helloroadtrip.com\\\/?s={search_term_string}\"},\"query-input\":{\"@type\":\"PropertyValueSpecification\",\"valueRequired\":true,\"valueName\":\"search_term_string\"}}],\"inLanguage\":\"sv-SE\"},{\"@type\":\"Organization\",\"@id\":\"https:\\\/\\\/www.helloroadtrip.com\\\/#organization\",\"name\":\"Hello Road Trip .com\",\"url\":\"https:\\\/\\\/www.helloroadtrip.com\\\/\",\"logo\":{\"@type\":\"ImageObject\",\"inLanguage\":\"sv-SE\",\"@id\":\"https:\\\/\\\/www.helloroadtrip.com\\\/#\\\/schema\\\/logo\\\/image\\\/\",\"url\":\"https:\\\/\\\/www.helloroadtrip.com\\\/wp-content\\\/uploads\\\/2020\\\/03\\\/HelloRoadtrip-com-logo.jpg\",\"contentUrl\":\"https:\\\/\\\/www.helloroadtrip.com\\\/wp-content\\\/uploads\\\/2020\\\/03\\\/HelloRoadtrip-com-logo.jpg\",\"width\":300,\"height\":81,\"caption\":\"Hello Road Trip .com\"},\"image\":{\"@id\":\"https:\\\/\\\/www.helloroadtrip.com\\\/#\\\/schema\\\/logo\\\/image\\\/\"}}]}<\/script>\n<!-- \/ Yoast SEO plugin. -->","yoast_head_json":{"title":"Boka ett hotell f\u00f6r din resa, snabbt och p\u00e5litligt - Hello Road Trip .com","description":"Ska du boka ett hotell l\u00e4ngs v\u00e4garna i v\u00e4rldens vackraste l\u00e4nder? \u2705 Inga problem. Boka ditt hotell p\u00e5 HelloRoadTrip.com.","robots":{"index":"index","follow":"follow","max-snippet":"max-snippet:-1","max-image-preview":"max-image-preview:large","max-video-preview":"max-video-preview:-1"},"canonical":"https:\/\/www.helloroadtrip.com\/sv\/","og_locale":"sv_SE","og_type":"article","og_title":"Boka ett hotell f\u00f6r din resa, snabbt och p\u00e5litligt - Hello Road Trip .com","og_description":"Ska du boka ett hotell l\u00e4ngs v\u00e4garna i v\u00e4rldens vackraste l\u00e4nder? \u2705 Inga problem. Boka ditt hotell p\u00e5 HelloRoadTrip.com.","og_url":"https:\/\/www.helloroadtrip.com\/sv\/","og_site_name":"Hello Road Trip .com","article_modified_time":"2020-06-05T10:09:40+00:00","twitter_card":"summary_large_image","twitter_misc":{"Ber\u00e4knad l\u00e4stid":"3 minuter"},"schema":{"@context":"https:\/\/schema.org","@graph":[{"@type":"WebPage","@id":"https:\/\/www.helloroadtrip.com\/sv\/","url":"https:\/\/www.helloroadtrip.com\/sv\/","name":"Boka ett hotell f\u00f6r din resa, snabbt och p\u00e5litligt - Hello Road Trip .com","isPartOf":{"@id":"https:\/\/www.helloroadtrip.com\/#website"},"datePublished":"2020-05-12T11:20:31+00:00","dateModified":"2020-06-05T10:09:40+00:00","description":"Ska du boka ett hotell l\u00e4ngs v\u00e4garna i v\u00e4rldens vackraste l\u00e4nder? \u2705 Inga problem. Boka ditt hotell p\u00e5 HelloRoadTrip.com.","breadcrumb":{"@id":"https:\/\/www.helloroadtrip.com\/sv\/#breadcrumb"},"inLanguage":"sv-SE","potentialAction":[{"@type":"ReadAction","target":["https:\/\/www.helloroadtrip.com\/sv\/"]}]},{"@type":"BreadcrumbList","@id":"https:\/\/www.helloroadtrip.com\/sv\/#breadcrumb","itemListElement":[{"@type":"ListItem","position":1,"name":"Home","item":"https:\/\/www.helloroadtrip.com\/sv\/"},{"@type":"ListItem","position":2,"name":"Boka ett hotell f\u00f6r din resa, snabbt och p\u00e5litligt"}]},{"@type":"WebSite","@id":"https:\/\/www.helloroadtrip.com\/#website","url":"https:\/\/www.helloroadtrip.com\/","name":"Hello Road Trip .com","description":"Find Hotels On Your Route","publisher":{"@id":"https:\/\/www.helloroadtrip.com\/#organization"},"potentialAction":[{"@type":"SearchAction","target":{"@type":"EntryPoint","urlTemplate":"https:\/\/www.helloroadtrip.com\/?s={search_term_string}"},"query-input":{"@type":"PropertyValueSpecification","valueRequired":true,"valueName":"search_term_string"}}],"inLanguage":"sv-SE"},{"@type":"Organization","@id":"https:\/\/www.helloroadtrip.com\/#organization","name":"Hello Road Trip .com","url":"https:\/\/www.helloroadtrip.com\/","logo":{"@type":"ImageObject","inLanguage":"sv-SE","@id":"https:\/\/www.helloroadtrip.com\/#\/schema\/logo\/image\/","url":"https:\/\/www.helloroadtrip.com\/wp-content\/uploads\/2020\/03\/HelloRoadtrip-com-logo.jpg","contentUrl":"https:\/\/www.helloroadtrip.com\/wp-content\/uploads\/2020\/03\/HelloRoadtrip-com-logo.jpg","width":300,"height":81,"caption":"Hello Road Trip .com"},"image":{"@id":"https:\/\/www.helloroadtrip.com\/#\/schema\/logo\/image\/"}}]}},"_links":{"self":[{"href":"https:\/\/www.helloroadtrip.com\/sv\/wp-json\/wp\/v2\/pages\/195","targetHints":{"allow":["GET"]}}],"collection":[{"href":"https:\/\/www.helloroadtrip.com\/sv\/wp-json\/wp\/v2\/pages"}],"about":[{"href":"https:\/\/www.helloroadtrip.com\/sv\/wp-json\/wp\/v2\/types\/page"}],"author":[{"embeddable":true,"href":"https:\/\/www.helloroadtrip.com\/sv\/wp-json\/wp\/v2\/users\/1"}],"replies":[{"embeddable":true,"href":"https:\/\/www.helloroadtrip.com\/sv\/wp-json\/wp\/v2\/comments?post=195"}],"version-history":[{"count":2,"href":"https:\/\/www.helloroadtrip.com\/sv\/wp-json\/wp\/v2\/pages\/195\/revisions"}],"predecessor-version":[{"id":268,"href":"https:\/\/www.helloroadtrip.com\/sv\/wp-json\/wp\/v2\/pages\/195\/revisions\/268"}],"wp:attachment":[{"href":"https:\/\/www.helloroadtrip.com\/sv\/wp-json\/wp\/v2\/media?parent=195"}],"curies":[{"name":"wp","href":"https:\/\/api.w.org\/{rel}","templated":true}]}}