{"id":199,"date":"2020-05-12T11:26:40","date_gmt":"2020-05-12T11:26:40","guid":{"rendered":"https:\/\/www.helloroadtrip.com\/?page_id=199"},"modified":"2020-06-05T10:09:34","modified_gmt":"2020-06-05T10:09:34","slug":"boka-ett-hotell-for-en-natt-for-en-bekvam-vistelse","status":"publish","type":"page","link":"https:\/\/www.helloroadtrip.com\/sv\/boka-ett-hotell-for-en-natt-for-en-bekvam-vistelse\/","title":{"rendered":"Boka ett hotell f\u00f6r en natt f\u00f6r en bekv\u00e4m vistelse"},"content":{"rendered":"\n<div class=\"ttWrapper\"><\/div>\r\n<link href=\"https:\/\/ajax.googleapis.com\/ajax\/libs\/jqueryui\/1.11.4\/themes\/smoothness\/jquery-ui.css\" rel=\"stylesheet\" \/>\r\n<link href=\"https:\/\/www.tussenstop.com\/tool-3\/assets\/css\/V3\/bundle.min.css\" rel=\"stylesheet\" \/>\r\n<script src=\"https:\/\/ajax.googleapis.com\/ajax\/libs\/jquery\/3.7.1\/jquery.min.js\"><\/script>\r\n<script src=\"https:\/\/ajax.googleapis.com\/ajax\/libs\/jqueryui\/1.11.4\/jquery-ui.min.js\"><\/script>\r\n<script src=\"https:\/\/www.tussenstop.com\/tool-3\/assets\/vendor\/here\/bundle.js\"><\/script>\r\n<script src=\"https:\/\/www.tussenstop.com\/tool-3\/assets\/vendor\/pico\/pico.min.js\"><\/script>\r\n<script src=\"https:\/\/www.tussenstop.com\/tool-3\/assets\/js\/V3\/bundle.min.js\"><\/script>\r\n<script>\r\n$(\".ttWrapper\").tussenstop({\r\n                        host: \"www.helloroadtrip.com\",\r\n                        mapLanguage: \"sv\",\r\n                        politicalView: \"SWE\",\r\n                        language: \"sv-SE\",\r\n                      partners: \"https:\/\/www.tussenstop.com\/tool-3\/hrpartners.php\",\r\noutbound: {\r\n                            active: true,\r\n                            timeout: 1500,\r\n                            img: \"https:\/\/www.helloroadtrip.com\/wp-content\/uploads\/2020\/03\/HelloRoadtrip-com-logo.jpg\"\r\n                        }\r\n                    });\r\n<\/script>\n\n\n\n<p>Att ta en l\u00e5ng bilresa kan vara ganska sv\u00e5rt. Att spendera flera timmar i bilen varje dag kan g\u00f6ra att du beh\u00f6ver en bekv\u00e4m s\u00e4ng i ett inbjudande boende i slutet av dagen. I s\u00e5 fall g\u00f6rs valet f\u00f6r ett hotell snabbt. Att boka en \u00f6vernattning p\u00e5 ett hotell kan s\u00e4kerst\u00e4lla att du kan resa resten av din rutt n\u00e4sta morgon med fulladdade batterier. Vill du ocks\u00e5 h\u00e5lla dig bekv\u00e4m under din biltur? D\u00e5 \u00e4r det definitivt v\u00e4rt att g\u00f6ra en hotellreservation \u00f6ver natten h\u00e4r p\u00e5 <a href=\"https:\/\/www.helloroadtrip.com\">HelloRoadTrip.com<\/a>!<\/p>\n\n\n\n<h2 class=\"wp-block-heading\">Varf\u00f6r v\u00e4lja ett \u00f6vernattningshotell?<\/h2>\n\n\n\n<p>Det finns en god\nanledning till att s\u00e5 m\u00e5nga f\u00f6redrar att bo p\u00e5 ett hotell och inte i ett annat\nboende. Med allt i h\u00e4nseende s\u00e5 kan du p\u00e5 ett hotell kan r\u00e4kna med f\u00f6ljande\nkonkreta f\u00f6rdelar: <\/p>\n\n\n\n<p>1.&nbsp;&nbsp;&nbsp;&nbsp;&nbsp; Du bor i ett bekv\u00e4mt och fullt utrustat\nrum; <\/p>\n\n\n\n<p>2.&nbsp;&nbsp;&nbsp;&nbsp;&nbsp; Du har ofta en restaurang till ditt\nf\u00f6rfogande p\u00e5 sj\u00e4lva hotellet; <\/p>\n\n\n\n<p>3.&nbsp;&nbsp;&nbsp;&nbsp;&nbsp; Du kanske kan r\u00e4kna med n\u00e4rvaron av extra\nfaciliteter; <\/p>\n\n\n\n<p>4.&nbsp;&nbsp;&nbsp;&nbsp;&nbsp; Hotell \u00e4r vanligtvis mycket bekv\u00e4mt\nbel\u00e4gna (till exempel p\u00e5 motorv\u00e4gen); <\/p>\n\n\n\n<p>Att boka en\n\u00f6vernattning p\u00e5 ett hotell \u00e4r ocks\u00e5 m\u00f6jligt f\u00f6r allas budget. Det \u00e4r m\u00f6jligt\natt boka ett billigt hotellrum, men naturligtvis kan du ocks\u00e5 v\u00e4lja ett extra\nlyxigt rum eller till och med en svit. Vilket alternativ du s\u00e5 sm\u00e5ningom v\u00e4ljer\nberor p\u00e5 din personliga preferens. <\/p>\n\n\n\n<h2 class=\"wp-block-heading\">T\u00e4nk ocks\u00e5 p\u00e5 ett hotell n\u00e4ra motorv\u00e4gen! <\/h2>\n\n\n\n<p>Speciellt f\u00f6r\npersoner som tar en bilsemester eller en bilresa kan det vara v\u00e4rt att \u00f6verv\u00e4ga\natt boka en \u00f6vernattning p\u00e5 ett hotell l\u00e4ngs motorv\u00e4gen. Det beror inte bara p\u00e5\natt du kan anl\u00e4nda till ditt hotell s\u00e5 snabbt (utan att beh\u00f6va s\u00f6ka f\u00f6rst),\nutan ocks\u00e5 f\u00f6r att du bekv\u00e4mt kan \u00e5teruppta rutten n\u00e4sta morgon. F\u00f6redrar du\natt inte tillbringa natten p\u00e5 motorv\u00e4gen utan boka en \u00f6vernattning p\u00e5 ett\nhotell i ett centrum? Detta \u00e4r ocks\u00e5 ett alternativ!<\/p>\n\n\n\n<h2 class=\"wp-block-heading\">Boka ditt hotell billigare p\u00e5 HelloRoadTrip.com<\/h2>\n\n\n\n<p>S\u00e4rskilt n\u00e4r du\n\u00e5ker p\u00e5 en roadtrip \u00e4r det goda chanser att du inte vill bo p\u00e5 endast ett, utan\nflera hotell. N\u00e4r du bokar ett \u00f6vernattningshotell l\u00e4ngs din resrutt \u00e4r det\nalltid intressant att dra f\u00f6rdel av de m\u00f6jligheter som erbjuds h\u00e4r p\u00e5\nHelloRoadTrip.com. Baserat p\u00e5 avg\u00e5ngs- och ankomstplatsen f\u00f6r din bilresa och\nden genomsnittliga tiden du vill k\u00f6ra per dag \u00e4r det m\u00f6jligt att boka hotellet\ndu v\u00e4ljer direkt. Dessutom \u00e4r det alltid p\u00e5 en hundra procent p\u00e5litlig\nbokningssida och ofta med en attraktiv rabatt. P\u00e5 detta s\u00e4tt blir det \u00e4nnu mer\nfrestande att utf\u00f6ra en roadtrip eller en bilsemester!<\/p>\n\n\n\n<h2 class=\"wp-block-heading\">Kan du ocks\u00e5 uppt\u00e4cka andra boenden f\u00f6r din resa?<\/h2>\n\n\n\n<p>Att boka ett\nhotell f\u00f6r natten kan vara oerh\u00f6rt popul\u00e4rt och ganska intressant, men det \u00e4r\nocks\u00e5 mycket m\u00f6jligt att du f\u00f6redrar ett annat boende. Vad s\u00e4gs om en l\u00e4genhet,\ntill exempel? M\u00e5nga tycker om sekretessaspekten i detta val. Naturligtvis finns\ndet ocks\u00e5 bed &amp; breakfast. Dessa \u00e4r ocks\u00e5 ett mycket popul\u00e4rt boende att bo\ni under din resa. Dessa boenden kan naturligtvis ocks\u00e5 bokas med v\u00e5r\nroadtrip-planerare!<\/p>\n","protected":false},"excerpt":{"rendered":"<p>Att ta en l\u00e5ng bilresa kan vara ganska sv\u00e5rt. Att spendera flera timmar i bilen varje dag kan g\u00f6ra att du beh\u00f6ver en bekv\u00e4m s\u00e4ng i ett inbjudande boende i slutet av dagen. I s\u00e5 fall g\u00f6rs valet f\u00f6r ett hotell snabbt. Att boka en \u00f6vernattning p\u00e5 ett hotell kan s\u00e4kerst\u00e4lla att du kan resa &#8230; <a title=\"Boka ett hotell f\u00f6r en natt f\u00f6r en bekv\u00e4m vistelse\" class=\"read-more\" href=\"https:\/\/www.helloroadtrip.com\/sv\/boka-ett-hotell-for-en-natt-for-en-bekvam-vistelse\/\" aria-label=\"Mer p\u00e5 Boka ett hotell f\u00f6r en natt f\u00f6r en bekv\u00e4m vistelse\">L\u00e4s mer<\/a><\/p>\n","protected":false},"author":1,"featured_media":0,"parent":0,"menu_order":0,"comment_status":"closed","ping_status":"closed","template":"","meta":{"footnotes":""},"class_list":["post-199","page","type-page","status-publish"],"yoast_head":"<!-- This site is optimized with the Yoast SEO plugin v27.6 - https:\/\/yoast.com\/product\/yoast-seo-wordpress\/ -->\n<title>Boka ett hotell f\u00f6r en natt f\u00f6r en bekv\u00e4m vistelse - Hello Road Trip .com<\/title>\n<meta name=\"description\" content=\"Ska du boka en hotellvistelse snabbt, enkelt och till ett skarpt pris? Det \u00e4r fullt m\u00f6jligt! \u2705 Boka din hotellvistelse h\u00e4r p\u00e5 HelloRoadTrip.com!\" \/>\n<meta name=\"robots\" content=\"index, follow, max-snippet:-1, max-image-preview:large, max-video-preview:-1\" \/>\n<link rel=\"canonical\" href=\"https:\/\/www.helloroadtrip.com\/sv\/boka-ett-hotell-for-en-natt-for-en-bekvam-vistelse\/\" \/>\n<meta property=\"og:locale\" content=\"sv_SE\" \/>\n<meta property=\"og:type\" content=\"article\" \/>\n<meta property=\"og:title\" content=\"Boka ett hotell f\u00f6r en natt f\u00f6r en bekv\u00e4m vistelse - Hello Road Trip .com\" \/>\n<meta property=\"og:description\" content=\"Ska du boka en hotellvistelse snabbt, enkelt och till ett skarpt pris? Det \u00e4r fullt m\u00f6jligt! \u2705 Boka din hotellvistelse h\u00e4r p\u00e5 HelloRoadTrip.com!\" \/>\n<meta property=\"og:url\" content=\"https:\/\/www.helloroadtrip.com\/sv\/boka-ett-hotell-for-en-natt-for-en-bekvam-vistelse\/\" \/>\n<meta property=\"og:site_name\" content=\"Hello Road Trip .com\" \/>\n<meta property=\"article:modified_time\" content=\"2020-06-05T10:09:34+00:00\" \/>\n<meta name=\"twitter:card\" content=\"summary_large_image\" \/>\n<meta name=\"twitter:label1\" content=\"Ber\u00e4knad l\u00e4stid\" \/>\n\t<meta name=\"twitter:data1\" content=\"3 minuter\" \/>\n<script type=\"application\/ld+json\" class=\"yoast-schema-graph\">{\"@context\":\"https:\\\/\\\/schema.org\",\"@graph\":[{\"@type\":\"WebPage\",\"@id\":\"https:\\\/\\\/www.helloroadtrip.com\\\/sv\\\/boka-ett-hotell-for-en-natt-for-en-bekvam-vistelse\\\/\",\"url\":\"https:\\\/\\\/www.helloroadtrip.com\\\/sv\\\/boka-ett-hotell-for-en-natt-for-en-bekvam-vistelse\\\/\",\"name\":\"Boka ett hotell f\u00f6r en natt f\u00f6r en bekv\u00e4m vistelse - Hello Road Trip .com\",\"isPartOf\":{\"@id\":\"https:\\\/\\\/www.helloroadtrip.com\\\/#website\"},\"datePublished\":\"2020-05-12T11:26:40+00:00\",\"dateModified\":\"2020-06-05T10:09:34+00:00\",\"description\":\"Ska du boka en hotellvistelse snabbt, enkelt och till ett skarpt pris? Det \u00e4r fullt m\u00f6jligt! \u2705 Boka din hotellvistelse h\u00e4r p\u00e5 HelloRoadTrip.com!\",\"breadcrumb\":{\"@id\":\"https:\\\/\\\/www.helloroadtrip.com\\\/sv\\\/boka-ett-hotell-for-en-natt-for-en-bekvam-vistelse\\\/#breadcrumb\"},\"inLanguage\":\"sv-SE\",\"potentialAction\":[{\"@type\":\"ReadAction\",\"target\":[\"https:\\\/\\\/www.helloroadtrip.com\\\/sv\\\/boka-ett-hotell-for-en-natt-for-en-bekvam-vistelse\\\/\"]}]},{\"@type\":\"BreadcrumbList\",\"@id\":\"https:\\\/\\\/www.helloroadtrip.com\\\/sv\\\/boka-ett-hotell-for-en-natt-for-en-bekvam-vistelse\\\/#breadcrumb\",\"itemListElement\":[{\"@type\":\"ListItem\",\"position\":1,\"name\":\"Home\",\"item\":\"https:\\\/\\\/www.helloroadtrip.com\\\/sv\\\/\"},{\"@type\":\"ListItem\",\"position\":2,\"name\":\"Boka ett hotell f\u00f6r en natt f\u00f6r en bekv\u00e4m vistelse\"}]},{\"@type\":\"WebSite\",\"@id\":\"https:\\\/\\\/www.helloroadtrip.com\\\/#website\",\"url\":\"https:\\\/\\\/www.helloroadtrip.com\\\/\",\"name\":\"Hello Road Trip .com\",\"description\":\"Find Hotels On Your Route\",\"publisher\":{\"@id\":\"https:\\\/\\\/www.helloroadtrip.com\\\/#organization\"},\"potentialAction\":[{\"@type\":\"SearchAction\",\"target\":{\"@type\":\"EntryPoint\",\"urlTemplate\":\"https:\\\/\\\/www.helloroadtrip.com\\\/?s={search_term_string}\"},\"query-input\":{\"@type\":\"PropertyValueSpecification\",\"valueRequired\":true,\"valueName\":\"search_term_string\"}}],\"inLanguage\":\"sv-SE\"},{\"@type\":\"Organization\",\"@id\":\"https:\\\/\\\/www.helloroadtrip.com\\\/#organization\",\"name\":\"Hello Road Trip .com\",\"url\":\"https:\\\/\\\/www.helloroadtrip.com\\\/\",\"logo\":{\"@type\":\"ImageObject\",\"inLanguage\":\"sv-SE\",\"@id\":\"https:\\\/\\\/www.helloroadtrip.com\\\/#\\\/schema\\\/logo\\\/image\\\/\",\"url\":\"https:\\\/\\\/www.helloroadtrip.com\\\/wp-content\\\/uploads\\\/2020\\\/03\\\/HelloRoadtrip-com-logo.jpg\",\"contentUrl\":\"https:\\\/\\\/www.helloroadtrip.com\\\/wp-content\\\/uploads\\\/2020\\\/03\\\/HelloRoadtrip-com-logo.jpg\",\"width\":300,\"height\":81,\"caption\":\"Hello Road Trip .com\"},\"image\":{\"@id\":\"https:\\\/\\\/www.helloroadtrip.com\\\/#\\\/schema\\\/logo\\\/image\\\/\"}}]}<\/script>\n<!-- \/ Yoast SEO plugin. -->","yoast_head_json":{"title":"Boka ett hotell f\u00f6r en natt f\u00f6r en bekv\u00e4m vistelse - Hello Road Trip .com","description":"Ska du boka en hotellvistelse snabbt, enkelt och till ett skarpt pris? Det \u00e4r fullt m\u00f6jligt! \u2705 Boka din hotellvistelse h\u00e4r p\u00e5 HelloRoadTrip.com!","robots":{"index":"index","follow":"follow","max-snippet":"max-snippet:-1","max-image-preview":"max-image-preview:large","max-video-preview":"max-video-preview:-1"},"canonical":"https:\/\/www.helloroadtrip.com\/sv\/boka-ett-hotell-for-en-natt-for-en-bekvam-vistelse\/","og_locale":"sv_SE","og_type":"article","og_title":"Boka ett hotell f\u00f6r en natt f\u00f6r en bekv\u00e4m vistelse - Hello Road Trip .com","og_description":"Ska du boka en hotellvistelse snabbt, enkelt och till ett skarpt pris? Det \u00e4r fullt m\u00f6jligt! \u2705 Boka din hotellvistelse h\u00e4r p\u00e5 HelloRoadTrip.com!","og_url":"https:\/\/www.helloroadtrip.com\/sv\/boka-ett-hotell-for-en-natt-for-en-bekvam-vistelse\/","og_site_name":"Hello Road Trip .com","article_modified_time":"2020-06-05T10:09:34+00:00","twitter_card":"summary_large_image","twitter_misc":{"Ber\u00e4knad l\u00e4stid":"3 minuter"},"schema":{"@context":"https:\/\/schema.org","@graph":[{"@type":"WebPage","@id":"https:\/\/www.helloroadtrip.com\/sv\/boka-ett-hotell-for-en-natt-for-en-bekvam-vistelse\/","url":"https:\/\/www.helloroadtrip.com\/sv\/boka-ett-hotell-for-en-natt-for-en-bekvam-vistelse\/","name":"Boka ett hotell f\u00f6r en natt f\u00f6r en bekv\u00e4m vistelse - Hello Road Trip .com","isPartOf":{"@id":"https:\/\/www.helloroadtrip.com\/#website"},"datePublished":"2020-05-12T11:26:40+00:00","dateModified":"2020-06-05T10:09:34+00:00","description":"Ska du boka en hotellvistelse snabbt, enkelt och till ett skarpt pris? Det \u00e4r fullt m\u00f6jligt! \u2705 Boka din hotellvistelse h\u00e4r p\u00e5 HelloRoadTrip.com!","breadcrumb":{"@id":"https:\/\/www.helloroadtrip.com\/sv\/boka-ett-hotell-for-en-natt-for-en-bekvam-vistelse\/#breadcrumb"},"inLanguage":"sv-SE","potentialAction":[{"@type":"ReadAction","target":["https:\/\/www.helloroadtrip.com\/sv\/boka-ett-hotell-for-en-natt-for-en-bekvam-vistelse\/"]}]},{"@type":"BreadcrumbList","@id":"https:\/\/www.helloroadtrip.com\/sv\/boka-ett-hotell-for-en-natt-for-en-bekvam-vistelse\/#breadcrumb","itemListElement":[{"@type":"ListItem","position":1,"name":"Home","item":"https:\/\/www.helloroadtrip.com\/sv\/"},{"@type":"ListItem","position":2,"name":"Boka ett hotell f\u00f6r en natt f\u00f6r en bekv\u00e4m vistelse"}]},{"@type":"WebSite","@id":"https:\/\/www.helloroadtrip.com\/#website","url":"https:\/\/www.helloroadtrip.com\/","name":"Hello Road Trip .com","description":"Find Hotels On Your Route","publisher":{"@id":"https:\/\/www.helloroadtrip.com\/#organization"},"potentialAction":[{"@type":"SearchAction","target":{"@type":"EntryPoint","urlTemplate":"https:\/\/www.helloroadtrip.com\/?s={search_term_string}"},"query-input":{"@type":"PropertyValueSpecification","valueRequired":true,"valueName":"search_term_string"}}],"inLanguage":"sv-SE"},{"@type":"Organization","@id":"https:\/\/www.helloroadtrip.com\/#organization","name":"Hello Road Trip .com","url":"https:\/\/www.helloroadtrip.com\/","logo":{"@type":"ImageObject","inLanguage":"sv-SE","@id":"https:\/\/www.helloroadtrip.com\/#\/schema\/logo\/image\/","url":"https:\/\/www.helloroadtrip.com\/wp-content\/uploads\/2020\/03\/HelloRoadtrip-com-logo.jpg","contentUrl":"https:\/\/www.helloroadtrip.com\/wp-content\/uploads\/2020\/03\/HelloRoadtrip-com-logo.jpg","width":300,"height":81,"caption":"Hello Road Trip .com"},"image":{"@id":"https:\/\/www.helloroadtrip.com\/#\/schema\/logo\/image\/"}}]}},"_links":{"self":[{"href":"https:\/\/www.helloroadtrip.com\/sv\/wp-json\/wp\/v2\/pages\/199","targetHints":{"allow":["GET"]}}],"collection":[{"href":"https:\/\/www.helloroadtrip.com\/sv\/wp-json\/wp\/v2\/pages"}],"about":[{"href":"https:\/\/www.helloroadtrip.com\/sv\/wp-json\/wp\/v2\/types\/page"}],"author":[{"embeddable":true,"href":"https:\/\/www.helloroadtrip.com\/sv\/wp-json\/wp\/v2\/users\/1"}],"replies":[{"embeddable":true,"href":"https:\/\/www.helloroadtrip.com\/sv\/wp-json\/wp\/v2\/comments?post=199"}],"version-history":[{"count":2,"href":"https:\/\/www.helloroadtrip.com\/sv\/wp-json\/wp\/v2\/pages\/199\/revisions"}],"predecessor-version":[{"id":267,"href":"https:\/\/www.helloroadtrip.com\/sv\/wp-json\/wp\/v2\/pages\/199\/revisions\/267"}],"wp:attachment":[{"href":"https:\/\/www.helloroadtrip.com\/sv\/wp-json\/wp\/v2\/media?parent=199"}],"curies":[{"name":"wp","href":"https:\/\/api.w.org\/{rel}","templated":true}]}}